{"id":7050,"date":"2025-10-27T13:40:50","date_gmt":"2025-10-27T10:40:50","guid":{"rendered":"https:\/\/klasikdusunceokulu.com\/?page_id=7050"},"modified":"2025-10-27T13:40:50","modified_gmt":"2025-10-27T10:40:50","slug":"arapca-i-seviye-dersleri-35-seminer-ozeti","status":"publish","type":"page","link":"https:\/\/klasikdusunceokulu.com\/index.php\/arapca-i-seviye-dersleri-35-seminer-ozeti\/","title":{"rendered":"ARAP\u00c7A I. SEV\u0130YE DERSLER\u0130 35. SEM\u0130NER \u00d6ZET\u0130"},"content":{"rendered":"<p><span style=\"color: #000000;\"><strong>ARAP\u00c7A I. SEV\u0130YE DERSLER\u0130 35. SEM\u0130NER \u00d6ZET\u0130<\/strong><\/span><\/p>\n<p>&nbsp;<\/p>\n<p><span style=\"color: #000000;\"><strong>Seminerin Amac\u0131<\/strong><\/span><\/p>\n<p><span style=\"color: #000000;\">Bu seminerin temel amac\u0131, \u00f6\u011frencilerin s\u00fcl\u00e2s\u00ee m\u00e2zi fiil \u00e7ekimlerini \u00f6nceki derslerde \u00f6\u011frenilen kurallar \u00e7er\u00e7evesinde yo\u011fun al\u0131\u015ft\u0131rmalarla peki\u015ftirmesidir. Daha \u00f6nce teorik olarak ele al\u0131nan \u00e7ekim kurallar\u0131, bu derste sistematik pratiklerle uygulamaya ge\u00e7irilmi\u015f; \u00f6\u011frencilerin hem haf\u0131za g\u00fc\u00e7lerini, hem de do\u011fru fiil \u00fcretme becerilerini geli\u015ftirmeleri hedeflenmi\u015ftir. Ayr\u0131ca, m\u00e2zi fiillerin \u015fah\u0131s, cinsiyet ve say\u0131 bak\u0131m\u0131ndan \u00e7ekimlenmesinde s\u0131k yap\u0131lan hatalar\u0131n d\u00fczeltilmesine \u00f6zel \u00f6nem verilmi\u015ftir.<\/span><\/p>\n<p><span style=\"color: #000000;\"><strong>Ana Temalar<\/strong><\/span><\/p>\n<ol>\n<li><span style=\"color: #000000;\"><strong> \u00c7ekim Kurallar\u0131n\u0131n Hat\u0131rlat\u0131lmas\u0131<\/strong><\/span><\/li>\n<\/ol>\n<ul>\n<li><span style=\"color: #000000;\">M\u00e2zi fiiller ge\u00e7mi\u015f zaman\u0131 ifade eder.<\/span><\/li>\n<li><span style=\"color: #000000;\">\u00c7ekimler 14 form \u00fczerinden yap\u0131l\u0131r:<\/span>\n<ul>\n<li><span style=\"color: #000000;\">3. \u015fah\u0131s (g\u00e2ib),<\/span><\/li>\n<li><span style=\"color: #000000;\">2. \u015fah\u0131s (muhatap),<\/span><\/li>\n<li><span style=\"color: #000000;\">1. \u015fah\u0131s (m\u00fctekellim).<\/span><\/li>\n<\/ul>\n<\/li>\n<li><span style=\"color: #000000;\">Her grupta m\u00fczekker\/m\u00fcennes ve m\u00fcfred\/tesniye\/cem\u00ee ayr\u0131mlar\u0131 yer al\u0131r.<\/span><\/li>\n<li><span style=\"color: #000000;\">Ekler \u00fczerinde \u00f6zellikle durulmu\u015ftur: <em>-tu, -ta, -ti, -tum, -tunna, -n\u0101, -\u016b, -na<\/em>.<\/span><\/li>\n<\/ul>\n<ol start=\"2\">\n<li><span style=\"color: #000000;\"><strong> \u00d6rnek Fiillerle Uygulama<\/strong><\/span><\/li>\n<\/ol>\n<p><span style=\"color: #000000;\">\u00d6\u011frenciler farkl\u0131 s\u00fcl\u00e2s\u00ee fiiller \u00fczerinde al\u0131\u015ft\u0131rmalar yapm\u0131\u015ft\u0131r:<\/span><\/p>\n<ul>\n<li><span style=\"color: #000000;\"><em>sami<\/em><em>\u02bfa<\/em> (i\u015fitti) \u2192 <em>sami<\/em><em>\u02bfn<\/em><em>\u0101<\/em> (biz i\u015fittik), <em>sami<\/em><em>\u02bftum<\/em><em>\u0101<\/em> (siz ikiniz i\u015fittiniz), <em>sami<\/em><em>\u02bfna<\/em> (onlar\/di\u015fil i\u015fittiler).<\/span><\/li>\n<li><span style=\"color: #000000;\"><em>\u1e6dalaba<\/em> (istedi), <em>shabi<\/em><em>\u02bfa<\/em> (doydu), <em>nazara<\/em> (bakt\u0131), <em>wa\u1e63ala<\/em> (ula\u015ft\u0131), <em>kha\u1e63ira<\/em> (kaybetti), <em>fahima<\/em> (anlad\u0131).<\/span><br \/>\n<span style=\"color: #000000;\">Her fiil t\u00fcm \u015fah\u0131s, say\u0131 ve cinsiyet formlar\u0131nda \u00e7ekilerek eklerin de\u011fi\u015fimi g\u00f6sterilmi\u015ftir.<\/span><\/li>\n<\/ul>\n<ol start=\"3\">\n<li><span style=\"color: #000000;\"><strong> Cinsiyet ve Say\u0131 Ayr\u0131m\u0131na Dikkat<\/strong><\/span><\/li>\n<\/ol>\n<ul>\n<li><span style=\"color: #000000;\">Tesniye: <em>-\u0101<\/em> veya <em>-tum\u0101<\/em>.<\/span><\/li>\n<li><span style=\"color: #000000;\">Cem\u00ee m\u00fczekker: <em>-\u016b<\/em>.<\/span><\/li>\n<li><span style=\"color: #000000;\">Cem\u00ee m\u00fcennes: <em>-na<\/em> veya <em>-tunna<\/em>.<\/span><\/li>\n<li><span style=\"color: #000000;\">Kar\u0131\u015ft\u0131r\u0131lan ekler \u00f6zellikle vurgulanm\u0131\u015ft\u0131r: <em>-na<\/em> (onlar\/di\u015fil) ile <em>-n\u0101<\/em> (biz) aras\u0131ndaki fark.<\/span><\/li>\n<\/ul>\n<ol start=\"4\">\n<li><span style=\"color: #000000;\"><strong> Hatalar\u0131n D\u00fczeltilmesi<\/strong><\/span><\/li>\n<\/ol>\n<ul>\n<li><span style=\"color: #000000;\">Yanl\u0131\u015f eklerin kullan\u0131m\u0131 \u00fczerine al\u0131\u015ft\u0131rmalar yap\u0131lm\u0131\u015ft\u0131r.<\/span><\/li>\n<li><span style=\"color: #000000;\">\u00d6rnek: <em>sami<\/em><em>\u02bfna<\/em> (onlar\/di\u015fil i\u015fittiler) \u2194 <em>sami<\/em><em>\u02bfn<\/em><em>\u0101<\/em> (biz i\u015fittik) aras\u0131ndaki fark.<\/span><\/li>\n<li><span style=\"color: #000000;\">\u00d6\u011frenciler, \u00e7ekim tablolar\u0131yla s\u00fcrekli \u00e7apraz kontrol yapmaya y\u00f6nlendirilmi\u015ftir.<\/span><\/li>\n<\/ul>\n<ol start=\"5\">\n<li><span style=\"color: #000000;\"><strong> Ek Fiillerle Geni\u015fletilmi\u015f Pratikler<\/strong><\/span><\/li>\n<\/ol>\n<ul>\n<li><span style=\"color: #000000;\"><em>\u1e25afiza<\/em> (ezberledi), <em>akhadha<\/em> (ald\u0131), <em>akala<\/em> (yedi), <em>gha<\/em><em>\u1e0diba<\/em> (k\u0131zd\u0131), <em>\u1e93alama<\/em> (zulmetti), <em>\u1e0daraba<\/em> (vurdu), <em>naja<\/em><em>\u1e25a<\/em> (ba\u015fard\u0131), <em>fari<\/em><em>\u1e25a<\/em> (sevindi), <em>\u02bfamila<\/em> (\u00e7al\u0131\u015ft\u0131).<\/span><\/li>\n<li><span style=\"color: #000000;\">Fiiller \u00e7eviri, bo\u015fluk doldurma ve s\u00f6zl\u00fc tekrar al\u0131\u015ft\u0131rmalar\u0131yla i\u015flenmi\u015ftir.<\/span><\/li>\n<\/ul>\n<p><span style=\"color: #000000;\"><strong>Sonu\u00e7<\/strong><\/span><\/p>\n<p><span style=\"color: #000000;\">Bu seminer, s\u00fcl\u00e2s\u00ee m\u00e2zi fiil \u00e7ekimlerinin kapsaml\u0131 uygulamalar\u0131n\u0131 sunarak \u00f6\u011frencilerin hem tan\u0131ma hem de \u00fcretim becerilerini geli\u015ftirmi\u015ftir. Kat\u0131l\u0131mc\u0131lar:<\/span><\/p>\n<ul>\n<li><span style=\"color: #000000;\">14 \u00e7ekim formunu sistemli \u015fekilde uygulamay\u0131,<\/span><\/li>\n<li><span style=\"color: #000000;\">M\u00fczekker\/m\u00fcennes ve m\u00fcfred\/tesniye\/cem\u00ee ayr\u0131mlar\u0131n\u0131 do\u011fru bi\u00e7imde kullanmay\u0131,<\/span><\/li>\n<li><span style=\"color: #000000;\">Eklerin kar\u0131\u015ft\u0131r\u0131lmas\u0131ndan do\u011fan hatalar\u0131 \u00f6nlemeyi,<\/span><\/li>\n<li><span style=\"color: #000000;\">Farkl\u0131 fiilleri tekrarlarla peki\u015ftirerek kelime da\u011farc\u0131\u011f\u0131n\u0131 geni\u015fletmeyi \u00f6\u011frenmi\u015ftir.<\/span><\/li>\n<\/ul>\n<p><span style=\"color: #000000;\">Sonu\u00e7 itibar\u0131yla bu ders, \u00f6\u011frencilerin s\u00fcl\u00e2s\u00ee m\u00e2zi fiilleri do\u011fru ve g\u00fcvenli \u015fekilde kullanmalar\u0131na imk\u00e2n tan\u0131m\u0131\u015f, onlar\u0131 ilerleyen derslerde ele al\u0131nacak muz\u00e2ri fiil \u00e7ekimleri ve c\u00fcmle i\u00e7i uygulamalara haz\u0131rlam\u0131\u015ft\u0131r.<\/span><\/p>\n<p><span style=\"color: #000000;\"><strong>\u00a0<\/strong><\/span><\/p>\n<p><span style=\"color: #000000;\"><strong>Purpose of the Seminar<\/strong><\/span><\/p>\n<p><span style=\"color: #000000;\">The purpose of this seminar was to reinforce students\u2019 knowledge of triliteral perfect verb (al-fi\u02bfl al-m\u0101\u1e0d\u012b as-sul\u0101s\u012b) conjugation through comprehensive practice exercises. Building on previous theoretical lessons, this session aimed to enhance students\u2019 fluency and accuracy in recognizing, conjugating, and applying perfect verb forms across persons, genders, and numbers. The exercises were designed not only to test memorization but also to develop the ability to actively produce correct verb forms in different contexts.<\/span><\/p>\n<p><span style=\"color: #000000;\"><strong>Main Themes<\/strong><\/span><\/p>\n<ol>\n<li><span style=\"color: #000000;\"><strong> Review of Conjugation Rules<\/strong><\/span><\/li>\n<\/ol>\n<ul>\n<li><span style=\"color: #000000;\">Perfect verbs indicate past tense.<\/span><\/li>\n<li><span style=\"color: #000000;\">Conjugation is organized into 14 forms, distributed across:<\/span>\n<ul>\n<li><span style=\"color: #000000;\">3rd person (gh\u0101\u02beib),<\/span><\/li>\n<li><span style=\"color: #000000;\">2nd person (mukh\u0101\u1e6dab),<\/span><\/li>\n<li><span style=\"color: #000000;\">1st person (mutakallim),<\/span><br \/>\n<span style=\"color: #000000;\">with further distinction between masculine\/feminine and singular\/dual\/plural forms.<\/span><\/li>\n<\/ul>\n<\/li>\n<li><span style=\"color: #000000;\">Suffixes such as <em>-tu, -ta, -ti, -tum, -tunna, -n\u0101, -\u016b, -na<\/em> were emphasized.<\/span><\/li>\n<\/ul>\n<ol start=\"2\">\n<li><span style=\"color: #000000;\"><strong> Application with Sample Verbs<\/strong><\/span><\/li>\n<\/ol>\n<p><span style=\"color: #000000;\">Students practiced conjugation with a variety of triliteral verbs, such as:<\/span><\/p>\n<ul>\n<li><span style=\"color: #000000;\"><em>sami<\/em><em>\u02bfa<\/em> (to hear) \u2192 <em>sami<\/em><em>\u02bfn<\/em><em>\u0101<\/em> (we heard), <em>sami<\/em><em>\u02bftum<\/em><em>\u0101<\/em> (you two heard), <em>sami<\/em><em>\u02bfna<\/em> (they, fem., heard).<\/span><\/li>\n<li><span style=\"color: #000000;\"><em>\u1e6dalaba<\/em> (to request), <em>shabi<\/em><em>\u02bfa<\/em> (to be full), <em>nazara<\/em> (to look), <em>wa\u1e63ala<\/em> (to arrive), <em>kha\u1e63ira<\/em> (to lose), <em>fahima<\/em> (to understand).<\/span><\/li>\n<li><span style=\"color: #000000;\">Each verb was conjugated across the 14 forms, highlighting common suffix changes.<\/span><\/li>\n<\/ul>\n<ol start=\"3\">\n<li><span style=\"color: #000000;\"><strong> Attention to Gender and Number<\/strong><\/span><\/li>\n<\/ol>\n<ul>\n<li><span style=\"color: #000000;\">Dual forms marked with <em>-\u0101<\/em> or <em>-tum\u0101<\/em>.<\/span><\/li>\n<li><span style=\"color: #000000;\">Masculine plural indicated with <em>-\u016b<\/em>.<\/span><\/li>\n<li><span style=\"color: #000000;\">Feminine plural indicated with <em>-na<\/em> or <em>-tunna<\/em>.<\/span><\/li>\n<li><span style=\"color: #000000;\">Students learned to distinguish between similar endings (e.g., <em>-na<\/em> for \u201cthey (fem.)\u201d vs. <em>-n\u0101<\/em> for \u201cwe\u201d).<\/span><\/li>\n<\/ul>\n<ol start=\"4\">\n<li><span style=\"color: #000000;\"><strong> Error Correction and Reinforcement<\/strong><\/span><\/li>\n<\/ol>\n<ul>\n<li><span style=\"color: #000000;\">Exercises often targeted common mistakes, such as confusing masculine and feminine endings or dual vs. plural forms.<\/span><\/li>\n<li><span style=\"color: #000000;\">Example: distinguishing <em>sami<\/em><em>\u02bfna<\/em> (they, feminine, heard) from <em>sami<\/em><em>\u02bfn<\/em><em>\u0101<\/em> (we heard).<\/span><\/li>\n<li><span style=\"color: #000000;\">The instructor repeatedly emphasized cross-checking with conjugation tables.<\/span><\/li>\n<\/ul>\n<ol start=\"5\">\n<li><span style=\"color: #000000;\"><strong> Extended Practice with Additional Verbs<\/strong><\/span><\/li>\n<\/ol>\n<p><span style=\"color: #000000;\">Students also worked with verbs like:<\/span><\/p>\n<ul>\n<li><span style=\"color: #000000;\"><em>\u1e25afiza<\/em> (to memorize), <em>akhadha<\/em> (to take), <em>akala<\/em> (to eat), <em>gha<\/em><em>\u1e0diba<\/em> (to be angry), <em>\u1e93alama<\/em> (to oppress), <em>\u1e0daraba<\/em> (to hit), <em>naja<\/em><em>\u1e25a<\/em> (to succeed), <em>fari<\/em><em>\u1e25a<\/em> (to rejoice), <em>\u02bfamila<\/em> (to work).<\/span><\/li>\n<li><span style=\"color: #000000;\">Each verb was applied in translation-based drills, filling blanks, and oral repetition.<\/span><\/li>\n<\/ul>\n<p><span style=\"color: #000000;\"><strong>Conclusion<\/strong><\/span><\/p>\n<p><span style=\"color: #000000;\">This seminar provided comprehensive drills in triliteral perfect verb conjugation, strengthening both recognition and production skills. Students were able to:<\/span><\/p>\n<ul>\n<li><span style=\"color: #000000;\">Confidently apply conjugation rules across all 14 forms,<\/span><\/li>\n<li><span style=\"color: #000000;\">Differentiate between masculine\/feminine and singular\/dual\/plural,<\/span><\/li>\n<li><span style=\"color: #000000;\">Avoid common pitfalls by careful attention to suffixes,<\/span><\/li>\n<li><span style=\"color: #000000;\">Expand their practical vocabulary through repeated use of diverse verbs.<\/span><\/li>\n<\/ul>\n<p><span style=\"color: #000000;\">By the end of the lesson, learners had reinforced their ability to use triliteral perfect verbs correctly in sentence construction, thereby preparing for more advanced practice in imperfect verbs and integrated syntax.<\/span><\/p>\n<p>&nbsp;<\/p>\n","protected":false},"excerpt":{"rendered":"<p>ARAP\u00c7A I. SEV\u0130YE DERSLER\u0130 35. SEM\u0130NER \u00d6ZET\u0130 &nbsp; Seminerin Amac\u0131 [&hellip;]<\/p>\n","protected":false},"author":1,"featured_media":0,"parent":0,"menu_order":0,"comment_status":"closed","ping_status":"closed","template":"","meta":{"footnotes":""},"class_list":["post-7050","page","type-page","status-publish","hentry"],"jetpack_sharing_enabled":true,"_links":{"self":[{"href":"https:\/\/klasikdusunceokulu.com\/index.php\/wp-json\/wp\/v2\/pages\/7050","targetHints":{"allow":["GET"]}}],"collection":[{"href":"https:\/\/klasikdusunceokulu.com\/index.php\/wp-json\/wp\/v2\/pages"}],"about":[{"href":"https:\/\/klasikdusunceokulu.com\/index.php\/wp-json\/wp\/v2\/types\/page"}],"author":[{"embeddable":true,"href":"https:\/\/klasikdusunceokulu.com\/index.php\/wp-json\/wp\/v2\/users\/1"}],"replies":[{"embeddable":true,"href":"https:\/\/klasikdusunceokulu.com\/index.php\/wp-json\/wp\/v2\/comments?post=7050"}],"version-history":[{"count":1,"href":"https:\/\/klasikdusunceokulu.com\/index.php\/wp-json\/wp\/v2\/pages\/7050\/revisions"}],"predecessor-version":[{"id":7051,"href":"https:\/\/klasikdusunceokulu.com\/index.php\/wp-json\/wp\/v2\/pages\/7050\/revisions\/7051"}],"wp:attachment":[{"href":"https:\/\/klasikdusunceokulu.com\/index.php\/wp-json\/wp\/v2\/media?parent=7050"}],"curies":[{"name":"wp","href":"https:\/\/api.w.org\/{rel}","templated":true}]}}