{"id":7134,"date":"2025-10-27T16:08:23","date_gmt":"2025-10-27T13:08:23","guid":{"rendered":"https:\/\/klasikdusunceokulu.com\/?page_id=7134"},"modified":"2025-10-27T16:08:23","modified_gmt":"2025-10-27T13:08:23","slug":"arapca-i-seviye-dersleri-76-seminer-ozeti","status":"publish","type":"page","link":"https:\/\/klasikdusunceokulu.com\/index.php\/arapca-i-seviye-dersleri-76-seminer-ozeti\/","title":{"rendered":"ARAP\u00c7A I. SEV\u0130YE DERSLER\u0130 76. SEM\u0130NER \u00d6ZET\u0130"},"content":{"rendered":"<p><span style=\"color: #000000;\"><strong>ARAP\u00c7A I. SEV\u0130YE DERSLER\u0130 76. SEM\u0130NER \u00d6ZET\u0130<\/strong><\/span><\/p>\n<p>&nbsp;<\/p>\n<p><strong>Seminerin Amac\u0131 ve \u00d6zeti<\/strong><\/p>\n<p>Bu dersin temel amac\u0131, Arap\u00e7a isim c\u00fcmlelerinde m\u00fcbteda \u00f6\u011fesinin cem\u00ee m\u00fczekker (eril \u00e7o\u011ful) zamir olarak kullan\u0131m\u0131n\u0131 \u00f6\u011fretmek ve bu zamirlerin haberle kurdu\u011fu uyumu kavratmakt\u0131r. Daha \u00f6nce tekil ve ikil zamirlerin c\u00fcmlede m\u00fcbteda olu\u015fu incelenmi\u015fti; bu derste ise \u00e7o\u011ful eril zamirler olan h\u00fcm (onlar), ent\u00fcm (siz) ve nahnu (biz) \u00fczerine odaklan\u0131lm\u0131\u015ft\u0131r. Bu \u00fc\u00e7 zamir, merf\u00fb\u2013munfas\u0131l zamirler grubuna dahildir ve isim c\u00fcmlelerinde m\u00fcbteda veya haber olarak kullan\u0131labilirler. Zamirler mebn\u00ee olduklar\u0131 i\u00e7in c\u00fcmledeki g\u00f6revlerine g\u00f6re harekeleri de\u011fi\u015fmez; bu sebeple mahallen merf\u00fb kabul edilirler. Haberin irab\u0131 ise lafzen merf\u00fb olup, \u00e7o\u011funlukla vav (\u0640\u0648\u0646\u064e) harfiyle veya baz\u0131 \u00f6zel kal\u0131plarda damma (\u0640\u064f) ile g\u00f6sterilir.<\/p>\n<p>&nbsp;<\/p>\n<p><strong>Ana Temalar ve Dilbilgisel \u0130lkeler<\/strong><\/p>\n<p>&nbsp;<\/p>\n<p>Cem\u00ee M\u00fczekker Zamirler<\/p>\n<p>\u0647\u064f\u0645\u0652 (h\u00fcm) \u2013 \u201conlar\u201d<\/p>\n<p>\u0623\u064e\u0646\u0652\u062a\u064f\u0645\u0652 (ent\u00fcm) \u2013 \u201csiz\u201d<\/p>\n<p>\u0646\u064e\u062d\u0652\u0646\u064f (nahnu) \u2013 \u201cbiz\u201d<\/p>\n<p>Bu zamirler eril topluluklar i\u00e7in kullan\u0131l\u0131r. Nahnu hem eril hem di\u015fil gruplar i\u00e7in ortak zamirdir, ancak bu derste eril \u00e7o\u011ful ba\u011flam\u0131nda ele al\u0131nm\u0131\u015ft\u0131r.<\/p>\n<p>&nbsp;<\/p>\n<p>\u0130rab ve Mebnilik<\/p>\n<p>Zamirlerin hareketleri sabittir; bu y\u00fczden mebn\u00ee kabul edilirler. C\u00fcmlede m\u00fcbteda olduklar\u0131nda mahallen merf\u00fb, haberleri ise lafzen merf\u00fb olur.<\/p>\n<p>&nbsp;<\/p>\n<p>Haberin T\u00fcrleri ve Uyum<\/p>\n<p>Haber \u00e7o\u011fu zaman Cem\u00ee M\u00fczekker S\u00e2lim kal\u0131b\u0131nda gelir:<\/p>\n<p>\u0647\u064f\u0645\u0652 \u0645\u064f\u062f\u064e\u0631\u0650\u0651\u0633\u064f\u0648\u0646\u064e \u2013 \u201cOnlar \u00f6\u011fretmendir.\u201d<\/p>\n<p>\u0623\u064e\u0646\u0652\u062a\u064f\u0645\u0652 \u0633\u064f\u0639\u064e\u062f\u064e\u0627\u0621\u064f \u2013 \u201cSiz mutlusunuz.\u201d<\/p>\n<p>\u0646\u064e\u062d\u0652\u0646\u064f \u0645\u064f\u062a\u064e\u0645\u064e\u0626\u0650\u0646\u064f\u0651\u0648\u0646\u064e \u2013 \u201cBiz huzurluyuz.\u201d<\/p>\n<p>Baz\u0131 haberler Cem\u00ee Teks\u00eer (k\u0131r\u0131k \u00e7o\u011ful) kal\u0131plar\u0131nda olup temvin almaz: \u0623\u064f\u0648\u0644\u064e\u0645\u064e\u0627\u0621\u064f (\u00e2limler), \u062c\u064f\u0647\u064e\u0644\u064e\u0627\u0621\u064f (cahiller) gibi.<\/p>\n<p>&nbsp;<\/p>\n<p>Cinsiyet ve Say\u0131 Uyumu<\/p>\n<p>Bu zamirlerle kullan\u0131lan haberlerin tamam\u0131 eril ve \u00e7o\u011ful olmal\u0131d\u0131r. Haberde \u201cel\u201d tak\u0131s\u0131 genellikle yer almaz; anlam, zamir-haber ili\u015fkisiyle kurulur.<\/p>\n<p>Uygulamal\u0131 \u00d6rnekler<\/p>\n<p>\u0647\u064f\u0645\u0652 \u0623\u064e\u0633\u064e\u0627\u062a\u0650\u0630\u064e\u0629\u064c \u2013 \u201cOnlar hocalard\u0131r.\u201d<\/p>\n<p>\u0623\u064e\u0646\u0652\u062a\u064f\u0645\u0652 \u0645\u064f\u062d\u0652\u062a\u064e\u0631\u0650\u0641\u064f\u0648\u0646\u064e \u2013 \u201cSiz profesyonelsiniz.\u201d<\/p>\n<p>\u0646\u064e\u062d\u0652\u0646\u064f \u0645\u064f\u062a\u064e\u0631\u0652\u062c\u0650\u0645\u064f\u0648\u0646\u064e \u2013 \u201cBiz terc\u00fcman\u0131z.\u201d<\/p>\n<p>\u0647\u064f\u0645\u0652 \u0633\u064e\u0627\u0628\u0650\u0631\u064f\u0648\u0646\u064e \u2013 \u201cOnlar sab\u0131rl\u0131d\u0131r.\u201d<\/p>\n<p>\u0623\u064e\u0646\u0652\u062a\u064f\u0645\u0652 \u0645\u064f\u0644\u0652\u062d\u0650\u062f\u064f\u0648\u0646\u064e \u2013 \u201cSiz ateistsiniz.\u201d<\/p>\n<p>\u0646\u064e\u062d\u0652\u0646\u064f \u0635\u064f\u062d\u064f\u0641\u0650\u064a\u064f\u0651\u0648\u0646\u064e \u2013 \u201cBiz gazeteciyiz.\u201d<\/p>\n<p>Baz\u0131 haberler k\u0131r\u0131k \u00e7o\u011ful (cem\u00ee teks\u00eer) kal\u0131plar\u0131ndad\u0131r ve temvin almaz: \u0639\u064f\u0644\u064e\u0645\u064e\u0627\u0621\u064f (\u00e2limler), \u0623\u064f\u062f\u064e\u0628\u064e\u0627\u0621\u064f (edebiyat\u00e7\u0131lar), \u0641\u064f\u0642\u064e\u0631\u064e\u0627\u0621\u064f (fakirler) gibi.<\/p>\n<p>&nbsp;<\/p>\n<p>Al\u0131\u015ft\u0131rmalar ve \u00d6\u011frenme \u00c7\u0131kt\u0131lar\u0131<\/p>\n<p>Uygulamal\u0131 b\u00f6l\u00fcmde \u00f6\u011frencilerden T\u00fcrk\u00e7e c\u00fcmleleri Arap\u00e7aya \u00e7evirmeleri ve bo\u015fluklara uygun m\u00fcbteda-haber \u00f6\u011felerini yerle\u015ftirmeleri istenmi\u015ftir.<\/p>\n<p>Bu \u00e7al\u0131\u015fmalarla:<\/p>\n<p>h\u00fcm, ent\u00fcm, nahnu zamirleri do\u011fru konumda kullan\u0131lm\u0131\u015f,<\/p>\n<p>haberlerde cinsiyet ve say\u0131 uyumu sa\u011flanm\u0131\u015f,<\/p>\n<p>Cem\u00ee M\u00fczekker S\u00e2lim ile Cem\u00ee Teks\u00eer fark\u0131 peki\u015ftirilmi\u015ftir.<\/p>\n<p>&nbsp;<\/p>\n<p>\u00d6rnek Al\u0131\u015ft\u0131rmalar:<\/p>\n<p>\u0647\u064f\u0645\u0652 \u0639\u064f\u0644\u064e\u0645\u064e\u0627\u0621\u064f \u2013 \u201cOnlar \u00e2limdir.\u201d<\/p>\n<p>\u0623\u064e\u0646\u0652\u062a\u064f\u0645\u0652 \u0628\u064f\u062e\u064e\u0644\u064e\u0627\u0621\u064f \u2013 \u201cSiz cimrisiniz.\u201d<\/p>\n<p>\u0646\u064e\u062d\u0652\u0646\u064f \u0646\u064e\u0627\u0642\u0650\u062f\u064f\u0648\u0646\u064e \u2013 \u201cBiz ele\u015ftirmeniz.\u201d<\/p>\n<p>\u0647\u064f\u0645\u0652 \u0631\u064f\u0643\u064e\u0651\u0627\u0628\u064c \u2013 \u201cOnlar yolcudur.\u201d<\/p>\n<p>\u0623\u064e\u0646\u0652\u062a\u064f\u0645\u0652 \u0633\u0650\u064a\u064e\u0627\u0633\u0650\u064a\u064f\u0651\u0648\u0646\u064e \u2013 \u201cSiz politikac\u0131s\u0131n\u0131z.\u201d<\/p>\n<p>&nbsp;<\/p>\n<p><strong>Sonu\u00e7<\/strong><\/p>\n<p>Bu dersle \u00f6\u011frenciler, Arap\u00e7a\u2019da \u00e7o\u011ful eril zamirlerin m\u00fcbteda olarak kullan\u0131m\u0131 konusunu kavram\u0131\u015f, bu zamirlerin mebn\u00ee olu\u015fu ve haberle uyumu konular\u0131nda derinle\u015fmi\u015ftir. Ayr\u0131ca Cem\u00ee M\u00fczekker S\u00e2lim ile Cem\u00ee Teks\u00eer kal\u0131plar\u0131n\u0131n fark\u0131 uygulamal\u0131 \u00f6rneklerle peki\u015ftirilmi\u015ftir. Ders, \u00f6\u011frencilerin \u00e7o\u011ful zamirli isim c\u00fcmleleri kurma becerisini geli\u015ftirerek, bir sonraki derste ele al\u0131nacak olan Cem\u00ee M\u00fcennes (di\u015fil \u00e7o\u011ful) zamirli m\u00fcbteda yap\u0131lar\u0131na zemin haz\u0131rlam\u0131\u015ft\u0131r.<\/p>\n<p>&nbsp;<\/p>\n<p>&nbsp;<\/p>\n<p><strong>Purpose and Overview<\/strong><\/p>\n<p>This lesson focuses on Arabic nominal sentences (jumlah ismiyyah) where the subject (mubtada) appears as a plural masculine pronoun (\u1e0dam\u012br jam\u02bf mudhakkar). The aim is to teach how these pronouns function grammatically as subjects and how the predicate (khabar) aligns with them in gender, number, and case. Following previous lessons on singular and dual pronouns, this unit introduces the plural masculine pronouns: hum (they), antum (you), and na\u1e25nu (we). These pronouns belong to the category of independent nominative pronouns (\u1e0dam\u0101\u02beir munfa\u1e63ilah marf\u016b\u02bfah) and are typically used as subjects or predicates in nominal sentences.<\/p>\n<p>&nbsp;<\/p>\n<p><strong>Main Grammatical Principles<\/strong><\/p>\n<p>&nbsp;<\/p>\n<p>Plural Masculine Pronouns<\/p>\n<p>\u0647\u064f\u0645\u0652 (hum) \u2013 \u201cthey\u201d<\/p>\n<p>\u0623\u064e\u0646\u0652\u062a\u064f\u0645\u0652 (antum) \u2013 \u201cyou\u201d (plural, masculine)<\/p>\n<p>\u0646\u064e\u062d\u0652\u0646\u064f (na\u1e25nu) \u2013 \u201cwe\u201d<\/p>\n<p>While na\u1e25nu may refer to both masculine and feminine groups, in this lesson it is treated as a masculine plural for grammatical consistency.<\/p>\n<p>&nbsp;<\/p>\n<p>Indeclinability and Case<\/p>\n<p>Pronouns are indeclinable (mabn\u012b); their forms never change. When functioning as subjects, they are nominative by position (ma\u1e25allan marf\u016b\u02bf). The predicate (khabar), on the other hand, is declinable (mu\u02bfrab) and carries the visible nominative marker (laf\u1e93an marf\u016b\u02bf), usually indicated by the w\u0101w (\u0640\u0648\u0646\u064e) ending.<\/p>\n<p>&nbsp;<\/p>\n<p>Predicate Agreement<\/p>\n<p>The predicate must agree with the pronoun in gender (masculine) and number (plural).<\/p>\n<p>\u0647\u064f\u0645\u0652 \u0645\u064f\u062f\u064e\u0631\u0650\u0651\u0633\u064f\u0648\u0646\u064e \u2013 \u201cThey are teachers.\u201d<\/p>\n<p>\u0623\u064e\u0646\u0652\u062a\u064f\u0645\u0652 \u0633\u064f\u0639\u064e\u062f\u064e\u0627\u0621\u064f \u2013 \u201cYou are happy.\u201d<\/p>\n<p>\u0646\u064e\u062d\u0652\u0646\u064f \u0645\u064f\u062a\u064e\u0645\u064e\u0626\u0650\u0646\u064f\u0651\u0648\u0646\u064e \u2013 \u201cWe are calm.\u201d<\/p>\n<p>In some cases, the predicate appears in broken plural (jam\u02bf taks\u012br) form without tanw\u012bn: \u02bfulam\u0101\u02beu (scholars), fuqar\u0101\u02beu (poor), etc.<\/p>\n<p>&nbsp;<\/p>\n<p>Applied Examples<\/p>\n<p>Students practiced constructing sentences using plural masculine pronouns as mubtada:<\/p>\n<p>\u0647\u064f\u0645\u0652 \u0623\u064e\u0633\u064e\u0627\u062a\u0650\u0630\u064e\u0629\u064c \u2013 \u201cThey are professors.\u201d<\/p>\n<p>\u0623\u064e\u0646\u0652\u062a\u064f\u0645\u0652 \u0645\u064f\u062d\u0652\u062a\u064e\u0631\u0650\u0641\u064f\u0648\u0646\u064e \u2013 \u201cYou are professionals.\u201d<\/p>\n<p>\u0646\u064e\u062d\u0652\u0646\u064f \u0645\u064f\u062a\u064e\u0631\u0652\u062c\u0650\u0645\u064f\u0648\u0646\u064e \u2013 \u201cWe are translators.\u201d<\/p>\n<p>\u0647\u064f\u0645\u0652 \u0635\u064e\u0627\u0628\u0650\u0631\u064f\u0648\u0646\u064e \u2013 \u201cThey are patient.\u201d<\/p>\n<p>\u0623\u064e\u0646\u0652\u062a\u064f\u0645\u0652 \u0633\u0650\u064a\u064e\u0627\u0633\u0650\u064a\u064f\u0651\u0648\u0646\u064e \u2013 \u201cYou are politicians.\u201d<\/p>\n<p>\u0646\u064e\u062d\u0652\u0646\u064f \u0635\u064f\u062d\u064f\u0641\u0650\u064a\u064f\u0651\u0648\u0646\u064e \u2013 \u201cWe are journalists.\u201d<\/p>\n<p>Through these examples, students learned how to apply correct plural endings, ensure agreement, and distinguish between regular (sound) and broken plurals.<\/p>\n<p>&nbsp;<\/p>\n<p>Exercises and Learning Outcomes<\/p>\n<p>In practice sessions, learners translated Turkish sentences into Arabic and completed blanks with the correct pronouns and predicates. They demonstrated that:<\/p>\n<p>hum, antum, and na\u1e25nu are properly used as plural masculine subjects.<\/p>\n<p>The predicate must always appear in nominative form and agree in gender and number.<\/p>\n<p>Both sound masculine plural (-\u016bn) and broken plural patterns were correctly applied.<\/p>\n<p>&nbsp;<\/p>\n<p>Example Applications:<\/p>\n<p>\u0647\u064f\u0645\u0652 \u0639\u064f\u0644\u064e\u0645\u064e\u0627\u0621\u064f \u2013 \u201cThey are scholars.\u201d<\/p>\n<p>\u0623\u064e\u0646\u0652\u062a\u064f\u0645\u0652 \u0628\u064f\u062e\u064e\u0644\u064e\u0627\u0621\u064f \u2013 \u201cYou are stingy.\u201d<\/p>\n<p>\u0646\u064e\u062d\u0652\u0646\u064f \u0646\u064e\u0627\u0642\u0650\u062f\u064f\u0648\u0646\u064e \u2013 \u201cWe are critics.\u201d<\/p>\n<p>\u0647\u064f\u0645\u0652 \u0631\u064f\u0643\u064e\u0651\u0627\u0628\u064c \u2013 \u201cThey are passengers.\u201d<\/p>\n<p>&nbsp;<\/p>\n<p><strong>Conclusion<\/strong><\/p>\n<p>By the end of this lesson, students gained proficiency in using plural masculine pronouns as subjects in nominal sentences. They learned that pronouns remain indeclinable, taking case by position, while the predicate is declinable, marked for number, gender, and case.<\/p>\n<p>This lesson strengthened the learners\u2019 grasp of sound and broken plural predicate forms and established a clear foundation for the next topic: plural feminine pronouns (jam\u02bf mu\u02beannath) as mubtada, which will be covered in Lesson 77.<\/p>\n","protected":false},"excerpt":{"rendered":"<p>ARAP\u00c7A I. SEV\u0130YE DERSLER\u0130 76. SEM\u0130NER \u00d6ZET\u0130 &nbsp; Seminerin Amac\u0131 [&hellip;]<\/p>\n","protected":false},"author":1,"featured_media":0,"parent":0,"menu_order":0,"comment_status":"closed","ping_status":"closed","template":"","meta":{"footnotes":""},"class_list":["post-7134","page","type-page","status-publish","hentry"],"jetpack_sharing_enabled":true,"_links":{"self":[{"href":"https:\/\/klasikdusunceokulu.com\/index.php\/wp-json\/wp\/v2\/pages\/7134","targetHints":{"allow":["GET"]}}],"collection":[{"href":"https:\/\/klasikdusunceokulu.com\/index.php\/wp-json\/wp\/v2\/pages"}],"about":[{"href":"https:\/\/klasikdusunceokulu.com\/index.php\/wp-json\/wp\/v2\/types\/page"}],"author":[{"embeddable":true,"href":"https:\/\/klasikdusunceokulu.com\/index.php\/wp-json\/wp\/v2\/users\/1"}],"replies":[{"embeddable":true,"href":"https:\/\/klasikdusunceokulu.com\/index.php\/wp-json\/wp\/v2\/comments?post=7134"}],"version-history":[{"count":1,"href":"https:\/\/klasikdusunceokulu.com\/index.php\/wp-json\/wp\/v2\/pages\/7134\/revisions"}],"predecessor-version":[{"id":7135,"href":"https:\/\/klasikdusunceokulu.com\/index.php\/wp-json\/wp\/v2\/pages\/7134\/revisions\/7135"}],"wp:attachment":[{"href":"https:\/\/klasikdusunceokulu.com\/index.php\/wp-json\/wp\/v2\/media?parent=7134"}],"curies":[{"name":"wp","href":"https:\/\/api.w.org\/{rel}","templated":true}]}}