{"id":7140,"date":"2025-10-27T16:27:08","date_gmt":"2025-10-27T13:27:08","guid":{"rendered":"https:\/\/klasikdusunceokulu.com\/?page_id=7140"},"modified":"2025-10-27T16:27:08","modified_gmt":"2025-10-27T13:27:08","slug":"arapca-i-seviye-dersleri-79-seminer-ozeti","status":"publish","type":"page","link":"https:\/\/klasikdusunceokulu.com\/index.php\/arapca-i-seviye-dersleri-79-seminer-ozeti\/","title":{"rendered":"ARAP\u00c7A I. SEV\u0130YE DERSLER\u0130 79. SEM\u0130NER \u00d6ZET\u0130"},"content":{"rendered":"<p><strong>ARAP\u00c7A I. SEV\u0130YE DERSLER\u0130 79. SEM\u0130NER \u00d6ZET\u0130<\/strong><\/p>\n<p>&nbsp;<\/p>\n<p><strong>Seminerin Amac\u0131 ve \u00d6zeti<\/strong><\/p>\n<p>Bu dersin temel amac\u0131, Arap\u00e7a isim c\u00fcmlelerinde (c\u00fcmle-i ismiyye) m\u00fcbteda \u00f6\u011fesinin zamir (\u1e0dam\u012br) olarak geli\u015fini peki\u015ftirmek ve daha \u00f6nce \u00f6\u011frenilen zamir \u00e7e\u015fitlerinin (gaib, muhatap, m\u00fctekellim) uygulamas\u0131n\u0131 b\u00fct\u00fcnsel bir al\u0131\u015ft\u0131rma \u00e7er\u00e7evesinde ger\u00e7ekle\u015ftirmektir. \u00d6\u011frenciler, \u00f6nceki derslerde teorik olarak \u00f6\u011frendikleri zamir t\u00fcrlerini bu derste pratik c\u00fcmlelerle uygulam\u0131\u015f, m\u00fcbteda-haber uyumunun say\u0131, cinsiyet ve irab y\u00f6nlerinden nas\u0131l sa\u011fland\u0131\u011f\u0131n\u0131 g\u00f6zlemlemi\u015ftir. Ders, \u00f6nce ba\u011f\u0131ms\u0131z (munfa\u1e63\u0131l) merf\u00fb zamirlerin k\u0131sa bir hat\u0131rlatmas\u0131yla ba\u015flam\u0131\u015ft\u0131r: h\u00fcve, hiye, hum, hunne, ente, enti, ent\u00fcm, ent\u00fcnne, ent\u00fcma, ene, nahn\u00fc. Bu zamirlerin isim c\u00fcmlelerinde \u00e7o\u011funlukla m\u00fcbteda, nadiren de haber olarak kullan\u0131ld\u0131\u011f\u0131 vurgulanm\u0131\u015ft\u0131r.<\/p>\n<p>&nbsp;<\/p>\n<p><strong>Ana Temalar ve Dilbilgisel \u0130lkeler<\/strong><\/p>\n<p>&nbsp;<\/p>\n<p>M\u00fcbteda Olarak Zamir Kullan\u0131m\u0131<\/p>\n<p>Zamirler, yap\u0131 olarak mebn\u00ee olduklar\u0131ndan hareke almaz ve mahallen merf\u00fb say\u0131l\u0131r. Buna kar\u015f\u0131l\u0131k haber, lafzen merf\u00fb olur ve merf\u00fbluk alameti ismin t\u00fcr\u00fcne g\u00f6re de\u011fi\u015fir:<\/p>\n<p>Tekil: damme (\u0640\u064f)<\/p>\n<p>Tesniye: elif (\u0640\u0627\u0646\u0650)<\/p>\n<p>Cem\u00ee m\u00fczekker s\u00e2lim: vav (\u0640\u0648\u0646\u064e)<\/p>\n<p>Cem\u00ee m\u00fcennes s\u00e2lim: damme (\u0640\u064f)<\/p>\n<p>&nbsp;<\/p>\n<p>Zamir\u2013Haber Uyum \u0130lkesi<\/p>\n<p>M\u00fczekker zamir \u2192 m\u00fczekker haber<\/p>\n<p>M\u00fcennes zamir \u2192 m\u00fcennes haber<\/p>\n<p>Ak\u0131ls\u0131z \u00e7o\u011fullar \u2192 m\u00fcfret m\u00fcennes zamir (hiye)<\/p>\n<p>Tesniye durumlar\u0131nda \u2192 elifli haber (ikillik)<\/p>\n<p>&nbsp;<\/p>\n<p>Zamir T\u00fcrleri<\/p>\n<p>Gaib (\u00fc\u00e7\u00fcnc\u00fc \u015fah\u0131s): h\u00fcve, hiye, hum, hunne, h\u00fcme<\/p>\n<p>Muhatap (ikinci \u015fah\u0131s): ente, enti, ent\u00fcme, ent\u00fcm, ent\u00fcnne<\/p>\n<p>M\u00fctekellim (birinci \u015fah\u0131s): ene, nahn\u00fc<\/p>\n<p>&nbsp;<\/p>\n<p>Uygulamal\u0131 \u00d6rnekler<\/p>\n<p>Dersin b\u00fcy\u00fck k\u0131sm\u0131, \u00f6\u011frencilerin c\u00fcmlelerde bo\u015fluklara uygun zamirleri ve haber \u00f6\u011felerini yerle\u015ftirmesiyle ge\u00e7mi\u015ftir:<\/p>\n<p>\u0647\u0650\u064a\u064e \u0633\u064e\u064a\u064e\u0651\u0627\u0631\u064e\u0627\u062a\u064c \u2013 \u201cOnlar arabad\u0131r.\u201d<\/p>\n<p>\u0623\u064e\u0646\u0652\u062a\u064f\u0645\u0652 \u0645\u064f\u0633\u0652\u0631\u0650\u0639\u064f\u0648\u0646\u064e \u2013 \u201cSiz (erkekler) h\u0131zl\u0131s\u0131n\u0131z.\u201d<\/p>\n<p>\u0646\u064e\u062d\u0652\u0646\u064f \u0645\u064f\u062a\u064e\u0642\u064e\u0627\u0639\u0650\u062f\u064e\u0627\u0646\u0650 \u2013 \u201cBiz ikimiz emekliyiz.\u201d<\/p>\n<p>\u0623\u064e\u0646\u0652\u062a\u0650 \u0643\u064e\u0627\u062a\u0650\u0644\u064e\u0629\u064c \u2013 \u201cSen katilsin (kad\u0131n).\u201d<\/p>\n<p>\u0647\u0650\u064a\u064e \u0623\u064e\u0645\u0652\u062b\u0650\u0644\u064e\u0629\u064c \u2013 \u201cOnlar \u00f6rneklerdir.\u201d<\/p>\n<p>\u0647\u064f\u0646\u0651\u064e \u0633\u064e\u064a\u0650\u0651\u062f\u064e\u0627\u062a\u064c \u2013 \u201cOnlar han\u0131mefendilerdir.\u201d<\/p>\n<p>\u0647\u064f\u0645 \u0645\u064f\u0633\u0652\u062a\u064e\u062b\u0652\u0645\u0650\u0631\u064f\u0648\u0646\u064e \u2013 \u201cOnlar yat\u0131r\u0131mc\u0131d\u0131r.\u201d<\/p>\n<p>\u0623\u064e\u0646\u0652\u062a\u064f\u0646\u0651\u064e \u0645\u064e\u062f\u0652\u0639\u064f\u0648\u0651\u064e\u0627\u062a\u064c \u2013 \u201cSiz davetlisiniz (kad\u0131nlar).\u201d<\/p>\n<p>\u0647\u0650\u064a\u064e \u0623\u064e\u0632\u0652\u0647\u064e\u0627\u0631\u064c \u2013 \u201cOnlar \u00e7i\u00e7eklerdir.\u201d<\/p>\n<p>Bu \u00f6rneklerde \u00f6\u011frenciler, zamir se\u00e7iminin varl\u0131\u011f\u0131n t\u00fcr\u00fcne (ak\u0131ls\u0131z veya ak\u0131ll\u0131) ve haberin irab\u0131na ba\u011fl\u0131 oldu\u011funu uygulamal\u0131 olarak g\u00f6rm\u00fc\u015ft\u00fcr.<\/p>\n<p>&nbsp;<\/p>\n<p>Al\u0131\u015ft\u0131rmalar ve \u00d6\u011frenme \u00c7\u0131kt\u0131lar\u0131<\/p>\n<p>Al\u0131\u015ft\u0131rmalarda \u00f6\u011frencilerden \u015fu beceriler beklenmi\u015ftir:<\/p>\n<p>C\u00fcmlenin \u00f6znesini tan\u0131mlayarak uygun zamiri se\u00e7mek.<\/p>\n<p>Haberin irab alametini do\u011fru belirlemek.<\/p>\n<p>Zamir ve haber aras\u0131nda cinsiyet, say\u0131 ve ak\u0131ll\u0131l\u0131k uyumunu sa\u011flamak.<\/p>\n<p>\u00d6rnek ba\u015far\u0131 \u00f6l\u00e7\u00fctleri:<\/p>\n<p>H\u00fcm m\u00fcstesmir\u00fbn \u2192 Cem\u00ee m\u00fczekker s\u00e2lim \u2192 Vav ile merf\u00fb<\/p>\n<p>H\u00fcnne daif\u00e2t\u00fcn \u2192 Cem\u00ee m\u00fcennes s\u00e2lim \u2192 Damma ile merf\u00fb<\/p>\n<p>Hiye ehz\u0131yet\u00fcn \u2192 Ak\u0131ls\u0131z \u00e7o\u011ful \u2192 M\u00fcfret m\u00fcennes zamir + damme<\/p>\n<p>&nbsp;<\/p>\n<p><strong>Sonu\u00e7<\/strong><\/p>\n<p>Bu derste \u00f6\u011frenciler, Arap\u00e7ada m\u00fcbteda konumunda zamir kullan\u0131m\u0131n\u0131 b\u00fct\u00fcn varyasyonlar\u0131yla tekrar etmi\u015f ve irab uyumlar\u0131n\u0131 sistematik bi\u00e7imde peki\u015ftirmi\u015ftir Zamirlerin de\u011fi\u015fmeyen (mebn\u00ee) yap\u0131s\u0131 ile haberin \u00e7ekimlenen (mu\u02bfrab) formu aras\u0131ndaki fark\u0131n \u00f6nemine dikkat \u00e7ekilmi\u015ftir. Sonu\u00e7 olarak, bu genel al\u0131\u015ft\u0131rma dersi, \u00f6\u011frencilerin hem teorik bilgilerini peki\u015ftirmelerini hem de do\u011fru zamir-haber uyumuyla anlaml\u0131 c\u00fcmleler kurabilmelerini sa\u011flam\u0131\u015ft\u0131r. Bu ders, m\u00fcbteda-haber yap\u0131lar\u0131n\u0131n semantik ve morfolojik uyumu konusunda bir d\u00f6n\u00fcm noktas\u0131 niteli\u011findedir.<\/p>\n<p>&nbsp;<\/p>\n<p>&nbsp;<\/p>\n<p><strong>Purpose and Overview<\/strong><\/p>\n<p>This lesson serves as a comprehensive practice session designed to consolidate students\u2019 understanding of Arabic nominal sentences (jumlah ismiyyah) in which the subject (mubtada) appears as a pronoun (\u1e0dam\u012br). After covering each type of pronoun\u2014singular, dual, and plural; masculine and feminine; rational and non-rational\u2014in previous lessons, this session provides integrated reinforcement through diverse exercises. The main objective is to enable students to apply grammatical agreement rules between the subject pronoun and the predicate (khabar) in terms of gender, number, and case, while mastering the distinction between indeclinable (mabn\u012b) and declinable (mu\u02bfrab) elements in nominal sentence structures.<\/p>\n<p>&nbsp;<\/p>\n<p><strong>Main Grammatical Principles<\/strong><\/p>\n<p>&nbsp;<\/p>\n<p>Pronouns as Subjects (Mubtada)<\/p>\n<p>All independent nominative pronouns (\u1e0dam\u0101\u02beir munfa\u1e63ilah marf\u016b\u02bfah) are indeclinable (mabn\u012b), meaning they do not change form. Their grammatical case is understood by position (ma\u1e25allan)\u2014they are nominative by position (ma\u1e25allan marf\u016b\u02bf).<\/p>\n<p>In contrast, the predicate (khabar) is declinable (mu\u02bfrab) and its nominative status is expressed through endings:<\/p>\n<p>Singular: \u1e0damma (\u0640\u064f)<\/p>\n<p>Dual: alif (\u0640\u0627\u0646\u0650)<\/p>\n<p>Sound masculine plural: w\u0101w (\u0640\u0648\u0646\u064e)<\/p>\n<p>Sound feminine plural: \u1e0damma (\u0640\u064f)<\/p>\n<p>&nbsp;<\/p>\n<p>Agreement Rules<\/p>\n<p>Masculine pronoun \u2192 masculine predicate<\/p>\n<p>Feminine pronoun \u2192 feminine predicate<\/p>\n<p>Non-rational plurals \u2192 singular feminine pronoun (hiya)<\/p>\n<p>Dual subjects \u2192 predicate with dual alif ending (-\u0101n)<\/p>\n<p>&nbsp;<\/p>\n<p>Pronoun Categories Reviewed<\/p>\n<p>Third-person (gh\u0101\u02beib): huwa, hiya, hum, hunna, hum\u0101<\/p>\n<p>Second-person (mukh\u0101\u1e6dab): anta, anti, antum\u0101, antum, antunna<\/p>\n<p>First-person (mutakallim): an\u0101, na\u1e25nu<\/p>\n<p>&nbsp;<\/p>\n<p>Applied Examples<\/p>\n<p>Learners practiced a range of nominal sentences representing all pronoun types and agreement patterns:<\/p>\n<p>\u0647\u0650\u064a\u064e \u0633\u064e\u064a\u064e\u0651\u0627\u0631\u064e\u0627\u062a\u064c \u2013 \u201cThey (cars) are vehicles.\u201d<\/p>\n<p>\u0623\u064e\u0646\u0652\u062a\u064f\u0645\u0652 \u0645\u064f\u0633\u0652\u0631\u0650\u0639\u064f\u0648\u0646\u064e \u2013 \u201cYou (men) are fast.\u201d<\/p>\n<p>\u0646\u064e\u062d\u0652\u0646\u064f \u0645\u064f\u062a\u064e\u0642\u064e\u0627\u0639\u0650\u062f\u064e\u0627\u0646\u0650 \u2013 \u201cWe two are retired.\u201d<\/p>\n<p>\u0623\u064e\u0646\u0652\u062a\u0650 \u0643\u064e\u0627\u062a\u0650\u0644\u064e\u0629\u064c \u2013 \u201cYou (female) are a killer.\u201d<\/p>\n<p>\u0647\u0650\u064a\u064e \u0623\u064e\u0645\u0652\u062b\u0650\u0644\u064e\u0629\u064c \u2013 \u201cThey are examples.\u201d<\/p>\n<p>\u0647\u064f\u0645 \u0645\u064f\u0633\u0652\u062a\u064e\u062b\u0652\u0645\u0650\u0631\u064f\u0648\u0646\u064e \u2013 \u201cThey are investors.\u201d<\/p>\n<p>\u0647\u064f\u0646\u0651\u064e \u0633\u064e\u064a\u0650\u0651\u062f\u064e\u0627\u062a\u064c \u2013 \u201cThey are ladies.\u201d<\/p>\n<p>\u0623\u064e\u0646\u0652\u062a\u064f\u0646\u0651\u064e \u0645\u064e\u062f\u0652\u0639\u064f\u0648\u0651\u064e\u0627\u062a\u064c \u2013 \u201cYou (females) are invited.\u201d<\/p>\n<p>\u0647\u0650\u064a\u064e \u0623\u064e\u0632\u0652\u0647\u064e\u0627\u0631\u064c \u2013 \u201cThey are flowers.\u201d<\/p>\n<p>Through such examples, students learned to select the correct pronoun based on animacy (rational vs. non-rational), gender, and number, ensuring proper agreement with the predicate.<\/p>\n<p>&nbsp;<\/p>\n<p>Exercises and Learning Outcomes<\/p>\n<p>In applied activities, learners were required to:<\/p>\n<p>Identify the subject and choose the appropriate pronoun.<\/p>\n<p>Determine the predicate\u2019s correct nominative marker.<\/p>\n<p>Ensure gender, number, and rationality agreement between pronoun and predicate.<\/p>\n<p>&nbsp;<\/p>\n<p>Sample success criteria:<\/p>\n<p>\u0647\u064f\u0645\u0652 \u0645\u064f\u0633\u0652\u062a\u064e\u062b\u0652\u0645\u0650\u0631\u064f\u0648\u0646\u064e \u2192 masculine plural \u2192 w\u0101w ending.<\/p>\n<p>\u0647\u064f\u0646\u0651\u064e \u0636\u064e\u064a\u0652\u0641\u064e\u0627\u062a\u064c \u2192 feminine plural \u2192 damma ending.<\/p>\n<p>\u0647\u0650\u064a\u064e \u0623\u064e\u062d\u0652\u0630\u0650\u064a\u064e\u0629\u064c \u2192 non-rational plural \u2192 singular feminine pronoun.<\/p>\n<p>&nbsp;<\/p>\n<p><strong>Conclusion<\/strong><\/p>\n<p>By the end of this general practice session, students effectively consolidated their command of pronoun-based subjects in Arabic nominal sentences. They demonstrated mastery in identifying correct agreement patterns, applying case rules, and distinguishing between indeclinable pronouns and declinable predicates. This integrative lesson served as a culmination of all previous modules on pronouns, providing students with the analytical and practical skills necessary to construct accurate and meaningful nominal sentences in Arabic. It also prepared them for the upcoming transition to definite noun subjects and descriptive predicate structures.<\/p>\n","protected":false},"excerpt":{"rendered":"<p>ARAP\u00c7A I. SEV\u0130YE DERSLER\u0130 79. SEM\u0130NER \u00d6ZET\u0130 &nbsp; Seminerin Amac\u0131 [&hellip;]<\/p>\n","protected":false},"author":1,"featured_media":0,"parent":0,"menu_order":0,"comment_status":"closed","ping_status":"closed","template":"","meta":{"footnotes":""},"class_list":["post-7140","page","type-page","status-publish","hentry"],"jetpack_sharing_enabled":true,"_links":{"self":[{"href":"https:\/\/klasikdusunceokulu.com\/index.php\/wp-json\/wp\/v2\/pages\/7140","targetHints":{"allow":["GET"]}}],"collection":[{"href":"https:\/\/klasikdusunceokulu.com\/index.php\/wp-json\/wp\/v2\/pages"}],"about":[{"href":"https:\/\/klasikdusunceokulu.com\/index.php\/wp-json\/wp\/v2\/types\/page"}],"author":[{"embeddable":true,"href":"https:\/\/klasikdusunceokulu.com\/index.php\/wp-json\/wp\/v2\/users\/1"}],"replies":[{"embeddable":true,"href":"https:\/\/klasikdusunceokulu.com\/index.php\/wp-json\/wp\/v2\/comments?post=7140"}],"version-history":[{"count":1,"href":"https:\/\/klasikdusunceokulu.com\/index.php\/wp-json\/wp\/v2\/pages\/7140\/revisions"}],"predecessor-version":[{"id":7141,"href":"https:\/\/klasikdusunceokulu.com\/index.php\/wp-json\/wp\/v2\/pages\/7140\/revisions\/7141"}],"wp:attachment":[{"href":"https:\/\/klasikdusunceokulu.com\/index.php\/wp-json\/wp\/v2\/media?parent=7140"}],"curies":[{"name":"wp","href":"https:\/\/api.w.org\/{rel}","templated":true}]}}