{"id":7194,"date":"2025-11-03T15:03:48","date_gmt":"2025-11-03T12:03:48","guid":{"rendered":"https:\/\/klasikdusunceokulu.com\/?page_id=7194"},"modified":"2025-11-03T15:03:48","modified_gmt":"2025-11-03T12:03:48","slug":"v-metin-demir-modernler-klasikleri-neden-nasil-okudu-okumak-uzerine","status":"publish","type":"page","link":"https:\/\/klasikdusunceokulu.com\/index.php\/v-metin-demir-modernler-klasikleri-neden-nasil-okudu-okumak-uzerine\/","title":{"rendered":"V. MET\u0130N DEM\u0130R, MODERNLER KLAS\u0130KLER\u0130 NEDEN\/NASIL OKUDU, OKUMAK \u00dcZER\u0130NE"},"content":{"rendered":"<p><a href=\"https:\/\/klasikdusunceokulu.com\/index.php\/v-metin-demir-modernler-klasikleri-neden-nasil-okudu-okumak-uzerine-1-seminer-ozeti\/\"><span style=\"color: #3b5160;\"><strong>V. MET\u0130N DEM\u0130R, MODERNLER KLAS\u0130KLER\u0130 NEDEN\/NASIL OKUDU, OKUMAK \u00dcZER\u0130NE 1. SEM\u0130NER \u00d6ZET\u0130<\/strong><\/span><\/a><\/p>\n<p><a href=\"https:\/\/klasikdusunceokulu.com\/index.php\/v-metin-demir-modernler-klasikleri-neden-nasil-okudu-okumak-uzerine-2-seminer-ozeti\/\"><span style=\"color: #3b5160;\"><strong>V. MET\u0130N DEM\u0130R, MODERNLER KLAS\u0130KLER\u0130 NEDEN\/NASIL OKUDU, OKUMAK \u00dcZER\u0130NE 2. SEM\u0130NER \u00d6ZET\u0130<\/strong><\/span><\/a><\/p>\n","protected":false},"excerpt":{"rendered":"<p>V. MET\u0130N DEM\u0130R, MODERNLER KLAS\u0130KLER\u0130 NEDEN\/NASIL OKUDU, OKUMAK \u00dcZER\u0130NE 1. [&hellip;]<\/p>\n","protected":false},"author":1,"featured_media":0,"parent":0,"menu_order":0,"comment_status":"closed","ping_status":"closed","template":"","meta":{"footnotes":""},"class_list":["post-7194","page","type-page","status-publish","hentry"],"jetpack_sharing_enabled":true,"_links":{"self":[{"href":"https:\/\/klasikdusunceokulu.com\/index.php\/wp-json\/wp\/v2\/pages\/7194","targetHints":{"allow":["GET"]}}],"collection":[{"href":"https:\/\/klasikdusunceokulu.com\/index.php\/wp-json\/wp\/v2\/pages"}],"about":[{"href":"https:\/\/klasikdusunceokulu.com\/index.php\/wp-json\/wp\/v2\/types\/page"}],"author":[{"embeddable":true,"href":"https:\/\/klasikdusunceokulu.com\/index.php\/wp-json\/wp\/v2\/users\/1"}],"replies":[{"embeddable":true,"href":"https:\/\/klasikdusunceokulu.com\/index.php\/wp-json\/wp\/v2\/comments?post=7194"}],"version-history":[{"count":1,"href":"https:\/\/klasikdusunceokulu.com\/index.php\/wp-json\/wp\/v2\/pages\/7194\/revisions"}],"predecessor-version":[{"id":7199,"href":"https:\/\/klasikdusunceokulu.com\/index.php\/wp-json\/wp\/v2\/pages\/7194\/revisions\/7199"}],"wp:attachment":[{"href":"https:\/\/klasikdusunceokulu.com\/index.php\/wp-json\/wp\/v2\/media?parent=7194"}],"curies":[{"name":"wp","href":"https:\/\/api.w.org\/{rel}","templated":true}]}}