{"id":7206,"date":"2025-11-03T15:12:42","date_gmt":"2025-11-03T12:12:42","guid":{"rendered":"https:\/\/klasikdusunceokulu.com\/?page_id=7206"},"modified":"2025-11-03T15:12:42","modified_gmt":"2025-11-03T12:12:42","slug":"saygin-gunenc-modernler-klasikleri-neden-nasil-okudu-heidegger","status":"publish","type":"page","link":"https:\/\/klasikdusunceokulu.com\/index.php\/saygin-gunenc-modernler-klasikleri-neden-nasil-okudu-heidegger\/","title":{"rendered":"SAYGIN G\u00dcNEN\u00c7, MODERNLER KLAS\u0130KLER\u0130 NEDEN\/NASIL OKUDU, HE\u0130DEGGER"},"content":{"rendered":"<p><a href=\"https:\/\/klasikdusunceokulu.com\/index.php\/saygin-gunenc-modernler-klasikleri-neden-nasil-okudu-heidegger-1-seminer-ozeti\/\"><span style=\"color: #3b5160;\"><strong>SAYGIN G\u00dcNEN\u00c7, MODERNLER KLAS\u0130KLER\u0130 NEDEN\/NASIL OKUDU, HE\u0130DEGGER 1. SEM\u0130NER \u00d6ZET\u0130<\/strong><\/span><\/a><\/p>\n<p><a href=\"https:\/\/klasikdusunceokulu.com\/index.php\/saygin-gunenc-modernler-klasikleri-neden-nasil-okudu-heidegger-2-seminer-ozeti\/\"><span style=\"color: #3b5160;\"><strong>SAYGIN G\u00dcNEN\u00c7, MODERNLER KLAS\u0130KLER\u0130 NEDEN\/NASIL OKUDU, HE\u0130DEGGER 2. SEM\u0130NER \u00d6ZET\u0130<\/strong><\/span><\/a><\/p>\n<p><a href=\"https:\/\/klasikdusunceokulu.com\/index.php\/saygin-gunenc-modernler-klasikleri-neden-nasil-okudu-heidegger-3-seminer-ozeti\/\"><span style=\"color: #3b5160;\"><strong>SAYGIN G\u00dcNEN\u00c7, MODERNLER KLAS\u0130KLER\u0130 NEDEN\/NASIL OKUDU, HE\u0130DEGGER 3. SEM\u0130NER \u00d6ZET\u0130<\/strong><\/span><\/a><\/p>\n<p><a href=\"https:\/\/klasikdusunceokulu.com\/index.php\/saygin-gunenc-modernler-klasikleri-neden-nasil-okudu-heidegger-4-seminer-ozeti\/\"><span style=\"color: #3b5160;\"><strong>SAYGIN G\u00dcNEN\u00c7, MODERNLER KLAS\u0130KLER\u0130 NEDEN\/NASIL OKUDU, HE\u0130DEGGER 4. SEM\u0130NER \u00d6ZET\u0130<\/strong><\/span><\/a><\/p>\n<p><a href=\"https:\/\/klasikdusunceokulu.com\/index.php\/saygin-gunenc-modernler-klasikleri-neden-nasil-okudu-heidegger-5-seminer-ozeti\/\"><span style=\"color: #3b5160;\"><strong>SAYGIN G\u00dcNEN\u00c7, MODERNLER KLAS\u0130KLER\u0130 NEDEN\/NASIL OKUDU, HE\u0130DEGGER 5. SEM\u0130NER \u00d6ZET\u0130<\/strong><\/span><\/a><\/p>\n","protected":false},"excerpt":{"rendered":"<p>SAYGIN G\u00dcNEN\u00c7, MODERNLER KLAS\u0130KLER\u0130 NEDEN\/NASIL OKUDU, HE\u0130DEGGER 1. SEM\u0130NER \u00d6ZET\u0130 [&hellip;]<\/p>\n","protected":false},"author":1,"featured_media":0,"parent":0,"menu_order":0,"comment_status":"closed","ping_status":"closed","template":"","meta":{"footnotes":""},"class_list":["post-7206","page","type-page","status-publish","hentry"],"jetpack_sharing_enabled":true,"_links":{"self":[{"href":"https:\/\/klasikdusunceokulu.com\/index.php\/wp-json\/wp\/v2\/pages\/7206","targetHints":{"allow":["GET"]}}],"collection":[{"href":"https:\/\/klasikdusunceokulu.com\/index.php\/wp-json\/wp\/v2\/pages"}],"about":[{"href":"https:\/\/klasikdusunceokulu.com\/index.php\/wp-json\/wp\/v2\/types\/page"}],"author":[{"embeddable":true,"href":"https:\/\/klasikdusunceokulu.com\/index.php\/wp-json\/wp\/v2\/users\/1"}],"replies":[{"embeddable":true,"href":"https:\/\/klasikdusunceokulu.com\/index.php\/wp-json\/wp\/v2\/comments?post=7206"}],"version-history":[{"count":1,"href":"https:\/\/klasikdusunceokulu.com\/index.php\/wp-json\/wp\/v2\/pages\/7206\/revisions"}],"predecessor-version":[{"id":7217,"href":"https:\/\/klasikdusunceokulu.com\/index.php\/wp-json\/wp\/v2\/pages\/7206\/revisions\/7217"}],"wp:attachment":[{"href":"https:\/\/klasikdusunceokulu.com\/index.php\/wp-json\/wp\/v2\/media?parent=7206"}],"curies":[{"name":"wp","href":"https:\/\/api.w.org\/{rel}","templated":true}]}}