{"id":7219,"date":"2025-11-03T15:20:48","date_gmt":"2025-11-03T12:20:48","guid":{"rendered":"https:\/\/klasikdusunceokulu.com\/?page_id=7219"},"modified":"2025-11-03T15:25:55","modified_gmt":"2025-11-03T12:25:55","slug":"suat-mertoglu-mukatil-b-suleyman-et-tefsirul-kebir","status":"publish","type":"page","link":"https:\/\/klasikdusunceokulu.com\/index.php\/suat-mertoglu-mukatil-b-suleyman-et-tefsirul-kebir\/","title":{"rendered":"SUAT MERTO\u011eLU, MUK\u00c2T\u0130L B. S\u00dcLEYMAN, ET-TEFS\u00ceR\u00dc&#8217;L KEB\u00ceR"},"content":{"rendered":"<p><a href=\"https:\/\/klasikdusunceokulu.com\/index.php\/suat-mertoglu-mukatil-b-suleyman-et-tefsirul-kebir-1-seminer-ozeti\/\"><span style=\"color: #3b5160;\"><strong>SUAT MERTO\u011eLU, MUK\u00c2T\u0130L B. S\u00dcLEYMAN, ET-TEFS\u00ceR\u00dc&#8217;L KEB\u00ceR 1. SEM\u0130NER \u00d6ZET\u0130<\/strong><\/span><\/a><\/p>\n<p><a href=\"https:\/\/klasikdusunceokulu.com\/index.php\/suat-mertoglu-mukatil-b-suleyman-et-tefsirul-kebir-2-seminer-ozeti\/\"><span style=\"color: #3b5160;\"><strong>SUAT MERTO\u011eLU, MUK\u00c2T\u0130L B. S\u00dcLEYMAN, ET-TEFS\u00ceR\u00dc&#8217;L KEB\u00ceR 2. SEM\u0130NER \u00d6ZET\u0130<\/strong><\/span><\/a><\/p>\n<p><a href=\"https:\/\/klasikdusunceokulu.com\/index.php\/suat-mertoglu-mukatil-b-suleyman-et-tefsirul-kebir-3-seminer-ozeti\/\"><span style=\"color: #3b5160;\"><strong>SUAT MERTO\u011eLU, MUK\u00c2T\u0130L B. S\u00dcLEYMAN, ET-TEFS\u00ceR\u00dc&#8217;L KEB\u00ceR 3. SEM\u0130NER \u00d6ZET\u0130<\/strong><\/span><\/a><\/p>\n","protected":false},"excerpt":{"rendered":"<p>SUAT MERTO\u011eLU, MUK\u00c2T\u0130L B. S\u00dcLEYMAN, ET-TEFS\u00ceR\u00dc&#8217;L KEB\u00ceR 1. SEM\u0130NER \u00d6ZET\u0130 [&hellip;]<\/p>\n","protected":false},"author":1,"featured_media":0,"parent":0,"menu_order":0,"comment_status":"closed","ping_status":"closed","template":"","meta":{"footnotes":""},"class_list":["post-7219","page","type-page","status-publish","hentry"],"jetpack_sharing_enabled":true,"_links":{"self":[{"href":"https:\/\/klasikdusunceokulu.com\/index.php\/wp-json\/wp\/v2\/pages\/7219","targetHints":{"allow":["GET"]}}],"collection":[{"href":"https:\/\/klasikdusunceokulu.com\/index.php\/wp-json\/wp\/v2\/pages"}],"about":[{"href":"https:\/\/klasikdusunceokulu.com\/index.php\/wp-json\/wp\/v2\/types\/page"}],"author":[{"embeddable":true,"href":"https:\/\/klasikdusunceokulu.com\/index.php\/wp-json\/wp\/v2\/users\/1"}],"replies":[{"embeddable":true,"href":"https:\/\/klasikdusunceokulu.com\/index.php\/wp-json\/wp\/v2\/comments?post=7219"}],"version-history":[{"count":2,"href":"https:\/\/klasikdusunceokulu.com\/index.php\/wp-json\/wp\/v2\/pages\/7219\/revisions"}],"predecessor-version":[{"id":7227,"href":"https:\/\/klasikdusunceokulu.com\/index.php\/wp-json\/wp\/v2\/pages\/7219\/revisions\/7227"}],"wp:attachment":[{"href":"https:\/\/klasikdusunceokulu.com\/index.php\/wp-json\/wp\/v2\/media?parent=7219"}],"curies":[{"name":"wp","href":"https:\/\/api.w.org\/{rel}","templated":true}]}}