{"id":7229,"date":"2025-11-03T15:32:58","date_gmt":"2025-11-03T12:32:58","guid":{"rendered":"https:\/\/klasikdusunceokulu.com\/?page_id=7229"},"modified":"2025-11-03T15:32:58","modified_gmt":"2025-11-03T12:32:58","slug":"selami-varlik-spinoza-okumalari-etika","status":"publish","type":"page","link":"https:\/\/klasikdusunceokulu.com\/index.php\/selami-varlik-spinoza-okumalari-etika\/","title":{"rendered":"SELAM\u0130 VARLIK, SP\u0130NOZA OKUMALARI, ET\u0130KA"},"content":{"rendered":"<p><a href=\"https:\/\/klasikdusunceokulu.com\/index.php\/selami-varlik-spinoza-okumalari-etika-1-seminer-ozeti\/\"><span style=\"color: #3b5160;\"><strong>SELAM\u0130 VARLIK, SP\u0130NOZA OKUMALARI, ET\u0130KA 1. SEM\u0130NER \u00d6ZET\u0130<\/strong><\/span><\/a><\/p>\n<p><a href=\"https:\/\/klasikdusunceokulu.com\/index.php\/selami-varlik-spinoza-okumalari-etika-2-seminer-ozeti\/\"><span style=\"color: #3b5160;\"><strong>SELAM\u0130 VARLIK, SP\u0130NOZA OKUMALARI, ET\u0130KA 2. SEM\u0130NER \u00d6ZET\u0130<\/strong><\/span><\/a><\/p>\n<p><a href=\"https:\/\/klasikdusunceokulu.com\/index.php\/selami-varlik-spinoza-okumalari-etika-3-seminer-ozeti\/\"><span style=\"color: #3b5160;\"><strong>SELAM\u0130 VARLIK, SP\u0130NOZA OKUMALARI, ET\u0130KA 3. SEM\u0130NER \u00d6ZET\u0130<\/strong><\/span><\/a><\/p>\n<p><a href=\"https:\/\/klasikdusunceokulu.com\/index.php\/selami-varlik-spinoza-okumalari-etika-4-seminer-ozeti\/\"><span style=\"color: #3b5160;\"><strong>SELAM\u0130 VARLIK, SP\u0130NOZA OKUMALARI, ET\u0130KA 4. SEM\u0130NER \u00d6ZET\u0130<\/strong><\/span><\/a><\/p>\n<p><a href=\"https:\/\/klasikdusunceokulu.com\/index.php\/selami-varlik-spinoza-okumalari-etika-5-seminer-ozeti\/\"><span style=\"color: #3b5160;\"><strong>SELAM\u0130 VARLIK, SP\u0130NOZA OKUMALARI, ET\u0130KA 5. SEM\u0130NER \u00d6ZET\u0130<\/strong><\/span><\/a><\/p>\n<p><a href=\"https:\/\/klasikdusunceokulu.com\/index.php\/selami-varlik-spinoza-okumalari-etika-6-seminer-ozeti\/\"><span style=\"color: #3b5160;\"><strong>SELAM\u0130 VARLIK, SP\u0130NOZA OKUMALARI, ET\u0130KA 6. SEM\u0130NER \u00d6ZET\u0130<\/strong><\/span><\/a><\/p>\n<p><a href=\"https:\/\/klasikdusunceokulu.com\/index.php\/selami-varlik-spinoza-okumalari-etika-7-seminer-ozeti\/\"><span style=\"color: #3b5160;\"><strong>SELAM\u0130 VARLIK, SP\u0130NOZA OKUMALARI, ET\u0130KA 7. SEM\u0130NER \u00d6ZET\u0130<\/strong><\/span><\/a><\/p>\n<p><a href=\"https:\/\/klasikdusunceokulu.com\/index.php\/selami-varlik-spinoza-okumalari-etika-8-seminer-ozeti\/\"><span style=\"color: #3b5160;\"><strong>SELAM\u0130 VARLIK, SP\u0130NOZA OKUMALARI, ET\u0130KA 8. SEM\u0130NER \u00d6ZET\u0130<\/strong><\/span><\/a><\/p>\n<p><a href=\"https:\/\/klasikdusunceokulu.com\/index.php\/selami-varlik-spinoza-okumalari-etika-9-seminer-ozeti\/\"><span style=\"color: #3b5160;\"><strong>SELAM\u0130 VARLIK, SP\u0130NOZA OKUMALARI, ET\u0130KA 9. SEM\u0130NER \u00d6ZET\u0130<\/strong><\/span><\/a><\/p>\n<p><a href=\"https:\/\/klasikdusunceokulu.com\/index.php\/selami-varlik-spinoza-okumalari-etika-10-seminer-ozeti\/\"><span style=\"color: #3b5160;\"><strong>SELAM\u0130 VARLIK, SP\u0130NOZA OKUMALARI, ET\u0130KA 10. SEM\u0130NER \u00d6ZET\u0130<\/strong><\/span><\/a><\/p>\n","protected":false},"excerpt":{"rendered":"<p>SELAM\u0130 VARLIK, SP\u0130NOZA OKUMALARI, ET\u0130KA 1. SEM\u0130NER \u00d6ZET\u0130 SELAM\u0130 VARLIK, [&hellip;]<\/p>\n","protected":false},"author":1,"featured_media":0,"parent":0,"menu_order":0,"comment_status":"closed","ping_status":"closed","template":"","meta":{"footnotes":""},"class_list":["post-7229","page","type-page","status-publish","hentry"],"jetpack_sharing_enabled":true,"_links":{"self":[{"href":"https:\/\/klasikdusunceokulu.com\/index.php\/wp-json\/wp\/v2\/pages\/7229","targetHints":{"allow":["GET"]}}],"collection":[{"href":"https:\/\/klasikdusunceokulu.com\/index.php\/wp-json\/wp\/v2\/pages"}],"about":[{"href":"https:\/\/klasikdusunceokulu.com\/index.php\/wp-json\/wp\/v2\/types\/page"}],"author":[{"embeddable":true,"href":"https:\/\/klasikdusunceokulu.com\/index.php\/wp-json\/wp\/v2\/users\/1"}],"replies":[{"embeddable":true,"href":"https:\/\/klasikdusunceokulu.com\/index.php\/wp-json\/wp\/v2\/comments?post=7229"}],"version-history":[{"count":1,"href":"https:\/\/klasikdusunceokulu.com\/index.php\/wp-json\/wp\/v2\/pages\/7229\/revisions"}],"predecessor-version":[{"id":7250,"href":"https:\/\/klasikdusunceokulu.com\/index.php\/wp-json\/wp\/v2\/pages\/7229\/revisions\/7250"}],"wp:attachment":[{"href":"https:\/\/klasikdusunceokulu.com\/index.php\/wp-json\/wp\/v2\/media?parent=7229"}],"curies":[{"name":"wp","href":"https:\/\/api.w.org\/{rel}","templated":true}]}}