{"id":7254,"date":"2025-11-04T14:21:55","date_gmt":"2025-11-04T11:21:55","guid":{"rendered":"https:\/\/klasikdusunceokulu.com\/?page_id=7254"},"modified":"2025-11-04T14:21:55","modified_gmt":"2025-11-04T11:21:55","slug":"salime-leyla-gurkan-dinler-tarihi-okumalari-yahudilik","status":"publish","type":"page","link":"https:\/\/klasikdusunceokulu.com\/index.php\/salime-leyla-gurkan-dinler-tarihi-okumalari-yahudilik\/","title":{"rendered":"SAL\u0130ME LEYLA G\u00dcRKAN, D\u0130NLER TAR\u0130H\u0130 OKUMALARI, YAHUD\u0130L\u0130K"},"content":{"rendered":"<p><a href=\"https:\/\/klasikdusunceokulu.com\/index.php\/salime-leyla-gurkan-dinler-tarihi-okumalari-yahudilik-1-seminer-ozeti\/\"><span style=\"color: #3b5160;\"><strong>SAL\u0130ME LEYLA G\u00dcRKAN, D\u0130NLER TAR\u0130H\u0130 OKUMALARI, YAHUD\u0130L\u0130K 1. SEM\u0130NER \u00d6ZET\u0130<\/strong><\/span><\/a><\/p>\n<p><a href=\"https:\/\/klasikdusunceokulu.com\/index.php\/salime-leyla-gurkan-dinler-tarihi-okumalari-yahudilik-2-seminer-ozeti\/\"><span style=\"color: #3b5160;\"><strong>SAL\u0130ME LEYLA G\u00dcRKAN, D\u0130NLER TAR\u0130H\u0130 OKUMALARI, YAHUD\u0130L\u0130K 2. SEM\u0130NER \u00d6ZET\u0130<\/strong><\/span><\/a><\/p>\n<p><a href=\"https:\/\/klasikdusunceokulu.com\/index.php\/salime-leyla-gurkan-dinler-tarihi-okumalari-yahudilik-3-seminer-ozeti\/\"><span style=\"color: #3b5160;\"><strong>SAL\u0130ME LEYLA G\u00dcRKAN, D\u0130NLER TAR\u0130H\u0130 OKUMALARI, YAHUD\u0130L\u0130K 3. SEM\u0130NER \u00d6ZET\u0130<\/strong><\/span><\/a><\/p>\n<p><a href=\"https:\/\/klasikdusunceokulu.com\/index.php\/salime-leyla-gurkan-dinler-tarihi-okumalari-yahudilik-4-seminer-ozeti\/\"><span style=\"color: #3b5160;\"><strong>SAL\u0130ME LEYLA G\u00dcRKAN, D\u0130NLER TAR\u0130H\u0130 OKUMALARI, YAHUD\u0130L\u0130K 4. SEM\u0130NER \u00d6ZET\u0130<\/strong><\/span><\/a><\/p>\n<p><a href=\"https:\/\/klasikdusunceokulu.com\/index.php\/salime-leyla-gurkan-dinler-tarihi-okumalari-yahudilik-5-seminer-ozeti\/\"><span style=\"color: #3b5160;\"><strong>SAL\u0130ME LEYLA G\u00dcRKAN, D\u0130NLER TAR\u0130H\u0130 OKUMALARI, YAHUD\u0130L\u0130K 5. SEM\u0130NER \u00d6ZET\u0130<\/strong><\/span><\/a><\/p>\n<p><a href=\"https:\/\/klasikdusunceokulu.com\/index.php\/salime-leyla-gurkan-dinler-tarihi-okumalari-yahudilik-6-seminer-ozeti\/\"><span style=\"color: #3b5160;\"><strong>SAL\u0130ME LEYLA G\u00dcRKAN, D\u0130NLER TAR\u0130H\u0130 OKUMALARI, YAHUD\u0130L\u0130K 6. SEM\u0130NER \u00d6ZET\u0130<\/strong><\/span><\/a><\/p>\n<p><a href=\"https:\/\/klasikdusunceokulu.com\/index.php\/salime-leyla-gurkan-dinler-tarihi-okumalari-yahudilik-7-seminer-ozeti\/\"><span style=\"color: #3b5160;\"><strong>SAL\u0130ME LEYLA G\u00dcRKAN, D\u0130NLER TAR\u0130H\u0130 OKUMALARI, YAHUD\u0130L\u0130K 7. SEM\u0130NER \u00d6ZET\u0130<\/strong><\/span><\/a><\/p>\n<p><a href=\"https:\/\/klasikdusunceokulu.com\/index.php\/salime-leyla-gurkan-dinler-tarihi-okumalari-yahudilik-8-seminer-ozeti\/\"><span style=\"color: #3b5160;\"><strong>SAL\u0130ME LEYLA G\u00dcRKAN, D\u0130NLER TAR\u0130H\u0130 OKUMALARI, YAHUD\u0130L\u0130K 8. SEM\u0130NER \u00d6ZET\u0130<\/strong><\/span><\/a><\/p>\n<p><a href=\"https:\/\/klasikdusunceokulu.com\/index.php\/salime-leyla-gurkan-dinler-tarihi-okumalari-yahudilik-9-seminer-ozeti\/\"><span style=\"color: #3b5160;\"><strong>SAL\u0130ME LEYLA G\u00dcRKAN, D\u0130NLER TAR\u0130H\u0130 OKUMALARI, YAHUD\u0130L\u0130K 9. SEM\u0130NER \u00d6ZET\u0130<\/strong><\/span><\/a><\/p>\n<p><a href=\"https:\/\/klasikdusunceokulu.com\/index.php\/salime-leyla-gurkan-dinler-tarihi-okumalari-yahudilik-10-seminer-ozeti\/\"><span style=\"color: #3b5160;\"><strong>SAL\u0130ME LEYLA G\u00dcRKAN, D\u0130NLER TAR\u0130H\u0130 OKUMALARI, YAHUD\u0130L\u0130K 10. SEM\u0130NER \u00d6ZET\u0130<\/strong><\/span><\/a><\/p>\n<p><a href=\"https:\/\/klasikdusunceokulu.com\/index.php\/salime-leyla-gurkan-dinler-tarihi-okumalari-yahudilik-11-seminer-ozeti\/\"><span style=\"color: #3b5160;\"><strong>SAL\u0130ME LEYLA G\u00dcRKAN, D\u0130NLER TAR\u0130H\u0130 OKUMALARI, YAHUD\u0130L\u0130K 11. SEM\u0130NER \u00d6ZET\u0130<\/strong><\/span><\/a><\/p>\n<p><a href=\"https:\/\/klasikdusunceokulu.com\/index.php\/salime-leyla-gurkan-dinler-tarihi-okumalari-yahudilik-12-seminer-ozeti\/\"><span style=\"color: #3b5160;\"><strong>SAL\u0130ME LEYLA G\u00dcRKAN, D\u0130NLER TAR\u0130H\u0130 OKUMALARI, YAHUD\u0130L\u0130K 12. SEM\u0130NER \u00d6ZET\u0130<\/strong><\/span><\/a><\/p>\n<p><a href=\"https:\/\/klasikdusunceokulu.com\/index.php\/salime-leyla-gurkan-dinler-tarihi-okumalari-yahudilik-13-seminer-ozeti\/\"><span style=\"color: #3b5160;\"><strong>SAL\u0130ME LEYLA G\u00dcRKAN, D\u0130NLER TAR\u0130H\u0130 OKUMALARI, YAHUD\u0130L\u0130K 13. SEM\u0130NER \u00d6ZET\u0130<\/strong><\/span><\/a><\/p>\n<p><a href=\"https:\/\/klasikdusunceokulu.com\/index.php\/salime-leyla-gurkan-dinler-tarihi-okumalari-yahudilik-14-seminer-ozeti\/\"><span style=\"color: #3b5160;\"><strong>SAL\u0130ME LEYLA G\u00dcRKAN, D\u0130NLER TAR\u0130H\u0130 OKUMALARI, YAHUD\u0130L\u0130K 14. SEM\u0130NER \u00d6ZET\u0130<\/strong><\/span><\/a><\/p>\n<p><a href=\"https:\/\/klasikdusunceokulu.com\/index.php\/salime-leyla-gurkan-dinler-tarihi-okumalari-yahudilik-15-seminer-ozeti\/\"><span style=\"color: #3b5160;\"><strong>SAL\u0130ME LEYLA G\u00dcRKAN, D\u0130NLER TAR\u0130H\u0130 OKUMALARI, YAHUD\u0130L\u0130K 15. SEM\u0130NER \u00d6ZET\u0130<\/strong><\/span><\/a><\/p>\n<p><a href=\"https:\/\/klasikdusunceokulu.com\/index.php\/salime-leyla-gurkan-dinler-tarihi-okumalari-yahudilik-16-seminer-ozeti\/\"><span style=\"color: #3b5160;\"><strong>SAL\u0130ME LEYLA G\u00dcRKAN, D\u0130NLER TAR\u0130H\u0130 OKUMALARI, YAHUD\u0130L\u0130K 16. SEM\u0130NER \u00d6ZET\u0130<\/strong><\/span><\/a><\/p>\n<p><a href=\"https:\/\/klasikdusunceokulu.com\/index.php\/salime-leyla-gurkan-dinler-tarihi-okumalari-yahudilik-17-seminer-ozeti\/\"><span style=\"color: #3b5160;\"><strong>SAL\u0130ME LEYLA G\u00dcRKAN, D\u0130NLER TAR\u0130H\u0130 OKUMALARI, YAHUD\u0130L\u0130K 17. SEM\u0130NER \u00d6ZET\u0130<\/strong><\/span><\/a><\/p>\n<p><a href=\"https:\/\/klasikdusunceokulu.com\/index.php\/salime-leyla-gurkan-dinler-tarihi-okumalari-yahudilik-18-seminer-ozeti\/\"><span style=\"color: #3b5160;\"><strong>SAL\u0130ME LEYLA G\u00dcRKAN, D\u0130NLER TAR\u0130H\u0130 OKUMALARI, YAHUD\u0130L\u0130K 18. SEM\u0130NER \u00d6ZET\u0130<\/strong><\/span><\/a><\/p>\n<p><a href=\"https:\/\/klasikdusunceokulu.com\/index.php\/salime-leyla-gurkan-dinler-tarihi-okumalari-yahudilik-19-seminer-ozeti\/\"><span style=\"color: #3b5160;\"><strong>SAL\u0130ME LEYLA G\u00dcRKAN, D\u0130NLER TAR\u0130H\u0130 OKUMALARI, YAHUD\u0130L\u0130K 19. SEM\u0130NER \u00d6ZET\u0130<\/strong><\/span><\/a><\/p>\n<p><a href=\"https:\/\/klasikdusunceokulu.com\/index.php\/salime-leyla-gurkan-dinler-tarihi-okumalari-yahudilik-20-seminer-ozeti\/\"><span style=\"color: #3b5160;\"><strong>SAL\u0130ME LEYLA G\u00dcRKAN, D\u0130NLER TAR\u0130H\u0130 OKUMALARI, YAHUD\u0130L\u0130K 20. SEM\u0130NER \u00d6ZET\u0130<\/strong><\/span><\/a><\/p>\n<p><a href=\"https:\/\/klasikdusunceokulu.com\/index.php\/salime-leyla-gurkan-dinler-tarihi-okumalari-yahudilik-21-seminer-ozeti\/\"><span style=\"color: #3b5160;\"><strong>SAL\u0130ME LEYLA G\u00dcRKAN, D\u0130NLER TAR\u0130H\u0130 OKUMALARI, YAHUD\u0130L\u0130K 21. SEM\u0130NER \u00d6ZET\u0130<\/strong><\/span><\/a><\/p>\n<p><a href=\"https:\/\/klasikdusunceokulu.com\/index.php\/salime-leyla-gurkan-dinler-tarihi-okumalari-yahudilik-22-seminer-ozeti\/\"><span style=\"color: #3b5160;\"><strong>SAL\u0130ME LEYLA G\u00dcRKAN, D\u0130NLER TAR\u0130H\u0130 OKUMALARI, YAHUD\u0130L\u0130K 22. SEM\u0130NER \u00d6ZET\u0130<\/strong><\/span><\/a><\/p>\n<p><a href=\"https:\/\/klasikdusunceokulu.com\/index.php\/salime-leyla-gurkan-dinler-tarihi-okumalari-yahudilik-23-seminer-ozeti\/\"><span style=\"color: #3b5160;\"><strong>SAL\u0130ME LEYLA G\u00dcRKAN, D\u0130NLER TAR\u0130H\u0130 OKUMALARI, YAHUD\u0130L\u0130K 23. SEM\u0130NER \u00d6ZET\u0130<\/strong><\/span><\/a><\/p>\n<p><a href=\"https:\/\/klasikdusunceokulu.com\/index.php\/salime-leyla-gurkan-dinler-tarihi-okumalari-yahudilik-24-seminer-ozeti\/\"><span style=\"color: #3b5160;\"><strong>SAL\u0130ME LEYLA G\u00dcRKAN, D\u0130NLER TAR\u0130H\u0130 OKUMALARI, YAHUD\u0130L\u0130K 24. SEM\u0130NER \u00d6ZET\u0130<\/strong><\/span><\/a><\/p>\n<p><a href=\"https:\/\/klasikdusunceokulu.com\/index.php\/salime-leyla-gurkan-dinler-tarihi-okumalari-yahudilik-25-seminer-ozeti\/\"><span style=\"color: #3b5160;\"><strong>SAL\u0130ME LEYLA G\u00dcRKAN, D\u0130NLER TAR\u0130H\u0130 OKUMALARI, YAHUD\u0130L\u0130K 25. SEM\u0130NER \u00d6ZET\u0130<\/strong><\/span><\/a><\/p>\n<p>&nbsp;<\/p>\n","protected":false},"excerpt":{"rendered":"<p>SAL\u0130ME LEYLA G\u00dcRKAN, D\u0130NLER TAR\u0130H\u0130 OKUMALARI, YAHUD\u0130L\u0130K 1. SEM\u0130NER \u00d6ZET\u0130 [&hellip;]<\/p>\n","protected":false},"author":1,"featured_media":0,"parent":0,"menu_order":0,"comment_status":"closed","ping_status":"closed","template":"","meta":{"footnotes":""},"class_list":["post-7254","page","type-page","status-publish","hentry"],"jetpack_sharing_enabled":true,"_links":{"self":[{"href":"https:\/\/klasikdusunceokulu.com\/index.php\/wp-json\/wp\/v2\/pages\/7254","targetHints":{"allow":["GET"]}}],"collection":[{"href":"https:\/\/klasikdusunceokulu.com\/index.php\/wp-json\/wp\/v2\/pages"}],"about":[{"href":"https:\/\/klasikdusunceokulu.com\/index.php\/wp-json\/wp\/v2\/types\/page"}],"author":[{"embeddable":true,"href":"https:\/\/klasikdusunceokulu.com\/index.php\/wp-json\/wp\/v2\/users\/1"}],"replies":[{"embeddable":true,"href":"https:\/\/klasikdusunceokulu.com\/index.php\/wp-json\/wp\/v2\/comments?post=7254"}],"version-history":[{"count":1,"href":"https:\/\/klasikdusunceokulu.com\/index.php\/wp-json\/wp\/v2\/pages\/7254\/revisions"}],"predecessor-version":[{"id":7307,"href":"https:\/\/klasikdusunceokulu.com\/index.php\/wp-json\/wp\/v2\/pages\/7254\/revisions\/7307"}],"wp:attachment":[{"href":"https:\/\/klasikdusunceokulu.com\/index.php\/wp-json\/wp\/v2\/media?parent=7254"}],"curies":[{"name":"wp","href":"https:\/\/api.w.org\/{rel}","templated":true}]}}