{"id":7255,"date":"2025-11-03T15:43:13","date_gmt":"2025-11-03T12:43:13","guid":{"rendered":"https:\/\/klasikdusunceokulu.com\/?page_id=7255"},"modified":"2025-11-03T15:43:13","modified_gmt":"2025-11-03T12:43:13","slug":"salime-leyla-gurkan-dinler-tarihi-okumalari-yahudilik-1-seminer-ozeti","status":"publish","type":"page","link":"https:\/\/klasikdusunceokulu.com\/index.php\/salime-leyla-gurkan-dinler-tarihi-okumalari-yahudilik-1-seminer-ozeti\/","title":{"rendered":"SAL\u0130ME LEYLA G\u00dcRKAN, D\u0130NLER TAR\u0130H\u0130 OKUMALARI, YAHUD\u0130L\u0130K 1. SEM\u0130NER \u00d6ZET\u0130"},"content":{"rendered":"<p><span style=\"color: #000000;\"><strong>SAL\u0130ME LEYLA G\u00dcRKAN, D\u0130NLER TAR\u0130H\u0130 OKUMALARI, YAHUD\u0130L\u0130K 1. SEM\u0130NER \u00d6ZET\u0130<\/strong><\/span><\/p>\n<p><span style=\"color: #000000;\"><strong>Seminerin Amac\u0131<\/strong><\/span><\/p>\n<p><span style=\"color: #000000;\">Bu seminerin amac\u0131, Yahudilik dininin tarihsel geli\u015fimini, temel inan\u00e7 ve ibadet esaslar\u0131n\u0131, kutsal mek\u00e2n ve sembollerini tan\u0131tmak; ayr\u0131ca Yahudi kimli\u011finin olu\u015fum s\u00fcrecini ortaya koymakt\u0131r. Dinler Tarihi perspektifiyle Yahudili\u011fin monoteist gelenek i\u00e7indeki konumu a\u00e7\u0131klanmaktad\u0131r.<\/span><\/p>\n<p><span style=\"color: #000000;\"><strong>Ana Temalar<\/strong><\/span><\/p>\n<ol>\n<li><span style=\"color: #000000;\"><strong> Yahudili\u011fin Tarihsel Evrimi<\/strong><\/span><\/li>\n<\/ol>\n<p><span style=\"color: #000000;\">Yahudili\u011fin tarihsel s\u00fcreci d\u00f6rt ana d\u00f6nemde incelenmektedir:<\/span><\/p>\n<ul>\n<li><span style=\"color: #000000;\"><strong>\u0130lk D\u00f6nem \/ Eski \u0130srail<\/strong><\/span><\/li>\n<li><span style=\"color: #000000;\"><strong>\u0130kinci Tap\u0131nak D\u00f6nemi<\/strong><\/span><\/li>\n<li><span style=\"color: #000000;\"><strong>Rabb\u00e2n\u00ee (S\u00f6zl\u00fc Tora) D\u00f6nemi<\/strong><\/span><\/li>\n<li><span style=\"color: #000000;\"><strong>Modern D\u00f6nem Yahudili\u011fi<\/strong><\/span><\/li>\n<\/ul>\n<ol start=\"2\">\n<li><span style=\"color: #000000;\"><strong> Dinin Kurucu Unsurlar\u0131<\/strong><\/span><\/li>\n<\/ol>\n<p><span style=\"color: #000000;\">Yahudili\u011fin inan\u00e7 sistemi \u00fc\u00e7 temel unsur \u00fczerine kurulmu\u015ftur:<\/span><\/p>\n<ul>\n<li><span style=\"color: #000000;\"><strong>Tanr\u0131<\/strong>: Tek ve a\u015fk\u0131n varl\u0131k<\/span><\/li>\n<li><span style=\"color: #000000;\"><strong>\u0130srail Milleti<\/strong>: Se\u00e7ilmi\u015f topluluk<\/span><\/li>\n<li><span style=\"color: #000000;\"><strong>Tora<\/strong>: \u0130lahi yasa ve rehber<\/span><\/li>\n<\/ul>\n<ol start=\"3\">\n<li><span style=\"color: #000000;\"><strong> Kutsal Metin ve Gelenek<\/strong><\/span><\/li>\n<\/ol>\n<p><span style=\"color: #000000;\">Tora, Tanah ve Talmud\u2019un otoritesi a\u00e7\u0131klanmakta; yaz\u0131l\u0131 metin ile s\u00f6zl\u00fc \u00f6\u011fretinin (Halaha, Mi\u015fna, Midra\u015f) birlik i\u00e7inde dini hayat\u0131 d\u00fczenledi\u011fi ifade edilmektedir.<\/span><\/p>\n<ol start=\"4\">\n<li><span style=\"color: #000000;\"><strong> \u0130badet ve Kurumlar<\/strong><\/span><\/li>\n<\/ol>\n<p><span style=\"color: #000000;\">\u015eabat uygulamas\u0131, Sinagog kurumu, dua ve rit\u00fceller Yahudi kimli\u011finin korunmas\u0131nda topluluk temelli bir yap\u0131y\u0131 g\u00fc\u00e7lendirmektedir.<\/span><\/p>\n<ol start=\"5\">\n<li><span style=\"color: #000000;\"><strong> Diaspora Ger\u00e7e\u011fi<\/strong><\/span><\/li>\n<\/ol>\n<p><span style=\"color: #000000;\">S\u00fcrg\u00fcn sonras\u0131 d\u00f6nemde Yahudili\u011fin, merkezi otoriteye ra\u011fmen farkl\u0131 co\u011frafyalarda \u00e7e\u015fitlilik i\u00e7eren kimlik formlar\u0131 geli\u015ftirdi\u011fi belirtilmektedir.<\/span><\/p>\n<p><span style=\"color: #000000;\"><strong>Sonu\u00e7<\/strong><\/span><\/p>\n<p><span style=\"color: #000000;\">Bu seminer, Yahudili\u011fin yaln\u0131zca bir din de\u011fil, ayn\u0131 zamanda tarihsel, k\u00fclt\u00fcrel ve toplumsal bir kimlik olarak varl\u0131k g\u00f6sterdi\u011fini ortaya koymaktad\u0131r. Tora merkezlili\u011fi ve se\u00e7ilmi\u015flik bilinci Yahudili\u011fin s\u00fcreklili\u011fini sa\u011flayan ana unsurlard\u0131r. B\u00f6ylece Yahudilik, kutsal metin, ibadet ve etnik aidiyetin b\u00fct\u00fcnle\u015fti\u011fi \u00e7ok katmanl\u0131 bir yap\u0131 olarak tan\u0131mlanmaktad\u0131r.<\/span><\/p>\n<p>&nbsp;<\/p>\n<p><span style=\"color: #000000;\"><strong>Purpose of the Seminar<\/strong><\/span><\/p>\n<p><span style=\"color: #000000;\">The purpose of this seminar is to provide an introduction to Judaism, examining its historical development, core beliefs and practices, sacred symbols and institutions, and the formation of Jewish identity. It situates Judaism within the broader framework of monotheistic religious traditions.<\/span><\/p>\n<p><span style=\"color: #000000;\"><strong>Main Themes<\/strong><\/span><\/p>\n<ol>\n<li><span style=\"color: #000000;\"><strong> Historical Evolution of Judaism<\/strong><\/span><\/li>\n<\/ol>\n<p><span style=\"color: #000000;\">The lecture presents four major phases:<\/span><\/p>\n<ul>\n<li><span style=\"color: #000000;\"><strong>Ancient Israelite Religion<\/strong><\/span><\/li>\n<li><span style=\"color: #000000;\"><strong>Second Temple Judaism<\/strong><\/span><\/li>\n<li><span style=\"color: #000000;\"><strong>Rabbinic (Oral Torah) Judaism<\/strong><\/span><\/li>\n<li><span style=\"color: #000000;\"><strong>Modern Judaism<\/strong><\/span><\/li>\n<\/ul>\n<ol start=\"2\">\n<li><span style=\"color: #000000;\"><strong> Foundational Pillars of Faith<\/strong><\/span><\/li>\n<\/ol>\n<p><span style=\"color: #000000;\">The belief system of Judaism rests on three essential components:<\/span><\/p>\n<ul>\n<li><span style=\"color: #000000;\"><strong>God<\/strong>: One, transcendent, and acting in history<\/span><\/li>\n<li><span style=\"color: #000000;\"><strong>The People of Israel<\/strong>: The chosen community<\/span><\/li>\n<li><span style=\"color: #000000;\"><strong>The Torah<\/strong>: Divine law and ultimate guidance<\/span><\/li>\n<\/ul>\n<ol start=\"3\">\n<li><span style=\"color: #000000;\"><strong> Scripture and Tradition<\/strong><\/span><\/li>\n<\/ol>\n<p><span style=\"color: #000000;\">The authority of the Torah, Tanakh, and Talmud is emphasized, alongside the role of oral tradition (Halakhah, Mishnah, Midrash) in regulating religious practice.<\/span><\/p>\n<ol start=\"4\">\n<li><span style=\"color: #000000;\"><strong> Worship and Religious Institutions<\/strong><\/span><\/li>\n<\/ol>\n<p><span style=\"color: #000000;\">Sabbath observance, the synagogue, and liturgical practices reinforce communal identity and continuity.<\/span><\/p>\n<ol start=\"5\">\n<li><span style=\"color: #000000;\"><strong> The Diaspora Experience<\/strong><\/span><\/li>\n<\/ol>\n<p><span style=\"color: #000000;\">Post-exilic dispersions resulted in diverse expressions of Jewish identity while maintaining unity around shared sacred authority.<\/span><\/p>\n<p><span style=\"color: #000000;\"><strong>Conclusion<\/strong><\/span><\/p>\n<p><span style=\"color: #000000;\">The seminar demonstrates that Judaism represents not merely a religious belief system but also a historical, cultural, and communal identity. The central role of the Torah and the consciousness of being the chosen people ensure the preservation of Jewish distinctiveness across time and geography.<\/span><\/p>\n<p>&nbsp;<\/p>\n","protected":false},"excerpt":{"rendered":"<p>SAL\u0130ME LEYLA G\u00dcRKAN, D\u0130NLER TAR\u0130H\u0130 OKUMALARI, YAHUD\u0130L\u0130K 1. SEM\u0130NER \u00d6ZET\u0130 [&hellip;]<\/p>\n","protected":false},"author":1,"featured_media":0,"parent":0,"menu_order":0,"comment_status":"closed","ping_status":"closed","template":"","meta":{"footnotes":""},"class_list":["post-7255","page","type-page","status-publish","hentry"],"jetpack_sharing_enabled":true,"_links":{"self":[{"href":"https:\/\/klasikdusunceokulu.com\/index.php\/wp-json\/wp\/v2\/pages\/7255","targetHints":{"allow":["GET"]}}],"collection":[{"href":"https:\/\/klasikdusunceokulu.com\/index.php\/wp-json\/wp\/v2\/pages"}],"about":[{"href":"https:\/\/klasikdusunceokulu.com\/index.php\/wp-json\/wp\/v2\/types\/page"}],"author":[{"embeddable":true,"href":"https:\/\/klasikdusunceokulu.com\/index.php\/wp-json\/wp\/v2\/users\/1"}],"replies":[{"embeddable":true,"href":"https:\/\/klasikdusunceokulu.com\/index.php\/wp-json\/wp\/v2\/comments?post=7255"}],"version-history":[{"count":1,"href":"https:\/\/klasikdusunceokulu.com\/index.php\/wp-json\/wp\/v2\/pages\/7255\/revisions"}],"predecessor-version":[{"id":7256,"href":"https:\/\/klasikdusunceokulu.com\/index.php\/wp-json\/wp\/v2\/pages\/7255\/revisions\/7256"}],"wp:attachment":[{"href":"https:\/\/klasikdusunceokulu.com\/index.php\/wp-json\/wp\/v2\/media?parent=7255"}],"curies":[{"name":"wp","href":"https:\/\/api.w.org\/{rel}","templated":true}]}}