{"id":7257,"date":"2025-11-03T15:45:39","date_gmt":"2025-11-03T12:45:39","guid":{"rendered":"https:\/\/klasikdusunceokulu.com\/?page_id=7257"},"modified":"2025-11-03T15:45:39","modified_gmt":"2025-11-03T12:45:39","slug":"salime-leyla-gurkan-dinler-tarihi-okumalari-yahudilik-2-seminer-ozeti","status":"publish","type":"page","link":"https:\/\/klasikdusunceokulu.com\/index.php\/salime-leyla-gurkan-dinler-tarihi-okumalari-yahudilik-2-seminer-ozeti\/","title":{"rendered":"SAL\u0130ME LEYLA G\u00dcRKAN, D\u0130NLER TAR\u0130H\u0130 OKUMALARI, YAHUD\u0130L\u0130K 2. SEM\u0130NER \u00d6ZET\u0130"},"content":{"rendered":"<p><span style=\"color: #000000;\"><strong>SAL\u0130ME LEYLA G\u00dcRKAN, D\u0130NLER TAR\u0130H\u0130 OKUMALARI, YAHUD\u0130L\u0130K 2. SEM\u0130NER \u00d6ZET\u0130<\/strong><\/span><\/p>\n<p><span style=\"color: #000000;\"><strong>Seminerin Amac\u0131<\/strong><\/span><\/p>\n<p><span style=\"color: #000000;\">Bu seminerin amac\u0131, Yahudi tarihinin ba\u015flang\u0131\u00e7 safhas\u0131n\u0131 olu\u015fturan Eski \u0130srail D\u00f6nemini, Babil S\u00fcrg\u00fcn\u00fc \u00f6ncesi s\u00fcre\u00e7 ba\u011flam\u0131nda incelemektir. Ders kapsam\u0131nda, d\u00f6neme ili\u015fkin tarihsel bilgilerin Kitab-\u0131 Mukaddes anlat\u0131lar\u0131 ve arkeolojik bulgular \u0131\u015f\u0131\u011f\u0131nda de\u011ferlendirilmesi ama\u00e7lanm\u0131\u015ft\u0131r. B\u00f6ylece antik \u0130srail\u2019in siyasal, dini ve toplumsal yap\u0131lar\u0131n\u0131n geli\u015fimi analiz edilerek Yahudi kolektif kimli\u011finin nas\u0131l \u015fekillendi\u011fi ortaya konulmaktad\u0131r.<\/span><\/p>\n<p><span style=\"color: #000000;\"><strong>Ana Temalar<\/strong><\/span><\/p>\n<ol>\n<li><span style=\"color: #000000;\"><strong> \u0130brani Kutsal Metinlerinin Tarihsel G\u00fcvenirli\u011fi<\/strong><\/span><\/li>\n<\/ol>\n<p><span style=\"color: #000000;\">Seminerde Kitab-\u0131 Mukaddes\u2019in Eski \u0130srail hakk\u0131nda temel bir yaz\u0131l\u0131 kaynak oldu\u011fu belirtilmi\u015f; ancak metnin teolojik tarih niteli\u011fi nedeniyle, \u00e7a\u011fda\u015f Yak\u0131n Do\u011fu kaynaklar\u0131 ve arkeolojik verilerle ele\u015ftirel ve kar\u015f\u0131la\u015ft\u0131rmal\u0131 bir okuman\u0131n gereklili\u011fi vurgulanm\u0131\u015ft\u0131r.<\/span><\/p>\n<ol start=\"2\">\n<li><span style=\"color: #000000;\"><strong> \u0130srail\u2019in K\u00f6keni Tart\u0131\u015fmalar\u0131<\/strong><\/span><\/li>\n<\/ol>\n<p><span style=\"color: #000000;\">\u0130srail toplulu\u011funun ortaya \u00e7\u0131k\u0131\u015f\u0131yla ilgili farkl\u0131 teoriler ele al\u0131nm\u0131\u015ft\u0131r:<\/span><\/p>\n<ul>\n<li><span style=\"color: #000000;\"><strong>Asker\u00ee Fetih Teorisi<\/strong><\/span><\/li>\n<li><span style=\"color: #000000;\"><strong>Bar\u0131\u015f\u00e7\u0131l S\u0131zma Teorisi<\/strong><\/span><\/li>\n<li><span style=\"color: #000000;\"><strong>Toplumsal Devrim \/ K\u00f6yl\u00fc \u0130syan\u0131 Teorisi<br \/>\nBu yakla\u015f\u0131mlar, \u0130srail\u2019in Kenan\u2019a yerle\u015fme s\u00fcrecinin \u00e7ok y\u00f6nl\u00fc ve tart\u0131\u015fmal\u0131 oldu\u011funu g\u00f6stermektedir.<\/strong><\/span><\/li>\n<\/ul>\n<ol start=\"3\">\n<li><span style=\"color: #000000;\"><strong> Eski \u0130srail Tarihinin D\u00f6nemlendirilmesi<\/strong><\/span><\/li>\n<\/ol>\n<p><span style=\"color: #000000;\">Patrik anlat\u0131lar\u0131ndan ba\u015flayarak Birle\u015fik Krall\u0131k (Saul, Davud, S\u00fcleyman) d\u00f6nemine ve ard\u0131ndan krall\u0131\u011f\u0131n kuzeyde \u0130srail ve g\u00fcneyde Yahuda olarak ikiye ayr\u0131l\u0131\u015f\u0131na uzanan tarihsel s\u00fcre\u00e7 sistematik bi\u00e7imde de\u011ferlendirilmi\u015ftir.<\/span><\/p>\n<ol start=\"4\">\n<li><span style=\"color: #000000;\"><strong> Din\u00ee ve Toplumsal Yap\u0131<\/strong><\/span><\/li>\n<\/ol>\n<p><span style=\"color: #000000;\">Yahve inanc\u0131n\u0131n olu\u015fumu, kabile sistemi, din\u00ee otorite yap\u0131lar\u0131 ve k\u00fclt uygulamalar\u0131n\u0131n kimlik olu\u015fturmadaki rol\u00fc vurgulanm\u0131\u015ft\u0131r. Kabile federasyonundan merkez\u00ee krall\u0131k sistemine ge\u00e7i\u015f, toplumsal ve din\u00ee hayatta k\u00f6kl\u00fc d\u00f6n\u00fc\u015f\u00fcmlere yol a\u00e7m\u0131\u015ft\u0131r.<\/span><\/p>\n<ol start=\"5\">\n<li><span style=\"color: #000000;\"><strong> S\u00fcrg\u00fcn\u00fcn Tarihsel K\u0131r\u0131lma Noktas\u0131 Olarak \u00d6nemi<\/strong><\/span><\/li>\n<\/ol>\n<p><span style=\"color: #000000;\">Her ne kadar seminerin oda\u011f\u0131 s\u00fcrg\u00fcn \u00f6ncesi s\u00fcre\u00e7 olsa da, Babil S\u00fcrg\u00fcn\u00fcn\u00fcn Yahudi kimli\u011fini, kutsal metin anlay\u0131\u015f\u0131n\u0131 ve din\u00ee kurumlar\u0131 derinden yeniden \u015fekillendirdi\u011fi belirtilmi\u015ftir.<\/span><\/p>\n<p><span style=\"color: #000000;\"><strong>Sonu\u00e7<\/strong><\/span><\/p>\n<p><span style=\"color: #000000;\">Bu seminer, Eski \u0130srail tarihini anlaman\u0131n yaln\u0131zca Kitab-\u0131 Mukaddes\u2019in literal okunmas\u0131na dayanamayaca\u011f\u0131n\u0131; tarihsel-ele\u015ftirel y\u00f6ntem ile arkeolojik verilerin bir arada de\u011ferlendirilmesi gerekti\u011fini g\u00f6stermektedir. B\u00f6ylece \u00f6\u011frenciler, Yahudi kimli\u011finin ilk ortaya \u00e7\u0131k\u0131\u015f\u0131n\u0131 ve zaman i\u00e7indeki d\u00f6n\u00fc\u015f\u00fcm\u00fcn\u00fc daha ger\u00e7ek\u00e7i ve b\u00fct\u00fcnc\u00fcl bi\u00e7imde kavramaktad\u0131r. Sonu\u00e7 olarak Eski \u0130srail d\u00f6nemi, sadece efsanevi bir ge\u00e7mi\u015f de\u011fil, Yahudili\u011fin teolojik ve tarihsel temellerinin at\u0131ld\u0131\u011f\u0131 kurucu evre olarak belirginle\u015fmektedir.<\/span><\/p>\n<p><span style=\"color: #000000;\"><strong>\u00a0<\/strong><\/span><\/p>\n<p><span style=\"color: #000000;\"><strong>Purpose of the Seminar<\/strong><\/span><\/p>\n<p><span style=\"color: #000000;\">This seminar aims to analyze the historical period known as Ancient Israel, which constitutes the early and foundational stage of Jewish history before the Babylonian Exile. The lecture focuses on evaluating historical knowledge of this era through both biblical narratives and archaeological data, highlighting the relationship and tensions between tradition and modern historiography. Thus, the seminar seeks to clarify how ancient Israel\u2019s political, religious, and social structures developed and shaped the collective identity of the Jewish people.<\/span><\/p>\n<p><span style=\"color: #000000;\"><strong>Main Themes<\/strong><\/span><\/p>\n<ol>\n<li><span style=\"color: #000000;\"><strong> Historical Reliability of the Hebrew Bible<\/strong><\/span><\/li>\n<\/ol>\n<p><span style=\"color: #000000;\">The seminar examines the Bible as the primary literary source for ancient Israel while emphasizing that it is a theological history. Therefore, it requires critical and comparative analysis alongside contemporary Near Eastern sources and archaeological discoveries.<\/span><\/p>\n<ol start=\"2\">\n<li><span style=\"color: #000000;\"><strong> The Emergence of Israel<\/strong><\/span><\/li>\n<\/ol>\n<p><span style=\"color: #000000;\">Different theories concerning the origins of Israel are analyzed:<\/span><\/p>\n<ul>\n<li><span style=\"color: #000000;\"><strong>Conquest Theory<\/strong><\/span><\/li>\n<li><span style=\"color: #000000;\"><strong>Peaceful Infiltration Theory<\/strong><\/span><\/li>\n<li><span style=\"color: #000000;\"><strong>Peasant Revolt\/Social Revolution Theory<\/strong><\/span><br \/>\n<span style=\"color: #000000;\">These diverse interpretations reflect the complexity of Israel\u2019s settlement in Canaan.<\/span><\/li>\n<\/ul>\n<ol start=\"3\">\n<li><span style=\"color: #000000;\"><strong> Periodization of Ancient Israel<\/strong><\/span><\/li>\n<\/ol>\n<p><span style=\"color: #000000;\">The seminar outlines key historical phases from the Patriarchal narratives to the United Monarchy under Saul, David, and Solomon, followed by the division of the kingdom into Israel (north) and Judah (south).<\/span><\/p>\n<ol start=\"4\">\n<li><span style=\"color: #000000;\"><strong> Religion and Social Structure<\/strong><\/span><\/li>\n<\/ol>\n<p><span style=\"color: #000000;\">The development of Yahwism, the tribal system, priesthood, and cultic practices are evaluated as essential components of the formation of Israelite identity. The transformation from a tribal confederation to a centralized monarchy marks a major shift in socio-religious life.<\/span><\/p>\n<ol start=\"5\">\n<li><span style=\"color: #000000;\"><strong> Exile as a Turning Point<\/strong><\/span><\/li>\n<\/ol>\n<p><span style=\"color: #000000;\">Although the main focus is the pre-exilic period, the seminar underscores that the Babylonian Exile became a decisive moment redefining Jewish identity, scripture, and religious institutions in later history.<\/span><\/p>\n<p><span style=\"color: #000000;\"><strong>Conclusion<\/strong><\/span><\/p>\n<p><span style=\"color: #000000;\">This seminar reveals that understanding Ancient Israel requires moving beyond a purely literal reading of the Bible and integrating historical-critical methodology with archaeological findings. In doing so, students gain a more accurate and nuanced recognition of how Jewish identity originated and transformed over time. The seminar ultimately demonstrates that Ancient Israel\u2019s narrative is not merely a legendary past but the historical and ideological foundation upon which Judaism would later develop.<\/span><\/p>\n<p>&nbsp;<\/p>\n","protected":false},"excerpt":{"rendered":"<p>SAL\u0130ME LEYLA G\u00dcRKAN, D\u0130NLER TAR\u0130H\u0130 OKUMALARI, YAHUD\u0130L\u0130K 2. SEM\u0130NER \u00d6ZET\u0130 [&hellip;]<\/p>\n","protected":false},"author":1,"featured_media":0,"parent":0,"menu_order":0,"comment_status":"closed","ping_status":"closed","template":"","meta":{"footnotes":""},"class_list":["post-7257","page","type-page","status-publish","hentry"],"jetpack_sharing_enabled":true,"_links":{"self":[{"href":"https:\/\/klasikdusunceokulu.com\/index.php\/wp-json\/wp\/v2\/pages\/7257","targetHints":{"allow":["GET"]}}],"collection":[{"href":"https:\/\/klasikdusunceokulu.com\/index.php\/wp-json\/wp\/v2\/pages"}],"about":[{"href":"https:\/\/klasikdusunceokulu.com\/index.php\/wp-json\/wp\/v2\/types\/page"}],"author":[{"embeddable":true,"href":"https:\/\/klasikdusunceokulu.com\/index.php\/wp-json\/wp\/v2\/users\/1"}],"replies":[{"embeddable":true,"href":"https:\/\/klasikdusunceokulu.com\/index.php\/wp-json\/wp\/v2\/comments?post=7257"}],"version-history":[{"count":1,"href":"https:\/\/klasikdusunceokulu.com\/index.php\/wp-json\/wp\/v2\/pages\/7257\/revisions"}],"predecessor-version":[{"id":7258,"href":"https:\/\/klasikdusunceokulu.com\/index.php\/wp-json\/wp\/v2\/pages\/7257\/revisions\/7258"}],"wp:attachment":[{"href":"https:\/\/klasikdusunceokulu.com\/index.php\/wp-json\/wp\/v2\/media?parent=7257"}],"curies":[{"name":"wp","href":"https:\/\/api.w.org\/{rel}","templated":true}]}}