{"id":7265,"date":"2025-11-03T15:56:21","date_gmt":"2025-11-03T12:56:21","guid":{"rendered":"https:\/\/klasikdusunceokulu.com\/?page_id=7265"},"modified":"2025-11-03T15:56:21","modified_gmt":"2025-11-03T12:56:21","slug":"salime-leyla-gurkan-dinler-tarihi-okumalari-yahudilik-6-seminer-ozeti","status":"publish","type":"page","link":"https:\/\/klasikdusunceokulu.com\/index.php\/salime-leyla-gurkan-dinler-tarihi-okumalari-yahudilik-6-seminer-ozeti\/","title":{"rendered":"SAL\u0130ME LEYLA G\u00dcRKAN, D\u0130NLER TAR\u0130H\u0130 OKUMALARI, YAHUD\u0130L\u0130K 6. SEM\u0130NER \u00d6ZET\u0130"},"content":{"rendered":"<p><span style=\"color: #000000;\"><strong>SAL\u0130ME LEYLA G\u00dcRKAN, D\u0130NLER TAR\u0130H\u0130 OKUMALARI, YAHUD\u0130L\u0130K 6. SEM\u0130NER \u00d6ZET\u0130<\/strong><\/span><\/p>\n<p><span style=\"color: #000000;\"><strong>Seminerin Amac\u0131<\/strong><\/span><\/p>\n<p><span style=\"color: #000000;\">Bu seminerin amac\u0131, Yahudi tarihinin erken modern d\u00f6nem olarak adland\u0131r\u0131lan 16\u201318. y\u00fczy\u0131llar aras\u0131ndaki s\u00fcre\u00e7te ge\u00e7irdi\u011fi sosyal, siyasal ve din\u00ee d\u00f6n\u00fc\u015f\u00fcm\u00fc incelemektir. Yahudi topluluklar\u0131n\u0131n g\u00f6\u00e7, diaspora, ekonomik faaliyetler, dinsel liderlik ve modernle\u015fmenin ilk dinamikleri ba\u011flam\u0131nda nas\u0131l farkl\u0131la\u015ft\u0131\u011f\u0131 a\u00e7\u0131klanmaktad\u0131r.<\/span><\/p>\n<p><span style=\"color: #000000;\"><strong>Ana Temalar<\/strong><\/span><\/p>\n<ol>\n<li><span style=\"color: #000000;\"><strong> Co\u011frafi Yay\u0131l\u0131m ve Demografik De\u011fi\u015fim<\/strong><\/span><\/li>\n<\/ol>\n<p><span style=\"color: #000000;\">Roma d\u00f6neminden itibaren devam eden diaspora s\u00fcreciyle birlikte Yahudiler:<\/span><\/p>\n<ul>\n<li><span style=\"color: #000000;\">Avrupa\u2019da farkl\u0131 cemaat yap\u0131lar\u0131na<\/span><\/li>\n<li><span style=\"color: #000000;\">Osmanl\u0131 \u0130mparatorlu\u011fu\u2019nda koruyucu ancak s\u0131n\u0131rl\u0131 bir stat\u00fcye<\/span><br \/>\n<span style=\"color: #000000;\">sahip olmu\u015flard\u0131r.<\/span><\/li>\n<\/ul>\n<ol start=\"2\">\n<li><span style=\"color: #000000;\"><strong> Ekonomik Roller ve Toplumsal Konum<\/strong><\/span><\/li>\n<\/ol>\n<p><span style=\"color: #000000;\">Yahudiler ticaret, tefecilik, vergi \u00e7ift\u00e7ili\u011fi gibi alanlarda etkin olmu\u015f;<\/span><br \/>\n<span style=\"color: #000000;\">bu durum zamanla d\u0131\u015flanma ve \u00f6nyarg\u0131lar\u0131n peki\u015fmesine yol a\u00e7m\u0131\u015ft\u0131r.<\/span><\/p>\n<ol start=\"3\">\n<li><span style=\"color: #000000;\"><strong> S\u00f6m\u00fcrgecilik ve D\u00fcnya ile Entegrasyon<\/strong><\/span><\/li>\n<\/ol>\n<p><span style=\"color: #000000;\">K\u00fcreselle\u015fmenin ilk bi\u00e7imleri olarak g\u00f6r\u00fclen yeni ticaret yollar\u0131 Yahudilerin<\/span><br \/>\n<span style=\"color: #000000;\">Atlantik d\u00fcnyas\u0131na a\u00e7\u0131lmas\u0131n\u0131 sa\u011flam\u0131\u015f; cemaat \u00f6rg\u00fctlenmesi uluslararas\u0131 a\u011flarla g\u00fc\u00e7lenmi\u015ftir.<\/span><\/p>\n<ol start=\"4\">\n<li><span style=\"color: #000000;\"><strong> Hahaml\u0131k Otoritesi ve Dini Hayat<\/strong><\/span><\/li>\n<\/ol>\n<p><span style=\"color: #000000;\">Bu d\u00f6nemde hahaml\u0131k hem hukuki hem manev\u00ee otorite olarak cemaatin d\u00fczenleyici g\u00fcc\u00fcd\u00fcr.<\/span><br \/>\n<span style=\"color: #000000;\">Halaha\u2019n\u0131n uygulanmas\u0131 cemaat kimli\u011fini koruyan temel unsur olarak \u00f6ne \u00e7\u0131kar.<\/span><\/p>\n<ol start=\"5\">\n<li><span style=\"color: #000000;\"><strong> Modernle\u015fmenin \u0130lk K\u0131r\u0131lmalar\u0131<\/strong><\/span><\/li>\n<\/ol>\n<p><span style=\"color: #000000;\">Sek\u00fclerle\u015fme, e\u011fitim hareketleri ve Ayd\u0131nlanma etkileriyle gelen de\u011fi\u015fimler,<\/span><br \/>\n<span style=\"color: #000000;\">Yahudi topluluklar\u0131nda i\u00e7 tart\u0131\u015fmalar\u0131 ve farkl\u0131la\u015fm\u0131\u015f kimlik bi\u00e7imlerini ortaya \u00e7\u0131karmaya ba\u015flam\u0131\u015ft\u0131r.<\/span><\/p>\n<p><span style=\"color: #000000;\"><strong>Sonu\u00e7<\/strong><\/span><\/p>\n<p><span style=\"color: #000000;\">Erken modern d\u00f6nem, Yahudi tarihinin moderniteye ge\u00e7i\u015f s\u00fcrecinin temellerinin at\u0131ld\u0131\u011f\u0131 bir evredir. Co\u011frafi yay\u0131l\u0131m, ekonomik uyum ve topluluk i\u00e7i otoritenin g\u00fc\u00e7lenmesi Yahudi kimli\u011fini desteklemi\u015f; di\u011fer yandan modernle\u015fme bask\u0131lar\u0131, ilerleyen y\u00fczy\u0131llarda ortaya \u00e7\u0131kacak reform, ulus\u00e7uluk ve antisemitizm gibi d\u00f6n\u00fc\u015f\u00fcmlerin zeminini haz\u0131rlam\u0131\u015ft\u0131r.<\/span><\/p>\n<p>&nbsp;<\/p>\n<p><span style=\"color: #000000;\"><strong>Purpose of the Seminar<\/strong><\/span><\/p>\n<p><span style=\"color: #000000;\">This seminar examines the Early Modern Period (16th\u201318th centuries) in Jewish history, analyzing major social, political, and religious developments in Jewish communities across Europe and the Ottoman Empire.<\/span><\/p>\n<p><span style=\"color: #000000;\"><strong>Main Themes<\/strong><\/span><\/p>\n<ol>\n<li><span style=\"color: #000000;\"><strong> Diaspora Expansion<\/strong><\/span><\/li>\n<\/ol>\n<p><span style=\"color: #000000;\">Jewish communities continued to spread geographically, resulting in diverse cultural and communal structures across regions.<\/span><\/p>\n<ol start=\"2\">\n<li><span style=\"color: #000000;\"><strong> Economic Integration and Marginalization<\/strong><\/span><\/li>\n<\/ol>\n<p><span style=\"color: #000000;\">Jews occupied significant roles in trade, finance, and administration, which simultaneously:<\/span><\/p>\n<ul>\n<li><span style=\"color: #000000;\">facilitated participation in broader society<\/span><\/li>\n<li><span style=\"color: #000000;\">fueled social exclusion and stereotypes<\/span><\/li>\n<\/ul>\n<ol start=\"3\">\n<li><span style=\"color: #000000;\"><strong> Global Networks<\/strong><\/span><\/li>\n<\/ol>\n<p><span style=\"color: #000000;\">Colonial expansion and long-distance commerce allowed Jewish communities to establish transnational connections, strengthening diaspora identity.<\/span><\/p>\n<ol start=\"4\">\n<li><span style=\"color: #000000;\"><strong> Rabbinic Authority<\/strong><\/span><\/li>\n<\/ol>\n<p><span style=\"color: #000000;\">Rabbinic leadership remained the key institutional force preserving communal autonomy through legal and religious guidance.<\/span><\/p>\n<ol start=\"5\">\n<li><span style=\"color: #000000;\"><strong> Seeds of Modernity<\/strong><\/span><\/li>\n<\/ol>\n<p><span style=\"color: #000000;\">Emerging influences such as Enlightenment, secular education, and social mobility initiated internal debates and the early forms of Jewish modernization.<\/span><\/p>\n<p><span style=\"color: #000000;\"><strong>Conclusion<\/strong><\/span><\/p>\n<p><span style=\"color: #000000;\">The Early Modern Period served as a transition phase, shaping the foundations of modern Jewish identity. Strengthened diaspora networks and internal structures coexisted with growing pressures toward change, ultimately preparing the ground for major transformations in the 19th and 20th centuries.<\/span><\/p>\n<p>&nbsp;<\/p>\n","protected":false},"excerpt":{"rendered":"<p>SAL\u0130ME LEYLA G\u00dcRKAN, D\u0130NLER TAR\u0130H\u0130 OKUMALARI, YAHUD\u0130L\u0130K 6. SEM\u0130NER \u00d6ZET\u0130 [&hellip;]<\/p>\n","protected":false},"author":1,"featured_media":0,"parent":0,"menu_order":0,"comment_status":"closed","ping_status":"closed","template":"","meta":{"footnotes":""},"class_list":["post-7265","page","type-page","status-publish","hentry"],"jetpack_sharing_enabled":true,"_links":{"self":[{"href":"https:\/\/klasikdusunceokulu.com\/index.php\/wp-json\/wp\/v2\/pages\/7265","targetHints":{"allow":["GET"]}}],"collection":[{"href":"https:\/\/klasikdusunceokulu.com\/index.php\/wp-json\/wp\/v2\/pages"}],"about":[{"href":"https:\/\/klasikdusunceokulu.com\/index.php\/wp-json\/wp\/v2\/types\/page"}],"author":[{"embeddable":true,"href":"https:\/\/klasikdusunceokulu.com\/index.php\/wp-json\/wp\/v2\/users\/1"}],"replies":[{"embeddable":true,"href":"https:\/\/klasikdusunceokulu.com\/index.php\/wp-json\/wp\/v2\/comments?post=7265"}],"version-history":[{"count":1,"href":"https:\/\/klasikdusunceokulu.com\/index.php\/wp-json\/wp\/v2\/pages\/7265\/revisions"}],"predecessor-version":[{"id":7266,"href":"https:\/\/klasikdusunceokulu.com\/index.php\/wp-json\/wp\/v2\/pages\/7265\/revisions\/7266"}],"wp:attachment":[{"href":"https:\/\/klasikdusunceokulu.com\/index.php\/wp-json\/wp\/v2\/media?parent=7265"}],"curies":[{"name":"wp","href":"https:\/\/api.w.org\/{rel}","templated":true}]}}