{"id":7273,"date":"2025-11-04T13:37:31","date_gmt":"2025-11-04T10:37:31","guid":{"rendered":"https:\/\/klasikdusunceokulu.com\/?page_id=7273"},"modified":"2025-11-04T13:37:31","modified_gmt":"2025-11-04T10:37:31","slug":"salime-leyla-gurkan-dinler-tarihi-okumalari-yahudilik-10-seminer-ozeti","status":"publish","type":"page","link":"https:\/\/klasikdusunceokulu.com\/index.php\/salime-leyla-gurkan-dinler-tarihi-okumalari-yahudilik-10-seminer-ozeti\/","title":{"rendered":"SAL\u0130ME LEYLA G\u00dcRKAN, D\u0130NLER TAR\u0130H\u0130 OKUMALARI, YAHUD\u0130L\u0130K 10. SEM\u0130NER \u00d6ZET\u0130"},"content":{"rendered":"<p><span style=\"color: #000000;\"><strong>SAL\u0130ME LEYLA G\u00dcRKAN, D\u0130NLER TAR\u0130H\u0130 OKUMALARI, YAHUD\u0130L\u0130K 10. SEM\u0130NER \u00d6ZET\u0130<\/strong><\/span><\/p>\n<p><span style=\"color: #000000;\"><strong>Seminerin Amac\u0131<\/strong><\/span><\/p>\n<p><span style=\"color: #000000;\">Bu seminerin amac\u0131, modern d\u00f6nemde Yahudi d\u00fc\u015f\u00fcncesinin dini reform, k\u00fclt\u00fcrel kimlik, siyonizm, ulus-devletle\u015fme ve Holokost sonras\u0131 teolojik d\u00f6n\u00fc\u015f\u00fcm ba\u011flam\u0131nda ge\u00e7irdi\u011fi de\u011fi\u015fimleri ele almakt\u0131r. Seminer, \u00e7a\u011fda\u015f Yahudili\u011fin farkl\u0131 y\u00f6nelimleri ile geleneksel kal\u0131plar aras\u0131ndaki ili\u015fkiyi de\u011ferlendirmektedir.<\/span><\/p>\n<p><span style=\"color: #000000;\"><strong>Ana Temalar<\/strong><\/span><\/p>\n<ol>\n<li><span style=\"color: #000000;\"><strong> Emansipasyon ve Ayd\u0131nlanma\u2019n\u0131n Etkisi<\/strong><\/span><\/li>\n<\/ol>\n<p><span style=\"color: #000000;\">Avrupa\u2019da Yahudilerin toplumsal hayata kat\u0131l\u0131mlar\u0131n\u0131 art\u0131ran Ayd\u0131nlanma, dini otorite alg\u0131s\u0131nda \u00e7\u00f6z\u00fclmelere ve bireysel kimlik aray\u0131\u015flar\u0131na yol a\u00e7m\u0131\u015ft\u0131r.<\/span><\/p>\n<ol start=\"2\">\n<li><span style=\"color: #000000;\"><strong> Reform Yahudili\u011fi<\/strong><\/span><\/li>\n<\/ol>\n<p><span style=\"color: #000000;\">\u0130badet, liturji ve hukuk alan\u0131nda k\u00f6kl\u00fc de\u011fi\u015fiklikleri savunan Reform hareketi, Yahudili\u011fi modern topluma uyarlamay\u0131 hedeflemi\u015ftir:<\/span><\/p>\n<ul>\n<li><span style=\"color: #000000;\">Ulusal \u00f6zellikler yerine evrensel ahl\u00e2k vurgusu<\/span><\/li>\n<li><span style=\"color: #000000;\">\u0130badette yerel dil kullan\u0131m\u0131<\/span><\/li>\n<li><span style=\"color: #000000;\">Halaha\u2019da esneklik<\/span><\/li>\n<\/ul>\n<ol start=\"3\">\n<li><span style=\"color: #000000;\"><strong> Muhafazak\u00e2r Yahudilik<\/strong><\/span><\/li>\n<\/ol>\n<p><span style=\"color: #000000;\">Reform hareketine ele\u015ftirel yakla\u015fmakla birlikte, gelenekle modernli\u011fin uzla\u015ft\u0131r\u0131lmas\u0131 ama\u00e7lanm\u0131\u015f; Halaha\u2019n\u0131n tarihselli\u011fi kabul edilmi\u015ftir.<\/span><\/p>\n<ol start=\"4\">\n<li><span style=\"color: #000000;\"><strong> Ortodoks Tepki ve Denge Aray\u0131\u015f\u0131<\/strong><\/span><\/li>\n<\/ol>\n<p><span style=\"color: #000000;\">Ortodoks Yahudilik modernist yakla\u015f\u0131mlara kar\u015f\u0131 geleneksel otoriteyi ve \u015feriat\u0131 koruma misyonuyla konumlanm\u0131\u015ft\u0131r.<\/span><\/p>\n<ol start=\"5\">\n<li><span style=\"color: #000000;\"><strong> Siyonizm ve Ulusal Kimlik<\/strong><\/span><\/li>\n<\/ol>\n<p><span style=\"color: #000000;\">Modern Yahudilikte siyasi ve k\u00fclt\u00fcrel siyonizm tart\u0131\u015fmalar\u0131; diaspora bilincinin yeniden yorumlanmas\u0131na neden olmu\u015ftur.<\/span><\/p>\n<ol start=\"6\">\n<li><span style=\"color: #000000;\"><strong> Holokost\u2019un Teolojik Yans\u0131malar\u0131<\/strong><\/span><\/li>\n<\/ol>\n<p><span style=\"color: #000000;\">Holokost, ilahi adalet, se\u00e7ilmi\u015f halk d\u00fc\u015f\u00fcncesi ve Tanr\u0131-insan ili\u015fkisi hakk\u0131nda derin sorgulamalara yol a\u00e7m\u0131\u015ft\u0131r.<\/span><\/p>\n<p><span style=\"color: #000000;\"><strong>Sonu\u00e7<\/strong><\/span><\/p>\n<p><span style=\"color: #000000;\">Bu seminer, modern Yahudili\u011fin tek bir yoruma indirgenemeyecek kadar \u00e7e\u015fitli oldu\u011funu g\u00f6stermektedir. Geleneksel yap\u0131n\u0131n devaml\u0131l\u0131\u011f\u0131 ile modernle\u015fme dinamikleri aras\u0131ndaki gerilim, Yahudi kimli\u011finin s\u00fcrekli yeniden tan\u0131mland\u0131\u011f\u0131 \u00e7ok katmanl\u0131 bir d\u00f6n\u00fc\u015f\u00fcm s\u00fcrecine i\u015faret etmektedir. B\u00f6ylece Yahudilik, tarihsel ko\u015fullara g\u00f6re kendini yenileyebilen ya\u015fayan bir gelenek olarak ortaya \u00e7\u0131kmaktad\u0131r.<\/span><\/p>\n<p>&nbsp;<\/p>\n<p><span style=\"color: #000000;\"><strong>Purpose of the Seminar<\/strong><\/span><\/p>\n<p><span style=\"color: #000000;\">This seminar examines the transformation of Jewish thought in the modern era within the context of religious reform, cultural identity, Zionism, nation-building, and post-Holocaust theology. It evaluates the interactions and tensions between traditional Judaism and new ideological currents.<\/span><\/p>\n<p><span style=\"color: #000000;\"><strong>Main Themes<\/strong><\/span><\/p>\n<ol>\n<li><span style=\"color: #000000;\"><strong> Impact of Emancipation and Enlightenment<\/strong><\/span><\/li>\n<\/ol>\n<p><span style=\"color: #000000;\">The Enlightenment fostered social integration yet triggered challenges to traditional authority and religious identity.<\/span><\/p>\n<ol start=\"2\">\n<li><span style=\"color: #000000;\"><strong> Reform Judaism<\/strong><\/span><\/li>\n<\/ol>\n<p><span style=\"color: #000000;\">Seeking to harmonize Judaism with modern values, Reform Judaism:<\/span><\/p>\n<ul>\n<li><span style=\"color: #000000;\">Emphasizes universal ethics<\/span><\/li>\n<li><span style=\"color: #000000;\">Introduces vernacular languages in worship<\/span><\/li>\n<li><span style=\"color: #000000;\">Demonstrates flexibility in Halakhic practice<\/span><\/li>\n<\/ul>\n<ol start=\"3\">\n<li><span style=\"color: #000000;\"><strong> Conservative Judaism<\/strong><\/span><\/li>\n<\/ol>\n<p><span style=\"color: #000000;\">Aimed to balance tradition and modernity, acknowledging the historical development of Halakhah.<\/span><\/p>\n<ol start=\"4\">\n<li><span style=\"color: #000000;\"><strong> Orthodox Response<\/strong><\/span><\/li>\n<\/ol>\n<p><span style=\"color: #000000;\">Orthodox Judaism reinforced traditional norms and Halakhic authority against modernist innovations.<\/span><\/p>\n<ol start=\"5\">\n<li><span style=\"color: #000000;\"><strong> Zionism and National Identity<\/strong><\/span><\/li>\n<\/ol>\n<p><span style=\"color: #000000;\">Political and cultural variations of Zionism reshaped diaspora consciousness and Jewish solidarity.<\/span><\/p>\n<ol start=\"6\">\n<li><span style=\"color: #000000;\"><strong> Theological Impact of the Holocaust<\/strong><\/span><\/li>\n<\/ol>\n<p><span style=\"color: #000000;\">The Holocaust raised profound questions concerning divine justice, chosenness, and the presence of God in history.<\/span><\/p>\n<p><span style=\"color: #000000;\"><strong>Conclusion<\/strong><\/span><\/p>\n<p><span style=\"color: #000000;\">The seminar demonstrates that modern Judaism encompasses plural and evolving identities rather than a single unified model. The interplay between continuity and transformation highlights Judaism as a dynamic living tradition, shaped by historical challenges and societal change.<\/span><\/p>\n<p>&nbsp;<\/p>\n","protected":false},"excerpt":{"rendered":"<p>SAL\u0130ME LEYLA G\u00dcRKAN, D\u0130NLER TAR\u0130H\u0130 OKUMALARI, YAHUD\u0130L\u0130K 10. SEM\u0130NER \u00d6ZET\u0130 [&hellip;]<\/p>\n","protected":false},"author":1,"featured_media":0,"parent":0,"menu_order":0,"comment_status":"closed","ping_status":"closed","template":"","meta":{"footnotes":""},"class_list":["post-7273","page","type-page","status-publish","hentry"],"jetpack_sharing_enabled":true,"_links":{"self":[{"href":"https:\/\/klasikdusunceokulu.com\/index.php\/wp-json\/wp\/v2\/pages\/7273","targetHints":{"allow":["GET"]}}],"collection":[{"href":"https:\/\/klasikdusunceokulu.com\/index.php\/wp-json\/wp\/v2\/pages"}],"about":[{"href":"https:\/\/klasikdusunceokulu.com\/index.php\/wp-json\/wp\/v2\/types\/page"}],"author":[{"embeddable":true,"href":"https:\/\/klasikdusunceokulu.com\/index.php\/wp-json\/wp\/v2\/users\/1"}],"replies":[{"embeddable":true,"href":"https:\/\/klasikdusunceokulu.com\/index.php\/wp-json\/wp\/v2\/comments?post=7273"}],"version-history":[{"count":1,"href":"https:\/\/klasikdusunceokulu.com\/index.php\/wp-json\/wp\/v2\/pages\/7273\/revisions"}],"predecessor-version":[{"id":7274,"href":"https:\/\/klasikdusunceokulu.com\/index.php\/wp-json\/wp\/v2\/pages\/7273\/revisions\/7274"}],"wp:attachment":[{"href":"https:\/\/klasikdusunceokulu.com\/index.php\/wp-json\/wp\/v2\/media?parent=7273"}],"curies":[{"name":"wp","href":"https:\/\/api.w.org\/{rel}","templated":true}]}}