{"id":7277,"date":"2025-11-04T13:39:55","date_gmt":"2025-11-04T10:39:55","guid":{"rendered":"https:\/\/klasikdusunceokulu.com\/?page_id=7277"},"modified":"2025-11-04T13:39:55","modified_gmt":"2025-11-04T10:39:55","slug":"salime-leyla-gurkan-dinler-tarihi-okumalari-yahudilik-12-seminer-ozeti","status":"publish","type":"page","link":"https:\/\/klasikdusunceokulu.com\/index.php\/salime-leyla-gurkan-dinler-tarihi-okumalari-yahudilik-12-seminer-ozeti\/","title":{"rendered":"SAL\u0130ME LEYLA G\u00dcRKAN, D\u0130NLER TAR\u0130H\u0130 OKUMALARI, YAHUD\u0130L\u0130K 12. SEM\u0130NER \u00d6ZET\u0130"},"content":{"rendered":"<p><span style=\"color: #000000;\"><strong>SAL\u0130ME LEYLA G\u00dcRKAN, D\u0130NLER TAR\u0130H\u0130 OKUMALARI, YAHUD\u0130L\u0130K 12. SEM\u0130NER \u00d6ZET\u0130<\/strong><\/span><\/p>\n<p><span style=\"color: #000000;\"><strong>Seminerin Amac\u0131<\/strong><\/span><\/p>\n<p><span style=\"color: #000000;\">Bu seminerin amac\u0131, Yahudi teolojisinin merkez\u00ee ve kurucu kayna\u011f\u0131 olan Tevrat\u2019\u0131n ilah\u00ee otoritesini, tarihsel geli\u015fimini, ibadet ve hukuk d\u00fczeniyle ili\u015fkisini ve Yahudi kimli\u011fini \u015fekillendirici i\u015flevini incelemektir. Tevrat\u2019\u0131n yaln\u0131zca kutsal bir metin de\u011fil, Tanr\u0131\u2019n\u0131n tarihe ve topluma y\u00f6nelik iradesini aktaran ya\u015fayan bir rehber olarak nas\u0131l anlamland\u0131r\u0131ld\u0131\u011f\u0131 de\u011ferlendirilmekte; yaz\u0131l\u0131 ve s\u00f6zl\u00fc gelene\u011fin b\u00fct\u00fcnl\u00fc\u011f\u00fc i\u00e7inde teolojik, hukuki ve yorumlay\u0131c\u0131 y\u00f6nleri ortaya konulmaktad\u0131r.<\/span><\/p>\n<p><span style=\"color: #000000;\"><strong>Ana Temalar<\/strong><\/span><\/p>\n<ol>\n<li><span style=\"color: #000000;\"><strong>Tevrat\u2019\u0131n \u0130lahi K\u00f6keni ve Mutlak Otoritesi<\/strong><\/span><br \/>\n<span style=\"color: #000000;\">Yahudili\u011fe g\u00f6re Tevrat, Tanr\u0131\u2019n\u0131n Musa\u2019ya vahyetti\u011fi i\u00e7in herhangi bir insani otoriteyle s\u0131n\u0131rlanmayan mutlak ge\u00e7erlili\u011fe sahiptir. Ahit ili\u015fkisinin temelini olu\u015fturarak Tanr\u0131\u2019n\u0131n buyruklar\u0131n\u0131 hem teolojik hem sosyal d\u00fczlemde ba\u011flay\u0131c\u0131 k\u0131lar.<\/span><\/li>\n<li><span style=\"color: #000000;\"><strong>Yaz\u0131l\u0131 Tevrat \u2013 S\u00f6zl\u00fc Tevrat Ayr\u0131m\u0131<\/strong><\/span><br \/>\n<span style=\"color: #000000;\">Yaz\u0131l\u0131 Tevrat Pentat\u00f6k\u2019ten olu\u015furken S\u00f6zl\u00fc Tevrat Rabbani gelenekte \u015fekillenir ve Talmud\u2019un temelini olu\u015fturur. Bu ayr\u0131m Yahudilikte hukukun dinamik ve yorumlanabilir yap\u0131s\u0131n\u0131 a\u00e7\u0131klar; her \u00e7a\u011fda uygulanabilirli\u011fin s\u00fcrd\u00fcr\u00fclebilmesini sa\u011flar.<\/span><\/li>\n<li><span style=\"color: #000000;\"><strong>Tevrat ve Halaha \u0130li\u015fkisi<\/strong><\/span><br \/>\n<span style=\"color: #000000;\">Halaha, Tevrat\u2019\u0131n h\u00fck\u00fcmlerinin hayata ge\u00e7irilmi\u015f halidir. Hukukun ya\u015fad\u0131k\u00e7a de\u011fi\u015fmesi ve geni\u015flemesi, Tevrat\u2019\u0131n dondurulmu\u015f bir metin de\u011fil, pratikte s\u00fcrekli yenilenen bir ilahi rehber oldu\u011funu g\u00f6sterir.<\/span><\/li>\n<li><span style=\"color: #000000;\"><strong>Kanonla\u015fma S\u00fcreci ve Tarihsel Kurumsalla\u015fma<\/strong><\/span><br \/>\n<span style=\"color: #000000;\">\u0130kinci Mabet d\u00f6neminde otoritesi peki\u015fen Tevrat, Tanah i\u00e7inde en y\u00fcksek konumu al\u0131r. Tap\u0131na\u011f\u0131n y\u0131k\u0131l\u0131\u015f\u0131 ve diasporada kurumsal din\u00ee yap\u0131n\u0131n kayna\u011f\u0131 h\u00e2line gelir.<\/span><\/li>\n<li><span style=\"color: #000000;\"><strong>Felsefi ve Mistik Yakla\u015f\u0131mlar<\/strong><\/span><br \/>\n<span style=\"color: #000000;\">Orta\u00e7a\u011f d\u00fc\u015f\u00fcn\u00fcrleri Tevrat\u2019\u0131 ak\u0131lla uyumlu k\u0131lmaya \u00e7al\u0131\u015f\u0131rken; Kabala\u2019da metin, Tanr\u0131\u2019n\u0131n s\u0131rlar\u0131n\u0131 ta\u015f\u0131yan kozmik bir yap\u0131 olarak g\u00f6r\u00fcl\u00fcr. Harflerin ve say\u0131lar\u0131n kutsall\u0131\u011f\u0131, ilah\u00ee hakikatin sembolik dilini temsil eder.<\/span><\/li>\n<li><span style=\"color: #000000;\"><strong>Modern Mezhepsel Yorumlar<\/strong><\/span><br \/>\n<span style=\"color: #000000;\">Ortodoksi vahyin lafzi de\u011fi\u015fmezli\u011fini savunurken; Muhafazak\u00e2r yakla\u015f\u0131m hem tarihsel aktar\u0131m\u0131 hem ilahi y\u00f6n\u00fc kabul eder; Reform ise Tevrat\u2019\u0131n etik ideallerini merkeze al\u0131r. B\u00f6ylece Tevrat\u2019\u0131n otoritesine dair \u00e7o\u011ful bir teolojik alan ortaya \u00e7\u0131kar.<\/span><\/li>\n<\/ol>\n<p><span style=\"color: #000000;\"><strong>Sonu\u00e7<\/strong><\/span><\/p>\n<p><span style=\"color: #000000;\">Bu seminer, Tevrat\u2019\u0131n Yahudi teolojisinde yaln\u0131zca tarihsel bir metin olmay\u0131p Tanr\u0131 ile \u0130srail aras\u0131ndaki ba\u011f\u0131n kurucu ve s\u00fcrd\u00fcr\u00fcc\u00fc temeli oldu\u011funu g\u00f6stermektedir. \u0130lahi k\u00f6keni sayesinde inan\u00e7 ve ibadet ya\u015fam\u0131n\u0131n nihai referans\u0131n\u0131 olu\u015fturan Tevrat, yaz\u0131l\u0131\u2013s\u00f6zl\u00fc b\u00fct\u00fcnl\u00fc\u011f\u00fc, yorum gelene\u011finin sa\u011flad\u0131\u011f\u0131 esneklik ve Halaha\u2019n\u0131n g\u00fcncelli\u011fiyle Yahudi toplumunu her d\u00f6nemde bir arada tutmaktad\u0131r. Felsefi ve mistik okumalar metne farkl\u0131 derinlik katmanlar\u0131 kazand\u0131rm\u0131\u015f; modern mezhepler ise ahlaki ideal ile hukuki ba\u011flay\u0131c\u0131l\u0131k aras\u0131nda \u00e7e\u015fitlenen yakla\u015f\u0131mlar geli\u015ftirmi\u015ftir. T\u00fcm farkl\u0131la\u015fmalara ra\u011fmen Tevrat, Yahudilikte kimli\u011fi, hukuku ve dini s\u00fcreklili\u011fi tan\u0131mlayan en g\u00fc\u00e7l\u00fc kaynakt\u0131r.<\/span><\/p>\n<p>&nbsp;<\/p>\n<p><span style=\"color: #000000;\"><strong>Purpose of the Seminar<\/strong><\/span><\/p>\n<p><span style=\"color: #000000;\">This seminar aims to examine the Torah as the core foundation of Jewish theology by exploring its divine authority, historical formation, legal function, and role in shaping Jewish identity. In this context, the Torah is not merely a holy book but a living revelation that conveys God\u2019s will to Israel. The study addresses its written and oral dimensions, its canonical development, and the theological interpretations that allow its commandments to remain relevant across history.<\/span><\/p>\n<p><span style=\"color: #000000;\"><strong>Main Themes<\/strong><\/span><\/p>\n<ol>\n<li><span style=\"color: #000000;\"><strong>Divine Origin and Supreme Authority<\/strong><\/span><br \/>\n<span style=\"color: #000000;\">The Torah, revealed by God to Moses, holds ultimate and unquestionable authority. It establishes the covenant between God and Israel and provides the doctrinal and social order for Jewish existence.<\/span><\/li>\n<li><span style=\"color: #000000;\"><strong>The Written Torah and the Oral Torah<\/strong><\/span><br \/>\n<span style=\"color: #000000;\">The Written Torah consists of the Five Books of Moses, while the Oral Torah\u2014embodied in Rabbinic tradition and the Talmud\u2014ensures that divine law remains applicable in changing circumstances. This structure reflects a dynamic model of religious law.<\/span><\/li>\n<li><span style=\"color: #000000;\"><strong>Relationship between Torah and Halakha<\/strong><\/span><br \/>\n<span style=\"color: #000000;\">Halakha represents the Torah enacted in daily life. It illustrates the continuity of revelation through constant interpretation, showing that the Torah is not static but continually actualized.<\/span><\/li>\n<li><span style=\"color: #000000;\"><strong>Canonization and Institutionalization<\/strong><\/span><br \/>\n<span style=\"color: #000000;\">During the Second Temple period, the Torah assumed the highest rank within the Hebrew Bible. Its authority strengthened particularly after the destruction of the Temple, becoming the main institutional foundation of Judaism in the diaspora.<\/span><\/li>\n<li><span style=\"color: #000000;\"><strong>Philosophical and Mystical Interpretations<\/strong><\/span><br \/>\n<span style=\"color: #000000;\">Medieval philosophy sought coherence between Torah and reason, while Kabbalah interpreted the Torah as a symbolic expression of cosmic order and divine reality through sacred letters and numerical patterns.<\/span><\/li>\n<li><span style=\"color: #000000;\"><strong>Modern Denominational Perspectives<\/strong><\/span><br \/>\n<span style=\"color: #000000;\">Orthodox Judaism insists on literal and immutable revelation; Conservative thought embraces both historical formation and divine inspiration; Reform emphasizes the Torah\u2019s ethical ideals above legal obligation. These positions reflect a pluralistic theological landscape.<\/span><\/li>\n<\/ol>\n<p><span style=\"color: #000000;\"><strong>Conclusion<\/strong><\/span><\/p>\n<p><span style=\"color: #000000;\">This seminar shows that the Torah is the essential source through which God\u2019s covenantal will remains active in Jewish life. It preserves religious authority and communal cohesion by uniting unchanging revelation with continually renewed interpretation. Whether approached as the definitive legal foundation of Judaism, as a repository of symbolic truths, or as an ethical guide, the Torah continues to serve as the ultimate basis of Jewish belief, law, and identity, enabling the Jewish tradition to thrive across diverse eras and settings.<\/span><\/p>\n<p>&nbsp;<\/p>\n","protected":false},"excerpt":{"rendered":"<p>SAL\u0130ME LEYLA G\u00dcRKAN, D\u0130NLER TAR\u0130H\u0130 OKUMALARI, YAHUD\u0130L\u0130K 12. SEM\u0130NER \u00d6ZET\u0130 [&hellip;]<\/p>\n","protected":false},"author":1,"featured_media":0,"parent":0,"menu_order":0,"comment_status":"closed","ping_status":"closed","template":"","meta":{"footnotes":""},"class_list":["post-7277","page","type-page","status-publish","hentry"],"jetpack_sharing_enabled":true,"_links":{"self":[{"href":"https:\/\/klasikdusunceokulu.com\/index.php\/wp-json\/wp\/v2\/pages\/7277","targetHints":{"allow":["GET"]}}],"collection":[{"href":"https:\/\/klasikdusunceokulu.com\/index.php\/wp-json\/wp\/v2\/pages"}],"about":[{"href":"https:\/\/klasikdusunceokulu.com\/index.php\/wp-json\/wp\/v2\/types\/page"}],"author":[{"embeddable":true,"href":"https:\/\/klasikdusunceokulu.com\/index.php\/wp-json\/wp\/v2\/users\/1"}],"replies":[{"embeddable":true,"href":"https:\/\/klasikdusunceokulu.com\/index.php\/wp-json\/wp\/v2\/comments?post=7277"}],"version-history":[{"count":1,"href":"https:\/\/klasikdusunceokulu.com\/index.php\/wp-json\/wp\/v2\/pages\/7277\/revisions"}],"predecessor-version":[{"id":7278,"href":"https:\/\/klasikdusunceokulu.com\/index.php\/wp-json\/wp\/v2\/pages\/7277\/revisions\/7278"}],"wp:attachment":[{"href":"https:\/\/klasikdusunceokulu.com\/index.php\/wp-json\/wp\/v2\/media?parent=7277"}],"curies":[{"name":"wp","href":"https:\/\/api.w.org\/{rel}","templated":true}]}}