{"id":7294,"date":"2025-11-04T14:13:32","date_gmt":"2025-11-04T11:13:32","guid":{"rendered":"https:\/\/klasikdusunceokulu.com\/?page_id=7294"},"modified":"2025-11-04T14:13:32","modified_gmt":"2025-11-04T11:13:32","slug":"salime-leyla-gurkan-dinler-tarihi-okumalari-yahudilik-20-seminer-ozeti","status":"publish","type":"page","link":"https:\/\/klasikdusunceokulu.com\/index.php\/salime-leyla-gurkan-dinler-tarihi-okumalari-yahudilik-20-seminer-ozeti\/","title":{"rendered":"SAL\u0130ME LEYLA G\u00dcRKAN, D\u0130NLER TAR\u0130H\u0130 OKUMALARI, YAHUD\u0130L\u0130K 20. SEM\u0130NER \u00d6ZET\u0130"},"content":{"rendered":"<p><span style=\"color: #000000;\"><strong>SAL\u0130ME LEYLA G\u00dcRKAN, D\u0130NLER TAR\u0130H\u0130 OKUMALARI, YAHUD\u0130L\u0130K 20. SEM\u0130NER \u00d6ZET\u0130<\/strong><\/span><\/p>\n<p><span style=\"color: #000000;\"><strong>Seminerin Amac\u0131<\/strong><\/span><\/p>\n<p><span style=\"color: #000000;\">Bu seminerin amac\u0131, Yahudi d\u00fc\u015f\u00fcncesinde \u00f6ted\u00fcnya, \u00f6l\u00fcm sonras\u0131 ya\u015fam, mesih inanc\u0131 ve yeniden dirilme fikirlerinin tarihsel geli\u015fimini incelemektir. Kadim metinlerden modern teolojiye uzanan s\u00fcre\u00e7te bu inan\u00e7lar\u0131n nas\u0131l \u015fekillendi\u011fi analiz edilmektedir.<\/span><\/p>\n<p><span style=\"color: #000000;\"><strong>Ana Temalar<\/strong><\/span><\/p>\n<ol>\n<li><span style=\"color: #000000;\"><strong> \u0130lk D\u00f6nem Yahudili\u011finde \u00d6l\u00fcm Sonras\u0131 \u0130nan\u00e7lar<\/strong><\/span><\/li>\n<\/ol>\n<p><span style=\"color: #000000;\">Tanah\u2019\u0131n erken katmanlar\u0131nda:<\/span><\/p>\n<ul>\n<li><span style=\"color: #000000;\">\u00d6l\u00fcm sonras\u0131 ya\u015fam belirsizdir,<\/span><\/li>\n<li><span style=\"color: #000000;\">\u015eeol pasif g\u00f6lgeler \u00e2lemi olarak tan\u0131mlan\u0131r,<\/span><\/li>\n<li><span style=\"color: #000000;\">\u0130lahi \u00f6d\u00fcl-ceza daha \u00e7ok d\u00fcnyevidir.<\/span><\/li>\n<\/ul>\n<ol start=\"2\">\n<li><span style=\"color: #000000;\"><strong> Dirili\u015f \u0130nanc\u0131n\u0131n Ortaya \u00c7\u0131k\u0131\u015f\u0131<\/strong><\/span><\/li>\n<\/ol>\n<p><span style=\"color: #000000;\">M\u00d6 2. y\u00fczy\u0131ldan itibaren:<\/span><\/p>\n<ul>\n<li><span style=\"color: #000000;\">Beden\u00ee dirili\u015f<\/span><\/li>\n<li><span style=\"color: #000000;\">Ahirette hesap<\/span><\/li>\n<li><span style=\"color: #000000;\">K\u0131yamet sonras\u0131 adalet d\u00fc\u015f\u00fcncesi g\u00fc\u00e7lenmi\u015ftir.<\/span><br \/>\n<span style=\"color: #000000;\">\u00d6zellikle Daniel kitab\u0131 bu d\u00f6n\u00fc\u015f\u00fcm\u00fcn referans metnidir.<\/span><\/li>\n<\/ul>\n<ol start=\"3\">\n<li><span style=\"color: #000000;\"><strong> Mesih Beklentisi ve Son Zamanlar<\/strong><\/span><\/li>\n<\/ol>\n<ul>\n<li><span style=\"color: #000000;\">Mesih: Krall\u0131\u011f\u0131 ve adaleti tesis edecek se\u00e7ilmi\u015f lider<\/span><\/li>\n<li><span style=\"color: #000000;\">Olam ha-Ba: \u201cGelecek D\u00fcnya\u201d<\/span><\/li>\n<li><span style=\"color: #000000;\">\u0130srail\u2019in toplu kurtulu\u015fu<\/span><br \/>\n<span style=\"color: #000000;\">Yahudi eskatolojisi hem bireysel hem kolektif boyuta sahiptir.<\/span><\/li>\n<\/ul>\n<ol start=\"4\">\n<li><span style=\"color: #000000;\"><strong> Rabban\u00ee D\u00f6nemde Doktriner Netle\u015fme<\/strong><\/span><\/li>\n<\/ol>\n<p><span style=\"color: #000000;\">Talmud ve Rabban\u00ee literat\u00fcrde:<\/span><\/p>\n<ul>\n<li><span style=\"color: #000000;\">Dirili\u015f inanc\u0131 temel akide unsuru h\u00e2line gelmi\u015ftir<\/span><\/li>\n<li><span style=\"color: #000000;\">Gan Eden ve Gehinnom kavramlar\u0131 detaylanm\u0131\u015ft\u0131r<\/span><\/li>\n<\/ul>\n<ol start=\"5\">\n<li><span style=\"color: #000000;\"><strong> Modern D\u00f6nem Yorumlar\u0131<\/strong><\/span><\/li>\n<\/ol>\n<p><span style=\"color: #000000;\">Ayd\u0131nlanma sonras\u0131:<\/span><\/p>\n<ul>\n<li><span style=\"color: #000000;\">\u00d6d\u00fcl-ceza ve dirili\u015f yorumu etik ve manevi \u00e7er\u00e7eveye kaym\u0131\u015ft\u0131r<\/span><\/li>\n<li><span style=\"color: #000000;\">Liberal yakla\u015f\u0131mlar bireysel kurtulu\u015fu ahlaki ya\u015fam ile ili\u015fkilendirir<\/span><\/li>\n<\/ul>\n<p><span style=\"color: #000000;\"><strong>Sonu\u00e7<\/strong><\/span><\/p>\n<p><span style=\"color: #000000;\">Bu seminer, Yahudi \u00f6ted\u00fcnya inan\u00e7lar\u0131n\u0131n statik de\u011fil, s\u00fcrekli geli\u015fim i\u00e7inde oldu\u011funu ortaya koymaktad\u0131r.<\/span><br \/>\n<span style=\"color: #000000;\">\u00d6l\u00fcm sonras\u0131 ya\u015fam d\u00fc\u015f\u00fcncesi:<\/span><\/p>\n<ul>\n<li><span style=\"color: #000000;\">\u0130lahi adalet aray\u0131\u015f\u0131<\/span><\/li>\n<li><span style=\"color: #000000;\">Kolektif kurtulu\u015f umudu<\/span><\/li>\n<li><span style=\"color: #000000;\">Kimlik s\u00fcreklili\u011fi<\/span><br \/>\n<span style=\"color: #000000;\">a\u00e7\u0131s\u0131ndan Yahudili\u011fin merkezi teolojik temellerinden biri olmu\u015ftur.<\/span><\/li>\n<\/ul>\n<p>&nbsp;<\/p>\n<p><span style=\"color: #000000;\"><strong>Purpose of the Seminar<\/strong><\/span><\/p>\n<p><span style=\"color: #000000;\">This seminar explores the evolution of Jewish beliefs concerning the afterlife, resurrection, Messianic hope, and eschatology, tracing their development from biblical texts to modern theology.<\/span><\/p>\n<p><span style=\"color: #000000;\"><strong>Main Themes<\/strong><\/span><\/p>\n<ol>\n<li><span style=\"color: #000000;\"><strong> Early Biblical Views<\/strong><\/span><\/li>\n<\/ol>\n<p><span style=\"color: #000000;\">In the Hebrew Bible:<\/span><\/p>\n<ul>\n<li><span style=\"color: #000000;\">The afterlife remains vague,<\/span><\/li>\n<li><span style=\"color: #000000;\"><strong>Sheol<\/strong> is a realm of shadowy existence,<\/span><\/li>\n<li><span style=\"color: #000000;\">Divine justice is expressed primarily in this world.<\/span><\/li>\n<\/ul>\n<ol start=\"2\">\n<li><span style=\"color: #000000;\"><strong> Emergence of Resurrection Belief<\/strong><\/span><\/li>\n<\/ol>\n<p><span style=\"color: #000000;\">From the 2nd century BCE onward:<\/span><\/p>\n<ul>\n<li><span style=\"color: #000000;\">Bodily resurrection,<\/span><\/li>\n<li><span style=\"color: #000000;\">Final judgment,<\/span><\/li>\n<li><span style=\"color: #000000;\">Eschatological justice<\/span><br \/>\n<span style=\"color: #000000;\">become key principles \u2014 reflected prominently in the Book of Daniel.<\/span><\/li>\n<\/ul>\n<ol start=\"3\">\n<li><span style=\"color: #000000;\"><strong> Messianic Expectation<\/strong><\/span><\/li>\n<\/ol>\n<p><span style=\"color: #000000;\">Jewish hope centers on:<\/span><\/p>\n<ul>\n<li><span style=\"color: #000000;\">A Messiah who restores justice and kingship,<\/span><\/li>\n<li><span style=\"color: #000000;\">The World to Come (Olam ha-Ba),<\/span><\/li>\n<li><span style=\"color: #000000;\">The collective redemption of Israel.<\/span><\/li>\n<\/ul>\n<ol start=\"4\">\n<li><span style=\"color: #000000;\"><strong> Rabbinic Theology<\/strong><\/span><\/li>\n<\/ol>\n<p><span style=\"color: #000000;\">Rabbinic literature establishes:<\/span><\/p>\n<ul>\n<li><span style=\"color: #000000;\">Resurrection as a core doctrine,<\/span><\/li>\n<li><span style=\"color: #000000;\">Detailed concepts of paradise (Gan Eden) and punishment (Gehinnom).<\/span><\/li>\n<\/ul>\n<ol start=\"5\">\n<li><span style=\"color: #000000;\"><strong> Modern Interpretations<\/strong><\/span><\/li>\n<\/ol>\n<p><span style=\"color: #000000;\">In the modern era:<\/span><\/p>\n<ul>\n<li><span style=\"color: #000000;\">Afterlife is read through ethical and symbolic lenses,<\/span><\/li>\n<li><span style=\"color: #000000;\">Individual salvation is linked to moral life and human responsibility.<\/span><\/li>\n<\/ul>\n<p><span style=\"color: #000000;\"><strong>Conclusion<\/strong><\/span><\/p>\n<p><span style=\"color: #000000;\">The seminar concludes that beliefs about the afterlife are central to Jewish theology, representing a blend of hope, justice, and continuity. These concepts remain influential in shaping both traditional and contemporary expressions of Judaism.<\/span><\/p>\n","protected":false},"excerpt":{"rendered":"<p>SAL\u0130ME LEYLA G\u00dcRKAN, D\u0130NLER TAR\u0130H\u0130 OKUMALARI, YAHUD\u0130L\u0130K 20. SEM\u0130NER \u00d6ZET\u0130 [&hellip;]<\/p>\n","protected":false},"author":1,"featured_media":0,"parent":0,"menu_order":0,"comment_status":"closed","ping_status":"closed","template":"","meta":{"footnotes":""},"class_list":["post-7294","page","type-page","status-publish","hentry"],"jetpack_sharing_enabled":true,"_links":{"self":[{"href":"https:\/\/klasikdusunceokulu.com\/index.php\/wp-json\/wp\/v2\/pages\/7294","targetHints":{"allow":["GET"]}}],"collection":[{"href":"https:\/\/klasikdusunceokulu.com\/index.php\/wp-json\/wp\/v2\/pages"}],"about":[{"href":"https:\/\/klasikdusunceokulu.com\/index.php\/wp-json\/wp\/v2\/types\/page"}],"author":[{"embeddable":true,"href":"https:\/\/klasikdusunceokulu.com\/index.php\/wp-json\/wp\/v2\/users\/1"}],"replies":[{"embeddable":true,"href":"https:\/\/klasikdusunceokulu.com\/index.php\/wp-json\/wp\/v2\/comments?post=7294"}],"version-history":[{"count":1,"href":"https:\/\/klasikdusunceokulu.com\/index.php\/wp-json\/wp\/v2\/pages\/7294\/revisions"}],"predecessor-version":[{"id":7295,"href":"https:\/\/klasikdusunceokulu.com\/index.php\/wp-json\/wp\/v2\/pages\/7294\/revisions\/7295"}],"wp:attachment":[{"href":"https:\/\/klasikdusunceokulu.com\/index.php\/wp-json\/wp\/v2\/media?parent=7294"}],"curies":[{"name":"wp","href":"https:\/\/api.w.org\/{rel}","templated":true}]}}