{"id":7309,"date":"2025-11-06T15:38:14","date_gmt":"2025-11-06T12:38:14","guid":{"rendered":"https:\/\/klasikdusunceokulu.com\/?page_id=7309"},"modified":"2025-11-06T16:00:45","modified_gmt":"2025-11-06T13:00:45","slug":"saygin-gunenc-klasik-yunanca-dersleri","status":"publish","type":"page","link":"https:\/\/klasikdusunceokulu.com\/index.php\/saygin-gunenc-klasik-yunanca-dersleri\/","title":{"rendered":"SAYGIN G\u00dcNEN\u00c7, KLAS\u0130K YUNANCA DERSLER\u0130"},"content":{"rendered":"<p><a href=\"https:\/\/klasikdusunceokulu.com\/index.php\/saygin-gunenc-klasik-yunanca-dersleri-1-seminer-ozeti\/\"><span style=\"color: #3b5160;\"><strong>SAYGIN G\u00dcNEN\u00c7, KLAS\u0130K YUNANCA DERSLER\u0130 1. SEM\u0130NER \u00d6ZET\u0130<\/strong><\/span><\/a><\/p>\n<p><a href=\"https:\/\/klasikdusunceokulu.com\/index.php\/saygin-gunenc-klasik-yunanca-dersleri-2-seminer-ozeti\/\"><span style=\"color: #3b5160;\"><strong>SAYGIN G\u00dcNEN\u00c7, KLAS\u0130K YUNANCA DERSLER\u0130 2. SEM\u0130NER \u00d6ZET\u0130<\/strong><\/span><\/a><\/p>\n<p><a href=\"https:\/\/klasikdusunceokulu.com\/index.php\/saygin-gunenc-klasik-yunanca-dersleri-3-seminer-ozeti\/\"><span style=\"color: #3b5160;\"><strong>SAYGIN G\u00dcNEN\u00c7, KLAS\u0130K YUNANCA DERSLER\u0130 3. SEM\u0130NER \u00d6ZET\u0130<\/strong><\/span><\/a><\/p>\n<p><a href=\"https:\/\/klasikdusunceokulu.com\/index.php\/saygin-gunenc-klasik-yunanca-dersleri-4-seminer-ozeti\/\"><span style=\"color: #3b5160;\"><strong>SAYGIN G\u00dcNEN\u00c7, KLAS\u0130K YUNANCA DERSLER\u0130 4. SEM\u0130NER \u00d6ZET\u0130<\/strong><\/span><\/a><\/p>\n<p><a href=\"https:\/\/klasikdusunceokulu.com\/index.php\/saygin-gunenc-klasik-yunanca-dersleri-5-seminer-ozeti\/\"><span style=\"color: #3b5160;\"><strong>SAYGIN G\u00dcNEN\u00c7, KLAS\u0130K YUNANCA DERSLER\u0130 5. SEM\u0130NER \u00d6ZET\u0130<\/strong><\/span><\/a><\/p>\n<p><a href=\"https:\/\/klasikdusunceokulu.com\/index.php\/saygin-gunenc-klasik-yunanca-dersleri-6-seminer-ozeti\/\"><span style=\"color: #3b5160;\"><strong>SAYGIN G\u00dcNEN\u00c7, KLAS\u0130K YUNANCA DERSLER\u0130 6. SEM\u0130NER \u00d6ZET\u0130<\/strong><\/span><\/a><\/p>\n<p><a href=\"https:\/\/klasikdusunceokulu.com\/index.php\/saygin-gunenc-klasik-yunanca-dersleri-7-seminer-ozeti\/\"><span style=\"color: #3b5160;\"><strong>SAYGIN G\u00dcNEN\u00c7, KLAS\u0130K YUNANCA DERSLER\u0130 7. SEM\u0130NER \u00d6ZET\u0130<\/strong><\/span><\/a><\/p>\n<p><a href=\"https:\/\/klasikdusunceokulu.com\/index.php\/saygin-gunenc-klasik-yunanca-dersleri-8-seminer-ozeti\/\"><span style=\"color: #3b5160;\"><strong>SAYGIN G\u00dcNEN\u00c7, KLAS\u0130K YUNANCA DERSLER\u0130 8. SEM\u0130NER \u00d6ZET\u0130<\/strong><\/span><\/a><\/p>\n<p><a href=\"https:\/\/klasikdusunceokulu.com\/index.php\/saygin-gunenc-klasik-yunanca-dersleri-9-seminer-ozeti\/\"><span style=\"color: #3b5160;\"><strong>SAYGIN G\u00dcNEN\u00c7, KLAS\u0130K YUNANCA DERSLER\u0130 9. SEM\u0130NER \u00d6ZET\u0130<\/strong><\/span><\/a><\/p>\n<p><a href=\"https:\/\/klasikdusunceokulu.com\/index.php\/saygin-gunenc-klasik-yunanca-dersleri-10-seminer-ozeti\/\"><span style=\"color: #3b5160;\"><strong>SAYGIN G\u00dcNEN\u00c7, KLAS\u0130K YUNANCA DERSLER\u0130 10. SEM\u0130NER \u00d6ZET\u0130<\/strong><\/span><\/a><\/p>\n<p><a href=\"https:\/\/klasikdusunceokulu.com\/index.php\/saygin-gunenc-klasik-yunanca-dersleri-11-seminer-ozeti\/\"><span style=\"color: #3b5160;\"><strong>SAYGIN G\u00dcNEN\u00c7, KLAS\u0130K YUNANCA DERSLER\u0130 11. SEM\u0130NER \u00d6ZET\u0130<\/strong><\/span><\/a><\/p>\n<p><a href=\"https:\/\/klasikdusunceokulu.com\/index.php\/saygin-gunenc-klasik-yunanca-dersleri-12-seminer-ozeti\/\"><span style=\"color: #3b5160;\"><strong>SAYGIN G\u00dcNEN\u00c7, KLAS\u0130K YUNANCA DERSLER\u0130 12. SEM\u0130NER \u00d6ZET\u0130<\/strong><\/span><\/a><\/p>\n<p><a href=\"https:\/\/klasikdusunceokulu.com\/index.php\/saygin-gunenc-klasik-yunanca-dersleri-13-seminer-ozeti\/\"><span style=\"color: #3b5160;\"><strong>SAYGIN G\u00dcNEN\u00c7, KLAS\u0130K YUNANCA DERSLER\u0130 13. SEM\u0130NER \u00d6ZET\u0130<\/strong><\/span><\/a><\/p>\n<p><a href=\"https:\/\/klasikdusunceokulu.com\/index.php\/saygin-gunenc-klasik-yunanca-dersleri-14-seminer-ozeti\/\"><span style=\"color: #3b5160;\"><strong>SAYGIN G\u00dcNEN\u00c7, KLAS\u0130K YUNANCA DERSLER\u0130 14. SEM\u0130NER \u00d6ZET\u0130<\/strong><\/span><\/a><\/p>\n<p><a href=\"https:\/\/klasikdusunceokulu.com\/index.php\/saygin-gunenc-klasik-yunanca-dersleri-15-seminer-ozeti\/\"><span style=\"color: #3b5160;\"><strong>SAYGIN G\u00dcNEN\u00c7, KLAS\u0130K YUNANCA DERSLER\u0130 15. SEM\u0130NER \u00d6ZET\u0130<\/strong><\/span><\/a><\/p>\n<p><a href=\"https:\/\/klasikdusunceokulu.com\/index.php\/saygin-gunenc-klasik-yunanca-dersleri-16-seminer-ozeti\/\"><span style=\"color: #3b5160;\"><strong>SAYGIN G\u00dcNEN\u00c7, KLAS\u0130K YUNANCA DERSLER\u0130 16. SEM\u0130NER \u00d6ZET\u0130<\/strong><\/span><\/a><\/p>\n<p><a href=\"https:\/\/klasikdusunceokulu.com\/index.php\/saygin-gunenc-klasik-yunanca-dersleri-17-seminer-ozeti\/\"><span style=\"color: #3b5160;\"><strong>SAYGIN G\u00dcNEN\u00c7, KLAS\u0130K YUNANCA DERSLER\u0130 17. SEM\u0130NER \u00d6ZET\u0130<\/strong><\/span><\/a><\/p>\n<p><a href=\"https:\/\/klasikdusunceokulu.com\/index.php\/saygin-gunenc-klasik-yunanca-dersleri-18-seminer-ozeti\/\"><span style=\"color: #3b5160;\"><strong>SAYGIN G\u00dcNEN\u00c7, KLAS\u0130K YUNANCA DERSLER\u0130 18. SEM\u0130NER \u00d6ZET\u0130<\/strong><\/span><\/a><\/p>\n<p><a href=\"https:\/\/klasikdusunceokulu.com\/index.php\/saygin-gunenc-klasik-yunanca-dersleri-19-seminer-ozeti\/\"><span style=\"color: #3b5160;\"><strong>SAYGIN G\u00dcNEN\u00c7, KLAS\u0130K YUNANCA DERSLER\u0130 19. SEM\u0130NER \u00d6ZET\u0130<\/strong><\/span><\/a><\/p>\n<p><a href=\"https:\/\/klasikdusunceokulu.com\/index.php\/saygin-gunenc-klasik-yunanca-dersleri-20-seminer-ozeti\/\"><span style=\"color: #3b5160;\"><strong>SAYGIN G\u00dcNEN\u00c7, KLAS\u0130K YUNANCA DERSLER\u0130 20. SEM\u0130NER \u00d6ZET\u0130<\/strong><\/span><\/a><\/p>\n<p><a href=\"https:\/\/klasikdusunceokulu.com\/index.php\/saygin-gunenc-klasik-yunanca-dersleri-21-seminer-ozeti\/\"><span style=\"color: #3b5160;\"><strong>SAYGIN G\u00dcNEN\u00c7, KLAS\u0130K YUNANCA DERSLER\u0130 21. SEM\u0130NER \u00d6ZET\u0130<\/strong><\/span><\/a><\/p>\n<p><a href=\"https:\/\/klasikdusunceokulu.com\/index.php\/saygin-gunenc-klasik-yunanca-dersleri-22-seminer-ozeti\/\"><span style=\"color: #3b5160;\"><strong>SAYGIN G\u00dcNEN\u00c7, KLAS\u0130K YUNANCA DERSLER\u0130 22. SEM\u0130NER \u00d6ZET\u0130<\/strong><\/span><\/a><\/p>\n<p><a href=\"https:\/\/klasikdusunceokulu.com\/index.php\/saygin-gunenc-klasik-yunanca-dersleri-23-seminer-ozeti\/\"><span style=\"color: #3b5160;\"><strong>SAYGIN G\u00dcNEN\u00c7, KLAS\u0130K YUNANCA DERSLER\u0130 23. SEM\u0130NER \u00d6ZET\u0130<\/strong><\/span><\/a><\/p>\n<p><a href=\"https:\/\/klasikdusunceokulu.com\/index.php\/saygin-gunenc-klasik-yunanca-dersleri-24-seminer-ozeti\/\"><span style=\"color: #3b5160;\"><strong>SAYGIN G\u00dcNEN\u00c7, KLAS\u0130K YUNANCA DERSLER\u0130 24. SEM\u0130NER \u00d6ZET\u0130<\/strong><\/span><\/a><\/p>\n<p><a href=\"https:\/\/klasikdusunceokulu.com\/index.php\/saygin-gunenc-klasik-yunanca-dersleri-25-seminer-ozeti\/\"><span style=\"color: #3b5160;\"><strong>SAYGIN G\u00dcNEN\u00c7, KLAS\u0130K YUNANCA DERSLER\u0130 25. SEM\u0130NER \u00d6ZET\u0130<\/strong><\/span><\/a><\/p>\n<p><a href=\"https:\/\/klasikdusunceokulu.com\/index.php\/saygin-gunenc-klasik-yunanca-dersleri-26-seminer-ozeti\/\"><span style=\"color: #3b5160;\"><strong>SAYGIN G\u00dcNEN\u00c7, KLAS\u0130K YUNANCA DERSLER\u0130 26. SEM\u0130NER \u00d6ZET\u0130<\/strong><\/span><\/a><\/p>\n<p><a href=\"https:\/\/klasikdusunceokulu.com\/index.php\/saygin-gunenc-klasik-yunanca-dersleri-27-seminer-ozeti\/\"><span style=\"color: #3b5160;\"><strong>SAYGIN G\u00dcNEN\u00c7, KLAS\u0130K YUNANCA DERSLER\u0130 27. SEM\u0130NER \u00d6ZET\u0130<\/strong><\/span><\/a><\/p>\n<p><a href=\"https:\/\/klasikdusunceokulu.com\/index.php\/saygin-gunenc-klasik-yunanca-dersleri-28-seminer-ozeti\/\"><span style=\"color: #3b5160;\"><strong>SAYGIN G\u00dcNEN\u00c7, KLAS\u0130K YUNANCA DERSLER\u0130 28. SEM\u0130NER \u00d6ZET\u0130<\/strong><\/span><\/a><\/p>\n<p><a href=\"https:\/\/klasikdusunceokulu.com\/index.php\/saygin-gunenc-klasik-yunanca-dersleri-29-seminer-ozeti\/\"><span style=\"color: #3b5160;\"><strong>SAYGIN G\u00dcNEN\u00c7, KLAS\u0130K YUNANCA DERSLER\u0130 29. SEM\u0130NER \u00d6ZET\u0130<\/strong><\/span><\/a><\/p>\n<p><a href=\"https:\/\/klasikdusunceokulu.com\/index.php\/saygin-gunenc-klasik-yunanca-dersleri-30-seminer-ozeti\/\"><span style=\"color: #3b5160;\"><strong>SAYGIN G\u00dcNEN\u00c7, KLAS\u0130K YUNANCA DERSLER\u0130 30. SEM\u0130NER \u00d6ZET\u0130<\/strong><\/span><\/a><\/p>\n<p><a href=\"https:\/\/klasikdusunceokulu.com\/index.php\/saygin-gunenc-klasik-yunanca-dersleri-31-seminer-ozeti\/\"><span style=\"color: #3b5160;\"><strong>SAYGIN G\u00dcNEN\u00c7, KLAS\u0130K YUNANCA DERSLER\u0130 31. SEM\u0130NER \u00d6ZET\u0130<\/strong><\/span><\/a><\/p>\n<p><a href=\"https:\/\/klasikdusunceokulu.com\/index.php\/saygin-gunenc-klasik-yunanca-dersleri-32-seminer-ozeti\/\"><span style=\"color: #3b5160;\"><strong>SAYGIN G\u00dcNEN\u00c7, KLAS\u0130K YUNANCA DERSLER\u0130 32. SEM\u0130NER \u00d6ZET\u0130<\/strong><\/span><\/a><\/p>\n<p><a href=\"https:\/\/klasikdusunceokulu.com\/index.php\/saygin-gunenc-klasik-yunanca-dersleri-33-seminer-ozeti\/\"><span style=\"color: #3b5160;\"><strong>SAYGIN G\u00dcNEN\u00c7, KLAS\u0130K YUNANCA DERSLER\u0130 33. SEM\u0130NER \u00d6ZET\u0130<\/strong><\/span><\/a><\/p>\n<p><a href=\"https:\/\/klasikdusunceokulu.com\/index.php\/saygin-gunenc-klasik-yunanca-dersleri-34-seminer-ozeti\/\"><span style=\"color: #3b5160;\"><strong>SAYGIN G\u00dcNEN\u00c7, KLAS\u0130K YUNANCA DERSLER\u0130 34. SEM\u0130NER \u00d6ZET\u0130<\/strong><\/span><\/a><\/p>\n<p><a href=\"https:\/\/klasikdusunceokulu.com\/index.php\/saygin-gunenc-klasik-yunanca-dersleri-35-seminer-ozeti\/\"><span style=\"color: #3b5160;\"><strong>SAYGIN G\u00dcNEN\u00c7, KLAS\u0130K YUNANCA DERSLER\u0130 35. SEM\u0130NER \u00d6ZET\u0130<\/strong><\/span><\/a><\/p>\n<p><a href=\"https:\/\/klasikdusunceokulu.com\/index.php\/saygin-gunenc-klasik-yunanca-dersleri-36-seminer-ozeti\/\"><span style=\"color: #3b5160;\"><strong>SAYGIN G\u00dcNEN\u00c7, KLAS\u0130K YUNANCA DERSLER\u0130 36. SEM\u0130NER \u00d6ZET\u0130<\/strong><\/span><\/a><\/p>\n<p><a href=\"https:\/\/klasikdusunceokulu.com\/index.php\/saygin-gunenc-klasik-yunanca-dersleri-37-seminer-ozeti\/\"><span style=\"color: #3b5160;\"><strong>SAYGIN G\u00dcNEN\u00c7, KLAS\u0130K YUNANCA DERSLER\u0130 37. SEM\u0130NER \u00d6ZET\u0130<\/strong><\/span><\/a><\/p>\n<p><a href=\"https:\/\/klasikdusunceokulu.com\/index.php\/saygin-gunenc-klasik-yunanca-dersleri-38-seminer-ozeti\/\"><span style=\"color: #3b5160;\"><strong>SAYGIN G\u00dcNEN\u00c7, KLAS\u0130K YUNANCA DERSLER\u0130 38. SEM\u0130NER \u00d6ZET\u0130<\/strong><\/span><\/a><\/p>\n<p><a href=\"https:\/\/klasikdusunceokulu.com\/index.php\/saygin-gunenc-klasik-yunanca-dersleri-39-seminer-ozeti\/\"><span style=\"color: #3b5160;\"><strong>SAYGIN G\u00dcNEN\u00c7, KLAS\u0130K YUNANCA DERSLER\u0130 39. SEM\u0130NER \u00d6ZET\u0130<\/strong><\/span><\/a><\/p>\n<p><a href=\"https:\/\/klasikdusunceokulu.com\/index.php\/saygin-gunenc-klasik-yunanca-dersleri-40-seminer-ozeti\/\"><span style=\"color: #3b5160;\"><strong>SAYGIN G\u00dcNEN\u00c7, KLAS\u0130K YUNANCA DERSLER\u0130 40. SEM\u0130NER \u00d6ZET\u0130<\/strong><\/span><\/a><\/p>\n<p><a href=\"https:\/\/klasikdusunceokulu.com\/index.php\/saygin-gunenc-klasik-yunanca-dersleri-41-seminer-ozeti\/\"><span style=\"color: #3b5160;\"><strong>SAYGIN G\u00dcNEN\u00c7, KLAS\u0130K YUNANCA DERSLER\u0130 41. SEM\u0130NER \u00d6ZET\u0130<\/strong><\/span><\/a><\/p>\n<p><a href=\"https:\/\/klasikdusunceokulu.com\/index.php\/saygin-gunenc-klasik-yunanca-dersleri-42-seminer-ozeti\/\"><span style=\"color: #3b5160;\"><strong>SAYGIN G\u00dcNEN\u00c7, KLAS\u0130K YUNANCA DERSLER\u0130 42. SEM\u0130NER \u00d6ZET\u0130<\/strong><\/span><\/a><\/p>\n<p><a href=\"https:\/\/klasikdusunceokulu.com\/index.php\/saygin-gunenc-klasik-yunanca-dersleri-43-seminer-ozeti\/\"><span style=\"color: #3b5160;\"><strong>SAYGIN G\u00dcNEN\u00c7, KLAS\u0130K YUNANCA DERSLER\u0130 43. SEM\u0130NER \u00d6ZET\u0130<\/strong><\/span><\/a><\/p>\n<p><a href=\"https:\/\/klasikdusunceokulu.com\/index.php\/saygin-gunenc-klasik-yunanca-dersleri-44-seminer-ozeti\/\"><span style=\"color: #3b5160;\"><strong>SAYGIN G\u00dcNEN\u00c7, KLAS\u0130K YUNANCA DERSLER\u0130 44. SEM\u0130NER \u00d6ZET\u0130<\/strong><\/span><\/a><\/p>\n<p><a href=\"https:\/\/klasikdusunceokulu.com\/index.php\/saygin-gunenc-klasik-yunanca-dersleri-45-seminer-ozeti\/\"><span style=\"color: #3b5160;\"><strong>SAYGIN G\u00dcNEN\u00c7, KLAS\u0130K YUNANCA DERSLER\u0130 45. SEM\u0130NER \u00d6ZET\u0130<\/strong><\/span><\/a><\/p>\n<p><a href=\"https:\/\/klasikdusunceokulu.com\/index.php\/saygin-gunenc-klasik-yunanca-dersleri-46-seminer-ozeti\/\"><span style=\"color: #3b5160;\"><strong>SAYGIN G\u00dcNEN\u00c7, KLAS\u0130K YUNANCA DERSLER\u0130 46. SEM\u0130NER \u00d6ZET\u0130<\/strong><\/span><\/a><\/p>\n<p><a href=\"https:\/\/klasikdusunceokulu.com\/index.php\/saygin-gunenc-klasik-yunanca-dersleri-47-seminer-ozeti\/\"><span style=\"color: #3b5160;\"><strong>SAYGIN G\u00dcNEN\u00c7, KLAS\u0130K YUNANCA DERSLER\u0130 47. SEM\u0130NER \u00d6ZET\u0130<\/strong><\/span><\/a><\/p>\n<p><a href=\"https:\/\/klasikdusunceokulu.com\/index.php\/saygin-gunenc-klasik-yunanca-dersleri-48-seminer-ozeti\/\"><span style=\"color: #3b5160;\"><strong>SAYGIN G\u00dcNEN\u00c7, KLAS\u0130K YUNANCA DERSLER\u0130 48. SEM\u0130NER \u00d6ZET\u0130<\/strong><\/span><\/a><\/p>\n<p><a href=\"https:\/\/klasikdusunceokulu.com\/index.php\/saygin-gunenc-klasik-yunanca-dersleri-49-seminer-ozeti\/\"><span style=\"color: #3b5160;\"><strong>SAYGIN G\u00dcNEN\u00c7, KLAS\u0130K YUNANCA DERSLER\u0130 49. SEM\u0130NER \u00d6ZET\u0130<\/strong><\/span><\/a><\/p>\n<p><a href=\"https:\/\/klasikdusunceokulu.com\/index.php\/saygin-gunenc-klasik-yunanca-dersleri-50-seminer-ozeti\/\"><span style=\"color: #3b5160;\"><strong>SAYGIN G\u00dcNEN\u00c7, KLAS\u0130K YUNANCA DERSLER\u0130 50. SEM\u0130NER \u00d6ZET\u0130<\/strong><\/span><\/a><\/p>\n<p><a href=\"https:\/\/klasikdusunceokulu.com\/index.php\/saygin-gunenc-klasik-yunanca-dersleri-51-seminer-ozeti\/\"><span style=\"color: #3b5160;\"><strong>SAYGIN G\u00dcNEN\u00c7, KLAS\u0130K YUNANCA DERSLER\u0130 51. SEM\u0130NER \u00d6ZET\u0130<\/strong><\/span><\/a><\/p>\n<p><a href=\"https:\/\/klasikdusunceokulu.com\/index.php\/saygin-gunenc-klasik-yunanca-dersleri-52-seminer-ozeti\/\"><span style=\"color: #3b5160;\"><strong>SAYGIN G\u00dcNEN\u00c7, KLAS\u0130K YUNANCA DERSLER\u0130 52. SEM\u0130NER \u00d6ZET\u0130<\/strong><\/span><\/a><\/p>\n<p><a href=\"https:\/\/klasikdusunceokulu.com\/index.php\/saygin-gunenc-klasik-yunanca-dersleri-53-seminer-ozeti\/\"><span style=\"color: #3b5160;\"><strong>SAYGIN G\u00dcNEN\u00c7, KLAS\u0130K YUNANCA DERSLER\u0130 53. SEM\u0130NER \u00d6ZET\u0130<\/strong><\/span><\/a><\/p>\n<p><a href=\"https:\/\/klasikdusunceokulu.com\/index.php\/saygin-gunenc-klasik-yunanca-dersleri-54-seminer-ozeti\/\"><span style=\"color: #3b5160;\"><strong>SAYGIN G\u00dcNEN\u00c7, KLAS\u0130K YUNANCA DERSLER\u0130 54. SEM\u0130NER \u00d6ZET\u0130<\/strong><\/span><\/a><\/p>\n<p><a href=\"https:\/\/klasikdusunceokulu.com\/index.php\/saygin-gunenc-klasik-yunanca-dersleri-55-seminer-ozeti\/\"><span style=\"color: #3b5160;\"><strong>SAYGIN G\u00dcNEN\u00c7, KLAS\u0130K YUNANCA DERSLER\u0130 55. SEM\u0130NER \u00d6ZET\u0130<\/strong><\/span><\/a><\/p>\n<p><a href=\"https:\/\/klasikdusunceokulu.com\/index.php\/saygin-gunenc-klasik-yunanca-dersleri-56-seminer-ozeti\/\"><span style=\"color: #3b5160;\"><strong>SAYGIN G\u00dcNEN\u00c7, KLAS\u0130K YUNANCA DERSLER\u0130 56. SEM\u0130NER \u00d6ZET\u0130<\/strong><\/span><\/a><\/p>\n<p><a href=\"https:\/\/klasikdusunceokulu.com\/index.php\/saygin-gunenc-klasik-yunanca-dersleri-57-seminer-ozeti\/\"><span style=\"color: #3b5160;\"><strong>SAYGIN G\u00dcNEN\u00c7, KLAS\u0130K YUNANCA DERSLER\u0130 57. SEM\u0130NER \u00d6ZET\u0130<\/strong><\/span><\/a><\/p>\n<p><a href=\"https:\/\/klasikdusunceokulu.com\/index.php\/saygin-gunenc-klasik-yunanca-dersleri-58-seminer-ozeti\/\"><span style=\"color: #3b5160;\"><strong>SAYGIN G\u00dcNEN\u00c7, KLAS\u0130K YUNANCA DERSLER\u0130 58. SEM\u0130NER \u00d6ZET\u0130<\/strong><\/span><\/a><\/p>\n<p><span style=\"color: #3b5160;\"><strong>SAYGIN G\u00dcNEN\u00c7, KLAS\u0130K YUNANCA DERSLER\u0130 59. SEM\u0130NER \u00d6ZET\u0130<\/strong><\/span><\/p>\n<p><a href=\"https:\/\/klasikdusunceokulu.com\/index.php\/saygin-gunenc-klasik-yunanca-dersleri-60-seminer-ozeti\/\"><span style=\"color: #3b5160;\"><strong>SAYGIN G\u00dcNEN\u00c7, KLAS\u0130K YUNANCA DERSLER\u0130 60. SEM\u0130NER \u00d6ZET\u0130<\/strong><\/span><\/a><\/p>\n<p><a href=\"https:\/\/klasikdusunceokulu.com\/index.php\/saygin-gunenc-klasik-yunanca-dersleri-61-seminer-ozeti\/\"><span style=\"color: #3b5160;\"><strong>SAYGIN G\u00dcNEN\u00c7, KLAS\u0130K YUNANCA DERSLER\u0130 61. SEM\u0130NER \u00d6ZET\u0130<\/strong><\/span><\/a><\/p>\n<p><a href=\"https:\/\/klasikdusunceokulu.com\/index.php\/saygin-gunenc-klasik-yunanca-dersleri-62-seminer-ozeti\/\"><span style=\"color: #3b5160;\"><strong>SAYGIN G\u00dcNEN\u00c7, KLAS\u0130K YUNANCA DERSLER\u0130 62. SEM\u0130NER \u00d6ZET\u0130<\/strong><\/span><\/a><\/p>\n<p><a href=\"https:\/\/klasikdusunceokulu.com\/index.php\/saygin-gunenc-klasik-yunanca-dersleri-63-seminer-ozeti\/\"><span style=\"color: #3b5160;\"><strong>SAYGIN G\u00dcNEN\u00c7, KLAS\u0130K YUNANCA DERSLER\u0130 63. SEM\u0130NER \u00d6ZET\u0130<\/strong><\/span><\/a><\/p>\n<p><a href=\"https:\/\/klasikdusunceokulu.com\/index.php\/saygin-gunenc-klasik-yunanca-dersleri-64-seminer-ozeti\/\"><span style=\"color: #3b5160;\"><strong>SAYGIN G\u00dcNEN\u00c7, KLAS\u0130K YUNANCA DERSLER\u0130 64. SEM\u0130NER \u00d6ZET\u0130<\/strong><\/span><\/a><\/p>\n","protected":false},"excerpt":{"rendered":"<p>SAYGIN G\u00dcNEN\u00c7, KLAS\u0130K YUNANCA DERSLER\u0130 1. SEM\u0130NER \u00d6ZET\u0130 SAYGIN G\u00dcNEN\u00c7, [&hellip;]<\/p>\n","protected":false},"author":1,"featured_media":0,"parent":0,"menu_order":0,"comment_status":"closed","ping_status":"closed","template":"","meta":{"footnotes":""},"class_list":["post-7309","page","type-page","status-publish","hentry"],"jetpack_sharing_enabled":true,"_links":{"self":[{"href":"https:\/\/klasikdusunceokulu.com\/index.php\/wp-json\/wp\/v2\/pages\/7309","targetHints":{"allow":["GET"]}}],"collection":[{"href":"https:\/\/klasikdusunceokulu.com\/index.php\/wp-json\/wp\/v2\/pages"}],"about":[{"href":"https:\/\/klasikdusunceokulu.com\/index.php\/wp-json\/wp\/v2\/types\/page"}],"author":[{"embeddable":true,"href":"https:\/\/klasikdusunceokulu.com\/index.php\/wp-json\/wp\/v2\/users\/1"}],"replies":[{"embeddable":true,"href":"https:\/\/klasikdusunceokulu.com\/index.php\/wp-json\/wp\/v2\/comments?post=7309"}],"version-history":[{"count":4,"href":"https:\/\/klasikdusunceokulu.com\/index.php\/wp-json\/wp\/v2\/pages\/7309\/revisions"}],"predecessor-version":[{"id":7443,"href":"https:\/\/klasikdusunceokulu.com\/index.php\/wp-json\/wp\/v2\/pages\/7309\/revisions\/7443"}],"wp:attachment":[{"href":"https:\/\/klasikdusunceokulu.com\/index.php\/wp-json\/wp\/v2\/media?parent=7309"}],"curies":[{"name":"wp","href":"https:\/\/api.w.org\/{rel}","templated":true}]}}