{"id":7387,"date":"2025-11-04T16:09:16","date_gmt":"2025-11-04T13:09:16","guid":{"rendered":"https:\/\/klasikdusunceokulu.com\/?page_id=7387"},"modified":"2025-11-04T16:09:16","modified_gmt":"2025-11-04T13:09:16","slug":"saygin-gunenc-klasik-yunanca-dersleri-39-seminer-ozeti","status":"publish","type":"page","link":"https:\/\/klasikdusunceokulu.com\/index.php\/saygin-gunenc-klasik-yunanca-dersleri-39-seminer-ozeti\/","title":{"rendered":"SAYGIN G\u00dcNEN\u00c7, KLAS\u0130K YUNANCA DERSLER\u0130 39. SEM\u0130NER \u00d6ZET\u0130"},"content":{"rendered":"<p><span style=\"color: #000000;\"><strong>SAYGIN G\u00dcNEN\u00c7, KLAS\u0130K YUNANCA DERSLER\u0130 39. SEM\u0130NER \u00d6ZET\u0130<\/strong><\/span><\/p>\n<p><span style=\"color: #000000;\"><strong>Dersin Amac\u0131 ve Kapsam\u0131<\/strong><\/span><\/p>\n<p><span style=\"color: #000000;\">Bu dersin amac\u0131, Yunancada soru zamiri ve s\u0131fat\u0131 olan <em>\u03c4\u03af\u03c2\/\u03c4\u03af<\/em>\u2019nin \u00fc\u00e7\u00fcnc\u00fc \u00e7ekimle ili\u015fkisini a\u00e7\u0131klamak ve 1. Aoristum Activum zaman\u0131n\u0131n hem morfolojik yap\u0131s\u0131n\u0131 hem de aspekt\u00fcel (g\u00f6r\u00fcn\u00fc\u015fsel) i\u015flevini \u00f6\u011fretmektir. B\u00f6ylece \u00f6\u011frencinin ge\u00e7mi\u015f zaman anlat\u0131lar\u0131nda basit ger\u00e7ekle\u015fme anlam\u0131n\u0131 do\u011fru \u00e7\u00f6z\u00fcmleyebilmesi hedeflenir.<\/span><\/p>\n<p><span style=\"color: #000000;\"><strong>Ana Temalar<\/strong><\/span><\/p>\n<p><span style=\"color: #000000;\"><strong>1\ufe0f. <\/strong><strong><em>\u03c4\u03af\u03c2 \/ \u03c4\u03af<\/em>: Soru Zamiri ve S\u0131fat\u0131<\/strong><\/span><\/p>\n<ul>\n<li><span style=\"color: #000000;\"><em>\u03c4\u03af\u03c2<\/em> \u2192 kim? (mask.\/fem.)<\/span><\/li>\n<li><span style=\"color: #000000;\"><em>\u03c4\u03af<\/em> \u2192 ne? (neutrum)<\/span><\/li>\n<li><span style=\"color: #000000;\">3. isim \u00e7ekimine g\u00f6re \u00e7ekilir<\/span><\/li>\n<li><span style=\"color: #000000;\">Hem zamir hem s\u0131fat olarak kullan\u0131labilir:<\/span>\n<ul>\n<li><span style=\"color: #000000;\"><em>\u03c4\u03af\u03bd\u03bf\u03c2 <\/em><em>\u1f00\u03bd\u03b8\u03c1\u03ce\u03c0\u03bf\u03c5;<\/em> \u2192 hangi insan\u0131n?<\/span><\/li>\n<\/ul>\n<\/li>\n<\/ul>\n<p><span style=\"color: #000000;\">\u27a1 Dolayl\u0131 soru c\u00fcmlelerinde de ayn\u0131 \u00e7ekim s\u00fcrer.<\/span><\/p>\n<p><span style=\"color: #000000;\"><strong>2\ufe0f.<\/strong><strong>\u00a0\u0130ki Bitimli S\u0131fatlar\u0131n Hat\u0131rlat\u0131lmas\u0131<\/strong><\/span><\/p>\n<ul>\n<li><span style=\"color: #000000;\">\u00d6rnek: <em>\u03b5<\/em><em>\u1f50\u03b4\u03b1\u03af\u03bc\u03c9\u03bd<\/em> \u2192 \u201ctalihli, iyi durumda olan\u201d<\/span><\/li>\n<li><span style=\"color: #000000;\">\u00dc\u00e7\u00fcnc\u00fc \u00e7ekim kurallar\u0131nca \u00e7ekilir<\/span><\/li>\n<li><span style=\"color: #000000;\">Vurgu g\u00f6vde uzunlu\u011funa g\u00f6re de\u011fi\u015febilir<\/span><\/li>\n<\/ul>\n<p><span style=\"color: #000000;\">\u27a1 Morfoloji\u2013anlam ba\u011flant\u0131s\u0131 vurgulan\u0131r.<\/span><\/p>\n<p><span style=\"color: #000000;\"><strong>3\ufe0f.<\/strong><strong>\u00a01. Aoristum Activum<\/strong><\/span><\/p>\n<ul>\n<li><span style=\"color: #000000;\">Basit ge\u00e7mi\u015f eylemi ifade eder<\/span><\/li>\n<li><span style=\"color: #000000;\">S\u00fcreklilik i\u00e7ermez \u2192 tamamlanm\u0131\u015fl\u0131k<\/span><\/li>\n<li><span style=\"color: #000000;\">Bi\u00e7imsel yap\u0131s\u0131:<\/span>\n<ul>\n<li><span style=\"color: #000000;\">Artma (\u1f10-)<\/span><\/li>\n<li><span style=\"color: #000000;\">-\u03c3\u03b1- karakteristik aorist i\u015fareti<\/span><\/li>\n<li><span style=\"color: #000000;\">\u015eah\u0131s ekleri:<\/span><br \/>\n<span style=\"color: #000000;\">-\u03c3\u03b1, -\u03c3\u03b1\u03c2, -\u03c3\u03b5, -\u03c3\u03b1\u03bc\u03b5\u03bd, -\u03c3\u03b1\u03c4\u03b5, -\u03c3\u03b1\u03bd<\/span><\/li>\n<\/ul>\n<\/li>\n<\/ul>\n<p><span style=\"color: #000000;\">\u00d6rnek:<\/span><br \/>\n<span style=\"color: #000000;\"><em>\u03c0\u03b1\u03b9\u03b4\u03b5\u03cd\u03c9 \u2192 <\/em><em>\u1f10\u03c0\u03b1\u03af\u03b4\u03b5\u03c5\u03c3\u03b1<\/em> \u2192 \u201ce\u011fittim\u201d<\/span><\/p>\n<p><span style=\"color: #000000;\">\u27a1 Zaman de\u011fil aspekt merkezlidir: \u201ceylem oldu bitti\u201d.<\/span><\/p>\n<p><span style=\"color: #000000;\"><strong>4\ufe0f.<\/strong><strong>\u00a0Aoristum\u2019da Mastar ve Emir<\/strong><\/span><\/p>\n<ul>\n<li><span style=\"color: #000000;\">Mastar: <em>\u03c0\u03b1\u03b9\u03b4\u03b5<\/em><em>\u1fe6\u03c3\u03b1\u03b9<\/em> \u2192 \u201ce\u011fitmek \/ e\u011fitmi\u015f olmak\u201d<\/span><\/li>\n<li><span style=\"color: #000000;\">Emir kipinde kullan\u0131m:<\/span>\n<ul>\n<li><span style=\"color: #000000;\"><em>\u03c0\u03b1\u03af\u03b4\u03b5\u03c5\u03c3\u03bf\u03bd<\/em> \u2192 \u201ce\u011fit!\u201d (tek ve kararl\u0131 eylem)<\/span><\/li>\n<li><span style=\"color: #000000;\"><em>\u03c0\u03b1\u03af\u03b4\u03b5\u03c5\u03b5<\/em> (praesens) \u2192 \u201ce\u011fitmeye devam et\u201d<\/span><\/li>\n<\/ul>\n<\/li>\n<\/ul>\n<p><span style=\"color: #000000;\">\u27a1 Anlam fark\u0131: bir defal\u0131k \u2014 s\u00fcrekli<\/span><\/p>\n<p><span style=\"color: #000000;\"><strong>5\ufe0f.<\/strong><strong>\u00a0Kelime Alan\u0131 ve K\u00fclt\u00fcrel Ba\u011flam<\/strong><\/span><\/p>\n<ul>\n<li><span style=\"color: #000000;\"><em>\u03bc\u03bd\u03b7\u03bc\u03bf\u03bd\u03b5\u03cd\u03c9<\/em> \u2192 hat\u0131rlamak (Platon epistemolojisiyle ili\u015fkili)<\/span><\/li>\n<li><span style=\"color: #000000;\"><em>\u1f00\u03c0\u03bf\u03c3\u03c4\u03b5\u03c1\u03ad\u03c9<\/em> \u2192 yoksun b\u0131rakmak (<em>\u03c3\u03c4\u03ad\u03c1\u03b7\u03c3\u03b9\u03c2<\/em> kavram\u0131)<\/span><\/li>\n<li><span style=\"color: #000000;\"><em>\u03c4\u03b5\u03bb\u03b5\u03c5\u03c4<\/em><em>\u1ff6<\/em> \u2192 sona erdirmek \/ \u00f6lmek<\/span><\/li>\n<li><span style=\"color: #000000;\">Tarih\u00ee isim ve co\u011frafyalar:<\/span>\n<ul>\n<li><span style=\"color: #000000;\">Pers krallar\u0131 (Kserkses vb.)<\/span><\/li>\n<li><span style=\"color: #000000;\"><em>\u1f41 \u0395<\/em><em>\u1f50\u03c6\u03c1\u03ac\u03c4\u03b7\u03c2<\/em> \u2192 F\u0131rat Nehri<\/span><\/li>\n<\/ul>\n<\/li>\n<\/ul>\n<p><span style=\"color: #000000;\">\u27a1 Dil bilgisi, tarihsel\u2013k\u00fclt\u00fcrel metin okumalar\u0131 ile desteklenir.<\/span><\/p>\n<p><span style=\"color: #000000;\"><strong>Sonu\u00e7<\/strong><\/span><\/p>\n<p><span style=\"color: #000000;\">Bu ders, <em>\u03c4\u03af\u03c2\/\u03c4\u03af<\/em> zamirinin \u00e7ekimsel \u00f6zelliklerini \u00f6rnekleriyle peki\u015ftirirken, 1. Aoristum Activum\u2019un g\u00f6r\u00fcn\u00fc\u015f temelli bir ge\u00e7mi\u015f zaman bi\u00e7imi oldu\u011funu a\u00e7\u0131k\u00e7a ortaya koymaktad\u0131r. \u00d6\u011frenci, eylemin nas\u0131l ger\u00e7ekle\u015fti\u011fi (tekil, anl\u0131k, tam) ile ilgili anlam farklar\u0131n\u0131 ay\u0131rt edebilmekte ve \u00f6zellikle anlat\u0131 metinlerinde \u00e7eviri do\u011frulu\u011funu art\u0131racak bir fark\u0131ndal\u0131k kazanmaktad\u0131r. B\u00f6ylece Klasik Yunanca fiil sistemi i\u00e7inde aspekt kavray\u0131\u015f\u0131 yerle\u015fmekte ve ileri d\u00fczey okuma becerisine sa\u011flam bir temel olu\u015fturulmaktad\u0131r.<\/span><\/p>\n<p>&nbsp;<\/p>\n<p><span style=\"color: #000000;\"><strong>Purpose and Scope<\/strong><\/span><\/p>\n<p><span style=\"color: #000000;\">This lesson aims to explain the relationship between the interrogative pronoun\/adjective <em>\u03c4\u03af\u03c2 \/ \u03c4\u03af<\/em> and the 3rd declension, while introducing the 1st Aorist Active both morphologically and aspectually. The objective is to enable students to accurately interpret simple completed action in past narratives.<\/span><\/p>\n<p><span style=\"color: #000000;\"><strong>Main Themes<\/strong><\/span><\/p>\n<p><span style=\"color: #000000;\"><strong>1\ufe0f. <\/strong><strong><em>\u03c4\u03af\u03c2 \/ \u03c4\u03af<\/em>: Interrogative Pronoun &amp; Adjective<\/strong><\/span><\/p>\n<ul>\n<li><span style=\"color: #000000;\"><em>\u03c4\u03af\u03c2<\/em> \u2192 \u201cwho?\u201d (masc.\/fem.)<\/span><\/li>\n<li><span style=\"color: #000000;\"><em>\u03c4\u03af<\/em> \u2192 \u201cwhat?\u201d (neut.)<\/span><\/li>\n<li><span style=\"color: #000000;\">Declined according to the 3rd declension<\/span><\/li>\n<li><span style=\"color: #000000;\">Used as both pronoun and adjective:<\/span>\n<ul>\n<li><span style=\"color: #000000;\"><em>\u03c4\u03af\u03bd\u03bf\u03c2 <\/em><em>\u1f00\u03bd\u03b8\u03c1\u03ce\u03c0\u03bf\u03c5;<\/em> \u2192 \u201cwhich person?\u201d<\/span><\/li>\n<\/ul>\n<\/li>\n<\/ul>\n<p><span style=\"color: #000000;\">\u27a1 Preserved in both direct and indirect questions.<\/span><\/p>\n<p><span style=\"color: #000000;\"><strong>2\ufe0f.<\/strong><strong>\u00a0Review of Two-Termination Adjectives<\/strong><\/span><\/p>\n<ul>\n<li><span style=\"color: #000000;\">Example: <em>\u03b5<\/em><em>\u1f50\u03b4\u03b1\u03af\u03bc\u03c9\u03bd<\/em> \u2192 \u201cfortunate, blessed\u201d<\/span><\/li>\n<li><span style=\"color: #000000;\">Declined like 3rd declension nouns\/adjectives<\/span><\/li>\n<li><span style=\"color: #000000;\">Accent may shift depending on stem length<\/span><\/li>\n<\/ul>\n<p><span style=\"color: #000000;\">\u27a1 Strengthens connection between morphology and meaning.<\/span><\/p>\n<p><span style=\"color: #000000;\"><strong>3\ufe0f.<\/strong><strong>\u00a01st Aorist Active<\/strong><\/span><\/p>\n<ul>\n<li><span style=\"color: #000000;\">Expresses simple, completed action in the past<\/span><\/li>\n<li><span style=\"color: #000000;\">Not continuous \u2192 emphasizes completion<\/span><\/li>\n<li><span style=\"color: #000000;\">Form:<\/span>\n<ul>\n<li><span style=\"color: #000000;\">Augment: \u1f10-<\/span><\/li>\n<li><span style=\"color: #000000;\">Aorist marker: -\u03c3\u03b1-<\/span><\/li>\n<li><span style=\"color: #000000;\">Endings:<\/span><br \/>\n<span style=\"color: #000000;\">-\u03c3\u03b1, -\u03c3\u03b1\u03c2, -\u03c3\u03b5, -\u03c3\u03b1\u03bc\u03b5\u03bd, -\u03c3\u03b1\u03c4\u03b5, -\u03c3\u03b1\u03bd<\/span><\/li>\n<\/ul>\n<\/li>\n<\/ul>\n<p><span style=\"color: #000000;\">Example:<\/span><br \/>\n<span style=\"color: #000000;\"><em>\u03c0\u03b1\u03b9\u03b4\u03b5\u03cd\u03c9 \u2192 <\/em><em>\u1f10\u03c0\u03b1\u03af\u03b4\u03b5\u03c5\u03c3\u03b1<\/em> \u2192 \u201cI educated \/ I taught\u201d<\/span><\/p>\n<p><span style=\"color: #000000;\">\u27a1 Conceptual focus on aspect, not tense:<\/span><br \/>\n<span style=\"color: #000000;\">the event simply occurred and is complete.<\/span><\/p>\n<p><span style=\"color: #000000;\"><strong>4\ufe0f.<\/strong><strong>\u00a0Aorist Infinitive and Imperative<\/strong><\/span><\/p>\n<ul>\n<li><span style=\"color: #000000;\">Infinitive: <em>\u03c0\u03b1\u03b9\u03b4\u03b5<\/em><em>\u1fe6\u03c3\u03b1\u03b9<\/em> \u2192 \u201cto educate (as a completed action)\u201d<\/span><\/li>\n<li><span style=\"color: #000000;\">Imperative usage:<\/span>\n<ul>\n<li><span style=\"color: #000000;\"><em>\u03c0\u03b1\u03af\u03b4\u03b5\u03c5\u03c3\u03bf\u03bd<\/em> \u2192 \u201ceducate!\u201d (single, decisive act)<\/span><\/li>\n<li><span style=\"color: #000000;\"><em>\u03c0\u03b1\u03af\u03b4\u03b5\u03c5\u03b5<\/em> (present) \u2192 \u201ckeep educating \/ be educating\u201d<\/span><\/li>\n<\/ul>\n<\/li>\n<\/ul>\n<p><span style=\"color: #000000;\">\u27a1 Distinction: punctual vs. continuing action<\/span><\/p>\n<p><span style=\"color: #000000;\"><strong>5\ufe0f.<\/strong><strong>\u00a0Vocabulary and Cultural Context<\/strong><\/span><\/p>\n<ul>\n<li><span style=\"color: #000000;\"><em>\u03bc\u03bd\u03b7\u03bc\u03bf\u03bd\u03b5\u03cd\u03c9<\/em> \u2192 to remember (linked to Platonic epistemology)<\/span><\/li>\n<li><span style=\"color: #000000;\"><em>\u1f00\u03c0\u03bf\u03c3\u03c4\u03b5\u03c1\u03ad\u03c9<\/em> \u2192 to deprive (cf. concept of \u03c3\u03c4\u03ad\u03c1\u03b7\u03c3\u03b9\u03c2)<\/span><\/li>\n<li><span style=\"color: #000000;\"><em>\u03c4\u03b5\u03bb\u03b5\u03c5\u03c4<\/em><em>\u1ff6<\/em> \u2192 to end \/ to die<\/span><\/li>\n<li><span style=\"color: #000000;\">Historical references:<\/span>\n<ul>\n<li><span style=\"color: #000000;\">Persian kings (e.g., Xerxes)<\/span><\/li>\n<li><span style=\"color: #000000;\">River Euphrates (<em>\u1f41 \u0395<\/em><em>\u1f50\u03c6\u03c1\u03ac\u03c4\u03b7\u03c2<\/em>)<\/span><\/li>\n<\/ul>\n<\/li>\n<\/ul>\n<p><span style=\"color: #000000;\">\u27a1 Grammar supported by historical and cultural context in reading passages.<\/span><\/p>\n<p><span style=\"color: #000000;\"><strong>Conclusion<\/strong><\/span><\/p>\n<p><span style=\"color: #000000;\">This lesson reinforces the morphological structure of the interrogative <em>\u03c4\u03af\u03c2\/\u03c4\u03af<\/em> while clarifying the aspectual value of the 1st Aorist Active. Students learn to distinguish how an action is presented\u2014as a single, completed event\u2014which improves translation accuracy, especially in narrative texts. Consequently, the foundational understanding of verbal aspect becomes more firmly established, enhancing advanced philological reading skills.<\/span><\/p>\n<p>&nbsp;<\/p>\n","protected":false},"excerpt":{"rendered":"<p>SAYGIN G\u00dcNEN\u00c7, KLAS\u0130K YUNANCA DERSLER\u0130 39. SEM\u0130NER \u00d6ZET\u0130 Dersin Amac\u0131 [&hellip;]<\/p>\n","protected":false},"author":1,"featured_media":0,"parent":0,"menu_order":0,"comment_status":"closed","ping_status":"closed","template":"","meta":{"footnotes":""},"class_list":["post-7387","page","type-page","status-publish","hentry"],"jetpack_sharing_enabled":true,"_links":{"self":[{"href":"https:\/\/klasikdusunceokulu.com\/index.php\/wp-json\/wp\/v2\/pages\/7387","targetHints":{"allow":["GET"]}}],"collection":[{"href":"https:\/\/klasikdusunceokulu.com\/index.php\/wp-json\/wp\/v2\/pages"}],"about":[{"href":"https:\/\/klasikdusunceokulu.com\/index.php\/wp-json\/wp\/v2\/types\/page"}],"author":[{"embeddable":true,"href":"https:\/\/klasikdusunceokulu.com\/index.php\/wp-json\/wp\/v2\/users\/1"}],"replies":[{"embeddable":true,"href":"https:\/\/klasikdusunceokulu.com\/index.php\/wp-json\/wp\/v2\/comments?post=7387"}],"version-history":[{"count":1,"href":"https:\/\/klasikdusunceokulu.com\/index.php\/wp-json\/wp\/v2\/pages\/7387\/revisions"}],"predecessor-version":[{"id":7388,"href":"https:\/\/klasikdusunceokulu.com\/index.php\/wp-json\/wp\/v2\/pages\/7387\/revisions\/7388"}],"wp:attachment":[{"href":"https:\/\/klasikdusunceokulu.com\/index.php\/wp-json\/wp\/v2\/media?parent=7387"}],"curies":[{"name":"wp","href":"https:\/\/api.w.org\/{rel}","templated":true}]}}