{"id":7445,"date":"2025-11-06T23:29:22","date_gmt":"2025-11-06T20:29:22","guid":{"rendered":"https:\/\/klasikdusunceokulu.com\/?page_id=7445"},"modified":"2025-11-08T13:44:45","modified_gmt":"2025-11-08T10:44:45","slug":"omer-turker-kindifil-felsefetil-ula","status":"publish","type":"page","link":"https:\/\/klasikdusunceokulu.com\/index.php\/omer-turker-kindifil-felsefetil-ula\/","title":{"rendered":"\u00d6MER T\u00dcRKER, K\u0130ND\u00ce,F\u0130&#8217;L-FELSEFET\u0130&#8217;L-\u00dbL\u00c2"},"content":{"rendered":"<p><a href=\"https:\/\/klasikdusunceokulu.com\/index.php\/omer-turker-kindifil-felsefetil-ula-1-seminer-ozeti\/\"><span style=\"color: #3b5160;\"><strong>\u00d6MER T\u00dcRKER, K\u0130ND\u00ce,F\u0130&#8217;L-FELSEFET\u0130&#8217;L-\u00dbL\u00c2 1. SEM\u0130NER \u00d6ZET\u0130<\/strong><\/span><\/a><\/p>\n<p><a href=\"https:\/\/klasikdusunceokulu.com\/index.php\/omer-turker-kindifil-felsefetil-ula-2-seminer-ozeti\/\"><span style=\"color: #3b5160;\"><strong>\u00d6MER T\u00dcRKER, K\u0130ND\u00ce,F\u0130&#8217;L-FELSEFET\u0130&#8217;L-\u00dbL\u00c2 2. SEM\u0130NER \u00d6ZET\u0130<\/strong><\/span><\/a><\/p>\n<p><a href=\"https:\/\/klasikdusunceokulu.com\/index.php\/omer-turker-kindifil-felsefetil-ula-3-seminer-ozeti\/\"><span style=\"color: #3b5160;\"><strong>\u00d6MER T\u00dcRKER, K\u0130ND\u00ce,F\u0130&#8217;L-FELSEFET\u0130&#8217;L-\u00dbL\u00c2 3. SEM\u0130NER \u00d6ZET\u0130<\/strong><\/span><\/a><\/p>\n<p><a href=\"https:\/\/klasikdusunceokulu.com\/index.php\/omer-turker-kindifil-felsefetil-ula-4-seminer-ozeti\/\"><span style=\"color: #3b5160;\"><strong>\u00d6MER T\u00dcRKER, K\u0130ND\u00ce,F\u0130&#8217;L-FELSEFET\u0130&#8217;L-\u00dbL\u00c2 4. SEM\u0130NER \u00d6ZET\u0130<\/strong><\/span><\/a><\/p>\n<p><a href=\"https:\/\/klasikdusunceokulu.com\/index.php\/omer-turker-kindifil-felsefetil-ula-5-seminer-ozeti\/\"><span style=\"color: #3b5160;\"><strong>\u00d6MER T\u00dcRKER, K\u0130ND\u00ce,F\u0130&#8217;L-FELSEFET\u0130&#8217;L-\u00dbL\u00c2 5. SEM\u0130NER \u00d6ZET\u0130<\/strong><\/span><\/a><\/p>\n<p><a href=\"https:\/\/klasikdusunceokulu.com\/index.php\/omer-turker-kindifil-felsefetil-ula-6-seminer-ozeti\/\"><span style=\"color: #3b5160;\"><strong>\u00d6MER T\u00dcRKER, K\u0130ND\u00ce,F\u0130&#8217;L-FELSEFET\u0130&#8217;L-\u00dbL\u00c2 6. SEM\u0130NER \u00d6ZET\u0130<\/strong><\/span><\/a><\/p>\n<p><a href=\"https:\/\/klasikdusunceokulu.com\/index.php\/omer-turker-kindifil-felsefetil-ula-7-seminer-ozeti\/\"><span style=\"color: #3b5160;\"><strong>\u00d6MER T\u00dcRKER, K\u0130ND\u00ce,F\u0130&#8217;L-FELSEFET\u0130&#8217;L-\u00dbL\u00c2 7. SEM\u0130NER \u00d6ZET\u0130<\/strong><\/span><\/a><\/p>\n<p><a href=\"https:\/\/klasikdusunceokulu.com\/index.php\/omer-turker-kindifil-felsefetil-ula-8-seminer-ozeti\/\"><span style=\"color: #3b5160;\"><strong>\u00d6MER T\u00dcRKER, K\u0130ND\u00ce,F\u0130&#8217;L-FELSEFET\u0130&#8217;L-\u00dbL\u00c2 8. SEM\u0130NER \u00d6ZET\u0130<\/strong><\/span><\/a><\/p>\n<p>&nbsp;<\/p>\n","protected":false},"excerpt":{"rendered":"<p>\u00d6MER T\u00dcRKER, K\u0130ND\u00ce,F\u0130&#8217;L-FELSEFET\u0130&#8217;L-\u00dbL\u00c2 1. SEM\u0130NER \u00d6ZET\u0130 \u00d6MER T\u00dcRKER, K\u0130ND\u00ce,F\u0130&#8217;L-FELSEFET\u0130&#8217;L-\u00dbL\u00c2 2. [&hellip;]<\/p>\n","protected":false},"author":1,"featured_media":0,"parent":0,"menu_order":0,"comment_status":"closed","ping_status":"closed","template":"","meta":{"footnotes":""},"class_list":["post-7445","page","type-page","status-publish","hentry"],"jetpack_sharing_enabled":true,"_links":{"self":[{"href":"https:\/\/klasikdusunceokulu.com\/index.php\/wp-json\/wp\/v2\/pages\/7445","targetHints":{"allow":["GET"]}}],"collection":[{"href":"https:\/\/klasikdusunceokulu.com\/index.php\/wp-json\/wp\/v2\/pages"}],"about":[{"href":"https:\/\/klasikdusunceokulu.com\/index.php\/wp-json\/wp\/v2\/types\/page"}],"author":[{"embeddable":true,"href":"https:\/\/klasikdusunceokulu.com\/index.php\/wp-json\/wp\/v2\/users\/1"}],"replies":[{"embeddable":true,"href":"https:\/\/klasikdusunceokulu.com\/index.php\/wp-json\/wp\/v2\/comments?post=7445"}],"version-history":[{"count":3,"href":"https:\/\/klasikdusunceokulu.com\/index.php\/wp-json\/wp\/v2\/pages\/7445\/revisions"}],"predecessor-version":[{"id":7465,"href":"https:\/\/klasikdusunceokulu.com\/index.php\/wp-json\/wp\/v2\/pages\/7445\/revisions\/7465"}],"wp:attachment":[{"href":"https:\/\/klasikdusunceokulu.com\/index.php\/wp-json\/wp\/v2\/media?parent=7445"}],"curies":[{"name":"wp","href":"https:\/\/api.w.org\/{rel}","templated":true}]}}