{"id":7467,"date":"2025-11-08T14:01:07","date_gmt":"2025-11-08T11:01:07","guid":{"rendered":"https:\/\/klasikdusunceokulu.com\/?page_id=7467"},"modified":"2025-11-08T14:01:07","modified_gmt":"2025-11-08T11:01:07","slug":"omer-turker-ihsaul-ulum-okumalari","status":"publish","type":"page","link":"https:\/\/klasikdusunceokulu.com\/index.php\/omer-turker-ihsaul-ulum-okumalari\/","title":{"rendered":"\u00d6mer T\u00fcrker, \u0130hs\u00e2\u00fc\u2019l-Ul\u00fbm Okumalar\u0131"},"content":{"rendered":"<p><a href=\"https:\/\/klasikdusunceokulu.com\/index.php\/omer-turker-ihsaul-ulum-okumalari-1-seminer-ozeti\/\"><span style=\"color: #3b5160;\"><strong>\u00d6MER T\u00dcRKER, \u0130HS\u00c2\u00dc&#8217;L- UL\u00dbM OKUMALARI 1. SEM\u0130NER \u00d6ZET\u0130<\/strong><\/span><\/a><\/p>\n<p><a href=\"https:\/\/klasikdusunceokulu.com\/index.php\/omer-turker-ihsaul-ulum-okumalari-2-seminer-ozeti\/\"><span style=\"color: #3b5160;\"><strong>\u00d6MER T\u00dcRKER, \u0130HS\u00c2\u00dc&#8217;L- UL\u00dbM OKUMALARI 2. SEM\u0130NER \u00d6ZET\u0130<\/strong><\/span><\/a><\/p>\n<p><a href=\"https:\/\/klasikdusunceokulu.com\/index.php\/omer-turker-ihsaul-ulum-okumalari-3-seminer-ozeti\/\"><span style=\"color: #3b5160;\"><strong>\u00d6MER T\u00dcRKER, \u0130HS\u00c2\u00dc&#8217;L- UL\u00dbM OKUMALARI 3. SEM\u0130NER \u00d6ZET\u0130<\/strong><\/span><\/a><\/p>\n<p><a href=\"https:\/\/klasikdusunceokulu.com\/index.php\/omer-turker-ihsaul-ulum-okumalari-4-seminer-ozeti\/\"><span style=\"color: #3b5160;\"><strong>\u00d6MER T\u00dcRKER, \u0130HS\u00c2\u00dc&#8217;L- UL\u00dbM OKUMALARI 4. SEM\u0130NER \u00d6ZET\u0130<\/strong><\/span><\/a><\/p>\n<p><a href=\"https:\/\/klasikdusunceokulu.com\/index.php\/omer-turker-ihsaul-ulum-okumalari-5-seminer-ozeti\/\"><span style=\"color: #3b5160;\"><strong>\u00d6MER T\u00dcRKER, \u0130HS\u00c2\u00dc&#8217;L- UL\u00dbM OKUMALARI 5. SEM\u0130NER \u00d6ZET\u0130<\/strong><\/span><\/a><\/p>\n<p><a href=\"https:\/\/klasikdusunceokulu.com\/index.php\/omer-turker-ihsaul-ulum-okumalari-6-seminer-ozeti\/\"><span style=\"color: #3b5160;\"><strong>\u00d6MER T\u00dcRKER, \u0130HS\u00c2\u00dc&#8217;L- UL\u00dbM OKUMALARI 6. SEM\u0130NER \u00d6ZET\u0130<\/strong><\/span><\/a><\/p>\n<p><a href=\"https:\/\/klasikdusunceokulu.com\/index.php\/omer-turker-ihsaul-ulum-okumalari-7-seminer-ozeti\/\"><span style=\"color: #3b5160;\"><strong>\u00d6MER T\u00dcRKER, \u0130HS\u00c2\u00dc&#8217;L- UL\u00dbM OKUMALARI 7. SEM\u0130NER \u00d6ZET\u0130<\/strong><\/span><\/a><\/p>\n<p><a href=\"https:\/\/klasikdusunceokulu.com\/index.php\/omer-turker-ihsaul-ulum-okumalari-8-seminer-ozeti\/\"><span style=\"color: #3b5160;\"><strong>\u00d6MER T\u00dcRKER, \u0130HS\u00c2\u00dc&#8217;L- UL\u00dbM OKUMALARI 8. SEM\u0130NER \u00d6ZET\u0130<\/strong><\/span><\/a><\/p>\n<p><a href=\"https:\/\/klasikdusunceokulu.com\/index.php\/omer-turker-ihsaul-ulum-okumalari-9-seminer-ozeti\/\"><span style=\"color: #3b5160;\"><strong>\u00d6MER T\u00dcRKER, \u0130HS\u00c2\u00dc&#8217;L- UL\u00dbM OKUMALARI 9. SEM\u0130NER \u00d6ZET\u0130<\/strong><\/span><\/a><\/p>\n<p><a href=\"https:\/\/klasikdusunceokulu.com\/index.php\/omer-turker-ihsaul-ulum-okumalari-10-seminer-ozeti\/\"><span style=\"color: #3b5160;\"><strong>\u00d6MER T\u00dcRKER, \u0130HS\u00c2\u00dc&#8217;L- UL\u00dbM OKUMALARI 10. SEM\u0130NER \u00d6ZET\u0130<\/strong><\/span><\/a><\/p>\n<p>&nbsp;<\/p>\n","protected":false},"excerpt":{"rendered":"<p>\u00d6MER T\u00dcRKER, \u0130HS\u00c2\u00dc&#8217;L- UL\u00dbM OKUMALARI 1. SEM\u0130NER \u00d6ZET\u0130 \u00d6MER T\u00dcRKER, [&hellip;]<\/p>\n","protected":false},"author":1,"featured_media":0,"parent":0,"menu_order":0,"comment_status":"closed","ping_status":"closed","template":"","meta":{"footnotes":""},"class_list":["post-7467","page","type-page","status-publish","hentry"],"jetpack_sharing_enabled":true,"_links":{"self":[{"href":"https:\/\/klasikdusunceokulu.com\/index.php\/wp-json\/wp\/v2\/pages\/7467","targetHints":{"allow":["GET"]}}],"collection":[{"href":"https:\/\/klasikdusunceokulu.com\/index.php\/wp-json\/wp\/v2\/pages"}],"about":[{"href":"https:\/\/klasikdusunceokulu.com\/index.php\/wp-json\/wp\/v2\/types\/page"}],"author":[{"embeddable":true,"href":"https:\/\/klasikdusunceokulu.com\/index.php\/wp-json\/wp\/v2\/users\/1"}],"replies":[{"embeddable":true,"href":"https:\/\/klasikdusunceokulu.com\/index.php\/wp-json\/wp\/v2\/comments?post=7467"}],"version-history":[{"count":1,"href":"https:\/\/klasikdusunceokulu.com\/index.php\/wp-json\/wp\/v2\/pages\/7467\/revisions"}],"predecessor-version":[{"id":7489,"href":"https:\/\/klasikdusunceokulu.com\/index.php\/wp-json\/wp\/v2\/pages\/7467\/revisions\/7489"}],"wp:attachment":[{"href":"https:\/\/klasikdusunceokulu.com\/index.php\/wp-json\/wp\/v2\/media?parent=7467"}],"curies":[{"name":"wp","href":"https:\/\/api.w.org\/{rel}","templated":true}]}}