{"id":7491,"date":"2025-11-08T14:04:24","date_gmt":"2025-11-08T11:04:24","guid":{"rendered":"https:\/\/klasikdusunceokulu.com\/?page_id=7491"},"modified":"2025-11-08T14:10:06","modified_gmt":"2025-11-08T11:10:06","slug":"mustakim-arici-ilimler-tasnifi-problemi","status":"publish","type":"page","link":"https:\/\/klasikdusunceokulu.com\/index.php\/mustakim-arici-ilimler-tasnifi-problemi\/","title":{"rendered":"M\u00dcSTAK\u0130M ARICI, \u0130L\u0130MLER TASN\u0130F\u0130 PROBLEM\u0130"},"content":{"rendered":"<p><a href=\"https:\/\/klasikdusunceokulu.com\/index.php\/mustakim-arici-ilimler-tasnifi-problemi-1-seminer-ozeti\/\"><span style=\"color: #3b5160;\"><strong>M\u00dcSTAK\u0130M ARICI, \u0130L\u0130MLER TASN\u0130F\u0130 PROBLEM\u0130 1. SEM\u0130NER \u00d6ZET\u0130<\/strong><\/span><\/a><\/p>\n<p><a href=\"https:\/\/klasikdusunceokulu.com\/index.php\/mustakim-arici-ilimler-tasnifi-problemi-2-seminer-ozeti\/\"><span style=\"color: #3b5160;\"><strong>M\u00dcSTAK\u0130M ARICI, \u0130L\u0130MLER TASN\u0130F\u0130 PROBLEM\u0130 2. SEM\u0130NER \u00d6ZET\u0130<\/strong><\/span><\/a><\/p>\n<p><a href=\"https:\/\/klasikdusunceokulu.com\/index.php\/mustakim-arici-ilimler-tasnifi-problemi-3-seminer-ozeti\/\"><span style=\"color: #3b5160;\"><strong>M\u00dcSTAK\u0130M ARICI, \u0130L\u0130MLER TASN\u0130F\u0130 PROBLEM\u0130 3. SEM\u0130NER \u00d6ZET\u0130<\/strong><\/span><\/a><\/p>\n<p><a href=\"https:\/\/klasikdusunceokulu.com\/index.php\/mustakim-arici-ilimler-tasnifi-problemi-4-seminer-ozeti\/\"><span style=\"color: #3b5160;\"><strong>M\u00dcSTAK\u0130M ARICI, \u0130L\u0130MLER TASN\u0130F\u0130 PROBLEM\u0130 4. SEM\u0130NER \u00d6ZET\u0130<\/strong><\/span><\/a><\/p>\n<p><a href=\"https:\/\/klasikdusunceokulu.com\/index.php\/mustakim-arici-ilimler-tasnifi-problemi-5-seminer-ozeti\/\"><span style=\"color: #3b5160;\"><strong>M\u00dcSTAK\u0130M ARICI, \u0130L\u0130MLER TASN\u0130F\u0130 PROBLEM\u0130 5. SEM\u0130NER \u00d6ZET\u0130<\/strong><\/span><\/a><\/p>\n<p><a href=\"https:\/\/klasikdusunceokulu.com\/index.php\/mustakim-arici-ilimler-tasnifi-problemi-6-seminer-ozeti\/\"><span style=\"color: #3b5160;\"><strong>M\u00dcSTAK\u0130M ARICI, \u0130L\u0130MLER TASN\u0130F\u0130 PROBLEM\u0130 6. SEM\u0130NER \u00d6ZET\u0130<\/strong><\/span><\/a><\/p>\n<p><a href=\"https:\/\/klasikdusunceokulu.com\/index.php\/mustakim-arici-ilimler-tasnifi-problemi-7-seminer-ozeti\/\"><span style=\"color: #3b5160;\"><strong>M\u00dcSTAK\u0130M ARICI, \u0130L\u0130MLER TASN\u0130F\u0130 PROBLEM\u0130 7. SEM\u0130NER \u00d6ZET\u0130<\/strong><\/span><\/a><\/p>\n<p><a href=\"https:\/\/klasikdusunceokulu.com\/index.php\/mustakim-arici-ilimler-tasnifi-problemi-8-seminer-ozeti\/\"><span style=\"color: #3b5160;\"><strong>M\u00dcSTAK\u0130M ARICI, \u0130L\u0130MLER TASN\u0130F\u0130 PROBLEM\u0130 8. SEM\u0130NER \u00d6ZET\u0130<\/strong><\/span><\/a><\/p>\n<p>&nbsp;<\/p>\n","protected":false},"excerpt":{"rendered":"<p>M\u00dcSTAK\u0130M ARICI, \u0130L\u0130MLER TASN\u0130F\u0130 PROBLEM\u0130 1. SEM\u0130NER \u00d6ZET\u0130 M\u00dcSTAK\u0130M ARICI, [&hellip;]<\/p>\n","protected":false},"author":1,"featured_media":0,"parent":0,"menu_order":0,"comment_status":"closed","ping_status":"closed","template":"","meta":{"footnotes":""},"class_list":["post-7491","page","type-page","status-publish","hentry"],"jetpack_sharing_enabled":true,"_links":{"self":[{"href":"https:\/\/klasikdusunceokulu.com\/index.php\/wp-json\/wp\/v2\/pages\/7491","targetHints":{"allow":["GET"]}}],"collection":[{"href":"https:\/\/klasikdusunceokulu.com\/index.php\/wp-json\/wp\/v2\/pages"}],"about":[{"href":"https:\/\/klasikdusunceokulu.com\/index.php\/wp-json\/wp\/v2\/types\/page"}],"author":[{"embeddable":true,"href":"https:\/\/klasikdusunceokulu.com\/index.php\/wp-json\/wp\/v2\/users\/1"}],"replies":[{"embeddable":true,"href":"https:\/\/klasikdusunceokulu.com\/index.php\/wp-json\/wp\/v2\/comments?post=7491"}],"version-history":[{"count":3,"href":"https:\/\/klasikdusunceokulu.com\/index.php\/wp-json\/wp\/v2\/pages\/7491\/revisions"}],"predecessor-version":[{"id":7510,"href":"https:\/\/klasikdusunceokulu.com\/index.php\/wp-json\/wp\/v2\/pages\/7491\/revisions\/7510"}],"wp:attachment":[{"href":"https:\/\/klasikdusunceokulu.com\/index.php\/wp-json\/wp\/v2\/media?parent=7491"}],"curies":[{"name":"wp","href":"https:\/\/api.w.org\/{rel}","templated":true}]}}