{"id":7514,"date":"2025-11-08T14:23:37","date_gmt":"2025-11-08T11:23:37","guid":{"rendered":"https:\/\/klasikdusunceokulu.com\/?page_id=7514"},"modified":"2025-11-08T14:23:37","modified_gmt":"2025-11-08T11:23:37","slug":"omer-aygun-aristoteleste-logos-okumalari","status":"publish","type":"page","link":"https:\/\/klasikdusunceokulu.com\/index.php\/omer-aygun-aristoteleste-logos-okumalari\/","title":{"rendered":"\u00d6MER AYG\u00dcN, AR\u0130STOTELES&#8217;TE LOGOS OKUMALARI"},"content":{"rendered":"<p><a href=\"https:\/\/klasikdusunceokulu.com\/index.php\/omer-aygun-aristoteleste-logos-okumalari-1-seminer-ozeti\/\"><span style=\"color: #3b5160;\"><strong>\u00d6MER AYG\u00dcN, AR\u0130STOTELES&#8217;TE LOGOS OKUMALARI 1. SEM\u0130NER \u00d6ZET\u0130<\/strong><\/span><\/a><\/p>\n<p><a href=\"https:\/\/klasikdusunceokulu.com\/index.php\/omer-aygun-aristoteleste-logos-okumalari-2-seminer-ozeti\/\"><span style=\"color: #3b5160;\"><strong>\u00d6MER AYG\u00dcN, AR\u0130STOTELES&#8217;TE LOGOS OKUMALARI 2. SEM\u0130NER \u00d6ZET\u0130<\/strong><\/span><\/a><\/p>\n<p><a href=\"https:\/\/klasikdusunceokulu.com\/index.php\/omer-aygun-aristoteleste-logos-okumalari-3-seminer-ozeti\/\"><span style=\"color: #3b5160;\"><strong>\u00d6MER AYG\u00dcN, AR\u0130STOTELES&#8217;TE LOGOS OKUMALARI 3. SEM\u0130NER \u00d6ZET\u0130<\/strong><\/span><\/a><\/p>\n<p><a href=\"https:\/\/klasikdusunceokulu.com\/index.php\/omer-aygun-aristoteleste-logos-okumalari-4-seminer-ozeti\/\"><span style=\"color: #3b5160;\"><strong>\u00d6MER AYG\u00dcN, AR\u0130STOTELES&#8217;TE LOGOS OKUMALARI 4. SEM\u0130NER \u00d6ZET\u0130<\/strong><\/span><\/a><\/p>\n<p><a href=\"https:\/\/klasikdusunceokulu.com\/index.php\/omer-aygun-aristoteleste-logos-okumalari-5-seminer-ozeti\/\"><span style=\"color: #3b5160;\"><strong>\u00d6MER AYG\u00dcN, AR\u0130STOTELES&#8217;TE LOGOS OKUMALARI 5. SEM\u0130NER \u00d6ZET\u0130<\/strong><\/span><\/a><\/p>\n<p><a href=\"https:\/\/klasikdusunceokulu.com\/index.php\/omer-aygun-aristoteleste-logos-okumalari-6-seminer-ozeti\/\"><span style=\"color: #3b5160;\"><strong>\u00d6MER AYG\u00dcN, AR\u0130STOTELES&#8217;TE LOGOS OKUMALARI 6. SEM\u0130NER \u00d6ZET\u0130<\/strong><\/span><\/a><\/p>\n<p><a href=\"https:\/\/klasikdusunceokulu.com\/index.php\/omer-aygun-aristoteleste-logos-okumalari-7-seminer-ozeti\/\"><span style=\"color: #3b5160;\"><strong>\u00d6MER AYG\u00dcN, AR\u0130STOTELES&#8217;TE LOGOS OKUMALARI 7. SEM\u0130NER \u00d6ZET\u0130<\/strong><\/span><\/a><\/p>\n<p><a href=\"https:\/\/klasikdusunceokulu.com\/index.php\/omer-aygun-aristoteleste-logos-okumalari-8-seminer-ozeti\/\"><span style=\"color: #3b5160;\"><strong>\u00d6MER AYG\u00dcN, AR\u0130STOTELES&#8217;TE LOGOS OKUMALARI 8. SEM\u0130NER \u00d6ZET\u0130<\/strong><\/span><\/a><\/p>\n<p><a href=\"https:\/\/klasikdusunceokulu.com\/index.php\/omer-aygun-aristoteleste-logos-okumalari-9-seminer-ozeti\/\"><span style=\"color: #3b5160;\"><strong>\u00d6MER AYG\u00dcN, AR\u0130STOTELES&#8217;TE LOGOS OKUMALARI 9. SEM\u0130NER \u00d6ZET\u0130<\/strong><\/span><\/a><\/p>\n<p><a href=\"https:\/\/klasikdusunceokulu.com\/index.php\/omer-aygun-aristoteleste-logos-okumalari-10-seminer-ozeti\/\"><span style=\"color: #3b5160;\"><strong>\u00d6MER AYG\u00dcN, AR\u0130STOTELES&#8217;TE LOGOS OKUMALARI 10. SEM\u0130NER \u00d6ZET\u0130<\/strong><\/span><\/a><\/p>\n<p>&nbsp;<\/p>\n<p>&nbsp;<\/p>\n","protected":false},"excerpt":{"rendered":"<p>\u00d6MER AYG\u00dcN, AR\u0130STOTELES&#8217;TE LOGOS OKUMALARI 1. SEM\u0130NER \u00d6ZET\u0130 \u00d6MER AYG\u00dcN, [&hellip;]<\/p>\n","protected":false},"author":1,"featured_media":0,"parent":0,"menu_order":0,"comment_status":"closed","ping_status":"closed","template":"","meta":{"footnotes":""},"class_list":["post-7514","page","type-page","status-publish","hentry"],"jetpack_sharing_enabled":true,"_links":{"self":[{"href":"https:\/\/klasikdusunceokulu.com\/index.php\/wp-json\/wp\/v2\/pages\/7514","targetHints":{"allow":["GET"]}}],"collection":[{"href":"https:\/\/klasikdusunceokulu.com\/index.php\/wp-json\/wp\/v2\/pages"}],"about":[{"href":"https:\/\/klasikdusunceokulu.com\/index.php\/wp-json\/wp\/v2\/types\/page"}],"author":[{"embeddable":true,"href":"https:\/\/klasikdusunceokulu.com\/index.php\/wp-json\/wp\/v2\/users\/1"}],"replies":[{"embeddable":true,"href":"https:\/\/klasikdusunceokulu.com\/index.php\/wp-json\/wp\/v2\/comments?post=7514"}],"version-history":[{"count":1,"href":"https:\/\/klasikdusunceokulu.com\/index.php\/wp-json\/wp\/v2\/pages\/7514\/revisions"}],"predecessor-version":[{"id":7536,"href":"https:\/\/klasikdusunceokulu.com\/index.php\/wp-json\/wp\/v2\/pages\/7514\/revisions\/7536"}],"wp:attachment":[{"href":"https:\/\/klasikdusunceokulu.com\/index.php\/wp-json\/wp\/v2\/media?parent=7514"}],"curies":[{"name":"wp","href":"https:\/\/api.w.org\/{rel}","templated":true}]}}