{"id":7539,"date":"2025-11-16T19:26:07","date_gmt":"2025-11-16T16:26:07","guid":{"rendered":"https:\/\/klasikdusunceokulu.com\/?page_id=7539"},"modified":"2025-11-16T19:49:02","modified_gmt":"2025-11-16T16:49:02","slug":"oguz-haslakoglu-politeia-okumalari","status":"publish","type":"page","link":"https:\/\/klasikdusunceokulu.com\/index.php\/oguz-haslakoglu-politeia-okumalari\/","title":{"rendered":"O\u011eUZ HA\u015eLAKO\u011eLU, POL\u0130TE\u0130A OKUMALARI"},"content":{"rendered":"<p><a href=\"https:\/\/klasikdusunceokulu.com\/index.php\/oguz-haslakoglu-politeia-okumalari-1-seminer-ozeti\/\"><span style=\"color: #3b5160;\"><strong>O\u011eUZ HA\u015eLAKO\u011eLU, POL\u0130TE\u0130A OKUMALARI 1. SEM\u0130NER \u00d6ZET\u0130<\/strong><\/span><\/a><\/p>\n<p><a href=\"https:\/\/klasikdusunceokulu.com\/index.php\/oguz-haslakoglu-politeia-okumalari-2-seminer-ozeti\/\"><span style=\"color: #3b5160;\"><strong>O\u011eUZ HA\u015eLAKO\u011eLU, POL\u0130TE\u0130A OKUMALARI 2. SEM\u0130NER \u00d6ZET\u0130<\/strong><\/span><\/a><\/p>\n<p><a href=\"https:\/\/klasikdusunceokulu.com\/index.php\/oguz-haslakoglu-politeia-okumalari-3-seminer-ozeti\/\"><span style=\"color: #3b5160;\"><strong>O\u011eUZ HA\u015eLAKO\u011eLU, POL\u0130TE\u0130A OKUMALARI 3. SEM\u0130NER \u00d6ZET\u0130<\/strong><\/span><\/a><\/p>\n<p><a href=\"https:\/\/klasikdusunceokulu.com\/index.php\/oguz-haslakoglu-politeia-okumalari-4-seminer-ozeti\/\"><span style=\"color: #3b5160;\"><strong>O\u011eUZ HA\u015eLAKO\u011eLU, POL\u0130TE\u0130A OKUMALARI 4. SEM\u0130NER \u00d6ZET\u0130<\/strong><\/span><\/a><\/p>\n<p><a href=\"https:\/\/klasikdusunceokulu.com\/index.php\/oguz-haslakoglu-politeia-okumalari-5-seminer-ozeti\/\"><span style=\"color: #3b5160;\"><strong>O\u011eUZ HA\u015eLAKO\u011eLU, POL\u0130TE\u0130A OKUMALARI 5. SEM\u0130NER \u00d6ZET\u0130<\/strong><\/span><\/a><\/p>\n<p><a href=\"https:\/\/klasikdusunceokulu.com\/index.php\/oguz-haslakoglu-politeia-okumalari-6-seminer-ozeti\/\"><span style=\"color: #3b5160;\"><strong>O\u011eUZ HA\u015eLAKO\u011eLU, POL\u0130TE\u0130A OKUMALARI 6. SEM\u0130NER \u00d6ZET\u0130<\/strong><\/span><\/a><\/p>\n<p><a href=\"https:\/\/klasikdusunceokulu.com\/index.php\/oguz-haslakoglu-politeia-okumalari-7-seminer-ozeti\/\"><span style=\"color: #3b5160;\"><strong>O\u011eUZ HA\u015eLAKO\u011eLU, POL\u0130TE\u0130A OKUMALARI 7. SEM\u0130NER \u00d6ZET\u0130<\/strong><\/span><\/a><\/p>\n<p><a href=\"https:\/\/klasikdusunceokulu.com\/index.php\/oguz-haslakoglu-politeia-okumalari-8-seminer-ozeti\/\"><span style=\"color: #3b5160;\"><strong>O\u011eUZ HA\u015eLAKO\u011eLU, POL\u0130TE\u0130A OKUMALARI 8. SEM\u0130NER \u00d6ZET\u0130<\/strong><\/span><\/a><\/p>\n<p><a href=\"https:\/\/klasikdusunceokulu.com\/index.php\/oguz-haslakoglu-politeia-okumalari-9-seminer-ozeti\/\"><span style=\"color: #3b5160;\"><strong>O\u011eUZ HA\u015eLAKO\u011eLU, POL\u0130TE\u0130A OKUMALARI 9. SEM\u0130NER \u00d6ZET\u0130<\/strong><\/span><\/a><\/p>\n<p><a href=\"https:\/\/klasikdusunceokulu.com\/index.php\/oguz-haslakoglu-politeia-okumalari-10-seminer-ozeti\/\"><span style=\"color: #3b5160;\"><strong>O\u011eUZ HA\u015eLAKO\u011eLU, POL\u0130TE\u0130A OKUMALARI 10. SEM\u0130NER \u00d6ZET\u0130<\/strong><\/span><\/a><\/p>\n<p>&nbsp;<\/p>\n","protected":false},"excerpt":{"rendered":"<p>O\u011eUZ HA\u015eLAKO\u011eLU, POL\u0130TE\u0130A OKUMALARI 1. SEM\u0130NER \u00d6ZET\u0130 O\u011eUZ HA\u015eLAKO\u011eLU, POL\u0130TE\u0130A [&hellip;]<\/p>\n","protected":false},"author":1,"featured_media":0,"parent":0,"menu_order":0,"comment_status":"closed","ping_status":"closed","template":"","meta":{"footnotes":""},"class_list":["post-7539","page","type-page","status-publish","hentry"],"jetpack_sharing_enabled":true,"_links":{"self":[{"href":"https:\/\/klasikdusunceokulu.com\/index.php\/wp-json\/wp\/v2\/pages\/7539","targetHints":{"allow":["GET"]}}],"collection":[{"href":"https:\/\/klasikdusunceokulu.com\/index.php\/wp-json\/wp\/v2\/pages"}],"about":[{"href":"https:\/\/klasikdusunceokulu.com\/index.php\/wp-json\/wp\/v2\/types\/page"}],"author":[{"embeddable":true,"href":"https:\/\/klasikdusunceokulu.com\/index.php\/wp-json\/wp\/v2\/users\/1"}],"replies":[{"embeddable":true,"href":"https:\/\/klasikdusunceokulu.com\/index.php\/wp-json\/wp\/v2\/comments?post=7539"}],"version-history":[{"count":3,"href":"https:\/\/klasikdusunceokulu.com\/index.php\/wp-json\/wp\/v2\/pages\/7539\/revisions"}],"predecessor-version":[{"id":7563,"href":"https:\/\/klasikdusunceokulu.com\/index.php\/wp-json\/wp\/v2\/pages\/7539\/revisions\/7563"}],"wp:attachment":[{"href":"https:\/\/klasikdusunceokulu.com\/index.php\/wp-json\/wp\/v2\/media?parent=7539"}],"curies":[{"name":"wp","href":"https:\/\/api.w.org\/{rel}","templated":true}]}}