{"id":7541,"date":"2025-11-16T19:29:40","date_gmt":"2025-11-16T16:29:40","guid":{"rendered":"https:\/\/klasikdusunceokulu.com\/?page_id=7541"},"modified":"2025-11-16T19:29:40","modified_gmt":"2025-11-16T16:29:40","slug":"oguz-haslakoglu-politeia-okumalari-1-seminer-ozeti","status":"publish","type":"page","link":"https:\/\/klasikdusunceokulu.com\/index.php\/oguz-haslakoglu-politeia-okumalari-1-seminer-ozeti\/","title":{"rendered":"O\u011eUZ HA\u015eLAKO\u011eLU, POL\u0130TE\u0130A OKUMALARI 1. SEM\u0130NER \u00d6ZET\u0130"},"content":{"rendered":"<p><span style=\"color: #000000;\"><strong>O\u011eUZ HA\u015eLAKO\u011eLU, POL\u0130TE\u0130A OKUMALARI 1. SEM\u0130NER \u00d6ZET\u0130<\/strong><\/span><\/p>\n<p><span style=\"color: #000000;\"><strong>Seminerin Amac\u0131<\/strong><\/span><\/p>\n<p><span style=\"color: #000000;\">Seminerin temel amac\u0131, kat\u0131l\u0131mc\u0131lar\u0131 Platon\u2019un <em>Politeia<\/em> (Devlet) diyalo\u011funa yaln\u0131zca bir metin olarak de\u011fil, felsefi bir ara\u015ft\u0131rma bi\u00e7imi olarak yakla\u015ft\u0131rmakt\u0131r. O\u011fuz Ha\u015flako\u011flu, bu oturumlarda <em>Paideia<\/em> (e\u011fitim), <em>Politeia<\/em> (devlet-toplum d\u00fczeni) ve <em>Philosophia<\/em> (bilgelik sevgisi) kavramlar\u0131n\u0131n birbiriyle i\u00e7 i\u00e7e ge\u00e7mi\u015f do\u011fas\u0131n\u0131 tart\u0131\u015fmaya a\u00e7arak, \u00f6\u011frencilerin d\u00fc\u015f\u00fcnsel bir fark\u0131ndal\u0131k kazanmas\u0131n\u0131 hedefler. Sokrates\u2019in \u201csorgulanmam\u0131\u015f hayat ya\u015fanmaya de\u011fmez\u201d ilkesinden hareketle, kat\u0131l\u0131mc\u0131lar\u0131n kendi d\u00fc\u015f\u00fcnme bi\u00e7imlerini sorgulamalar\u0131, bilginin edilgen bi\u00e7imde edinilen bir i\u00e7erik de\u011fil, bizzat bir <em>kendini bilme<\/em> etkinli\u011fi oldu\u011funu kavramalar\u0131 ama\u00e7lan\u0131r. Bu do\u011frultuda seminer, bir ders program\u0131 olmaktan \u00e7ok, kat\u0131l\u0131mc\u0131lar\u0131n d\u00fc\u015f\u00fcnsel kat\u0131l\u0131m\u0131yla geli\u015fen bir <em>felsefi diyalog alan\u0131<\/em> olarak kurgulanm\u0131\u015ft\u0131r.<\/span><\/p>\n<p><span style=\"color: #000000;\"><strong>Ana Temalar<\/strong><\/span><\/p>\n<ol>\n<li><span style=\"color: #000000;\"><strong> Sokratik Diyalog ve Bilmenin Paradoksu<\/strong><\/span><\/li>\n<\/ol>\n<p><span style=\"color: #000000;\">Seminerin ilk k\u0131sm\u0131, <em>Sokratik diyalog<\/em> anlay\u0131\u015f\u0131n\u0131n \u00f6z\u00fcn\u00fc a\u00e7\u0131klar: bilgi, sonu\u00e7lara ula\u015fmak de\u011fil, sorular\u0131n derinli\u011finde kalmay\u0131 gerektirir. \u201cBildi\u011fini bilmemek\u201d tutumu, felsefi \u00f6\u011frenmenin \u00f6nko\u015fuludur. Bu ba\u011flamda \u00f6\u011fretim s\u00fcreci tek y\u00f6nl\u00fc bir aktar\u0131m de\u011fil, kar\u015f\u0131l\u0131kl\u0131 \u00f6\u011frenmenin diyalektik bir s\u00fcreci olarak g\u00f6r\u00fcl\u00fcr; <em>hoca-\u00f6\u011frenci<\/em> ayr\u0131m\u0131 sabit de\u011fil, devingen bir ili\u015fkidir.<\/span><\/p>\n<ol start=\"2\">\n<li><span style=\"color: #000000;\"><strong> Adalet, Kent ve Ruh \u0130li\u015fkisi<\/strong><\/span><\/li>\n<\/ol>\n<p><span style=\"color: #000000;\">Platon\u2019un <em>Politeia<\/em>s\u0131, adaletin bireyde ve devlette ayn\u0131 yap\u0131sal d\u00fczlemde ortaya \u00e7\u0131kt\u0131\u011f\u0131n\u0131 \u00f6ne s\u00fcrer. Sokrates\u2019in kurgulad\u0131\u011f\u0131 ideal kent modeli, adaletin soyut bir kavram de\u011fil, ya\u015fant\u0131sal bir d\u00fczen oldu\u011funu g\u00f6sterir. Kentin \u00fc\u00e7 s\u0131n\u0131f\u0131 (y\u00f6neticiler, askerler, \u00fcreticiler), ruhun \u00fc\u00e7 par\u00e7as\u0131 (ak\u0131l, y\u00fcreklilik, i\u015ftah) ile paralel d\u00fc\u015f\u00fcn\u00fcl\u00fcr. B\u00f6ylece kent d\u00fczeni, insan\u0131n i\u00e7 d\u00fczeninin bir izd\u00fc\u015f\u00fcm\u00fc h\u00e2line gelir.<\/span><\/p>\n<ol start=\"3\">\n<li><span style=\"color: #000000;\"><strong> Paideia ve E\u011fitim Felsefesi<\/strong><\/span><\/li>\n<\/ol>\n<p><span style=\"color: #000000;\">Ha\u015flako\u011flu, Platon\u2019un <em>Paideia<\/em> kavram\u0131n\u0131 felsefi e\u011fitimin \u00f6z\u00fcne yerle\u015ftirir: e\u011fitim yaln\u0131zca \u00f6\u011fretim de\u011fil, ruhun hakikate y\u00f6neltilmesidir. Bu noktada <em>ma\u011fara istiaresi<\/em>, bilginin d\u0131\u015fsal bir aktar\u0131m de\u011fil, i\u00e7sel bir \u201cd\u00f6n\u00fc\u015f\u201d s\u00fcreci oldu\u011funu simgeler. E\u011fitimin amac\u0131, bireyin kendi cehaletinin fark\u0131na vararak \u0131\u015f\u0131\u011fa y\u00f6nelmesidir.<\/span><\/p>\n<ol start=\"4\">\n<li><span style=\"color: #000000;\"><strong> \u0130dea, Eidos ve Form \u00dczerine<\/strong><\/span><\/li>\n<\/ol>\n<p><span style=\"color: #000000;\">Seminerin \u00f6nemli b\u00f6l\u00fcm\u00fc, Platon\u2019un <em>\u0130dea\/Eidos<\/em> kavramlar\u0131n\u0131n Aristoteles\u00e7i ve Bat\u0131l\u0131 \u00e7evirilerde u\u011frad\u0131\u011f\u0131 anlam kayb\u0131n\u0131 tart\u0131\u015f\u0131r. Ha\u015flako\u011flu, Platon\u2019un d\u00fc\u015f\u00fcncesinin \u00f6z\u00fcn\u00fcn \u201cform\u201d de\u011fil \u201cg\u00f6r\u00fcn\u00fc\u015fte zuhur eden mahiyet\u201d oldu\u011funu; dolay\u0131s\u0131yla \u0130dea\u2019n\u0131n \u201cmodel\u201d ya da <em>paradigma<\/em> d\u00fczleminde anla\u015f\u0131lmas\u0131 gerekti\u011fini vurgular. Bu kavramsal ayr\u0131m\u0131n, Platon\u2019un felsefesini anlaman\u0131n \u00f6n ko\u015fulu oldu\u011fu belirtilir.<\/span><\/p>\n<ol start=\"5\">\n<li><span style=\"color: #000000;\"><strong> Politeia\u2019da E\u011fitim, Kad\u0131n ve Y\u00f6netim<\/strong><\/span><\/li>\n<\/ol>\n<p><span style=\"color: #000000;\">Seminerin ilerleyen k\u0131s\u0131mlar\u0131nda, Platon\u2019un kad\u0131n-erkek e\u015fitli\u011fine, y\u00f6neticilerin e\u011fitimine ve \u201cfilozof kral\u201d idealine dair g\u00f6r\u00fc\u015fleri incelenir. Sokrates\u2019in, d\u00f6nemin ataerkil yap\u0131s\u0131na ra\u011fmen, cinsiyet fark\u0131n\u0131 ortadan kald\u0131ran bir e\u011fitim anlay\u0131\u015f\u0131 savunmas\u0131, metnin \u00e7a\u011flar \u00fcst\u00fc \u00f6nemini ortaya koyar.<\/span><\/p>\n<p><span style=\"color: #000000;\"><strong>Sonu\u00e7<\/strong><\/span><\/p>\n<p><span style=\"color: #000000;\">Seminer, Platon\u2019un <em>Politeia<\/em>s\u0131n\u0131 yaln\u0131zca siyaset felsefesinin de\u011fil, ayn\u0131 zamanda insan\u0131n kendi varolu\u015funa dair bir aynan\u0131n metni olarak ele al\u0131r. Adalet, bilgelik ve e\u011fitim temalar\u0131, bireyin i\u00e7sel d\u00f6n\u00fc\u015f\u00fcm\u00fcn\u00fcn zorunlu duraklar\u0131 olarak de\u011ferlendirilir. Ha\u015flako\u011flu\u2019nun yakla\u015f\u0131m\u0131, metni bir \u201cantik eser\u201d olmaktan \u00e7\u0131kar\u0131p, g\u00fcn\u00fcm\u00fcz d\u00fc\u015f\u00fcnsel krizlerini anlamaya yarayan bir laboratuvara d\u00f6n\u00fc\u015ft\u00fcr\u00fcr. Sonu\u00e7 olarak seminerin amac\u0131, kat\u0131l\u0131mc\u0131larda \u015fu bilinci in\u015fa etmektir:<\/span><br \/>\n<span style=\"color: #000000;\">Felsefe, d\u00fcnyay\u0131 de\u011fil, \u00f6nce kendini anlamakla ba\u015flar; adil bir kent, ancak kendisiyle adil olabilen insan\u0131n eseridir.<\/span><\/p>\n<p>&nbsp;<\/p>\n<p><span style=\"color: #000000;\"><strong>Purpose of the Seminar<\/strong><\/span><\/p>\n<p><span style=\"color: #000000;\">The primary purpose of the seminar is to engage participants with Plato\u2019s <em>Politeia<\/em> (<em>The Republic<\/em>) not merely as a text, but as a mode of philosophical inquiry. O\u011fuz Ha\u015flako\u011flu aims to reveal the intertwined nature of <em>Paideia<\/em> (education), <em>Politeia<\/em> (political and social order), and <em>Philosophia<\/em> (the love of wisdom), guiding students toward intellectual awareness. Following Socrates\u2019 dictum that \u201cthe unexamined life is not worth living,\u201d participants are encouraged to question their own modes of thought and to recognize that knowledge is not passively received but actively cultivated through self-awareness. Thus, the seminar is not structured as a traditional course but as a <em>space for philosophical dialogue<\/em> that evolves through collective participation.<\/span><\/p>\n<p><span style=\"color: #000000;\"><strong>Main Themes<\/strong><\/span><\/p>\n<ol>\n<li><span style=\"color: #000000;\"><strong> Socratic Dialogue and the Paradox of Knowledge<\/strong><\/span><\/li>\n<\/ol>\n<p><span style=\"color: #000000;\">The seminar begins by exploring the essence of the <em>Socratic dialogue<\/em>: knowledge is not about reaching conclusions but about dwelling within the depth of questions. The stance of \u201cknowing that one does not know\u201d is the foundation of philosophical learning. Accordingly, teaching is conceived not as a one-way transmission but as a dialectical exchange\u2014where the relationship between teacher and student remains fluid and reciprocal.<\/span><\/p>\n<ol start=\"2\">\n<li><span style=\"color: #000000;\"><strong> Justice, the City, and the Soul<\/strong><\/span><\/li>\n<\/ol>\n<p><span style=\"color: #000000;\">Plato\u2019s <em>Politeia<\/em> presents justice as a structural harmony manifest both in the individual and in the state. Socrates\u2019 model of the ideal city illustrates that justice is not an abstract principle but a lived order. The three classes of the city (rulers, guardians, and producers) correspond to the three parts of the soul (reason, spirit, and appetite), making the political order a mirror of the human psyche.<\/span><\/p>\n<ol start=\"3\">\n<li><span style=\"color: #000000;\"><strong> Paideia and the Philosophy of Education<\/strong><\/span><\/li>\n<\/ol>\n<p><span style=\"color: #000000;\">Ha\u015flako\u011flu situates Plato\u2019s notion of <em>Paideia<\/em> at the center of philosophical education: education is not instruction but the turning of the soul toward truth. The <em>Allegory of the Cave<\/em> symbolizes this inward \u201cturning\u201d process, where enlightenment arises not from external teaching but from internal transformation. The aim of education, therefore, is for the individual to recognize and transcend their own ignorance.<\/span><\/p>\n<ol start=\"4\">\n<li><span style=\"color: #000000;\"><strong> On Idea, Eidos, and Form<\/strong><\/span><\/li>\n<\/ol>\n<p><span style=\"color: #000000;\">A significant portion of the seminar is devoted to the reinterpretation of Plato\u2019s <em>Idea\/Eidos<\/em>. Ha\u015flako\u011flu argues that in Western and Aristotelian translations, the essence of these terms has been distorted. For Plato, the <em>Idea<\/em> is not a static \u201cform\u201d but the \u201cmanifest nature appearing through phenomena.\u201d Hence, it should be understood as a <em>paradigm<\/em> or <em>model<\/em>, which is essential for grasping the metaphysical foundation of his philosophy.<\/span><\/p>\n<ol start=\"5\">\n<li><span style=\"color: #000000;\"><strong> Education, Women, and Governance in the Politeia<\/strong><\/span><\/li>\n<\/ol>\n<p><span style=\"color: #000000;\">Later discussions explore Plato\u2019s ideas on gender equality, the education of rulers, and the ideal of the \u201cphilosopher-king.\u201d Socrates\u2019 progressive stance\u2014asserting the intellectual equality of women and men despite the patriarchal norms of his era\u2014highlights the timeless relevance of the text.<\/span><\/p>\n<p><span style=\"color: #000000;\"><strong>Conclusion<\/strong><\/span><\/p>\n<p><span style=\"color: #000000;\">The seminar approaches <em>Politeia<\/em> not only as a treatise on political philosophy but as a reflective mirror for human existence. Justice, wisdom, and education are presented as integral stages in the individual\u2019s inner transformation. Ha\u015flako\u011flu\u2019s interpretation transforms the dialogue from an ancient text into a living framework for understanding modern intellectual crises. Ultimately, the seminar instills the conviction that:<\/span><br \/>\n<span style=\"color: #000000;\">Philosophy begins not with the world, but with the self; a just city can only be built by those who are just within themselves.<\/span><\/p>\n<p>&nbsp;<\/p>\n","protected":false},"excerpt":{"rendered":"<p>O\u011eUZ HA\u015eLAKO\u011eLU, POL\u0130TE\u0130A OKUMALARI 1. SEM\u0130NER \u00d6ZET\u0130 Seminerin Amac\u0131 Seminerin [&hellip;]<\/p>\n","protected":false},"author":1,"featured_media":0,"parent":0,"menu_order":0,"comment_status":"closed","ping_status":"closed","template":"","meta":{"footnotes":""},"class_list":["post-7541","page","type-page","status-publish","hentry"],"jetpack_sharing_enabled":true,"_links":{"self":[{"href":"https:\/\/klasikdusunceokulu.com\/index.php\/wp-json\/wp\/v2\/pages\/7541","targetHints":{"allow":["GET"]}}],"collection":[{"href":"https:\/\/klasikdusunceokulu.com\/index.php\/wp-json\/wp\/v2\/pages"}],"about":[{"href":"https:\/\/klasikdusunceokulu.com\/index.php\/wp-json\/wp\/v2\/types\/page"}],"author":[{"embeddable":true,"href":"https:\/\/klasikdusunceokulu.com\/index.php\/wp-json\/wp\/v2\/users\/1"}],"replies":[{"embeddable":true,"href":"https:\/\/klasikdusunceokulu.com\/index.php\/wp-json\/wp\/v2\/comments?post=7541"}],"version-history":[{"count":1,"href":"https:\/\/klasikdusunceokulu.com\/index.php\/wp-json\/wp\/v2\/pages\/7541\/revisions"}],"predecessor-version":[{"id":7543,"href":"https:\/\/klasikdusunceokulu.com\/index.php\/wp-json\/wp\/v2\/pages\/7541\/revisions\/7543"}],"wp:attachment":[{"href":"https:\/\/klasikdusunceokulu.com\/index.php\/wp-json\/wp\/v2\/media?parent=7541"}],"curies":[{"name":"wp","href":"https:\/\/api.w.org\/{rel}","templated":true}]}}