{"id":7561,"date":"2025-11-16T19:46:35","date_gmt":"2025-11-16T16:46:35","guid":{"rendered":"https:\/\/klasikdusunceokulu.com\/?page_id=7561"},"modified":"2025-11-16T19:46:35","modified_gmt":"2025-11-16T16:46:35","slug":"oguz-haslakoglu-politeia-okumalari-10-seminer-ozeti","status":"publish","type":"page","link":"https:\/\/klasikdusunceokulu.com\/index.php\/oguz-haslakoglu-politeia-okumalari-10-seminer-ozeti\/","title":{"rendered":"O\u011eUZ HA\u015eLAKO\u011eLU, POL\u0130TE\u0130A OKUMALARI 10. SEM\u0130NER \u00d6ZET\u0130"},"content":{"rendered":"<p><span style=\"color: #000000;\"><strong>O\u011eUZ HA\u015eLAKO\u011eLU, POL\u0130TE\u0130A OKUMALARI 10. SEM\u0130NER \u00d6ZET\u0130<\/strong><\/span><\/p>\n<p><span style=\"color: #000000;\"><strong>Seminerin Amac\u0131<\/strong><\/span><\/p>\n<p><span style=\"color: #000000;\">Onuncu seminerin amac\u0131, Platon\u2019un <em>Politeia<\/em>s\u0131nda felsefenin nihai hedefi olarak \u201chakikate y\u00f6nelme\u201d temas\u0131n\u0131 b\u00fct\u00fcnc\u00fcl bi\u00e7imde tart\u0131\u015fmakt\u0131r. O\u011fuz Ha\u015flako\u011flu bu oturumda, bilginin epistemolojik yap\u0131s\u0131ndan etik sonu\u00e7lar\u0131na uzanan bir \u00e7\u00f6z\u00fcmleme yaparak, felsefeyi hem d\u00fc\u015f\u00fcnsel hem varolu\u015fsal bir eylem olarak yeniden tan\u0131mlar. Seminer, Platon\u2019un <em>Politeia<\/em>s\u0131n\u0131 bir devlet kuram\u0131 olmaktan \u00e7ok, insan ruhunun <em>do\u011fru ya\u015fam<\/em> aray\u0131\u015f\u0131n\u0131n metafizik haritas\u0131 olarak okur.<\/span><\/p>\n<p><span style=\"color: #000000;\"><strong>Ana Temalar<\/strong><\/span><\/p>\n<ol>\n<li><span style=\"color: #000000;\"><strong> Bilgi, Hakikat ve Ruhun Y\u00f6nelimi<\/strong><\/span><\/li>\n<\/ol>\n<p><span style=\"color: #000000;\">Seminerin ba\u015flang\u0131c\u0131nda Ha\u015flako\u011flu, Platon\u2019un bilgi anlay\u0131\u015f\u0131n\u0131 \u201cruhun hakikate d\u00f6nme hareketi\u201d olarak yorumlar. Bilgi, duyulardan de\u011fil, ruhun idealarla temas\u0131ndan do\u011far. Bu temas, yaln\u0131zca bili\u015fsel bir s\u00fcre\u00e7 de\u011fil, ayn\u0131 zamanda bir varolu\u015f d\u00f6n\u00fc\u015f\u00fcm\u00fcd\u00fcr. Bilmek, insan\u0131n kendi \u00f6z\u00fcne d\u00f6nmesidir.<\/span><\/p>\n<ol start=\"2\">\n<li><span style=\"color: #000000;\"><strong> G\u00f6r\u00fcn\u00fc\u015ften Hakikate: Ma\u011fara Alegorisi<\/strong><\/span><\/li>\n<\/ol>\n<p><span style=\"color: #000000;\">Platon\u2019un ma\u011fara benzetmesi, seminerin merkezinde yer al\u0131r. Ha\u015flako\u011flu, bu alegoriyi bilginin a\u015famalar\u0131n\u0131 de\u011fil, insan\u0131n varolu\u015fsal uyan\u0131\u015f\u0131n\u0131 anlatan bir anlat\u0131 olarak de\u011ferlendirir. Hakikate y\u00f6nelmek, zincirlerden kurtulmak kadar, \u0131\u015f\u0131\u011f\u0131n ac\u0131s\u0131n\u0131 g\u00f6\u011f\u00fcslemeyi de gerektirir. Ayd\u0131nlanma, yaln\u0131zca g\u00f6rmeyi de\u011fil, g\u00f6rmenin bedelini de bilmektir.<\/span><\/p>\n<ol start=\"3\">\n<li><span style=\"color: #000000;\"><strong> Erdem ve Bilgeli\u011fin Birli\u011fi<\/strong><\/span><\/li>\n<\/ol>\n<p><span style=\"color: #000000;\">Ha\u015flako\u011flu, Platon\u2019un erdem anlay\u0131\u015f\u0131n\u0131 bilgiyle \u00f6zde\u015fle\u015ftirir. Bilgelik, insan\u0131n do\u011fru olan\u0131 bilmekle yetinmeyip ona uygun ya\u015famay\u0131 \u00f6\u011frenmesidir. Bu a\u00e7\u0131dan adalet, yaln\u0131zca toplumsal bir ilke de\u011fil, ruhun kendi uyumudur. Felsefe, hem bilmenin hem de iyi ya\u015faman\u0131n disiplini h\u00e2line gelir.<\/span><\/p>\n<ol start=\"4\">\n<li><span style=\"color: #000000;\"><strong> Felsefi E\u011fitimin A\u015famalar\u0131<\/strong><\/span><\/li>\n<\/ol>\n<p><span style=\"color: #000000;\">Platon\u2019un e\u011fitim modeli, ruhun y\u00fckseli\u015f s\u00fcreci olarak ele al\u0131n\u0131r. Matematik, diyalektik ve metafizik a\u015famalar, insan\u0131 g\u00f6r\u00fcn\u00fc\u015flerin \u00f6tesine ta\u015f\u0131r. Ha\u015flako\u011flu, e\u011fitimi bilgi aktar\u0131m\u0131 de\u011fil, <em>kendilik bilincinin in\u015fas\u0131<\/em> olarak yorumlar: \u00f6\u011frenmek, hakikati de\u011fil, hakikate y\u00f6nelmeyi \u00f6\u011frenmektir.<\/span><\/p>\n<ol start=\"5\">\n<li><span style=\"color: #000000;\"><strong> Hakikatin Politik Boyutu<\/strong><\/span><\/li>\n<\/ol>\n<p><span style=\"color: #000000;\">Son olarak Ha\u015flako\u011flu, <em>Politeia<\/em>\u2019n\u0131n felsefi hakikat aray\u0131\u015f\u0131n\u0131 siyasal d\u00fczleme ta\u015f\u0131r. Bilgelikten yoksun y\u00f6netimler, adaleti bi\u00e7imsel bir d\u00fczene indirger. Filozofun topluma d\u00f6n\u00fc\u015f\u00fc, hakikatin siyasete d\u00e2hil edilmesidir. Felsefe b\u00f6ylece yaln\u0131zca teorik de\u011fil, etik bir eylem h\u00e2line gelir.<\/span><\/p>\n<p><span style=\"color: #000000;\"><strong>Sonu\u00e7<\/strong><\/span><\/p>\n<p><span style=\"color: #000000;\">Onuncu seminer, <em>Politeia<\/em>\u2019y\u0131 hakikat aray\u0131\u015f\u0131n\u0131n son dura\u011f\u0131 olarak de\u011fil, s\u00fcrekli yeniden ba\u015flayan bir s\u00fcre\u00e7 olarak yorumlar. Ha\u015flako\u011flu\u2019na g\u00f6re felsefe, insan\u0131n kendi karanl\u0131\u011f\u0131ndan ayd\u0131nl\u0131\u011fa do\u011fru bitmeyen y\u00fcr\u00fcy\u00fc\u015f\u00fcd\u00fcr. Hakikat, var\u0131lmas\u0131 gereken bir yer de\u011fil, ya\u015fanmas\u0131 gereken bir y\u00f6nelimdir. <em>Politeia<\/em>, bu y\u00f6nelimin en eski ve en canl\u0131 tan\u0131\u011f\u0131d\u0131r.<\/span><\/p>\n<p>&nbsp;<\/p>\n<p><span style=\"color: #000000;\"><strong>Purpose of the Seminar<\/strong><\/span><\/p>\n<p><span style=\"color: #000000;\">The tenth seminar seeks to explore the ultimate aim of philosophy in Plato\u2019s <em>Politeia<\/em>: the soul\u2019s orientation toward truth. O\u011fuz Ha\u015flako\u011flu analyzes the epistemological and ethical dimensions of knowledge, redefining philosophy as both an intellectual and existential act. In this reading, <em>Politeia<\/em> is not merely a theory of governance but a metaphysical map of the human quest for the <em>right life.<\/em><\/span><\/p>\n<p><span style=\"color: #000000;\"><strong>Main Themes<\/strong><\/span><\/p>\n<ol>\n<li><span style=\"color: #000000;\"><strong> Knowledge, Truth, and the Ascent of the Soul<\/strong><\/span><\/li>\n<\/ol>\n<p><span style=\"color: #000000;\">Ha\u015flako\u011flu interprets Plato\u2019s notion of knowledge as the soul\u2019s movement toward truth. True knowledge arises not from the senses but from contact with the Forms. To know is not only to understand but to <em>become<\/em>\u2014a transformation of the self.<\/span><\/p>\n<ol start=\"2\">\n<li><span style=\"color: #000000;\"><strong> From Appearance to Reality: The Allegory of the Cave<\/strong><\/span><\/li>\n<\/ol>\n<p><span style=\"color: #000000;\">At the center of the seminar lies Plato\u2019s allegory of the cave. Ha\u015flako\u011flu reads it not as an epistemic model but as a metaphor for existential awakening. Liberation requires both the courage to face the light and the endurance to bear it. Enlightenment, in this sense, is both vision and sacrifice.<\/span><\/p>\n<ol start=\"3\">\n<li><span style=\"color: #000000;\"><strong> The Unity of Virtue and Wisdom<\/strong><\/span><\/li>\n<\/ol>\n<p><span style=\"color: #000000;\">Wisdom, for Ha\u015flako\u011flu, is the fusion of knowledge and ethical action. Justice thus becomes not a social construct but the harmony of the soul. Philosophy is the discipline through which one learns not only to know the good but to live it.<\/span><\/p>\n<ol start=\"4\">\n<li><span style=\"color: #000000;\"><strong> The Stages of Philosophical Education<\/strong><\/span><\/li>\n<\/ol>\n<p><span style=\"color: #000000;\">Education is the ascent of the soul from opinion to truth. Through mathematics, dialectic, and metaphysics, the individual transcends the realm of appearances. Ha\u015flako\u011flu emphasizes education as self-realization rather than instruction: learning means learning how to turn toward truth.<\/span><\/p>\n<ol start=\"5\">\n<li><span style=\"color: #000000;\"><strong> The Political Dimension of Truth<\/strong><\/span><\/li>\n<\/ol>\n<p><span style=\"color: #000000;\">Finally, Ha\u015flako\u011flu expands Plato\u2019s idea of truth into the political domain. Governance without wisdom collapses into formalism. The philosopher\u2019s return to the city symbolizes the reconciliation of truth and action\u2014an ethical reintegration of thought into life.<\/span><\/p>\n<p><span style=\"color: #000000;\"><strong>Conclusion<\/strong><\/span><\/p>\n<p><span style=\"color: #000000;\">The tenth seminar portrays <em>Politeia<\/em> as a perpetual journey rather than a fixed doctrine. For Ha\u015flako\u011flu, philosophy is the unending ascent from darkness to light. Truth is not a destination but a way of being. <em>Politeia<\/em> remains, in every age, a living testament to that ascent.<\/span><\/p>\n<p>&nbsp;<\/p>\n","protected":false},"excerpt":{"rendered":"<p>O\u011eUZ HA\u015eLAKO\u011eLU, POL\u0130TE\u0130A OKUMALARI 10. SEM\u0130NER \u00d6ZET\u0130 Seminerin Amac\u0131 Onuncu [&hellip;]<\/p>\n","protected":false},"author":1,"featured_media":0,"parent":0,"menu_order":0,"comment_status":"closed","ping_status":"closed","template":"","meta":{"footnotes":""},"class_list":["post-7561","page","type-page","status-publish","hentry"],"jetpack_sharing_enabled":true,"_links":{"self":[{"href":"https:\/\/klasikdusunceokulu.com\/index.php\/wp-json\/wp\/v2\/pages\/7561","targetHints":{"allow":["GET"]}}],"collection":[{"href":"https:\/\/klasikdusunceokulu.com\/index.php\/wp-json\/wp\/v2\/pages"}],"about":[{"href":"https:\/\/klasikdusunceokulu.com\/index.php\/wp-json\/wp\/v2\/types\/page"}],"author":[{"embeddable":true,"href":"https:\/\/klasikdusunceokulu.com\/index.php\/wp-json\/wp\/v2\/users\/1"}],"replies":[{"embeddable":true,"href":"https:\/\/klasikdusunceokulu.com\/index.php\/wp-json\/wp\/v2\/comments?post=7561"}],"version-history":[{"count":1,"href":"https:\/\/klasikdusunceokulu.com\/index.php\/wp-json\/wp\/v2\/pages\/7561\/revisions"}],"predecessor-version":[{"id":7562,"href":"https:\/\/klasikdusunceokulu.com\/index.php\/wp-json\/wp\/v2\/pages\/7561\/revisions\/7562"}],"wp:attachment":[{"href":"https:\/\/klasikdusunceokulu.com\/index.php\/wp-json\/wp\/v2\/media?parent=7561"}],"curies":[{"name":"wp","href":"https:\/\/api.w.org\/{rel}","templated":true}]}}