{"id":7586,"date":"2025-11-16T20:30:33","date_gmt":"2025-11-16T17:30:33","guid":{"rendered":"https:\/\/klasikdusunceokulu.com\/?page_id=7586"},"modified":"2025-11-16T20:30:33","modified_gmt":"2025-11-16T17:30:33","slug":"oguz-haslakoglu-herakleitos-ve-parmenides-atolyesi-11-seminer-ozeti","status":"publish","type":"page","link":"https:\/\/klasikdusunceokulu.com\/index.php\/oguz-haslakoglu-herakleitos-ve-parmenides-atolyesi-11-seminer-ozeti\/","title":{"rendered":"O\u011eUZ HA\u015eLAKO\u011eLU, HERAKLE\u0130TOS VE PARMEN\u0130DES AT\u00d6LYES\u0130 11. SEM\u0130NER \u00d6ZET\u0130"},"content":{"rendered":"<p><span style=\"color: #000000;\"><strong>O\u011eUZ HA\u015eLAKO\u011eLU, HERAKLE\u0130TOS VE PARMEN\u0130DES AT\u00d6LYES\u0130 11. SEM\u0130NER \u00d6ZET\u0130<\/strong><\/span><\/p>\n<p><span style=\"color: #000000;\"><strong>Seminerin Amac\u0131<\/strong><\/span><\/p>\n<p><span style=\"color: #000000;\">On birinci seminer, Herakleitos okumalar\u0131n\u0131n son halkas\u0131 olarak Logos\u2019un do\u011fas\u0131n\u0131, dil ile hakikat aras\u0131ndaki ili\u015fkiyi ve Parmenides d\u00fc\u015f\u00fcncesine ge\u00e7i\u015fin felsefi zeminini tart\u0131\u015fmay\u0131 ama\u00e7lar. O\u011fuz Ha\u015flako\u011flu bu oturumda, Herakleitos\u2019un \u201ci\u015faret eden dil\u201d anlay\u0131\u015f\u0131ndan yola \u00e7\u0131karak, anlam\u0131n nas\u0131l hem a\u00e7\u0131\u011fa \u00e7\u0131kt\u0131\u011f\u0131n\u0131 hem de kendini gizledi\u011fini inceler. Seminer, Herakleitos\u2019tan Parmenides\u2019e ge\u00e7i\u015fte d\u00fc\u015f\u00fcncenin <em>hakikat\u2013dil\u2013varl\u0131k<\/em> ekseninde nas\u0131l bir d\u00f6n\u00fc\u015f\u00fcm ya\u015fad\u0131\u011f\u0131n\u0131 g\u00f6stermeyi hedefler.<\/span><\/p>\n<p><span style=\"color: #000000;\"><strong>Ana Temalar<\/strong><\/span><\/p>\n<ol>\n<li><span style=\"color: #000000;\"><strong> Logos, \u0130\u015faret ve Kehanet<\/strong><\/span><\/li>\n<\/ol>\n<p><span style=\"color: #000000;\">Seminerin merkezinde yer alan fragman, \u201cKehanet ne s\u00f6yler ne gizler, sadece i\u015faret eder.\u201d<\/span><br \/>\n<span style=\"color: #000000;\">Ha\u015flako\u011flu bu ifadeyi dilin ontolojik do\u011fas\u0131 \u00fczerinden yorumlar: Dil, hakikati temsil etmez, onunla birlikte var olur. Herakleitos\u2019a g\u00f6re s\u00f6z, varl\u0131\u011f\u0131n hem g\u00f6r\u00fcn\u00fc\u015f\u00fc hem de \u00f6rt\u00fcs\u00fcd\u00fcr. Logos, konu\u015fan de\u011fil, <em>konu\u015fmada ya\u015fayan<\/em> ilkedir. Bu yakla\u015f\u0131m, Herakleitos\u2019u ilk \u201cdil ontolo\u011fu\u201d h\u00e2line getirir.<\/span><\/p>\n<ol start=\"2\">\n<li><span style=\"color: #000000;\"><strong> Bilgi, Bilim ve Hakikatin S\u0131n\u0131r\u0131<\/strong><\/span><\/li>\n<\/ol>\n<p><span style=\"color: #000000;\">Seminerde modern bilimin \u00f6zneden ba\u011f\u0131ms\u0131zl\u0131k iddias\u0131 sorgulan\u0131r. Ha\u015flako\u011flu, klasik determinizmin kapal\u0131 evrenini Herakleitos\u2019un \u201ca\u00e7\u0131k evren\u201d fikriyle kar\u015f\u0131la\u015ft\u0131r\u0131r. Kuantum fizi\u011fi \u00f6rne\u011fiyle \u00f6zne\u2013nesne ayr\u0131m\u0131n\u0131n ge\u00e7ersizli\u011fi tart\u0131\u015f\u0131l\u0131r. Herakleitos\u2019un evreninde g\u00f6zlemci, s\u00fcrecin par\u00e7as\u0131d\u0131r; bilmek, do\u011fan\u0131n hareketine kat\u0131lmakt\u0131r. Hakikat, bu kat\u0131l\u0131m\u0131n kendisinde do\u011far.<\/span><\/p>\n<ol start=\"3\">\n<li><span style=\"color: #000000;\"><strong> Logos\u2019un Ya\u015fayan Niteli\u011fi<\/strong><\/span><\/li>\n<\/ol>\n<p><span style=\"color: #000000;\">Herakleitos, \u201cRuhta kendini b\u00fcy\u00fcten bir logos vard\u0131r.\u201d der.<\/span><br \/>\n<span style=\"color: #000000;\">Ha\u015flako\u011flu bu ifadeyi, bilginin dinamik do\u011fas\u0131na g\u00f6nderme olarak ele al\u0131r. Logos, dura\u011fan bir yasa de\u011fil, kendi kendini \u00e7o\u011faltan bir canl\u0131l\u0131kt\u0131r. Bu nedenle d\u00fc\u015f\u00fcnme, varl\u0131\u011f\u0131n i\u00e7inde s\u00fcren bir hareket bi\u00e7imidir. Ruh, logos\u2019u yaln\u0131zca ta\u015f\u0131makla kalmaz; onun nefes alan alan\u0131d\u0131r.<\/span><\/p>\n<ol start=\"4\">\n<li><span style=\"color: #000000;\"><strong> Fysis ve Hakikatin A\u00e7\u0131l\u0131\u015f\u0131<\/strong><\/span><\/li>\n<\/ol>\n<p><span style=\"color: #000000;\">\u201cFysis saklanmay\u0131 sever.\u201d ifadesi, hakikatin do\u011fas\u0131 hakk\u0131nda Herakleitos\u2019un en radikal c\u00fcmlesidir.<\/span><br \/>\n<span style=\"color: #000000;\">Ha\u015flako\u011flu bu s\u00f6z\u00fc, <em>aletheia<\/em> (giz a\u00e7\u0131lmas\u0131) kavram\u0131yla ili\u015fkilendirir: Hakikat, gizlenmeden de\u011fil, gizlenerek a\u00e7\u0131l\u0131r. Do\u011fa, kendini saklad\u0131\u011f\u0131 \u00f6l\u00e7\u00fcde g\u00f6r\u00fcn\u00fcr olur. Bu yakla\u015f\u0131m, Parmenides\u2019in \u201cvarl\u0131k birdir\u201d \u00f6nermesinin \u00f6nc\u00fcl sezgisidir \u2014 \u00e7\u00fcnk\u00fc hakikat, yaln\u0131zca a\u00e7\u0131lan de\u011fil, ayn\u0131 anda saklanan bir birliktir.<\/span><\/p>\n<ol start=\"5\">\n<li><span style=\"color: #000000;\"><strong> Etos, Adalet ve Kozmik D\u00fczen<\/strong><\/span><\/li>\n<\/ol>\n<p><span style=\"color: #000000;\">Herakleitos\u2019un \u201cKarakter insan\u0131n kaderidir.\u201d (Ethos anthropoi daimon) fragman\u0131, insan eylemiyle kozmik d\u00fczen aras\u0131ndaki ba\u011f\u0131 g\u00f6sterir.<\/span><br \/>\n<span style=\"color: #000000;\">Ha\u015flako\u011flu\u2019na g\u00f6re etik, do\u011fan\u0131n d\u00fczenine uygun ya\u015fama sanat\u0131d\u0131r. Adalet (Dike), yaln\u0131zca bir toplumsal norm de\u011fil, Logos\u2019un evrensel \u00f6l\u00e7\u00fcs\u00fcd\u00fcr. Ruh, \u00f6l\u00e7\u00fcye kat\u0131ld\u0131\u011f\u0131 \u00f6l\u00e7\u00fcde bilgele\u015fir; a\u015f\u0131r\u0131l\u0131k (hybris) ise hem etik hem kozmik sapmad\u0131r.<\/span><\/p>\n<p><span style=\"color: #000000;\"><strong>Sonu\u00e7<\/strong><\/span><\/p>\n<p><span style=\"color: #000000;\">On birinci seminer, Herakleitos\u2019un d\u00fc\u015f\u00fcncesinde dil, ruh ve do\u011fa aras\u0131ndaki ba\u011f\u0131 yeniden kurar. Logos\u2019un hem i\u015faret eden hem saklayan yap\u0131s\u0131, felsefi hakikatin do\u011fas\u0131n\u0131 belirler. Ha\u015flako\u011flu\u2019na g\u00f6re Herakleitos\u2019un \u201csaklanmay\u0131 seven do\u011fa\u201ds\u0131, Parmenides\u2019in \u201cbir olan varl\u0131k\u201d\u0131na ge\u00e7i\u015fin kap\u0131s\u0131n\u0131 aralar. Her iki d\u00fc\u015f\u00fcn\u00fcr de hakikati, de\u011fi\u015fen g\u00f6r\u00fcn\u00fc\u015f\u00fcn ard\u0131nda de\u011fil, onun i\u00e7inde \u2014 \u00f6rt\u00fcyle birlikte a\u00e7\u0131lan bir birlik olarak kavrar.<\/span><br \/>\n<span style=\"color: #000000;\">D\u00fc\u015f\u00fcnmek, Logos\u2019un sessizli\u011finde duyulan \u00f6l\u00e7\u00fcd\u00fcr.<\/span><\/p>\n<p>&nbsp;<\/p>\n<p><span style=\"color: #000000;\"><strong>Purpose of the Seminar<\/strong><\/span><\/p>\n<p><span style=\"color: #000000;\">The eleventh seminar concludes the Heraclitus cycle and prepares the transition to Parmenides. O\u011fuz Ha\u015flako\u011flu examines how <em>logos<\/em>, as both sign and concealment, bridges language and truth. The session explores how meaning is not revealed by speech but lives within it \u2014 how the path from Heraclitus to Parmenides unfolds through the unity of truth, language, and being.<\/span><\/p>\n<p><span style=\"color: #000000;\"><strong>Main Themes<\/strong><\/span><\/p>\n<ol>\n<li><span style=\"color: #000000;\"><strong> Logos, Sign, and Prophecy<\/strong><\/span><\/li>\n<\/ol>\n<p><span style=\"color: #000000;\">\u201cThe oracle neither speaks nor conceals, but gives a sign.\u201d<\/span><br \/>\n<span style=\"color: #000000;\">For Ha\u015flako\u011flu, this phrase captures the ontological essence of language: it neither represents nor describes being but coexists with it. Logos is not a static law but a living movement of expression.<\/span><\/p>\n<ol start=\"2\">\n<li><span style=\"color: #000000;\"><strong> Knowledge and the Limits of Science<\/strong><\/span><\/li>\n<\/ol>\n<p><span style=\"color: #000000;\">Modern science, in isolating the observer, forgets that knowing is participation. In Heraclitus\u2019 open cosmos, the observer belongs to the process. Truth arises through relation, not distance \u2014 a principle that anticipates both quantum theory and phenomenology.<\/span><\/p>\n<ol start=\"3\">\n<li><span style=\"color: #000000;\"><strong> The Living Logos<\/strong><\/span><\/li>\n<\/ol>\n<p><span style=\"color: #000000;\">\u201cThe soul has a self-growing Logos.\u201d<\/span><br \/>\n<span style=\"color: #000000;\">This living principle unites thought and life. Knowledge is not accumulation but deepening participation in being\u2019s rhythm.<\/span><\/p>\n<ol start=\"4\">\n<li><span style=\"color: #000000;\"><strong> Physis and Aletheia<\/strong><\/span><\/li>\n<\/ol>\n<p><span style=\"color: #000000;\">\u201cNature loves to hide.\u201d Truth reveals itself through concealment. This tension between hiddenness and disclosure prefigures Parmenides\u2019 doctrine of unity: being is one, not as immobility but as the stillness within becoming.<\/span><\/p>\n<ol start=\"5\">\n<li><span style=\"color: #000000;\"><strong> Ethos and Cosmic Justice<\/strong><\/span><\/li>\n<\/ol>\n<p><span style=\"color: #000000;\">\u201cCharacter is destiny.\u201d Justice (<em>Dike<\/em>) is the measure of harmony between human and cosmos. Ethical life is participation in the order of Logos \u2014 an inner alignment with universal proportion.<\/span><\/p>\n<p><span style=\"color: #000000;\"><strong>Conclusion<\/strong><\/span><\/p>\n<p><span style=\"color: #000000;\">The eleventh seminar closes the Heraclitus studies by revealing the Logos as the living bridge between concealment and being. Through language, the world both hides and discloses itself. In Ha\u015flako\u011flu\u2019s reading, Heraclitus\u2019 \u201chidden nature\u201d and Parmenides\u2019 \u201cone being\u201d converge in the same insight:<\/span><br \/>\n<span style=\"color: #000000;\">Truth is not outside change but within it \u2014 revealed by the measure of silence.<\/span><\/p>\n<p>&nbsp;<\/p>\n","protected":false},"excerpt":{"rendered":"<p>O\u011eUZ HA\u015eLAKO\u011eLU, HERAKLE\u0130TOS VE PARMEN\u0130DES AT\u00d6LYES\u0130 11. SEM\u0130NER \u00d6ZET\u0130 Seminerin [&hellip;]<\/p>\n","protected":false},"author":1,"featured_media":0,"parent":0,"menu_order":0,"comment_status":"closed","ping_status":"closed","template":"","meta":{"footnotes":""},"class_list":["post-7586","page","type-page","status-publish","hentry"],"jetpack_sharing_enabled":true,"_links":{"self":[{"href":"https:\/\/klasikdusunceokulu.com\/index.php\/wp-json\/wp\/v2\/pages\/7586","targetHints":{"allow":["GET"]}}],"collection":[{"href":"https:\/\/klasikdusunceokulu.com\/index.php\/wp-json\/wp\/v2\/pages"}],"about":[{"href":"https:\/\/klasikdusunceokulu.com\/index.php\/wp-json\/wp\/v2\/types\/page"}],"author":[{"embeddable":true,"href":"https:\/\/klasikdusunceokulu.com\/index.php\/wp-json\/wp\/v2\/users\/1"}],"replies":[{"embeddable":true,"href":"https:\/\/klasikdusunceokulu.com\/index.php\/wp-json\/wp\/v2\/comments?post=7586"}],"version-history":[{"count":1,"href":"https:\/\/klasikdusunceokulu.com\/index.php\/wp-json\/wp\/v2\/pages\/7586\/revisions"}],"predecessor-version":[{"id":7587,"href":"https:\/\/klasikdusunceokulu.com\/index.php\/wp-json\/wp\/v2\/pages\/7586\/revisions\/7587"}],"wp:attachment":[{"href":"https:\/\/klasikdusunceokulu.com\/index.php\/wp-json\/wp\/v2\/media?parent=7586"}],"curies":[{"name":"wp","href":"https:\/\/api.w.org\/{rel}","templated":true}]}}