{"id":7598,"date":"2025-11-16T20:48:36","date_gmt":"2025-11-16T17:48:36","guid":{"rendered":"https:\/\/klasikdusunceokulu.com\/?page_id=7598"},"modified":"2025-11-16T20:48:36","modified_gmt":"2025-11-16T17:48:36","slug":"oguz-haslakoglu-herakleitos-ve-parmenides-atolyesi-17-seminer-ozeti","status":"publish","type":"page","link":"https:\/\/klasikdusunceokulu.com\/index.php\/oguz-haslakoglu-herakleitos-ve-parmenides-atolyesi-17-seminer-ozeti\/","title":{"rendered":"O\u011eUZ HA\u015eLAKO\u011eLU, HERAKLE\u0130TOS VE PARMEN\u0130DES AT\u00d6LYES\u0130 17. SEM\u0130NER \u00d6ZET\u0130"},"content":{"rendered":"<p><span style=\"color: #000000;\"><strong>O\u011eUZ HA\u015eLAKO\u011eLU, HERAKLE\u0130TOS VE PARMEN\u0130DES AT\u00d6LYES\u0130 17. SEM\u0130NER \u00d6ZET\u0130<\/strong><\/span><\/p>\n<p><span style=\"color: #000000;\"><strong>Seminerin Amac\u0131<\/strong><\/span><\/p>\n<p><span style=\"color: #000000;\">On yedinci seminer, Parmenides\u2019in d\u00fc\u015f\u00fcncesinde \u201ctek yol\u201d anlay\u0131\u015f\u0131n\u0131n mant\u0131ksal, ontolojik ve epistemolojik sonu\u00e7lar\u0131n\u0131 ele al\u0131r. O\u011fuz Ha\u015flako\u011flu bu seminerde, Parmenides\u2019in \u201cvar olan vard\u0131r\u201d \u00f6nermesinin sadece ontolojik bir ilke de\u011fil, ayn\u0131 zamanda d\u00fc\u015f\u00fcncenin zorunlu yap\u0131s\u0131 oldu\u011funu vurgular. Seminerin amac\u0131, varl\u0131k ile d\u00fc\u015f\u00fcncenin \u00f6zde\u015fli\u011finden do\u011fan \u201chakikat d\u00fc\u015f\u00fcncesi\u201dni, mitik anlat\u0131dan mant\u0131ksal s\u00f6yleme ge\u00e7i\u015f ba\u011flam\u0131nda tart\u0131\u015fmakt\u0131r.<\/span><\/p>\n<p><span style=\"color: #000000;\"><strong>Ana Temalar<\/strong><\/span><\/p>\n<ol>\n<li><span style=\"color: #000000;\"><strong> Hakikat ve D\u00fc\u015f\u00fcncenin Tek Yolu<\/strong><\/span><\/li>\n<\/ol>\n<p><span style=\"color: #000000;\">Seminer, Parmenides\u2019in <em>B8 fragman\u0131<\/em> \u00fczerine odaklan\u0131r: \u201cVarl\u0131k vard\u0131r ve var olmayan yoktur.\u201d Bu ifade, d\u00fc\u015f\u00fcnmenin yaln\u0131zca bir tek yoldan ilerleyebilece\u011fini dile getirir: varl\u0131\u011f\u0131n yolundan. Ha\u015flako\u011flu, bu c\u00fcmlenin felsefe tarihinde ilk defa d\u00fc\u015f\u00fcncenin s\u0131n\u0131rlar\u0131n\u0131 \u00e7izdi\u011fini s\u00f6yler. D\u00fc\u015f\u00fcnmek, art\u0131k rastlant\u0131sal bir eylem de\u011fil, varl\u0131\u011fa uygun bir zorunluluktur. Hakikat, varl\u0131\u011f\u0131n kendisiyle \u00f6zde\u015f olan d\u00fc\u015f\u00fcnmede ortaya \u00e7\u0131kar.<\/span><\/p>\n<ol start=\"2\">\n<li><span style=\"color: #000000;\"><strong> \u0130ki Yolun Ayr\u0131m\u0131: Doxa ve Aletheia<\/strong><\/span><\/li>\n<\/ol>\n<p><span style=\"color: #000000;\">Parmenides\u2019in metninde hakikat (aletheia) ile san\u0131 (doxa) iki ayr\u0131 bilgi yolu olarak belirir. Hakikatin yolu, \u201cvar olan\u0131n yolu\u201ddur; doxan\u0131n yolu ise g\u00f6r\u00fcn\u00fc\u015fe, san\u0131ya ve yan\u0131lsamaya dayan\u0131r. Ha\u015flako\u011flu, bu iki yolun ayr\u0131m\u0131n\u0131n sadece bilgi kuram\u0131 a\u00e7\u0131s\u0131ndan de\u011fil, varl\u0131k anlay\u0131\u015f\u0131 bak\u0131m\u0131ndan da belirleyici oldu\u011funu vurgular. \u00c7\u00fcnk\u00fc doxa, \u00e7oklukla; aletheia ise birlikle ilgilidir. Bu ayr\u0131m, felsefenin bilgelikten bilgiye d\u00f6n\u00fc\u015f\u00fcm\u00fcn\u00fc ba\u015flat\u0131r.<\/span><\/p>\n<ol start=\"3\">\n<li><span style=\"color: #000000;\"><strong> S\u00f6z ve Sessizlik Aras\u0131nda: Logos\u2019un Disiplini<\/strong><\/span><\/li>\n<\/ol>\n<p><span style=\"color: #000000;\">Parmenides\u2019te d\u00fc\u015f\u00fcncenin yolu ayn\u0131 zamanda dilin yoludur. Ancak bu dil, s\u0131radan bir s\u00f6ylem de\u011fil, logos\u2019un kendisidir. Hakikati dile getiren logos, \u00f6l\u00e7\u00fcs\u00fcz konu\u015fmay\u0131 d\u0131\u015flar. Bu nedenle sessizlik, logos\u2019un ko\u015fuludur. Ha\u015flako\u011flu, \u201cParmenides\u2019te konu\u015fmak, ancak susmay\u0131 bilenin i\u015fidir\u201d derken, felsefi dilin etik bir disiplinle kuruldu\u011funu ima eder. S\u00f6z, d\u00fc\u015f\u00fcncenin ta\u015f\u0131y\u0131c\u0131s\u0131 oldu\u011fu kadar onun muhaf\u0131z\u0131d\u0131r da.<\/span><\/p>\n<ol start=\"4\">\n<li><span style=\"color: #000000;\"><strong> Semata ve D\u00fc\u015f\u00fcncenin \u0130zleri<\/strong><\/span><\/li>\n<\/ol>\n<p><span style=\"color: #000000;\">Semata, yani \u201ci\u015faretler\u201d, Parmenides\u2019in d\u00fc\u015f\u00fcncesinde hem dilin hem de varl\u0131\u011f\u0131n yap\u0131ta\u015flar\u0131n\u0131 olu\u015fturur. Her i\u015faret, varl\u0131\u011f\u0131n bir izi olarak okunmal\u0131d\u0131r. Ha\u015flako\u011flu, bu yap\u0131n\u0131n modern d\u00fc\u015f\u00fcncede semiyolojiye d\u00f6n\u00fc\u015ft\u00fc\u011f\u00fcn\u00fc, fakat k\u00f6keninin Parmenides\u2019te bulundu\u011funu ifade eder. Dil, varl\u0131\u011f\u0131 temsil etmez; aksine, varl\u0131k kendini dilde i\u015faretler arac\u0131l\u0131\u011f\u0131yla a\u00e7ar. Bu y\u00fczden d\u00fc\u015f\u00fcnmek, bir \u201ciz s\u00fcrme\u201d etkinli\u011fidir.<\/span><\/p>\n<ol start=\"5\">\n<li><span style=\"color: #000000;\"><strong> Birlik, \u00d6zde\u015flik ve Zaman D\u0131\u015f\u0131 Hakikat<\/strong><\/span><\/li>\n<\/ol>\n<p><span style=\"color: #000000;\">Parmenides\u2019in ontolojisi mutlak bir birlik ilkesine dayan\u0131r. \u201cVarl\u0131k birdir\u201d \u00f6nermesi, hem \u00e7oklu\u011fu hem de de\u011fi\u015fimi d\u0131\u015flar. Zaman burada ask\u0131ya al\u0131n\u0131r; ge\u00e7mi\u015f, \u015fimdi ve gelecek ayn\u0131 d\u00fczlemde bulunur. Ha\u015flako\u011flu\u2019na g\u00f6re bu, hakikatin \u201czaman-d\u0131\u015f\u0131 a\u00e7\u0131kl\u0131\u011f\u0131\u201dn\u0131 g\u00f6sterir. Hakikat, zamansal bir olay de\u011fil, s\u00fcrekli bir mevcudiyet halidir. Felsefe, bu mevcudiyeti idrak etmenin ad\u0131d\u0131r.<\/span><\/p>\n<ol start=\"6\">\n<li><span style=\"color: #000000;\"><strong> Varl\u0131\u011f\u0131n Mant\u0131ksal Yap\u0131s\u0131<\/strong><\/span><\/li>\n<\/ol>\n<p><span style=\"color: #000000;\">Seminerin bir di\u011fer vurgusu, Parmenides\u2019in ontolojisinin ayn\u0131 zamanda mant\u0131\u011f\u0131n do\u011fu\u015f noktas\u0131 oldu\u011fudur. \u201cYa vard\u0131r ya yoktur\u201d ilkesi, \u00f6zde\u015flik ve \u00e7eli\u015fmezlik yasalar\u0131n\u0131n temelini olu\u015fturur. Ha\u015flako\u011flu, bu ilkenin daha sonra Aristoteles taraf\u0131ndan bi\u00e7imsel hale getirildi\u011fini, fakat \u00f6z\u00fcn\u00fcn ontolojik kald\u0131\u011f\u0131n\u0131 belirtir. Mant\u0131k, burada d\u00fc\u015f\u00fcncenin de\u011fil, varl\u0131\u011f\u0131n d\u00fczenidir.<\/span><\/p>\n<ol start=\"7\">\n<li><span style=\"color: #000000;\"><strong> Bilgelik, Erdem ve Ontolojik Sorumluluk<\/strong><\/span><\/li>\n<\/ol>\n<p><span style=\"color: #000000;\">Seminerin sonunda Ha\u015flako\u011flu, Parmenides\u2019in d\u00fc\u015f\u00fcncesini etik bir d\u00fczleme ta\u015f\u0131r. Bilgelik, varl\u0131\u011f\u0131n hakikatine uygun ya\u015famakt\u0131r. Erdem, varl\u0131\u011fa kar\u015f\u0131 sorumluluk bilincidir. Hakikati bilmek, ayn\u0131 zamanda ona g\u00f6re eylemde bulunmakt\u0131r. Bu nedenle Parmenides\u2019te felsefe, yaln\u0131zca teorik bir etkinlik de\u011fil, ontolojik bir duru\u015ftur.<\/span><\/p>\n<p><span style=\"color: #000000;\"><strong>Sonu\u00e7<\/strong><\/span><\/p>\n<p><span style=\"color: #000000;\">On yedinci seminer, Parmenides\u2019in \u201chakikatin yolu\u201d kavray\u0131\u015f\u0131n\u0131, felsefi d\u00fc\u015f\u00fcncenin yap\u0131sal ba\u015flang\u0131c\u0131 olarak ele al\u0131r. D\u00fc\u015f\u00fcnmek, varl\u0131\u011f\u0131n yolunda y\u00fcr\u00fcmektir; bu yoldan sapmak, yan\u0131lsaman\u0131n alan\u0131na d\u00fc\u015fmektir. O\u011fuz Ha\u015flako\u011flu\u2019na g\u00f6re Parmenides\u2019in a\u00e7t\u0131\u011f\u0131 bu yol, felsefenin hem temelini hem de s\u0131n\u0131r\u0131n\u0131 olu\u015fturur:<\/span><br \/>\n<span style=\"color: #000000;\">\u201cHakikat, d\u00fc\u015f\u00fcnmenin varl\u0131kla \u00f6zde\u015fli\u011finde a\u00e7\u0131l\u0131r; filozofya, bu a\u00e7\u0131kl\u0131\u011f\u0131 s\u00fcrd\u00fcrme gayretidir.\u201d<\/span><\/p>\n<p><span style=\"color: #000000;\"><strong>\u00a0<\/strong><\/span><\/p>\n<p><span style=\"color: #000000;\"><strong>Purpose of the Seminar<\/strong><\/span><\/p>\n<p><span style=\"color: #000000;\">The seventeenth seminar explores the logical and ontological implications of Parmenides\u2019 notion of \u201cthe single path.\u201d O\u011fuz Ha\u015flako\u011flu emphasizes that the statement \u201cwhat is, is\u201d is not merely an ontological claim but a necessity of thought itself. The seminar aims to trace how the identity of being and thinking gives rise to the concept of truth (<em>aletheia<\/em>) and marks the transition from mythic narration to logical discourse.<\/span><\/p>\n<p><span style=\"color: #000000;\"><strong>Main Themes<\/strong><\/span><\/p>\n<ol>\n<li><span style=\"color: #000000;\"><strong> The Sole Path of Truth<\/strong><\/span><\/li>\n<\/ol>\n<p><span style=\"color: #000000;\">Focusing on fragment B8, the seminar asserts that there is only one path for thinking \u2014 the path of being. This marks the first explicit limitation of thought in philosophy. To think is to follow being itself; truth appears only within this path.<\/span><\/p>\n<ol start=\"2\">\n<li><span style=\"color: #000000;\"><strong> Doxa and Aletheia<\/strong><\/span><\/li>\n<\/ol>\n<p><span style=\"color: #000000;\">Parmenides distinguishes between the way of truth (<em>aletheia<\/em>) and the way of opinion (<em>doxa<\/em>). Truth pertains to unity and necessity, while opinion concerns multiplicity and appearance. This separation inaugurates the shift from wisdom (<em>sophia<\/em>) to systematic knowledge (<em>episteme<\/em>).<\/span><\/p>\n<ol start=\"3\">\n<li><span style=\"color: #000000;\"><strong> Speech, Silence, and Logos<\/strong><\/span><\/li>\n<\/ol>\n<p><span style=\"color: #000000;\">Thinking in Parmenides is inseparable from speaking, yet speech requires silence. Logos is not mere expression but disciplined articulation. True discourse is ethical; to speak rightly, one must first know how to be silent.<\/span><\/p>\n<ol start=\"4\">\n<li><span style=\"color: #000000;\"><strong> Semata: Traces of Thought<\/strong><\/span><\/li>\n<\/ol>\n<p><span style=\"color: #000000;\">\u201cSemata\u201d \u2014 signs or traces \u2014 form the foundation of both language and being. Each sign manifests being itself. Thought thus becomes a form of tracing, where language reveals rather than represents reality.<\/span><\/p>\n<ol start=\"5\">\n<li><span style=\"color: #000000;\"><strong> Unity and Timeless Truth<\/strong><\/span><\/li>\n<\/ol>\n<p><span style=\"color: #000000;\">Being is one and unchanging. Time dissolves within the unity of existence; past and future collapse into an eternal present. Truth, therefore, is not a temporal event but a continuous presence.<\/span><\/p>\n<ol start=\"6\">\n<li><span style=\"color: #000000;\"><strong> The Logical Structure of Being<\/strong><\/span><\/li>\n<\/ol>\n<p><span style=\"color: #000000;\">Parmenides\u2019 principle \u201cwhat is, is\u201d prefigures the laws of identity and non-contradiction. Logic, in this sense, arises not from thought but from the very structure of being.<\/span><\/p>\n<ol start=\"7\">\n<li><span style=\"color: #000000;\"><strong> Wisdom and Ontological Responsibility<\/strong><\/span><\/li>\n<\/ol>\n<p><span style=\"color: #000000;\">Wisdom lies in living according to the truth of being. To know truth is to act in harmony with it. Philosophy thus becomes an ethical commitment: to remain faithful to the openness of being.<\/span><\/p>\n<p><span style=\"color: #000000;\"><strong>Conclusion<\/strong><\/span><\/p>\n<p><span style=\"color: #000000;\">The seventeenth seminar presents Parmenides\u2019 \u201cway of truth\u201d as the structural foundation of philosophy itself. Thought coincides with being, and this coincidence defines the meaning of truth. Philosophy, as Ha\u015flako\u011flu emphasizes, is nothing other than the sustained effort to dwell in the openness of being.<\/span><\/p>\n<p>&nbsp;<\/p>\n","protected":false},"excerpt":{"rendered":"<p>O\u011eUZ HA\u015eLAKO\u011eLU, HERAKLE\u0130TOS VE PARMEN\u0130DES AT\u00d6LYES\u0130 17. SEM\u0130NER \u00d6ZET\u0130 Seminerin [&hellip;]<\/p>\n","protected":false},"author":1,"featured_media":0,"parent":0,"menu_order":0,"comment_status":"closed","ping_status":"closed","template":"","meta":{"footnotes":""},"class_list":["post-7598","page","type-page","status-publish","hentry"],"jetpack_sharing_enabled":true,"_links":{"self":[{"href":"https:\/\/klasikdusunceokulu.com\/index.php\/wp-json\/wp\/v2\/pages\/7598","targetHints":{"allow":["GET"]}}],"collection":[{"href":"https:\/\/klasikdusunceokulu.com\/index.php\/wp-json\/wp\/v2\/pages"}],"about":[{"href":"https:\/\/klasikdusunceokulu.com\/index.php\/wp-json\/wp\/v2\/types\/page"}],"author":[{"embeddable":true,"href":"https:\/\/klasikdusunceokulu.com\/index.php\/wp-json\/wp\/v2\/users\/1"}],"replies":[{"embeddable":true,"href":"https:\/\/klasikdusunceokulu.com\/index.php\/wp-json\/wp\/v2\/comments?post=7598"}],"version-history":[{"count":1,"href":"https:\/\/klasikdusunceokulu.com\/index.php\/wp-json\/wp\/v2\/pages\/7598\/revisions"}],"predecessor-version":[{"id":7599,"href":"https:\/\/klasikdusunceokulu.com\/index.php\/wp-json\/wp\/v2\/pages\/7598\/revisions\/7599"}],"wp:attachment":[{"href":"https:\/\/klasikdusunceokulu.com\/index.php\/wp-json\/wp\/v2\/media?parent=7598"}],"curies":[{"name":"wp","href":"https:\/\/api.w.org\/{rel}","templated":true}]}}