{"id":7602,"date":"2025-11-16T20:55:55","date_gmt":"2025-11-16T17:55:55","guid":{"rendered":"https:\/\/klasikdusunceokulu.com\/?page_id=7602"},"modified":"2025-11-16T20:55:55","modified_gmt":"2025-11-16T17:55:55","slug":"oguz-haslakoglu-herakleitos-ve-parmenides-atolyesi-19-seminer-ozeti","status":"publish","type":"page","link":"https:\/\/klasikdusunceokulu.com\/index.php\/oguz-haslakoglu-herakleitos-ve-parmenides-atolyesi-19-seminer-ozeti\/","title":{"rendered":"O\u011eUZ HA\u015eLAKO\u011eLU, HERAKLE\u0130TOS VE PARMEN\u0130DES AT\u00d6LYES\u0130 19. SEM\u0130NER \u00d6ZET\u0130"},"content":{"rendered":"<p><span style=\"color: #000000;\"><strong>O\u011eUZ HA\u015eLAKO\u011eLU, HERAKLE\u0130TOS VE PARMEN\u0130DES AT\u00d6LYES\u0130 19. SEM\u0130NER \u00d6ZET\u0130<\/strong><\/span><\/p>\n<p><span style=\"color: #000000;\"><strong>Dersin Amac\u0131<\/strong><\/span><\/p>\n<p><span style=\"color: #000000;\">Bu seminerin amac\u0131, Herakleitos ve Parmenides\u2019in hakikat, g\u00f6r\u00fcn\u00fc\u015f, ak\u0131l, duyum, de\u011fi\u015fim ve varl\u0131k anlay\u0131\u015flar\u0131n\u0131 kar\u015f\u0131la\u015ft\u0131rmal\u0131 bi\u00e7imde ele alarak hakikatin nas\u0131l kavrand\u0131\u011f\u0131, nas\u0131l gizlendi\u011fi ve nas\u0131l ortaya \u00e7\u0131kt\u0131\u011f\u0131na ili\u015fkin farkl\u0131 metafizik yakla\u015f\u0131mlar\u0131 a\u00e7\u0131klamakt\u0131r. Seminer, \u00f6zellikle Herakleitos\u2019un \u201chakikatin kendine gizli oldu\u011fu\u201d fikri ile Parmenides\u2019in \u201chakikatin de\u011fi\u015fmez bir b\u00fct\u00fcn oldu\u011fu\u201d anlay\u0131\u015f\u0131 aras\u0131nda temellendirilen felsef\u00ee gerilimi detayland\u0131rmay\u0131 ama\u00e7lar.<\/span><\/p>\n<p><span style=\"color: #000000;\"><strong>Ana Temalar<\/strong><\/span><\/p>\n<ol>\n<li><span style=\"color: #000000;\"><strong>Hakikatin Kendine Gizli Olmas\u0131 ve Bilinemezlik Sorunu<\/strong><\/span><br \/>\n<span style=\"color: #000000;\">Herakleitos\u2019un \u201chakikat kendine gizlidir\u201d d\u00fc\u015f\u00fcncesi, hakikatin do\u011fas\u0131 gere\u011fi sakl\u0131 olu\u015funa ve s\u0131radan bilincin onu do\u011frudan kavrayamamas\u0131na i\u015faret eder. Bu tema, hakikatin ortaya \u00e7\u0131k\u0131\u015f\u0131n\u0131n bir t\u00fcr \u00e7abayla, uyan\u0131kl\u0131kla ve kavray\u0131\u015f d\u00f6n\u00fc\u015f\u00fcm\u00fcyle m\u00fcmk\u00fcn oldu\u011funu a\u00e7\u0131klar.<\/span><\/li>\n<li><span style=\"color: #000000;\"><strong>G\u00f6r\u00fcn\u00fc\u015f ile Ger\u00e7eklik Aras\u0131ndaki Ayr\u0131m<\/strong><\/span><br \/>\n<span style=\"color: #000000;\">Seminerde g\u00f6r\u00fcn\u00fc\u015flerin hakikati \u00f6rtmesi, hatta \u00e7o\u011fu zaman hakikati tersine \u00e7evirmesi \u00fczerinde durulur. Duyular\u0131n sundu\u011fu d\u00fcnyan\u0131n g\u00fcvenilir olmad\u0131\u011f\u0131; ger\u00e7ekli\u011fin ak\u0131l yoluyla kavranabilece\u011fi vurgulan\u0131r. Bu \u00e7er\u00e7eve hem Herakleitos\u2019un \u00e7oklu\u011fun ard\u0131ndaki birlik anlay\u0131\u015f\u0131n\u0131 hem de Parmenides\u2019in duyumlar\u0131 t\u00fcmden reddetmesini anlamak i\u00e7in temel olu\u015fturur.<\/span><\/li>\n<li><span style=\"color: #000000;\"><strong>De\u011fi\u015fim, S\u00fcreklilik ve Birli\u011fin Diyalekti\u011fi<\/strong><\/span><br \/>\n<span style=\"color: #000000;\">Herakleitos&#8217;un de\u011fi\u015fim \u00f6\u011fretisi (\u201cayn\u0131 \u0131rma\u011fa iki kez girilemez\u201d) ile Parmenides\u2019in de\u011fi\u015fimi imk\u00e2ns\u0131z sayan varl\u0131k anlay\u0131\u015f\u0131 kar\u015f\u0131 kar\u015f\u0131ya getirilir. Bu tema, de\u011fi\u015fimin g\u00f6r\u00fcn\u00fc\u015fte mi yoksa ger\u00e7eklikte mi bulundu\u011fu ve birli\u011fin de\u011fi\u015fimle nas\u0131l ba\u011fda\u015ft\u0131\u011f\u0131 \u00fczerine yo\u011funla\u015f\u0131r.<\/span><\/li>\n<li><span style=\"color: #000000;\"><strong>Ak\u0131l ve Kavrama Yetisinin Konumu<\/strong><\/span><br \/>\n<span style=\"color: #000000;\">Her iki d\u00fc\u015f\u00fcn\u00fcr i\u00e7in hakikatin ancak ak\u0131l yoluyla eri\u015filebilir oldu\u011fu belirtilir. Ancak akl\u0131n i\u015flevi farkl\u0131d\u0131r: Herakleitos i\u00e7in ak\u0131l, \u00e7oklu\u011fun ard\u0131ndaki d\u00fczeni (logosu) kavramay\u0131 sa\u011flar; Parmenides i\u00e7in ise ak\u0131l, de\u011fi\u015fmez varl\u0131\u011f\u0131n bilgisine ula\u015ft\u0131r\u0131r. Bu kar\u015f\u0131tl\u0131k, hakikate y\u00f6nelen d\u00fc\u015f\u00fcncenin s\u0131n\u0131rlar\u0131n\u0131 g\u00f6sterir.<\/span><\/li>\n<li><span style=\"color: #000000;\"><strong>Dil, Anlam ve Hakikatin \u0130fadesi<\/strong><\/span><br \/>\n<span style=\"color: #000000;\">Seminerde hakikatin dilde nas\u0131l ifade edildi\u011fi tart\u0131\u015f\u0131l\u0131r. Herakleitos\u2019un aforizmaya yak\u0131n, \u00e7ok katmanl\u0131 dili ile Parmenides\u2019in uzun \u015fiirsel s\u00f6ylemi kar\u015f\u0131la\u015ft\u0131r\u0131l\u0131r. Dilin hem a\u00e7\u0131klay\u0131c\u0131 hem de gizleyici y\u00f6n\u00fc ele al\u0131narak hakikatin dile aktar\u0131lmas\u0131n\u0131n zorlu\u011fu vurgulan\u0131r.<\/span><\/li>\n<li><span style=\"color: #000000;\"><strong>Yan\u0131lsama, Bilin\u00e7 ve Ayd\u0131nlanma S\u00fcreci<\/strong><\/span><br \/>\n<span style=\"color: #000000;\">Hakikate ula\u015fma \u00e7abas\u0131n\u0131n, bilin\u00e7te bir d\u00f6n\u00fc\u015f\u00fcm gerektirdi\u011fi konu\u015fulur. \u0130nsan, yan\u0131lsamalar\u0131n i\u00e7inden ge\u00e7ti\u011fi \u00f6l\u00e7\u00fcde hakikate yakla\u015f\u0131r; Herakleitos\u2019ta bu \u00e7aba logosla uyum sa\u011flama, Parmenides\u2019te ise yan\u0131lsamay\u0131 t\u00fcm\u00fcyle terk ederek varl\u0131\u011f\u0131n bilgisine eri\u015fme \u015feklinde ortaya \u00e7\u0131kar.<\/span><\/li>\n<\/ol>\n<p><span style=\"color: #000000;\"><strong>Sonu\u00e7<\/strong><\/span><\/p>\n<p><span style=\"color: #000000;\">Bu seminer, Herakleitos ve Parmenides\u2019in hakikat, g\u00f6r\u00fcn\u00fc\u015f, ak\u0131l ve de\u011fi\u015fim konusundaki yakla\u015f\u0131mlar\u0131n\u0131 kar\u015f\u0131la\u015ft\u0131rmal\u0131 bir bi\u00e7imde inceleyerek antik metafizik d\u00fc\u015f\u00fcncenin temel gerilimlerini ortaya koymu\u015ftur. Hakikatin kendine gizlili\u011fi, duyumun g\u00fcvenilmezli\u011fi, akl\u0131n a\u00e7\u0131klay\u0131c\u0131 g\u00fcc\u00fc ve varl\u0131\u011f\u0131n b\u00fct\u00fcnl\u00fc\u011f\u00fc gibi kavramlar \u00fczerinden \u00f6\u011frencinin felsef\u00ee kavray\u0131\u015f\u0131n\u0131n derinle\u015fmesi ama\u00e7lanm\u0131\u015ft\u0131r.<\/span><\/p>\n<p>&nbsp;<\/p>\n<p><span style=\"color: #000000;\"><strong>Purpose of the Lesson<\/strong><\/span><\/p>\n<p><span style=\"color: #000000;\">The purpose of this seminar is to analyze the perspectives of Heraclitus and Parmenides on truth, appearance, intellect, perception, change, and being. It aims to clarify how truth can remain concealed, how it becomes accessible, and how each thinker constructs a different metaphysical framework regarding the relation between thought and reality.<\/span><\/p>\n<p><span style=\"color: #000000;\"><strong>Main Themes<\/strong><\/span><\/p>\n<ol>\n<li><span style=\"color: #000000;\"><strong>The Hidden Nature of Truth and the Problem of Knowing<\/strong><\/span><br \/>\n<span style=\"color: #000000;\">Heraclitus\u2019 claim that \u201ctruth hides itself\u201d suggests that reality is intrinsically concealed and cannot be fully grasped by ordinary consciousness. This theme emphasizes that reaching truth requires intellectual effort, transformation, and vigilance.<\/span><\/li>\n<li><span style=\"color: #000000;\"><strong>The Distinction Between Appearance and Reality<\/strong><\/span><br \/>\n<span style=\"color: #000000;\">The seminar discusses how appearances obscure or distort truth and how sensory experience often misleads. True reality, therefore, must be approached through reason. This distinction explains both Heraclitus\u2019 search for unity beneath multiplicity and Parmenides\u2019 rejection of sensory knowledge.<\/span><\/li>\n<li><span style=\"color: #000000;\"><strong>Change, Permanence, and the Dialectic of Unity<\/strong><\/span><br \/>\n<span style=\"color: #000000;\">Heraclitus&#8217; doctrine of constant change is contrasted with Parmenides&#8217; claim that change is impossible. This theme explores whether change belongs to appearance or reality, and how unity can coexist with alteration.<\/span><\/li>\n<li><span style=\"color: #000000;\"><strong>The Role of Intellect and the Act of Understanding<\/strong><\/span><br \/>\n<span style=\"color: #000000;\">For both thinkers, truth is attainable only through intellect. Yet the function of intellect differs: for Heraclitus it reveals the order (logos) underlying flux, while for Parmenides it discloses the immutable being. This contrast highlights the limits and powers of rational inquiry.<\/span><\/li>\n<li><span style=\"color: #000000;\"><strong>Language, Meaning, and the Expression of Truth<\/strong><\/span><br \/>\n<span style=\"color: #000000;\">The seminar examines how truth is expressed in language. Heraclitus\u2019 dense, multi-layered fragments and Parmenides\u2019 extended poetic discourse show different attempts to articulate what is ultimately difficult to state. Language functions both as a medium of clarity and a source of concealment.<\/span><\/li>\n<li><span style=\"color: #000000;\"><strong>Illusion, Consciousness, and the Path to Insight<\/strong><\/span><br \/>\n<span style=\"color: #000000;\">The process of reaching truth requires a transformation of consciousness. For Heraclitus, this means aligning oneself with the logos; for Parmenides, abandoning illusion entirely to reach the knowledge of being. Truth becomes accessible only by passing through and overcoming illusion.<\/span><\/li>\n<\/ol>\n<p><span style=\"color: #000000;\"><strong>Conclusion<\/strong><\/span><\/p>\n<p><span style=\"color: #000000;\">This seminar presents a comparative analysis of Heraclitus and Parmenides, highlighting fundamental tensions in ancient metaphysics concerning truth, perception, intellect, and being. Through these explorations, the student gains a deeper understanding of how early Greek thinkers approached the structure of reality and the conditions for genuine knowledge.<\/span><\/p>\n<p>&nbsp;<\/p>\n","protected":false},"excerpt":{"rendered":"<p>O\u011eUZ HA\u015eLAKO\u011eLU, HERAKLE\u0130TOS VE PARMEN\u0130DES AT\u00d6LYES\u0130 19. SEM\u0130NER \u00d6ZET\u0130 Dersin [&hellip;]<\/p>\n","protected":false},"author":1,"featured_media":0,"parent":0,"menu_order":0,"comment_status":"closed","ping_status":"closed","template":"","meta":{"footnotes":""},"class_list":["post-7602","page","type-page","status-publish","hentry"],"jetpack_sharing_enabled":true,"_links":{"self":[{"href":"https:\/\/klasikdusunceokulu.com\/index.php\/wp-json\/wp\/v2\/pages\/7602","targetHints":{"allow":["GET"]}}],"collection":[{"href":"https:\/\/klasikdusunceokulu.com\/index.php\/wp-json\/wp\/v2\/pages"}],"about":[{"href":"https:\/\/klasikdusunceokulu.com\/index.php\/wp-json\/wp\/v2\/types\/page"}],"author":[{"embeddable":true,"href":"https:\/\/klasikdusunceokulu.com\/index.php\/wp-json\/wp\/v2\/users\/1"}],"replies":[{"embeddable":true,"href":"https:\/\/klasikdusunceokulu.com\/index.php\/wp-json\/wp\/v2\/comments?post=7602"}],"version-history":[{"count":1,"href":"https:\/\/klasikdusunceokulu.com\/index.php\/wp-json\/wp\/v2\/pages\/7602\/revisions"}],"predecessor-version":[{"id":7603,"href":"https:\/\/klasikdusunceokulu.com\/index.php\/wp-json\/wp\/v2\/pages\/7602\/revisions\/7603"}],"wp:attachment":[{"href":"https:\/\/klasikdusunceokulu.com\/index.php\/wp-json\/wp\/v2\/media?parent=7602"}],"curies":[{"name":"wp","href":"https:\/\/api.w.org\/{rel}","templated":true}]}}