{"id":7692,"date":"2025-11-18T01:49:13","date_gmt":"2025-11-17T22:49:13","guid":{"rendered":"https:\/\/klasikdusunceokulu.com\/?page_id=7692"},"modified":"2025-11-18T01:49:13","modified_gmt":"2025-11-17T22:49:13","slug":"muhammeed-fazil-bas-max-weber-okumalari-protestan-ahlaki-ve-kapitalizmin-ruhu","status":"publish","type":"page","link":"https:\/\/klasikdusunceokulu.com\/index.php\/muhammeed-fazil-bas-max-weber-okumalari-protestan-ahlaki-ve-kapitalizmin-ruhu\/","title":{"rendered":"MUHAMMEED FAZIL BA\u015e, MAX WEBER OKUMALARI: PROTESTAN AHLAKI VE KAP\u0130TAL\u0130ZM\u0130N RUHU"},"content":{"rendered":"<p><a href=\"https:\/\/klasikdusunceokulu.com\/index.php\/muhammed-fazil-bas-max-weber-okumalari-protestan-ahlaki-ve-kapitalizmin-ruhu-1-seminer-ozeti-2\/\"><span style=\"color: #3b5160;\"><strong>MUHAMMED FAZIL BA\u015e, MAX WEBER OKUMALARI: PROTESTAN AHLAKI VE KAP\u0130TAL\u0130ZM\u0130N RUHU 1. SEM\u0130NER \u00d6ZET\u0130<\/strong><\/span><\/a><\/p>\n<p><a href=\"https:\/\/klasikdusunceokulu.com\/index.php\/muhammed-fazil-bas-max-weber-okumalari-protestan-ahlaki-ve-kapitalizmin-ruhu-2-seminer-ozeti\/\"><span style=\"color: #3b5160;\"><strong>MUHAMMED FAZIL BA\u015e, MAX WEBER OKUMALARI: PROTESTAN AHLAKI VE KAP\u0130TAL\u0130ZM\u0130N RUHU 2. SEM\u0130NER \u00d6ZET\u0130<\/strong><\/span><\/a><\/p>\n<p><a href=\"https:\/\/klasikdusunceokulu.com\/index.php\/muhammed-fazil-bas-max-weber-okumalari-protestan-ahlaki-ve-kapitalizmin-ruhu-3-seminer-ozeti\/\"><span style=\"color: #3b5160;\"><strong>MUHAMMED FAZIL BA\u015e, MAX WEBER OKUMALARI: PROTESTAN AHLAKI VE KAP\u0130TAL\u0130ZM\u0130N RUHU 3. SEM\u0130NER \u00d6ZET\u0130<\/strong><\/span><\/a><\/p>\n<p><a href=\"https:\/\/klasikdusunceokulu.com\/index.php\/muhammed-fazil-bas-max-weber-okumalari-protestan-ahlaki-ve-kapitalizmin-ruhu-4-seminer-ozeti\/\"><span style=\"color: #3b5160;\"><strong>MUHAMMED FAZIL BA\u015e, MAX WEBER OKUMALARI: PROTESTAN AHLAKI VE KAP\u0130TAL\u0130ZM\u0130N RUHU 4. SEM\u0130NER \u00d6ZET\u0130<\/strong><\/span><\/a><\/p>\n<p><a href=\"https:\/\/klasikdusunceokulu.com\/index.php\/muhammed-fazil-bas-max-weber-okumalari-protestan-ahlaki-ve-kapitalizmin-ruhu-5-seminer-ozeti\/\"><span style=\"color: #3b5160;\"><strong>MUHAMMED FAZIL BA\u015e, MAX WEBER OKUMALARI: PROTESTAN AHLAKI VE KAP\u0130TAL\u0130ZM\u0130N RUHU 5. SEM\u0130NER \u00d6ZET\u0130<\/strong><\/span><\/a><\/p>\n<p><a href=\"https:\/\/klasikdusunceokulu.com\/index.php\/muhammed-fazil-bas-max-weber-okumalari-protestan-ahlaki-ve-kapitalizmin-ruhu-6-seminer-ozeti\/\"><span style=\"color: #3b5160;\"><strong>MUHAMMED FAZIL BA\u015e, MAX WEBER OKUMALARI: PROTESTAN AHLAKI VE KAP\u0130TAL\u0130ZM\u0130N RUHU 6. SEM\u0130NER \u00d6ZET\u0130<\/strong><\/span><\/a><\/p>\n<p><a href=\"https:\/\/klasikdusunceokulu.com\/index.php\/muhammed-fazil-bas-max-weber-okumalari-protestan-ahlaki-ve-kapitalizmin-ruhu-7-seminer-ozeti\/\"><span style=\"color: #3b5160;\"><strong>MUHAMMED FAZIL BA\u015e, MAX WEBER OKUMALARI: PROTESTAN AHLAKI VE KAP\u0130TAL\u0130ZM\u0130N RUHU 7. SEM\u0130NER \u00d6ZET\u0130<\/strong><\/span><\/a><\/p>\n<p><a href=\"https:\/\/klasikdusunceokulu.com\/index.php\/muhammed-fazil-bas-max-weber-okumalari-protestan-ahlaki-ve-kapitalizmin-ruhu-8-seminer-ozeti\/\"><span style=\"color: #3b5160;\"><strong>MUHAMMED FAZIL BA\u015e, MAX WEBER OKUMALARI: PROTESTAN AHLAKI VE KAP\u0130TAL\u0130ZM\u0130N RUHU 8. SEM\u0130NER \u00d6ZET\u0130<\/strong><\/span><\/a><\/p>\n<p><a href=\"https:\/\/klasikdusunceokulu.com\/index.php\/muhammed-fazil-bas-max-weber-okumalari-protestan-ahlaki-ve-kapitalizmin-ruhu-9-seminer-ozeti\/\"><span style=\"color: #3b5160;\"><strong>MUHAMMED FAZIL BA\u015e, MAX WEBER OKUMALARI: PROTESTAN AHLAKI VE KAP\u0130TAL\u0130ZM\u0130N RUHU 9. SEM\u0130NER \u00d6ZET\u0130<\/strong><\/span><\/a><\/p>\n<p><a href=\"https:\/\/klasikdusunceokulu.com\/index.php\/muhammed-fazil-bas-max-weber-okumalari-protestan-ahlaki-ve-kapitalizmin-ruhu-10-seminer-ozeti\/\"><span style=\"color: #3b5160;\"><strong>MUHAMMED FAZIL BA\u015e, MAX WEBER OKUMALARI: PROTESTAN AHLAKI VE KAP\u0130TAL\u0130ZM\u0130N RUHU 10. SEM\u0130NER \u00d6ZET\u0130<\/strong><\/span><\/a><\/p>\n<p><a href=\"https:\/\/klasikdusunceokulu.com\/index.php\/muhammed-fazil-bas-max-weber-okumalari-protestan-ahlaki-ve-kapitalizmin-ruhu-11-seminer-ozeti\/\"><span style=\"color: #3b5160;\"><strong>MUHAMMED FAZIL BA\u015e, MAX WEBER OKUMALARI: PROTESTAN AHLAKI VE KAP\u0130TAL\u0130ZM\u0130N RUHU 11. SEM\u0130NER \u00d6ZET\u0130<\/strong><\/span><\/a><\/p>\n<p><a href=\"https:\/\/klasikdusunceokulu.com\/index.php\/muhammed-fazil-bas-max-weber-okumalari-protestan-ahlaki-ve-kapitalizmin-ruhu-12-seminer-ozeti\/\"><span style=\"color: #3b5160;\"><strong>MUHAMMED FAZIL BA\u015e, MAX WEBER OKUMALARI: PROTESTAN AHLAKI VE KAP\u0130TAL\u0130ZM\u0130N RUHU 12. SEM\u0130NER \u00d6ZET\u0130<\/strong><\/span><\/a><\/p>\n<p><a href=\"https:\/\/klasikdusunceokulu.com\/index.php\/muhammed-fazil-bas-max-weber-okumalari-protestan-ahlaki-ve-kapitalizmin-ruhu-13-seminer-ozeti\/\"><span style=\"color: #3b5160;\"><strong>MUHAMMED FAZIL BA\u015e, MAX WEBER OKUMALARI: PROTESTAN AHLAKI VE KAP\u0130TAL\u0130ZM\u0130N RUHU 13. SEM\u0130NER \u00d6ZET\u0130<\/strong><\/span><\/a><\/p>\n<p><a href=\"https:\/\/klasikdusunceokulu.com\/index.php\/muhammed-fazil-bas-max-weber-okumalari-protestan-ahlaki-ve-kapitalizmin-ruhu-14-seminer-ozeti\/\"><span style=\"color: #3b5160;\"><strong>MUHAMMED FAZIL BA\u015e, MAX WEBER OKUMALARI: PROTESTAN AHLAKI VE KAP\u0130TAL\u0130ZM\u0130N RUHU 14. SEM\u0130NER \u00d6ZET\u0130<\/strong><\/span><\/a><\/p>\n<p><a href=\"https:\/\/klasikdusunceokulu.com\/index.php\/muhammed-fazil-bas-max-weber-okumalari-protestan-ahlaki-ve-kapitalizmin-ruhu-15-seminer-ozeti\/\"><span style=\"color: #3b5160;\"><strong>MUHAMMED FAZIL BA\u015e, MAX WEBER OKUMALARI: PROTESTAN AHLAKI VE KAP\u0130TAL\u0130ZM\u0130N RUHU 15. SEM\u0130NER \u00d6ZET\u0130<\/strong><\/span><\/a><\/p>\n<p><a href=\"https:\/\/klasikdusunceokulu.com\/index.php\/muhammed-fazil-bas-max-weber-okumalari-protestan-ahlaki-ve-kapitalizmin-ruhu-16-seminer-ozeti\/\"><span style=\"color: #3b5160;\"><strong>MUHAMMED FAZIL BA\u015e, MAX WEBER OKUMALARI: PROTESTAN AHLAKI VE KAP\u0130TAL\u0130ZM\u0130N RUHU 16. SEM\u0130NER \u00d6ZET\u0130<\/strong><\/span><\/a><\/p>\n<p><span style=\"color: #3b5160;\"><strong>MUHAMMED FAZIL BA\u015e, MAX WEBER OKUMALARI: PROTESTAN AHLAKI VE KAP\u0130TAL\u0130ZM\u0130N RUHU 17. SEM\u0130NER \u00d6ZET\u0130<\/strong><\/span><\/p>\n","protected":false},"excerpt":{"rendered":"<p>MUHAMMED FAZIL BA\u015e, MAX WEBER OKUMALARI: PROTESTAN AHLAKI VE KAP\u0130TAL\u0130ZM\u0130N [&hellip;]<\/p>\n","protected":false},"author":1,"featured_media":0,"parent":0,"menu_order":0,"comment_status":"closed","ping_status":"closed","template":"","meta":{"footnotes":""},"class_list":["post-7692","page","type-page","status-publish","hentry"],"jetpack_sharing_enabled":true,"_links":{"self":[{"href":"https:\/\/klasikdusunceokulu.com\/index.php\/wp-json\/wp\/v2\/pages\/7692","targetHints":{"allow":["GET"]}}],"collection":[{"href":"https:\/\/klasikdusunceokulu.com\/index.php\/wp-json\/wp\/v2\/pages"}],"about":[{"href":"https:\/\/klasikdusunceokulu.com\/index.php\/wp-json\/wp\/v2\/types\/page"}],"author":[{"embeddable":true,"href":"https:\/\/klasikdusunceokulu.com\/index.php\/wp-json\/wp\/v2\/users\/1"}],"replies":[{"embeddable":true,"href":"https:\/\/klasikdusunceokulu.com\/index.php\/wp-json\/wp\/v2\/comments?post=7692"}],"version-history":[{"count":1,"href":"https:\/\/klasikdusunceokulu.com\/index.php\/wp-json\/wp\/v2\/pages\/7692\/revisions"}],"predecessor-version":[{"id":7728,"href":"https:\/\/klasikdusunceokulu.com\/index.php\/wp-json\/wp\/v2\/pages\/7692\/revisions\/7728"}],"wp:attachment":[{"href":"https:\/\/klasikdusunceokulu.com\/index.php\/wp-json\/wp\/v2\/media?parent=7692"}],"curies":[{"name":"wp","href":"https:\/\/api.w.org\/{rel}","templated":true}]}}