{"id":7743,"date":"2025-11-18T02:21:50","date_gmt":"2025-11-17T23:21:50","guid":{"rendered":"https:\/\/klasikdusunceokulu.com\/?page_id=7743"},"modified":"2025-11-18T02:21:50","modified_gmt":"2025-11-17T23:21:50","slug":"kursat-demirci-din-tarih-ve-arkeoloji","status":"publish","type":"page","link":"https:\/\/klasikdusunceokulu.com\/index.php\/kursat-demirci-din-tarih-ve-arkeoloji\/","title":{"rendered":"K\u00dcR\u015eAT DEM\u0130RC\u0130, D\u0130N, TAR\u0130H VE ARKEOLOJ\u0130"},"content":{"rendered":"<p><a href=\"https:\/\/klasikdusunceokulu.com\/index.php\/kursat-demirci-din-tarih-ve-arkeoloji-giris\/\"><span style=\"color: #3b5160;\"><strong>K\u00dcR\u015eAT DEM\u0130RC\u0130, D\u0130N, TAR\u0130H VE ARKEOLOJ\u0130 G\u0130R\u0130\u015e<\/strong><\/span><\/a><\/p>\n<p><a href=\"https:\/\/klasikdusunceokulu.com\/index.php\/kursat-demirci-din-tarih-ve-arkeoloji-1-seminer-ozeti\/\"><span style=\"color: #3b5160;\"><strong>K\u00dcR\u015eAT DEM\u0130RC\u0130, D\u0130N, TAR\u0130H VE ARKEOLOJ\u0130 1. SEM\u0130NER \u00d6ZET\u0130<\/strong><\/span><\/a><\/p>\n<p><a href=\"https:\/\/klasikdusunceokulu.com\/index.php\/kursat-demirci-din-tarih-ve-arkeoloji-2-seminer-ozeti\/\"><span style=\"color: #3b5160;\"><strong>K\u00dcR\u015eAT DEM\u0130RC\u0130, D\u0130N, TAR\u0130H VE ARKEOLOJ\u0130 2. SEM\u0130NER \u00d6ZET\u0130<\/strong><\/span><\/a><\/p>\n<p><a href=\"https:\/\/klasikdusunceokulu.com\/index.php\/kursat-demirci-din-tarih-ve-arkeoloji-3-seminer-ozeti\/\"><span style=\"color: #3b5160;\"><strong>K\u00dcR\u015eAT DEM\u0130RC\u0130, D\u0130N, TAR\u0130H VE ARKEOLOJ\u0130 3. SEM\u0130NER \u00d6ZET\u0130<\/strong><\/span><\/a><\/p>\n<p><a href=\"https:\/\/klasikdusunceokulu.com\/index.php\/kursat-demirci-din-tarih-ve-arkeoloji-4-seminer-ozeti\/\"><span style=\"color: #3b5160;\"><strong>K\u00dcR\u015eAT DEM\u0130RC\u0130, D\u0130N, TAR\u0130H VE ARKEOLOJ\u0130 4. SEM\u0130NER \u00d6ZET\u0130<\/strong><\/span><\/a><\/p>\n<p><a href=\"https:\/\/klasikdusunceokulu.com\/index.php\/kursat-demirci-din-tarih-ve-arkeoloji-5-seminer-ozeti\/\"><span style=\"color: #3b5160;\"><strong>K\u00dcR\u015eAT DEM\u0130RC\u0130, D\u0130N, TAR\u0130H VE ARKEOLOJ\u0130 5. SEM\u0130NER \u00d6ZET\u0130<\/strong><\/span><\/a><\/p>\n<p><a href=\"https:\/\/klasikdusunceokulu.com\/index.php\/kursat-demirci-din-tarih-ve-arkeoloji-6-seminer-ozeti\/\"><span style=\"color: #3b5160;\"><strong>K\u00dcR\u015eAT DEM\u0130RC\u0130, D\u0130N, TAR\u0130H VE ARKEOLOJ\u0130 6. SEM\u0130NER \u00d6ZET\u0130<\/strong><\/span><\/a><\/p>\n<p><a href=\"https:\/\/klasikdusunceokulu.com\/index.php\/kursat-demirci-din-tarih-ve-arkeoloji-7-seminer-ozeti\/\"><span style=\"color: #3b5160;\"><strong>K\u00dcR\u015eAT DEM\u0130RC\u0130, D\u0130N, TAR\u0130H VE ARKEOLOJ\u0130 7. SEM\u0130NER \u00d6ZET\u0130<\/strong><\/span><\/a><\/p>\n","protected":false},"excerpt":{"rendered":"<p>K\u00dcR\u015eAT DEM\u0130RC\u0130, D\u0130N, TAR\u0130H VE ARKEOLOJ\u0130 G\u0130R\u0130\u015e K\u00dcR\u015eAT DEM\u0130RC\u0130, D\u0130N, [&hellip;]<\/p>\n","protected":false},"author":1,"featured_media":0,"parent":0,"menu_order":0,"comment_status":"closed","ping_status":"closed","template":"","meta":{"footnotes":""},"class_list":["post-7743","page","type-page","status-publish","hentry"],"jetpack_sharing_enabled":true,"_links":{"self":[{"href":"https:\/\/klasikdusunceokulu.com\/index.php\/wp-json\/wp\/v2\/pages\/7743","targetHints":{"allow":["GET"]}}],"collection":[{"href":"https:\/\/klasikdusunceokulu.com\/index.php\/wp-json\/wp\/v2\/pages"}],"about":[{"href":"https:\/\/klasikdusunceokulu.com\/index.php\/wp-json\/wp\/v2\/types\/page"}],"author":[{"embeddable":true,"href":"https:\/\/klasikdusunceokulu.com\/index.php\/wp-json\/wp\/v2\/users\/1"}],"replies":[{"embeddable":true,"href":"https:\/\/klasikdusunceokulu.com\/index.php\/wp-json\/wp\/v2\/comments?post=7743"}],"version-history":[{"count":1,"href":"https:\/\/klasikdusunceokulu.com\/index.php\/wp-json\/wp\/v2\/pages\/7743\/revisions"}],"predecessor-version":[{"id":7768,"href":"https:\/\/klasikdusunceokulu.com\/index.php\/wp-json\/wp\/v2\/pages\/7743\/revisions\/7768"}],"wp:attachment":[{"href":"https:\/\/klasikdusunceokulu.com\/index.php\/wp-json\/wp\/v2\/media?parent=7743"}],"curies":[{"name":"wp","href":"https:\/\/api.w.org\/{rel}","templated":true}]}}