{"id":7752,"date":"2025-11-18T02:09:56","date_gmt":"2025-11-17T23:09:56","guid":{"rendered":"https:\/\/klasikdusunceokulu.com\/?page_id=7752"},"modified":"2025-11-18T02:17:15","modified_gmt":"2025-11-17T23:17:15","slug":"kursat-demirci-din-tarih-ve-arkeoloji-4-seminer-ozeti","status":"publish","type":"page","link":"https:\/\/klasikdusunceokulu.com\/index.php\/kursat-demirci-din-tarih-ve-arkeoloji-4-seminer-ozeti\/","title":{"rendered":"K\u00dcR\u015eAT DEM\u0130RC\u0130, D\u0130N, TAR\u0130H VE ARKEOLOJ\u0130 4. SEM\u0130NER \u00d6ZET\u0130"},"content":{"rendered":"<p><strong>K\u00dcR\u015eAT DEM\u0130RC\u0130, D\u0130N, TAR\u0130H VE ARKEOLOJ\u0130 4. SEM\u0130NER \u00d6ZET\u0130<\/strong><\/p>\n<p><strong>Seminerin Amac\u0131<\/strong><\/p>\n<p>Bu seminerin amac\u0131, Yahudi gelene\u011fi i\u00e7inde yer alan Kabalac\u0131l\u0131k (Kabala) d\u00fc\u015f\u00fcncesini tarihsel, teolojik ve k\u00fclt\u00fcrel y\u00f6nleriyle incelemektir. K\u00fcr\u015fat Demirci bu derste, Kabala\u2019n\u0131n sadece bir mistik \u00f6\u011freti olmad\u0131\u011f\u0131n\u0131; ayn\u0131 zamanda Yahudi d\u00fcnyas\u0131nda d\u00fc\u015f\u00fcnsel ve toplumsal d\u00f6n\u00fc\u015f\u00fcmlere zemin haz\u0131rlayan bir d\u00fc\u015f\u00fcnce sistemi oldu\u011funu vurgulamaktad\u0131r.<\/p>\n<p><strong>Ana Temalar<\/strong><\/p>\n<ol>\n<li><strong> Yahudilikte \u00c7e\u015fitlilik ve Kabalac\u0131l\u0131\u011f\u0131n Yeri<\/strong><\/li>\n<\/ol>\n<p>Yahudilik, tarih boyunca farkl\u0131 ekollere ayr\u0131lm\u0131\u015ft\u0131r: reformist, ortodoks, geleneksel ve rasyonalist yakla\u015f\u0131mlar gibi. Ancak Kabala, bu ayr\u0131mlar\u0131n \u00f6tesinde yer alan mistik Yahudilik gelene\u011fidir. M.\u00d6. 2. y\u00fczy\u0131la kadar uzanan k\u00f6kleriyle Kabala, Tanr\u0131, insan ve evren aras\u0131ndaki ili\u015fkiyi a\u00e7\u0131klayan metafizik bir yap\u0131 sunar.<\/p>\n<ol start=\"2\">\n<li><strong> Kabala\u2019n\u0131n Kozmolojik \u00d6\u011fretisi<\/strong><\/li>\n<\/ol>\n<p>Kabalac\u0131l\u0131\u011f\u0131n merkezinde yarat\u0131l\u0131\u015f\u0131n ilahi \u0131\u015f\u0131k arac\u0131l\u0131\u011f\u0131yla ger\u00e7ekle\u015fti\u011fi d\u00fc\u015f\u00fcncesi yer al\u0131r. \u201cAyn Sof\u201d (sonsuz varl\u0131k) olarak tan\u0131mlanan Tanr\u0131\u2019dan yay\u0131lan ilahi nur, on a\u015famal\u0131 bir s\u00fcre\u00e7te evreni meydana getirir. Bu a\u015famalara Sefirot denir ve her biri Tanr\u0131\u2019n\u0131n bir y\u00f6n\u00fcn\u00fc temsil eder. Yarat\u0131l\u0131\u015f bir \u201cini\u015f\u201d s\u00fcrecidir; da\u011f\u0131lm\u0131\u015f \u0131\u015f\u0131\u011f\u0131n yeniden birli\u011fe ula\u015fmas\u0131 ise Tikkun (onar\u0131m) olarak adland\u0131r\u0131l\u0131r.<\/p>\n<ol start=\"3\">\n<li><strong> Tarihsel Geli\u015fim: Antik D\u00f6nemden Osmanl\u0131\u2019ya<\/strong><\/li>\n<\/ol>\n<p>Kabala\u2019n\u0131n k\u00f6kleri Filistin ve Mezopotamya co\u011frafyas\u0131nda ortaya \u00e7\u0131kan ezoterik topluluklara kadar uzan\u0131r. Orta \u00c7a\u011f\u2019da \u0130spanya\u2019da <em>Zohar<\/em>, <em>Sefer Yetzira<\/em> ve <em>Sefer Bahir<\/em> gibi metinlerle klasik Kabala gelene\u011fi \u015fekillenmi\u015ftir. 16. y\u00fczy\u0131lda \u0130shak Luria\u2019n\u0131n \u00f6\u011fretileriyle Kabala yeniden yorumlanm\u0131\u015f, Sabatay Sevi hareketine kadar uzanan g\u00fc\u00e7l\u00fc bir etki alan\u0131 olu\u015fturmu\u015ftur.<\/p>\n<ol start=\"4\">\n<li><strong> Konverso (D\u00f6nme) K\u00fclt\u00fcr\u00fc ve Kabala<\/strong><\/li>\n<\/ol>\n<p>\u0130spanya\u2019daki Marranolar veya Osmanl\u0131\u2019daki Sabatayc\u0131lar gibi \u201ckonverso\u201d topluluklar, d\u0131\u015far\u0131dan farkl\u0131 dinlere ge\u00e7mi\u015f g\u00f6r\u00fcnseler de mistik e\u011filimlerini korumu\u015flard\u0131r. Bu topluluklar\u0131n inan\u00e7 d\u00fcnyas\u0131nda Kabala belirleyici bir rol oynam\u0131\u015ft\u0131r. Konverso k\u00fclt\u00fcr\u00fcnde Kabala, hem kimlik koruma arac\u0131 hem de i\u00e7sel bir direni\u015f bi\u00e7imi olarak i\u015flev g\u00f6rm\u00fc\u015ft\u00fcr.<\/p>\n<ol start=\"5\">\n<li><strong> Haskala (Yahudi Ayd\u0131nlanmas\u0131) ve Kabala\u2019n\u0131n Etkisi<\/strong><\/li>\n<\/ol>\n<ol>\n<li>y\u00fczy\u0131lda Moses Mendelssohn \u00f6nderli\u011finde ba\u015flayan Haskala (Yahudi Ayd\u0131nlanmas\u0131) hareketi, ak\u0131l ve inanc\u0131 uzla\u015ft\u0131rma \u00e7abas\u0131 olarak ortaya \u00e7\u0131km\u0131\u015ft\u0131r. Ancak bu d\u00fc\u015f\u00fcncenin derininde de Kabala\u2019n\u0131n bir etkisi vard\u0131r: her yerde Tanr\u0131\u2019n\u0131n \u0131\u015f\u0131\u011f\u0131n\u0131n bulundu\u011fu ve insan\u0131n bu \u0131\u015f\u0131\u011f\u0131 yeniden birle\u015ftirme g\u00f6revine sahip oldu\u011fu fikri.<\/li>\n<\/ol>\n<ol start=\"6\">\n<li><strong> Kabala\u2019da Tanr\u0131-\u0130nsan \u0130li\u015fkisi<\/strong><\/li>\n<\/ol>\n<p>Kabalac\u0131l\u0131\u011fa g\u00f6re insan, Tanr\u0131\u2019n\u0131n bir yans\u0131mas\u0131d\u0131r. Aralar\u0131ndaki fark ontolojik de\u011fil, sadece dereceseldir. Bu anlay\u0131\u015f, insan\u0131 yarat\u0131c\u0131 s\u00fcrecin aktif bir unsuru haline getirir. Tanr\u0131, evreni s\u00fcrekli olarak yaratmaya devam eder; insan ise bu yarat\u0131l\u0131\u015f\u0131n bilin\u00e7li bir par\u00e7as\u0131d\u0131r.<\/p>\n<ol start=\"7\">\n<li><strong> Reenkarnasyon ve Ruhun D\u00f6n\u00fc\u015f\u00fcm\u00fc<\/strong><\/li>\n<\/ol>\n<p>Kabala \u00f6\u011fretisinde reenkarnasyon (gilgul) \u00f6nemli bir yer tutar. Ruhlar, tamamlanmam\u0131\u015f g\u00f6revlerini tamamlamak veya ba\u015fka ruhlara yard\u0131m etmek i\u00e7in yeniden do\u011fabilirler. Bu \u00f6\u011freti, Kabala\u2019n\u0131n ezoterik karakterini ve insan\u0131n ruhsal olgunla\u015fmas\u0131na dair vizyonunu yans\u0131t\u0131r.<\/p>\n<p><strong>Sonu\u00e7<\/strong><\/p>\n<p>K\u00fcr\u015fat Demirci bu seminerde Kabala\u2019y\u0131, Yahudi d\u00fc\u015f\u00fcncesinin derin yap\u0131s\u0131n\u0131 \u015fekillendiren bir \u00f6\u011freti olarak yorumlamaktad\u0131r. Kabala, insan ile Tanr\u0131 aras\u0131ndaki s\u0131n\u0131rlar\u0131 yeniden tan\u0131mlar; dini d\u00fc\u015f\u00fcnceyi metafizik, mistik ve tarihsel bir b\u00fct\u00fcnl\u00fck i\u00e7inde ele al\u0131r. B\u00f6ylece Kabala, hem Yahudilik i\u00e7inde hem de Bat\u0131 d\u00fc\u015f\u00fcncesinde, insan\u0131n anlam aray\u0131\u015f\u0131na dair k\u00f6kl\u00fc bir miras b\u0131rak\u0131r.<\/p>\n<p>&nbsp;<\/p>\n<p><strong>Purpose of the Seminar<\/strong><\/p>\n<p>The aim of this seminar is to examine Kabbalism (Kabbalah) within Jewish tradition from historical, theological, and cultural perspectives. Demirci emphasizes that Kabbalah is not merely a mystical doctrine but a transformative intellectual system that reshaped Jewish spirituality and identity.<\/p>\n<p><strong>Main Themes<\/strong><\/p>\n<ol>\n<li><strong> Diversity in Judaism and the Place of Kabbalah<\/strong><\/li>\n<\/ol>\n<p>Throughout history, Judaism has developed into multiple schools: reformist, orthodox, traditionalist, and rationalist. Yet Kabbalah transcends these divisions as the mystical current of Judaism. Tracing back to the 2nd century BCE, it presents a metaphysical understanding of the relationship between God, humanity, and the cosmos.<\/p>\n<ol start=\"2\">\n<li><strong> The Cosmological Doctrine of Kabbalah<\/strong><\/li>\n<\/ol>\n<p>At the heart of Kabbalistic thought lies the idea of creation through divine emanation. From the infinite being called Ain Sof, divine light unfolds in ten stages known as Sefirot. Each sefira represents an aspect of God. Creation is a process of descent, while salvation (<em>Tikkun<\/em>) is the gathering and reintegration of the scattered divine light.<\/p>\n<ol start=\"3\">\n<li><strong> Historical Development: From Antiquity to the Ottomans<\/strong><\/li>\n<\/ol>\n<p>The roots of Kabbalah extend to the mystical sects of Palestine and Mesopotamia. In medieval Spain, classic texts like <em>Zohar<\/em>, <em>Sefer Yetzira<\/em>, and <em>Sefer Bahir<\/em> defined its structure. In the 16th century, Isaac Luria\u2019s teachings revived Kabbalah within the Ottoman context, influencing movements such as Sabbateanism.<\/p>\n<ol start=\"4\">\n<li><strong> Converso Culture and Kabbalah<\/strong><\/li>\n<\/ol>\n<p>Converso communities\u2014such as the Marranos of Spain and the Sabbateans of the Ottoman Empire\u2014maintained mystical beliefs beneath an imposed religious identity. For these groups, Kabbalah served as both a spiritual refuge and a form of cultural resistance.<\/p>\n<ol start=\"5\">\n<li><strong> Haskalah and the Influence of Kabbalah<\/strong><\/li>\n<\/ol>\n<p>The 18th-century Haskalah (Jewish Enlightenment), led by Moses Mendelssohn, sought to harmonize faith and reason. Beneath its rational surface, Demirci identifies a Kabbalistic influence: the belief that divine light pervades all existence and humanity\u2019s role is to reunite that dispersed light.<\/p>\n<ol start=\"6\">\n<li><strong> The Relationship Between God and Humanity<\/strong><\/li>\n<\/ol>\n<p>According to Kabbalah, the human being mirrors the divine essence. The distinction between God and man is not ontological but gradual. Humanity participates consciously in the process of divine creation, reflecting a continuous interaction between heaven and earth.<\/p>\n<ol start=\"7\">\n<li><strong> Reincarnation and Spiritual Transformation<\/strong><\/li>\n<\/ol>\n<p>Kabbalah includes the doctrine of reincarnation (Gilgul), in which souls return to complete unfinished tasks or assist others on their path to restoration. This belief reflects the esoteric depth of Kabbalistic spirituality and its vision of the evolving soul.<\/p>\n<p><strong>Conclusion<\/strong><\/p>\n<p>In this seminar, Demirci interprets Kabbalah as both a theological system and a cultural legacy. It redefines the boundary between God and humanity, presenting religion as a dynamic field of creation, restoration, and enlightenment. Through this mystical framework, Kabbalah continues to illuminate humanity\u2019s enduring search for meaning and divine unity.<\/p>\n<p>&nbsp;<\/p>\n<p>&nbsp;<\/p>\n","protected":false},"excerpt":{"rendered":"<p>K\u00dcR\u015eAT DEM\u0130RC\u0130, D\u0130N, TAR\u0130H VE ARKEOLOJ\u0130 4. SEM\u0130NER \u00d6ZET\u0130 Seminerin [&hellip;]<\/p>\n","protected":false},"author":1,"featured_media":0,"parent":0,"menu_order":0,"comment_status":"closed","ping_status":"closed","template":"","meta":{"footnotes":""},"class_list":["post-7752","page","type-page","status-publish","hentry"],"jetpack_sharing_enabled":true,"_links":{"self":[{"href":"https:\/\/klasikdusunceokulu.com\/index.php\/wp-json\/wp\/v2\/pages\/7752","targetHints":{"allow":["GET"]}}],"collection":[{"href":"https:\/\/klasikdusunceokulu.com\/index.php\/wp-json\/wp\/v2\/pages"}],"about":[{"href":"https:\/\/klasikdusunceokulu.com\/index.php\/wp-json\/wp\/v2\/types\/page"}],"author":[{"embeddable":true,"href":"https:\/\/klasikdusunceokulu.com\/index.php\/wp-json\/wp\/v2\/users\/1"}],"replies":[{"embeddable":true,"href":"https:\/\/klasikdusunceokulu.com\/index.php\/wp-json\/wp\/v2\/comments?post=7752"}],"version-history":[{"count":3,"href":"https:\/\/klasikdusunceokulu.com\/index.php\/wp-json\/wp\/v2\/pages\/7752\/revisions"}],"predecessor-version":[{"id":7761,"href":"https:\/\/klasikdusunceokulu.com\/index.php\/wp-json\/wp\/v2\/pages\/7752\/revisions\/7761"}],"wp:attachment":[{"href":"https:\/\/klasikdusunceokulu.com\/index.php\/wp-json\/wp\/v2\/media?parent=7752"}],"curies":[{"name":"wp","href":"https:\/\/api.w.org\/{rel}","templated":true}]}}