{"id":7766,"date":"2025-11-18T02:20:42","date_gmt":"2025-11-17T23:20:42","guid":{"rendered":"https:\/\/klasikdusunceokulu.com\/?page_id=7766"},"modified":"2025-11-18T02:20:42","modified_gmt":"2025-11-17T23:20:42","slug":"kursat-demirci-din-tarih-ve-arkeoloji-7-seminer-ozeti","status":"publish","type":"page","link":"https:\/\/klasikdusunceokulu.com\/index.php\/kursat-demirci-din-tarih-ve-arkeoloji-7-seminer-ozeti\/","title":{"rendered":"K\u00dcR\u015eAT DEM\u0130RC\u0130, D\u0130N, TAR\u0130H VE ARKEOLOJ\u0130 7. SEM\u0130NER \u00d6ZET\u0130"},"content":{"rendered":"<p><strong>K\u00dcR\u015eAT DEM\u0130RC\u0130, D\u0130N, TAR\u0130H VE ARKEOLOJ\u0130 7. SEM\u0130NER \u00d6ZET\u0130<\/strong><\/p>\n<p><strong>Seminerin Amac\u0131<\/strong><\/p>\n<p>Bu seminerin amac\u0131, dinler tarihi disiplinini yaln\u0131zca metodolojik bir alan olarak de\u011fil, tarihsel, k\u00fclt\u00fcrel ve arkeolojik ba\u011flam\u0131 i\u00e7inde b\u00fct\u00fcnc\u00fcl bi\u00e7imde de\u011ferlendirmektir. K\u00fcr\u015fat Demirci, \u00f6nceki seminerlerde dinler tarihinin y\u00f6ntemi ve s\u0131n\u0131rlar\u0131 \u00fczerine durdu\u011funu; bu oturumda ise \u00f6zellikle Mezopotamya uygarl\u0131\u011f\u0131 temelinde dinler tarihinin somut \u00f6rneklerle nas\u0131l \u00e7al\u0131\u015f\u0131lmas\u0131 gerekti\u011fini g\u00f6stermeyi hedefler. B\u00f6ylece bir dinler tarih\u00e7isinin, bir inan\u00e7 sistemini anlamak i\u00e7in hangi kaynaklara ba\u015fvurmas\u0131, hangi a\u015famalar\u0131 izlemesi ve nas\u0131l bir d\u00fc\u015f\u00fcnsel \u00e7er\u00e7eve kurmas\u0131 gerekti\u011fini ortaya koyar.<\/p>\n<p><strong>Ana Temalar<\/strong><\/p>\n<ol>\n<li><strong> Dinler Tarihi \u00c7al\u0131\u015fmalar\u0131nda Y\u00f6ntem ve A\u015famalar<\/strong><\/li>\n<\/ol>\n<p>Demirci, dinler tarihine giri\u015fte izlenmesi gereken temel a\u015famalar\u0131 \u015fu \u015fekilde belirler:<\/p>\n<ol>\n<li>Kaynaklar\u0131n tespiti,<\/li>\n<li>Tarihsel s\u00fcrecin belirlenmesi,<\/li>\n<li>Kozmoloji ve kozmogoni incelemeleri,<\/li>\n<li>Tanr\u0131lar ve i\u015flevlerinin analizi,<\/li>\n<li>\u0130nan\u00e7 sistemleri,<\/li>\n<li>Rit\u00fceller,<\/li>\n<li>Mitoslar.<br \/>\nBu a\u015famalar, dinin yaln\u0131zca mitolojik anlat\u0131larla de\u011fil, epistemolojik temelleri ve k\u00fclt\u00fcrel i\u015flevleriyle ele al\u0131nmas\u0131 gerekti\u011fini vurgular.<\/li>\n<\/ol>\n<ol start=\"2\">\n<li><strong> Mezopotamya Uygarl\u0131\u011f\u0131n\u0131n \u00d6nemi<\/strong><\/li>\n<\/ol>\n<p>Mezopotamya, dinler tarihi a\u00e7\u0131s\u0131ndan yaln\u0131zca ilk yaz\u0131l\u0131 uygarl\u0131klar\u0131 de\u011fil, insanl\u0131\u011f\u0131n kutsal d\u00fc\u015f\u00fcnce tarihini anlamada temel referans noktalar\u0131ndan biridir. S\u00fcmer, Akad, Asur ve Babil k\u00fclt\u00fcrleri; G\u0131lgam\u0131\u015f Destan\u0131, Enuma Eli\u015f ve Atrahasis gibi metinlerle yarat\u0131l\u0131\u015f, \u00f6l\u00fcm ve tanr\u0131sal d\u00fczen kavramlar\u0131n\u0131 \u015fekillendirmi\u015ftir.<\/p>\n<ol start=\"3\">\n<li><strong> K\u00fclt\u00fcrel S\u00fcreklilik ve Halk Gelenekleri<\/strong><\/li>\n<\/ol>\n<p>Demirci, Mezopotamya rit\u00fcellerinin izlerinin Anadolu halk k\u00fclt\u00fcrlerinde, \u00f6zellikle Temmuz (Dumuzi) oyunlar\u0131 gibi pratiklerde ya\u015fad\u0131\u011f\u0131n\u0131 belirtir. Bu durum, arkaik inan\u00e7lar\u0131n modern halk geleneklerine d\u00f6n\u00fc\u015ft\u00fcr\u00fclm\u00fc\u015f bi\u00e7imlerde varl\u0131\u011f\u0131n\u0131 s\u00fcrd\u00fcrd\u00fc\u011f\u00fcn\u00fc g\u00f6sterir.<\/p>\n<ol start=\"4\">\n<li><strong> Tanr\u0131-\u0130nsan \u0130li\u015fkisi ve Kutsal\u0131n D\u00fczeni<\/strong><\/li>\n<\/ol>\n<p>Roma dini \u00f6rne\u011fini metodolojik bir \u00e7er\u00e7eve olarak kullanan Demirci, tanr\u0131lar d\u00fcnyas\u0131 (res divini) ile insanlar d\u00fcnyas\u0131 (res humanae) aras\u0131ndaki ili\u015fkinin \u201cdo ut des\u201d (ver ki vereyim) ilkesi \u00fczerine kurulu oldu\u011funu a\u00e7\u0131klar. Bu yap\u0131, Mezopotamya inan\u00e7lar\u0131nda da benzer \u015fekilde g\u00f6r\u00fcl\u00fcr; kutsal ile profan aras\u0131ndaki s\u0131n\u0131rlar, rit\u00fceller ve gelenekler bu dengeyi korur.<\/p>\n<ol start=\"5\">\n<li><strong> Kaynaklar ve Bilgi Temeli<\/strong><\/li>\n<\/ol>\n<p>Mezopotamya dinlerinin ara\u015ft\u0131r\u0131lmas\u0131nda iki temel kaynak grubu \u00f6ne \u00e7\u0131kar:<\/p>\n<ul>\n<li>\u00c7ivi yaz\u0131l\u0131 belgeler (dua, b\u00fcy\u00fc, efsane, rit\u00fcel metinleri),<\/li>\n<li>Arkeolojik veriler (tap\u0131naklar, mezarlar, objeler).<br \/>\nBu kaynaklar, din\u00ee d\u00fc\u015f\u00fcncenin hem teorik hem pratik boyutlar\u0131n\u0131 anlamam\u0131za olanak tan\u0131r.<\/li>\n<\/ul>\n<p><strong>Sonu\u00e7<\/strong><\/p>\n<p>Seminer, dinler tarihinin yaln\u0131zca mitolojik derlemelerden ibaret olmad\u0131\u011f\u0131n\u0131, insan\u0131n kutsalla kurdu\u011fu sembolik ili\u015fkiyi \u00e7\u00f6z\u00fcmlemeyi ama\u00e7layan disiplinler aras\u0131 bir alan oldu\u011funu ortaya koyar. Demirci\u2019ye g\u00f6re Mezopotamya, insanl\u0131k tarihinin zihinsel ve kozmolojik k\u00f6klerini bar\u0131nd\u0131ran bir k\u00fclt\u00fcr matrisi niteli\u011findedir. Bu nedenle dinler tarihini Mezopotamya\u2019dan ba\u015flatmak, kutsal\u0131n tarihsel d\u00f6n\u00fc\u015f\u00fcm\u00fcn\u00fc anlaman\u0131n en sa\u011flam y\u00f6ntemidir. Seminer, b\u00f6ylece din, tarih ve arkeoloji aras\u0131nda b\u00fct\u00fcnl\u00fckl\u00fc bir bak\u0131\u015f a\u00e7\u0131s\u0131 geli\u015ftirerek dinin insanl\u0131k k\u00fclt\u00fcr\u00fcndeki s\u00fcreklili\u011fini vurgular.<\/p>\n<p>&nbsp;<\/p>\n<p><strong>Purpose of the Seminar<\/strong><\/p>\n<p>The seminar aims to evaluate the discipline of the history of religions not merely as a methodological field but as an integral study within its historical, cultural, and archaeological contexts. K\u00fcr\u015fat Demirci, who previously focused on methodological discussions, in this session turns toward a concrete example \u2014 the Mesopotamian civilization \u2014 to demonstrate how the history of religions should be practiced. He emphasizes the stages, sources, and intellectual framework necessary to comprehend a religious system in its entirety.<\/p>\n<p><strong>Main Themes<\/strong><\/p>\n<ol>\n<li><strong> Method and Stages in the Study of Religions<\/strong><\/li>\n<\/ol>\n<p>Demirci outlines the essential steps for religious historiography:<\/p>\n<ol>\n<li>Identification of sources,<\/li>\n<li>Reconstruction of historical development,<\/li>\n<li>Study of cosmology and cosmogony,<\/li>\n<li>Analysis of deities and their functions,<\/li>\n<li>Examination of belief systems,<\/li>\n<li>Ritual practices,<\/li>\n<li>Mythological narratives.<br \/>\nThese stages underline that religion should be examined through its epistemological and cultural dimensions rather than only through myths.<\/li>\n<\/ol>\n<ol start=\"2\">\n<li><strong> The Importance of Mesopotamian Civilization<\/strong><\/li>\n<\/ol>\n<p>Mesopotamia represents one of the most significant reference points for understanding the sacred history of humanity. Through the cultures of Sumer, Akkad, Assyria, and Babylon \u2014 and texts such as the Epic of Gilgamesh, Enuma Elish, and Atrahasis \u2014 the foundations of creation, death, and divine order were shaped.<\/p>\n<ol start=\"3\">\n<li><strong> Cultural Continuity and Folk Traditions<\/strong><\/li>\n<\/ol>\n<p>Demirci notes that traces of Mesopotamian rituals persist in Anatolian folk culture, particularly in traditions like the Tammuz (Dumuzi) games. These examples demonstrate how archaic beliefs survive in transformed, popular forms.<\/p>\n<ol start=\"4\">\n<li><strong> The Divine\u2013Human Relationship and the Order of the Sacred<\/strong><\/li>\n<\/ol>\n<p>Using Roman religion as a comparative model, Demirci explains that the relationship between the world of the gods (res divini) and the world of humans (res humanae) is based on the principle of \u201cdo ut des\u201d (\u201cI give so that you may give\u201d). Similar structures are evident in Mesopotamian belief, where rituals and customs preserve the balance between the sacred and the profane.<\/p>\n<ol start=\"5\">\n<li><strong> Sources and Knowledge Base<\/strong><\/li>\n<\/ol>\n<p>Two main categories of sources are used to study Mesopotamian religions:<\/p>\n<ul>\n<li>Cuneiform texts (prayers, incantations, epics, ritual writings),<\/li>\n<li>Archaeological findings (temples, tombs, objects).<br \/>\nThese materials reveal both the theoretical and practical aspects of religious life.<\/li>\n<\/ul>\n<p><strong>Conclusion<\/strong><\/p>\n<p>The seminar demonstrates that the history of religions is not a mere collection of myths but an interdisciplinary field analyzing the symbolic relationship between humanity and the sacred. According to Demirci, Mesopotamia serves as a cultural matrix embodying the mental and cosmological roots of civilization. Therefore, beginning the study of religions with Mesopotamia provides the most reliable framework for understanding the historical transformation of the sacred. In this way, the seminar unites religion, history, and archaeology into a holistic perspective that emphasizes the enduring presence of the sacred in human culture.<\/p>\n<p>&nbsp;<\/p>\n","protected":false},"excerpt":{"rendered":"<p>K\u00dcR\u015eAT DEM\u0130RC\u0130, D\u0130N, TAR\u0130H VE ARKEOLOJ\u0130 7. SEM\u0130NER \u00d6ZET\u0130 Seminerin [&hellip;]<\/p>\n","protected":false},"author":1,"featured_media":0,"parent":0,"menu_order":0,"comment_status":"closed","ping_status":"closed","template":"","meta":{"footnotes":""},"class_list":["post-7766","page","type-page","status-publish","hentry"],"jetpack_sharing_enabled":true,"_links":{"self":[{"href":"https:\/\/klasikdusunceokulu.com\/index.php\/wp-json\/wp\/v2\/pages\/7766","targetHints":{"allow":["GET"]}}],"collection":[{"href":"https:\/\/klasikdusunceokulu.com\/index.php\/wp-json\/wp\/v2\/pages"}],"about":[{"href":"https:\/\/klasikdusunceokulu.com\/index.php\/wp-json\/wp\/v2\/types\/page"}],"author":[{"embeddable":true,"href":"https:\/\/klasikdusunceokulu.com\/index.php\/wp-json\/wp\/v2\/users\/1"}],"replies":[{"embeddable":true,"href":"https:\/\/klasikdusunceokulu.com\/index.php\/wp-json\/wp\/v2\/comments?post=7766"}],"version-history":[{"count":1,"href":"https:\/\/klasikdusunceokulu.com\/index.php\/wp-json\/wp\/v2\/pages\/7766\/revisions"}],"predecessor-version":[{"id":7767,"href":"https:\/\/klasikdusunceokulu.com\/index.php\/wp-json\/wp\/v2\/pages\/7766\/revisions\/7767"}],"wp:attachment":[{"href":"https:\/\/klasikdusunceokulu.com\/index.php\/wp-json\/wp\/v2\/media?parent=7766"}],"curies":[{"name":"wp","href":"https:\/\/api.w.org\/{rel}","templated":true}]}}