{"id":8038,"date":"2025-11-27T23:57:19","date_gmt":"2025-11-27T20:57:19","guid":{"rendered":"https:\/\/klasikdusunceokulu.com\/?page_id=8038"},"modified":"2025-11-27T23:59:46","modified_gmt":"2025-11-27T20:59:46","slug":"8038-2","status":"publish","type":"page","link":"https:\/\/klasikdusunceokulu.com\/index.php\/8038-2\/","title":{"rendered":"EKREM DEM\u0130RL\u0130, L\u00dcMA&#8217; OKUMALARI"},"content":{"rendered":"<p><a href=\"https:\/\/klasikdusunceokulu.com\/index.php\/ekrem-demirli-luma-okumalari-1-seminer-ozeti\/\"><span style=\"color: #3b5160;\"><strong>EKREM DEM\u0130RL\u0130, L\u00dcMA&#8217; OKUMALARI 1. SEM\u0130NER \u00d6ZET\u0130<\/strong><\/span><\/a><\/p>\n<p><a href=\"https:\/\/klasikdusunceokulu.com\/index.php\/ekrem-demirli-luma-okumalari-2-seminer-ozeti\/\"><span style=\"color: #3b5160;\"><strong>EKREM DEM\u0130RL\u0130, L\u00dcMA&#8217; OKUMALARI 2. SEM\u0130NER \u00d6ZET\u0130<\/strong><\/span><\/a><\/p>\n<p><a href=\"https:\/\/klasikdusunceokulu.com\/index.php\/ekrem-demirli-luma-okumalari-3-seminer-ozeti\/\"><span style=\"color: #3b5160;\"><strong>EKREM DEM\u0130RL\u0130, L\u00dcMA&#8217; OKUMALARI 3. SEM\u0130NER \u00d6ZET\u0130<\/strong><\/span><\/a><\/p>\n<p><a href=\"https:\/\/klasikdusunceokulu.com\/index.php\/ekrem-demirli-luma-okumalari-4-seminer-ozeti\/\"><span style=\"color: #3b5160;\"><strong>EKREM DEM\u0130RL\u0130, L\u00dcMA&#8217; OKUMALARI 4. SEM\u0130NER \u00d6ZET\u0130<\/strong><\/span><\/a><\/p>\n<p><a href=\"https:\/\/klasikdusunceokulu.com\/index.php\/ekrem-demirli-luma-okumalari-5-seminer-ozeti\/\"><span style=\"color: #3b5160;\"><strong>EKREM DEM\u0130RL\u0130, L\u00dcMA&#8217; OKUMALARI 5. SEM\u0130NER \u00d6ZET\u0130<\/strong><\/span><\/a><\/p>\n<p><a href=\"https:\/\/klasikdusunceokulu.com\/index.php\/ekrem-demirli-luma-okumalari-6-seminer-ozeti\/\"><span style=\"color: #3b5160;\"><strong>EKREM DEM\u0130RL\u0130, L\u00dcMA&#8217; OKUMALARI 6. SEM\u0130NER \u00d6ZET\u0130<\/strong><\/span><\/a><\/p>\n<p><a href=\"https:\/\/klasikdusunceokulu.com\/index.php\/ekrem-demirli-luma-okumalari-7-seminer-ozeti\/\"><span style=\"color: #3b5160;\"><strong>EKREM DEM\u0130RL\u0130, L\u00dcMA&#8217; OKUMALARI 7. SEM\u0130NER \u00d6ZET\u0130<\/strong><\/span><\/a><\/p>\n","protected":false},"excerpt":{"rendered":"<p>EKREM DEM\u0130RL\u0130, L\u00dcMA&#8217; OKUMALARI 1. SEM\u0130NER \u00d6ZET\u0130 EKREM DEM\u0130RL\u0130, L\u00dcMA&#8217; [&hellip;]<\/p>\n","protected":false},"author":1,"featured_media":0,"parent":0,"menu_order":0,"comment_status":"closed","ping_status":"closed","template":"","meta":{"footnotes":""},"class_list":["post-8038","page","type-page","status-publish","hentry"],"jetpack_sharing_enabled":true,"_links":{"self":[{"href":"https:\/\/klasikdusunceokulu.com\/index.php\/wp-json\/wp\/v2\/pages\/8038","targetHints":{"allow":["GET"]}}],"collection":[{"href":"https:\/\/klasikdusunceokulu.com\/index.php\/wp-json\/wp\/v2\/pages"}],"about":[{"href":"https:\/\/klasikdusunceokulu.com\/index.php\/wp-json\/wp\/v2\/types\/page"}],"author":[{"embeddable":true,"href":"https:\/\/klasikdusunceokulu.com\/index.php\/wp-json\/wp\/v2\/users\/1"}],"replies":[{"embeddable":true,"href":"https:\/\/klasikdusunceokulu.com\/index.php\/wp-json\/wp\/v2\/comments?post=8038"}],"version-history":[{"count":4,"href":"https:\/\/klasikdusunceokulu.com\/index.php\/wp-json\/wp\/v2\/pages\/8038\/revisions"}],"predecessor-version":[{"id":8055,"href":"https:\/\/klasikdusunceokulu.com\/index.php\/wp-json\/wp\/v2\/pages\/8038\/revisions\/8055"}],"wp:attachment":[{"href":"https:\/\/klasikdusunceokulu.com\/index.php\/wp-json\/wp\/v2\/media?parent=8038"}],"curies":[{"name":"wp","href":"https:\/\/api.w.org\/{rel}","templated":true}]}}