{"id":8052,"date":"2025-11-27T23:59:04","date_gmt":"2025-11-27T20:59:04","guid":{"rendered":"https:\/\/klasikdusunceokulu.com\/?page_id=8052"},"modified":"2025-11-27T23:59:04","modified_gmt":"2025-11-27T20:59:04","slug":"ekrem-demirli-luma-okumalari-7-seminer-ozeti","status":"publish","type":"page","link":"https:\/\/klasikdusunceokulu.com\/index.php\/ekrem-demirli-luma-okumalari-7-seminer-ozeti\/","title":{"rendered":"EKREM DEM\u0130RL\u0130, L\u00dcMA&#8217; OKUMALARI 7. SEM\u0130NER \u00d6ZET\u0130"},"content":{"rendered":"<p><strong>EKREM DEM\u0130RL\u0130, L\u00dcMA&#8217; OKUMALARI 7. SEM\u0130NER \u00d6ZET\u0130<\/strong><\/p>\n<p><strong>Seminerin Amac\u0131<\/strong><\/p>\n<p>Bu seminerin amac\u0131, Serr\u00e2c\u2019\u0131n <em>el-L\u00fcma<\/em><em>\u02bf<\/em> adl\u0131 eserinin sistemati\u011fini esas alarak tasavvufun nas\u0131l bir \u201cdin bilimi\u201d olarak temellendirildi\u011fini ortaya koymakt\u0131r. Metin incelenirken Serr\u00e2c\u2019\u0131n y\u00f6nteminin kalbinde yer alan unsurun, kitab\u0131n i\u00e7indekiler b\u00f6l\u00fcm\u00fcnden hareketle b\u00fct\u00fcn d\u00fc\u015f\u00fcnsel yap\u0131n\u0131n izlenebilir k\u0131l\u0131nmas\u0131 oldu\u011fu vurgulan\u0131r. Seminer, tasavvufun sahih bilgiye dayal\u0131 bir disiplin olabilmesi i\u00e7in Kur\u2019an ve s\u00fcnnetle ili\u015fkisini nas\u0131l kurdu\u011funu, \u015fataat, sem\u00e2, vecd, musiki ve keramet gibi tart\u0131\u015fmal\u0131 konular\u0131 nas\u0131l s\u0131n\u0131fland\u0131rd\u0131\u011f\u0131n\u0131 ve bu tasnifler \u00fczerinden tasavvufun me\u015fruiyetini nas\u0131l savundu\u011funu a\u00e7\u0131klamay\u0131 hedefler. B\u00f6ylece Serr\u00e2c\u2019\u0131n, hem tasavvufun \u00f6z\u00fcn\u00fc ispat hem de ona y\u00f6neltilen ele\u015ftirileri cevaplama \u00e7abas\u0131n\u0131 sistematik bir d\u00fc\u015f\u00fcnce modeli olarak nas\u0131l kurdu\u011funu g\u00f6stermeyi ama\u00e7lar.<\/p>\n<p><strong>Ana Temalar<\/strong><\/p>\n<ol>\n<li><strong> Kitab\u0131n Sistemati\u011fi ve \u0130\u00e7indekilerin Rol\u00fc<\/strong><\/li>\n<\/ol>\n<p>Serr\u00e2c\u2019a g\u00f6re bir eserin i\u00e7indekiler b\u00f6l\u00fcm\u00fc, yazar\u0131n zihninin do\u011frudan d\u0131\u015fa yans\u0131mas\u0131d\u0131r. Bu sebeple <em>el-L\u00fcma<\/em><em>\u02bf<\/em>\u2019daki ba\u015fl\u0131k dizgesi yaln\u0131zca teknik bir tasnif de\u011fil, tasavvufun epistemik yap\u0131s\u0131n\u0131 kuran iskelet olarak g\u00f6r\u00fcl\u00fcr. Konular\u0131n ard\u0131\u015f\u0131kl\u0131\u011f\u0131, tasavvufi meselelerin nedensellik ba\u011flar\u0131yla ele al\u0131nd\u0131\u011f\u0131n\u0131 g\u00f6sterir.<\/p>\n<ol start=\"2\">\n<li><strong> Tasavvufun \u201cDin Bilimi\u201d Olarak Temellendirilmesi<\/strong><\/li>\n<\/ol>\n<p>Serr\u00e2c tasavvufun me\u015fruiyetini Kur\u2019an ve s\u00fcnnetle uyum \u00fczerinden kurar. Tasavvuftaki her meselenin sahih kaynaklara dayanmas\u0131 gerekti\u011fini savunur. Kur\u2019an ve s\u00fcnneti a\u00e7\u0131klamaya y\u00f6nelik ba\u015fl\u0131klar\u0131n eserde yer almas\u0131 bu iddian\u0131n temelidir. Bu yakla\u015f\u0131m\u0131n k\u00f6keninin C\u00fcneyd-i Ba\u011fd\u00e2d\u00ee\u2019ye kadar uzand\u0131\u011f\u0131 vurgulan\u0131r.<\/p>\n<ol start=\"3\">\n<li><strong> \u015eataat, Sem\u00e2, Vecd ve Musiki Tart\u0131\u015fmalar\u0131<\/strong><\/li>\n<\/ol>\n<p>Serr\u00e2c tart\u0131\u015fmal\u0131 konular\u0131 \u00fc\u00e7l\u00fc tasniflerle ele al\u0131r: avam, havas ve havas\u00fc\u2019l-havas. Bu yap\u0131, kabul edilemeyecek uygulamalar\u0131 ay\u0131klamak; ilmi, ahlaki ve manevi bak\u0131mdan me\u015fruiyet ta\u015f\u0131yan \u00f6rnekleri merkeze almak i\u00e7indir. B\u00f6ylece tasavvufun a\u015f\u0131r\u0131l\u0131klardan ayr\u0131\u015ft\u0131r\u0131larak ilm\u00ee bir zemin kazanmas\u0131 hedeflenir.<\/p>\n<ol start=\"4\">\n<li><strong> Keramet\u2013Mucize Ayr\u0131m\u0131 ve Manev\u00ee Delillik<\/strong><\/li>\n<\/ol>\n<p>Kerametin z\u00fchd ve ibadetin bir sonucu oldu\u011fu, ola\u011fan\u00fcst\u00fc g\u00fc\u00e7 iddialar\u0131n\u0131n ise tasavvufla ili\u015fkili olmad\u0131\u011f\u0131 belirtilir. Keramet iki i\u015fleve sahiptir:<br \/>\n(1) \u0130badetin sahihli\u011fini desteklemek,<br \/>\n(2) Ki\u015finin ihlas\u0131na dair bir delil sunmak.<br \/>\nMucize\u2013keramet ayr\u0131m\u0131n\u0131n netle\u015ftirilmesi tasavvufun s\u0131n\u0131rlar\u0131n\u0131n belirlenmesi a\u00e7\u0131s\u0131ndan \u00f6nemlidir.<\/p>\n<ol start=\"5\">\n<li><strong> \u0130lim, Vahiy ve Bilginin Kayna\u011f\u0131<\/strong><\/li>\n<\/ol>\n<p>Vahiy, insan ile Allah aras\u0131ndaki ili\u015fkiye dair bilginin kayna\u011f\u0131 olarak tan\u0131mlan\u0131r. Bu \u00e7er\u00e7evede tasavvufun maksad\u0131, insan\u0131 Allah\u2019a yakla\u015ft\u0131ran bilginin izini s\u00fcrmek; di\u011fer be\u015fer\u00ee bilgi alanlar\u0131ndan ise ayr\u0131\u015fmakt\u0131r.<\/p>\n<p><strong>Sonu\u00e7<\/strong><\/p>\n<p>Seminer, Serr\u00e2c\u2019\u0131n <em>el-L\u00fcma<\/em><em>\u02bf<\/em> ile tasavvufu hem epistemik hem ahlaki bir disiplin olarak temellendirme \u00e7abas\u0131n\u0131 g\u00f6r\u00fcn\u00fcr k\u0131lar. Eserin sistematik yap\u0131s\u0131, tasavvufun kaynaklar\u0131yla uyumunu ispat etmeye y\u00f6nelik bir d\u00fc\u015f\u00fcnce stratejisi olarak de\u011ferlendirilir. Tart\u0131\u015fmal\u0131 konular\u0131n s\u0131n\u0131fland\u0131r\u0131lmas\u0131, keramet ve mucize ayr\u0131m\u0131n\u0131n a\u00e7\u0131kl\u0131\u011fa kavu\u015fturulmas\u0131 ve b\u00fct\u00fcn tasavvufi uygulamalar\u0131n Kur\u2019an\u2013s\u00fcnnet \u00e7er\u00e7evesinde temellendirilmesi, tasavvufun din bilimleri aras\u0131ndaki yerini sa\u011flamla\u015ft\u0131ran unsurlar olarak sunulur. B\u00f6ylece Serr\u00e2c\u2019\u0131n hedefi olan \u201ctasavvufu hem teorik hem pratik olarak me\u015fru bir ilim h\u00e2line getirme\u201d gayesi seminer boyunca b\u00fct\u00fcn y\u00f6nleriyle ortaya konmu\u015f olur.<\/p>\n<p>&nbsp;<\/p>\n<p><strong>Purpose of the Seminar<\/strong><\/p>\n<p>The aim of this seminar is to reveal how Sarr\u0101j\u2019s <em>al-Luma<\/em><em>\u02bf<\/em> establishes Sufism as a \u201creligious science\u201d by basing its analysis on the system of the book. It emphasizes that the core of Sarr\u0101j\u2019s method lies in reading the table of contents as a map through which the entire intellectual structure becomes traceable. The seminar explains how Sufism grounds itself as a legitimate discipline through its relationship with the Qur\u2019an and the Sunnah, how it classifies controversial topics such as ecstatic utterances, sam\u0101\u02bf, ecstasy, music, and kar\u0101m\u0101t, and how these classifications serve to defend its legitimacy. Thus, it aims to demonstrate how Sarr\u0101j constructs a systematic model that both proves the essence of Sufism and responds to the criticisms directed toward it.<\/p>\n<p><strong>Main Themes<\/strong><\/p>\n<ol>\n<li><strong> The System of the Book and the Role of the Table of Contents<\/strong><\/li>\n<\/ol>\n<p>According to Sarr\u0101j, the table of contents reflects the author\u2019s mind. Therefore, the structure of <em>al-Luma<\/em><em>\u02bf<\/em> is not a mere technical arrangement but the epistemic skeleton of Sufism. The sequential order of topics shows that Sufi issues are handled within causal relationships.<\/p>\n<ol start=\"2\">\n<li><strong> Establishing Sufism as a \u201cReligious Science\u201d<\/strong><\/li>\n<\/ol>\n<p>Sarr\u0101j grounds the legitimacy of Sufism in its harmony with the Qur\u2019an and the Sunnah. Every matter in Sufism must rest upon sound sources. The presence of sections on understanding the Qur\u2019an and applying it is central to this claim. This approach traces back to Junayd of Baghdad.<\/p>\n<ol start=\"3\">\n<li><strong> Debates on Ecstatic Utterances, Sam\u0101<\/strong><strong>\u02bf, Ecstasy, and Music<\/strong><\/li>\n<\/ol>\n<p>Sarr\u0101j employs threefold classifications: common people, the elect, and the elect of the elect. This structure aims to filter out unacceptable practices and highlight legitimate ones. Thus, Sufism is separated from excesses and placed on a scholarly foundation.<\/p>\n<ol start=\"4\">\n<li><strong> The Kar\u0101mah\u2013Mu<\/strong><strong>\u02bfjizah Distinction and Spiritual Evidence<\/strong><\/li>\n<\/ol>\n<p>Kar\u0101mah arises from asceticism and worship, not from extraordinary powers. It has two functions:<br \/>\n(1) Demonstrating the validity of worship,<br \/>\n(2) Providing evidence of sincerity.<br \/>\nClarifying the distinction between mu\u02bfjizah and kar\u0101mah helps delineate the boundaries of Sufism.<\/p>\n<ol start=\"5\">\n<li><strong> Knowledge, Revelation, and the Source of Understanding<\/strong><\/li>\n<\/ol>\n<p>Revelation is the source of knowledge concerning the relationship between God and the human being. The goal of Sufism is to seek the knowledge that brings proximity to God, distinguishing it from other human forms of knowledge.<\/p>\n<p><strong>Conclusion<\/strong><\/p>\n<p>The seminar shows how Sarr\u0101j\u2019s <em>al-Luma<\/em><em>\u02bf<\/em> seeks to ground Sufism as both an epistemic and moral discipline. The systematic structure of the work is evaluated as a strategy to prove the compatibility of Sufism with its sources. The classification of controversial subjects, the clarification of the kar\u0101mah\u2013mu\u02bfjizah distinction, and the insistence that all Sufi practices be based on the Qur\u2019an and the Sunnah collectively reinforce Sufism\u2019s place among the religious sciences. Thus, Sarr\u0101j\u2019s goal of establishing Sufism as a legitimate science\u2014both theoretically and practically\u2014is fully revealed throughout the seminar.<\/p>\n<p>&nbsp;<\/p>\n","protected":false},"excerpt":{"rendered":"<p>EKREM DEM\u0130RL\u0130, L\u00dcMA&#8217; OKUMALARI 7. SEM\u0130NER \u00d6ZET\u0130 Seminerin Amac\u0131 Bu [&hellip;]<\/p>\n","protected":false},"author":1,"featured_media":0,"parent":0,"menu_order":0,"comment_status":"closed","ping_status":"closed","template":"","meta":{"footnotes":""},"class_list":["post-8052","page","type-page","status-publish","hentry"],"jetpack_sharing_enabled":true,"_links":{"self":[{"href":"https:\/\/klasikdusunceokulu.com\/index.php\/wp-json\/wp\/v2\/pages\/8052","targetHints":{"allow":["GET"]}}],"collection":[{"href":"https:\/\/klasikdusunceokulu.com\/index.php\/wp-json\/wp\/v2\/pages"}],"about":[{"href":"https:\/\/klasikdusunceokulu.com\/index.php\/wp-json\/wp\/v2\/types\/page"}],"author":[{"embeddable":true,"href":"https:\/\/klasikdusunceokulu.com\/index.php\/wp-json\/wp\/v2\/users\/1"}],"replies":[{"embeddable":true,"href":"https:\/\/klasikdusunceokulu.com\/index.php\/wp-json\/wp\/v2\/comments?post=8052"}],"version-history":[{"count":1,"href":"https:\/\/klasikdusunceokulu.com\/index.php\/wp-json\/wp\/v2\/pages\/8052\/revisions"}],"predecessor-version":[{"id":8053,"href":"https:\/\/klasikdusunceokulu.com\/index.php\/wp-json\/wp\/v2\/pages\/8052\/revisions\/8053"}],"wp:attachment":[{"href":"https:\/\/klasikdusunceokulu.com\/index.php\/wp-json\/wp\/v2\/media?parent=8052"}],"curies":[{"name":"wp","href":"https:\/\/api.w.org\/{rel}","templated":true}]}}