{"id":8056,"date":"2025-11-30T14:38:52","date_gmt":"2025-11-30T11:38:52","guid":{"rendered":"https:\/\/klasikdusunceokulu.com\/?page_id=8056"},"modified":"2025-11-30T14:38:52","modified_gmt":"2025-11-30T11:38:52","slug":"ekrem-demirli-sadreddin-konevi-tasavvuf-metafizigi-okumalari-2","status":"publish","type":"page","link":"https:\/\/klasikdusunceokulu.com\/index.php\/ekrem-demirli-sadreddin-konevi-tasavvuf-metafizigi-okumalari-2\/","title":{"rendered":"EKREM DEM\u0130RL\u0130, SADREDD\u0130N KONEV\u0130, TASAVVUF METAF\u0130Z\u0130\u011e\u0130 OKUMALARI"},"content":{"rendered":"<p><a href=\"https:\/\/klasikdusunceokulu.com\/index.php\/ekrem-demirli-sadreddin-konevi-tasavvuf-metafizigi-okumalari-1-seminer-ozeti-2\/\"><strong>EKREM DEM\u0130RL\u0130, SADREDD\u0130N KONEV\u0130, TASAVVUF METAF\u0130Z\u0130\u011e\u0130 OKUMALARI 1. SEM\u0130NER \u00d6ZET\u0130<\/strong><\/a><\/p>\n<p><a href=\"https:\/\/klasikdusunceokulu.com\/index.php\/ekrem-demirli-sadreddin-konevi-tasavvuf-metafizigi-okumalari-2-seminer-ozeti-2\/\"><strong>EKREM DEM\u0130RL\u0130, SADREDD\u0130N KONEV\u0130, TASAVVUF METAF\u0130Z\u0130\u011e\u0130 OKUMALARI 2. SEM\u0130NER \u00d6ZET\u0130<\/strong><\/a><\/p>\n<p><a href=\"https:\/\/klasikdusunceokulu.com\/index.php\/ekrem-demirli-sadreddin-konevi-tasavvuf-metafizigi-okumalari-3-seminer-ozeti-2\/\"><strong>EKREM DEM\u0130RL\u0130, SADREDD\u0130N KONEV\u0130, TASAVVUF METAF\u0130Z\u0130\u011e\u0130 OKUMALARI 3. SEM\u0130NER \u00d6ZET\u0130<\/strong><\/a><\/p>\n<p><a href=\"https:\/\/klasikdusunceokulu.com\/index.php\/ekrem-demirli-sadreddin-konevi-tasavvuf-metafizigi-okumalari-4-seminer-ozeti-2\/\"><strong>EKREM DEM\u0130RL\u0130, SADREDD\u0130N KONEV\u0130, TASAVVUF METAF\u0130Z\u0130\u011e\u0130 OKUMALARI 4. SEM\u0130NER \u00d6ZET\u0130<\/strong><\/a><\/p>\n<p><a href=\"https:\/\/klasikdusunceokulu.com\/index.php\/ekrem-demirli-sadreddin-konevi-tasavvuf-metafizigi-okumalari-5-seminer-ozeti-2\/\"><strong>EKREM DEM\u0130RL\u0130, SADREDD\u0130N KONEV\u0130, TASAVVUF METAF\u0130Z\u0130\u011e\u0130 OKUMALARI 5. SEM\u0130NER \u00d6ZET\u0130<\/strong><\/a><\/p>\n<p><a href=\"https:\/\/klasikdusunceokulu.com\/index.php\/ekrem-demirli-sadreddin-konevi-tasavvuf-metafizigi-okumalari-6-seminer-ozeti-2\/\"><strong>EKREM DEM\u0130RL\u0130, SADREDD\u0130N KONEV\u0130, TASAVVUF METAF\u0130Z\u0130\u011e\u0130 OKUMALARI 6. SEM\u0130NER \u00d6ZET\u0130<\/strong><\/a><\/p>\n<p><a href=\"https:\/\/klasikdusunceokulu.com\/index.php\/ekrem-demirli-sadreddin-konevi-tasavvuf-metafizigi-okumalari-7-seminer-ozeti-2\/\"><strong>EKREM DEM\u0130RL\u0130, SADREDD\u0130N KONEV\u0130, TASAVVUF METAF\u0130Z\u0130\u011e\u0130 OKUMALARI 7. SEM\u0130NER \u00d6ZET\u0130<\/strong><\/a><\/p>\n<p><a href=\"https:\/\/klasikdusunceokulu.com\/index.php\/ekrem-demirli-sadreddin-konevi-tasavvuf-metafizigi-okumalari-8-seminer-ozeti-2\/\"><strong>EKREM DEM\u0130RL\u0130, SADREDD\u0130N KONEV\u0130, TASAVVUF METAF\u0130Z\u0130\u011e\u0130 OKUMALARI 8. SEM\u0130NER \u00d6ZET\u0130<\/strong><\/a><\/p>\n<p><a href=\"https:\/\/klasikdusunceokulu.com\/index.php\/ekrem-demirli-sadreddin-konevi-tasavvuf-metafizigi-okumalari-9-seminer-ozeti-2\/\"><strong>EKREM DEM\u0130RL\u0130, SADREDD\u0130N KONEV\u0130, TASAVVUF METAF\u0130Z\u0130\u011e\u0130 OKUMALARI 9. SEM\u0130NER \u00d6ZET\u0130<\/strong><\/a><\/p>\n<p><a href=\"https:\/\/klasikdusunceokulu.com\/index.php\/ekrem-demirli-sadreddin-konevi-tasavvuf-metafizigi-okumalari-10-seminer-ozeti-2\/\"><strong>EKREM DEM\u0130RL\u0130, SADREDD\u0130N KONEV\u0130, TASAVVUF METAF\u0130Z\u0130\u011e\u0130 OKUMALARI 10. SEM\u0130NER \u00d6ZET\u0130<\/strong><\/a><\/p>\n<p><a href=\"https:\/\/klasikdusunceokulu.com\/index.php\/ekrem-demirli-sadreddin-konevi-tasavvuf-metafizigi-okumalari-11-seminer-ozeti-2\/\"><strong>EKREM DEM\u0130RL\u0130, SADREDD\u0130N KONEV\u0130, TASAVVUF METAF\u0130Z\u0130\u011e\u0130 OKUMALARI 11. SEM\u0130NER \u00d6ZET\u0130<\/strong><\/a><\/p>\n<p><a href=\"https:\/\/klasikdusunceokulu.com\/index.php\/ekrem-demirli-sadreddin-konevi-tasavvuf-metafizigi-okumalari-12-seminer-ozeti-2\/\"><strong>EKREM DEM\u0130RL\u0130, SADREDD\u0130N KONEV\u0130, TASAVVUF METAF\u0130Z\u0130\u011e\u0130 OKUMALARI 12. SEM\u0130NER \u00d6ZET\u0130<\/strong><\/a><\/p>\n<p><a href=\"https:\/\/klasikdusunceokulu.com\/index.php\/ekrem-demirli-sadreddin-konevi-tasavvuf-metafizigi-okumalari-13-seminer-ozeti-2\/\"><strong>EKREM DEM\u0130RL\u0130, SADREDD\u0130N KONEV\u0130, TASAVVUF METAF\u0130Z\u0130\u011e\u0130 OKUMALARI 13. SEM\u0130NER \u00d6ZET\u0130<\/strong><\/a><\/p>\n<p><a href=\"https:\/\/klasikdusunceokulu.com\/index.php\/ekrem-demirli-sadreddin-konevi-tasavvuf-metafizigi-okumalari-14-seminer-ozeti-2\/\"><strong>EKREM DEM\u0130RL\u0130, SADREDD\u0130N KONEV\u0130, TASAVVUF METAF\u0130Z\u0130\u011e\u0130 OKUMALARI 14. SEM\u0130NER \u00d6ZET\u0130<\/strong><\/a><\/p>\n<p><a href=\"https:\/\/klasikdusunceokulu.com\/index.php\/ekrem-demirli-sadreddin-konevi-tasavvuf-metafizigi-okumalari-15-seminer-ozeti\/\"><strong>EKREM DEM\u0130RL\u0130, SADREDD\u0130N KONEV\u0130, TASAVVUF METAF\u0130Z\u0130\u011e\u0130 OKUMALARI 15. SEM\u0130NER \u00d6ZET\u0130<\/strong><\/a><\/p>\n<p><a href=\"https:\/\/klasikdusunceokulu.com\/index.php\/ekrem-demirli-sadreddin-konevi-tasavvuf-metafizigi-okumalari-16-seminer-ozeti-2\/\"><strong>EKREM DEM\u0130RL\u0130, SADREDD\u0130N KONEV\u0130, TASAVVUF METAF\u0130Z\u0130\u011e\u0130 OKUMALARI 16. SEM\u0130NER \u00d6ZET\u0130<\/strong><\/a><\/p>\n<p><a href=\"https:\/\/klasikdusunceokulu.com\/index.php\/ekrem-demirli-sadreddin-konevi-tasavvuf-metafizigi-okumalari-17-seminer-ozeti-2\/\"><strong>EKREM DEM\u0130RL\u0130, SADREDD\u0130N KONEV\u0130, TASAVVUF METAF\u0130Z\u0130\u011e\u0130 OKUMALARI 17. SEM\u0130NER \u00d6ZET\u0130<\/strong><\/a><\/p>\n<p><a href=\"https:\/\/klasikdusunceokulu.com\/index.php\/ekrem-demirli-sadreddin-konevi-tasavvuf-metafizigi-okumalari-18-seminer-ozeti-2\/\"><strong>EKREM DEM\u0130RL\u0130, SADREDD\u0130N KONEV\u0130, TASAVVUF METAF\u0130Z\u0130\u011e\u0130 OKUMALARI 18. SEM\u0130NER \u00d6ZET\u0130<\/strong><\/a><\/p>\n<p><a href=\"https:\/\/klasikdusunceokulu.com\/index.php\/ekrem-demirli-sadreddin-konevi-tasavvuf-metafizigi-okumalari-19-seminer-ozeti-2\/\"><strong>EKREM DEM\u0130RL\u0130, SADREDD\u0130N KONEV\u0130, TASAVVUF METAF\u0130Z\u0130\u011e\u0130 OKUMALARI 19. SEM\u0130NER \u00d6ZET\u0130<\/strong><\/a><\/p>\n<p><a href=\"https:\/\/klasikdusunceokulu.com\/index.php\/ekrem-demirli-sadreddin-konevi-tasavvuf-metafizigi-okumalari-20-seminer-ozeti-2\/\"><strong>EKREM DEM\u0130RL\u0130, SADREDD\u0130N KONEV\u0130, TASAVVUF METAF\u0130Z\u0130\u011e\u0130 OKUMALARI 20. SEM\u0130NER \u00d6ZET\u0130<\/strong><\/a><\/p>\n<p><a href=\"https:\/\/klasikdusunceokulu.com\/index.php\/ekrem-demirli-sadreddin-konevi-tasavvuf-metafizigi-okumalari-21-seminer-ozeti-2\/\"><strong>EKREM DEM\u0130RL\u0130, SADREDD\u0130N KONEV\u0130, TASAVVUF METAF\u0130Z\u0130\u011e\u0130 OKUMALARI 21. SEM\u0130NER \u00d6ZET\u0130<\/strong><\/a><\/p>\n<p><a href=\"https:\/\/klasikdusunceokulu.com\/index.php\/ekrem-demirli-sadreddin-konevi-tasavvuf-metafizigi-okumalari-22-seminer-ozeti-2\/\"><strong>EKREM DEM\u0130RL\u0130, SADREDD\u0130N KONEV\u0130, TASAVVUF METAF\u0130Z\u0130\u011e\u0130 OKUMALARI 22. SEM\u0130NER \u00d6ZET\u0130<\/strong><\/a><\/p>\n<p><a href=\"https:\/\/klasikdusunceokulu.com\/index.php\/ekrem-demirli-sadreddin-konevi-tasavvuf-metafizigi-okumalari-23-seminer-ozeti-2\/\"><strong>EKREM DEM\u0130RL\u0130, SADREDD\u0130N KONEV\u0130, TASAVVUF METAF\u0130Z\u0130\u011e\u0130 OKUMALARI 23. SEM\u0130NER \u00d6ZET\u0130<\/strong><\/a><\/p>\n<p><a href=\"https:\/\/klasikdusunceokulu.com\/index.php\/ekrem-demirli-sadreddin-konevi-tasavvuf-metafizigi-okumalari-24-seminer-ozeti-2\/\"><strong>EKREM DEM\u0130RL\u0130, SADREDD\u0130N KONEV\u0130, TASAVVUF METAF\u0130Z\u0130\u011e\u0130 OKUMALARI 24. SEM\u0130NER \u00d6ZET\u0130<\/strong><\/a><\/p>\n<p><a href=\"https:\/\/klasikdusunceokulu.com\/index.php\/ekrem-demirli-sadreddin-konevi-tasavvuf-metafizigi-okumalari-25-seminer-ozeti-2\/\"><strong>EKREM DEM\u0130RL\u0130, SADREDD\u0130N KONEV\u0130, TASAVVUF METAF\u0130Z\u0130\u011e\u0130 OKUMALARI 25. SEM\u0130NER \u00d6ZET\u0130<\/strong><\/a><\/p>\n<p><a href=\"https:\/\/klasikdusunceokulu.com\/index.php\/ekrem-demirli-sadreddin-konevi-tasavvuf-metafizigi-okumalari-26-seminer-ozeti-2\/\"><strong>EKREM DEM\u0130RL\u0130, SADREDD\u0130N KONEV\u0130, TASAVVUF METAF\u0130Z\u0130\u011e\u0130 OKUMALARI 26. SEM\u0130NER \u00d6ZET\u0130<\/strong><\/a><\/p>\n<p><a href=\"https:\/\/klasikdusunceokulu.com\/index.php\/ekrem-demirli-sadreddin-konevi-tasavvuf-metafizigi-okumalari-27-seminer-ozeti-2\/\"><strong>EKREM DEM\u0130RL\u0130, SADREDD\u0130N KONEV\u0130, TASAVVUF METAF\u0130Z\u0130\u011e\u0130 OKUMALARI 27. SEM\u0130NER \u00d6ZET\u0130<\/strong><\/a><\/p>\n<p><a href=\"https:\/\/klasikdusunceokulu.com\/index.php\/ekrem-demirli-sadreddin-konevi-tasavvuf-metafizigi-okumalari-28-seminer-ozeti-2\/\"><strong>EKREM DEM\u0130RL\u0130, SADREDD\u0130N KONEV\u0130, TASAVVUF METAF\u0130Z\u0130\u011e\u0130 OKUMALARI 28. SEM\u0130NER \u00d6ZET\u0130<\/strong><\/a><\/p>\n<p><a href=\"https:\/\/klasikdusunceokulu.com\/index.php\/ekrem-demirli-sadreddin-konevi-tasavvuf-metafizigi-okumalari-29-seminer-ozeti-2\/\"><strong>EKREM DEM\u0130RL\u0130, SADREDD\u0130N KONEV\u0130, TASAVVUF METAF\u0130Z\u0130\u011e\u0130 OKUMALARI 29. SEM\u0130NER \u00d6ZET\u0130<\/strong><\/a><\/p>\n<p><a href=\"https:\/\/klasikdusunceokulu.com\/index.php\/ekrem-demirli-sadreddin-konevi-tasavvuf-metafizigi-okumalari-30-seminer-ozeti-2\/\"><strong>EKREM DEM\u0130RL\u0130, SADREDD\u0130N KONEV\u0130, TASAVVUF METAF\u0130Z\u0130\u011e\u0130 OKUMALARI 30. SEM\u0130NER \u00d6ZET\u0130<\/strong><\/a><\/p>\n<p><a href=\"https:\/\/klasikdusunceokulu.com\/index.php\/ekrem-demirli-sadreddin-konevi-tasavvuf-metafizigi-okumalari-31-seminer-ozeti-2\/\"><strong>EKREM DEM\u0130RL\u0130, SADREDD\u0130N KONEV\u0130, TASAVVUF METAF\u0130Z\u0130\u011e\u0130 OKUMALARI 31. SEM\u0130NER \u00d6ZET\u0130<\/strong><\/a><\/p>\n<p><a href=\"https:\/\/klasikdusunceokulu.com\/index.php\/ekrem-demirli-sadreddin-konevi-tasavvuf-metafizigi-okumalari-32-seminer-ozeti-2\/\"><strong>EKREM DEM\u0130RL\u0130, SADREDD\u0130N KONEV\u0130, TASAVVUF METAF\u0130Z\u0130\u011e\u0130 OKUMALARI 32. SEM\u0130NER \u00d6ZET\u0130<\/strong><\/a><\/p>\n<p><a href=\"https:\/\/klasikdusunceokulu.com\/index.php\/ekrem-demirli-sadreddin-konevi-tasavvuf-metafizigi-okumalari-33-seminer-ozeti-2\/\"><strong>EKREM DEM\u0130RL\u0130, SADREDD\u0130N KONEV\u0130, TASAVVUF METAF\u0130Z\u0130\u011e\u0130 OKUMALARI 33. SEM\u0130NER \u00d6ZET\u0130<\/strong><\/a><\/p>\n<p><a href=\"https:\/\/klasikdusunceokulu.com\/index.php\/ekrem-demirli-sadreddin-konevi-tasavvuf-metafizigi-okumalari-34-seminer-ozeti-2\/\"><strong>EKREM DEM\u0130RL\u0130, SADREDD\u0130N KONEV\u0130, TASAVVUF METAF\u0130Z\u0130\u011e\u0130 OKUMALARI 34. SEM\u0130NER \u00d6ZET\u0130<\/strong><\/a><\/p>\n<p><a href=\"https:\/\/klasikdusunceokulu.com\/index.php\/ekrem-demirli-sadreddin-konevi-tasavvuf-metafizigi-okumalari-35-seminer-ozeti-2\/\"><strong>EKREM DEM\u0130RL\u0130, SADREDD\u0130N KONEV\u0130, TASAVVUF METAF\u0130Z\u0130\u011e\u0130 OKUMALARI 35. SEM\u0130NER \u00d6ZET\u0130<\/strong><\/a><\/p>\n<p><a href=\"https:\/\/klasikdusunceokulu.com\/index.php\/ekrem-demirli-sadreddin-konevi-tasavvuf-metafizigi-okumalari-36-seminer-ozeti-2\/\"><strong>EKREM DEM\u0130RL\u0130, SADREDD\u0130N KONEV\u0130, TASAVVUF METAF\u0130Z\u0130\u011e\u0130 OKUMALARI 36. SEM\u0130NER \u00d6ZET\u0130<\/strong><\/a><\/p>\n<p><a href=\"https:\/\/klasikdusunceokulu.com\/index.php\/ekrem-demirli-sadreddin-konevi-tasavvuf-metafizigi-okumalari-37-seminer-ozeti-2\/\"><strong>EKREM DEM\u0130RL\u0130, SADREDD\u0130N KONEV\u0130, TASAVVUF METAF\u0130Z\u0130\u011e\u0130 OKUMALARI 37. SEM\u0130NER \u00d6ZET\u0130<\/strong><\/a><\/p>\n<p><a href=\"https:\/\/klasikdusunceokulu.com\/index.php\/ekrem-demirli-sadreddin-konevi-tasavvuf-metafizigi-okumalari-38-seminer-ozeti-2\/\"><strong>EKREM DEM\u0130RL\u0130, SADREDD\u0130N KONEV\u0130, TASAVVUF METAF\u0130Z\u0130\u011e\u0130 OKUMALARI 38. SEM\u0130NER \u00d6ZET\u0130<\/strong><\/a><\/p>\n<p><a href=\"https:\/\/klasikdusunceokulu.com\/index.php\/ekrem-demirli-sadreddin-konevi-tasavvuf-metafizigi-okumalari-39-seminer-ozeti-2\/\"><strong>EKREM DEM\u0130RL\u0130, SADREDD\u0130N KONEV\u0130, TASAVVUF METAF\u0130Z\u0130\u011e\u0130 OKUMALARI 39. SEM\u0130NER \u00d6ZET\u0130<\/strong><\/a><\/p>\n<p><a href=\"https:\/\/klasikdusunceokulu.com\/index.php\/ekrem-demirli-sadreddin-konevi-tasavvuf-metafizigi-okumalari-40-seminer-ozeti-2\/\"><strong>EKREM DEM\u0130RL\u0130, SADREDD\u0130N KONEV\u0130, TASAVVUF METAF\u0130Z\u0130\u011e\u0130 OKUMALARI 40. SEM\u0130NER \u00d6ZET\u0130<\/strong><\/a><\/p>\n<p><a href=\"https:\/\/klasikdusunceokulu.com\/index.php\/ekrem-demirli-sadreddin-konevi-tasavvuf-metafizigi-okumalari-41-seminer-ozeti-2\/\"><strong>EKREM DEM\u0130RL\u0130, SADREDD\u0130N KONEV\u0130, TASAVVUF METAF\u0130Z\u0130\u011e\u0130 OKUMALARI 41. SEM\u0130NER \u00d6ZET\u0130<\/strong><\/a><\/p>\n<p><a href=\"https:\/\/klasikdusunceokulu.com\/index.php\/ekrem-demirli-sadreddin-konevi-tasavvuf-metafizigi-okumalari-42-seminer-ozeti-2\/\"><strong>EKREM DEM\u0130RL\u0130, SADREDD\u0130N KONEV\u0130, TASAVVUF METAF\u0130Z\u0130\u011e\u0130 OKUMALARI 42. SEM\u0130NER \u00d6ZET\u0130<\/strong><\/a><\/p>\n<p><a href=\"https:\/\/klasikdusunceokulu.com\/index.php\/ekrem-demirli-sadreddin-konevi-tasavvuf-metafizigi-okumalari-43-seminer-ozeti-2\/\"><strong>EKREM DEM\u0130RL\u0130, SADREDD\u0130N KONEV\u0130, TASAVVUF METAF\u0130Z\u0130\u011e\u0130 OKUMALARI 43<\/strong><strong>. SEM\u0130NER \u00d6ZET\u0130<\/strong><\/a><\/p>\n<p>&nbsp;<\/p>\n","protected":false},"excerpt":{"rendered":"<p>EKREM DEM\u0130RL\u0130, SADREDD\u0130N KONEV\u0130, TASAVVUF METAF\u0130Z\u0130\u011e\u0130 OKUMALARI 1. SEM\u0130NER \u00d6ZET\u0130 [&hellip;]<\/p>\n","protected":false},"author":1,"featured_media":0,"parent":0,"menu_order":0,"comment_status":"closed","ping_status":"closed","template":"","meta":{"footnotes":""},"class_list":["post-8056","page","type-page","status-publish","hentry"],"jetpack_sharing_enabled":true,"_links":{"self":[{"href":"https:\/\/klasikdusunceokulu.com\/index.php\/wp-json\/wp\/v2\/pages\/8056","targetHints":{"allow":["GET"]}}],"collection":[{"href":"https:\/\/klasikdusunceokulu.com\/index.php\/wp-json\/wp\/v2\/pages"}],"about":[{"href":"https:\/\/klasikdusunceokulu.com\/index.php\/wp-json\/wp\/v2\/types\/page"}],"author":[{"embeddable":true,"href":"https:\/\/klasikdusunceokulu.com\/index.php\/wp-json\/wp\/v2\/users\/1"}],"replies":[{"embeddable":true,"href":"https:\/\/klasikdusunceokulu.com\/index.php\/wp-json\/wp\/v2\/comments?post=8056"}],"version-history":[{"count":1,"href":"https:\/\/klasikdusunceokulu.com\/index.php\/wp-json\/wp\/v2\/pages\/8056\/revisions"}],"predecessor-version":[{"id":8145,"href":"https:\/\/klasikdusunceokulu.com\/index.php\/wp-json\/wp\/v2\/pages\/8056\/revisions\/8145"}],"wp:attachment":[{"href":"https:\/\/klasikdusunceokulu.com\/index.php\/wp-json\/wp\/v2\/media?parent=8056"}],"curies":[{"name":"wp","href":"https:\/\/api.w.org\/{rel}","templated":true}]}}