{"id":8148,"date":"2025-11-30T15:37:09","date_gmt":"2025-11-30T12:37:09","guid":{"rendered":"https:\/\/klasikdusunceokulu.com\/?page_id=8148"},"modified":"2025-11-30T15:37:09","modified_gmt":"2025-11-30T12:37:09","slug":"ekrem-demirli-muhasibi-ve-farabi-akil-uzerine-mukayeseli-metinler","status":"publish","type":"page","link":"https:\/\/klasikdusunceokulu.com\/index.php\/ekrem-demirli-muhasibi-ve-farabi-akil-uzerine-mukayeseli-metinler\/","title":{"rendered":"EKREM DEM\u0130RL\u0130, MUHAS\u0130B\u0130 VE F\u00c2R\u00c2B\u00ce, AKIL \u00dcZER\u0130NE MUKAYESEL\u0130 MET\u0130NLER"},"content":{"rendered":"<p><a href=\"https:\/\/klasikdusunceokulu.com\/index.php\/ekrem-demirli-muhasibi-ve-farabi-akil-uzerine-mukayeseli-metinler-1-seminer-ozeti\/\"><span style=\"color: #3b5160;\"><strong>EKREM DEM\u0130RL\u0130, MUHAS\u0130B\u0130 VE F\u00c2R\u00c2B\u00ce, AKIL \u00dcZER\u0130NE MUKAYESEL\u0130 MET\u0130NLER 1. SEM\u0130NER \u00d6ZET\u0130<\/strong><\/span><\/a><\/p>\n<p><a href=\"https:\/\/klasikdusunceokulu.com\/index.php\/ekrem-demirli-muhasibi-ve-farabi-akil-uzerine-mukayeseli-metinler-2-seminer-ozeti\/\"><span style=\"color: #3b5160;\"><strong>EKREM DEM\u0130RL\u0130, MUHAS\u0130B\u0130 VE F\u00c2R\u00c2B\u00ce, AKIL \u00dcZER\u0130NE MUKAYESEL\u0130 MET\u0130NLER 2. SEM\u0130NER \u00d6ZET\u0130<\/strong><\/span><\/a><\/p>\n<p><a href=\"https:\/\/klasikdusunceokulu.com\/index.php\/ekrem-demirli-muhasibi-ve-farabi-akil-uzerine-mukayeseli-metinler-3-seminer-ozeti\/\"><span style=\"color: #3b5160;\"><strong>EKREM DEM\u0130RL\u0130, MUHAS\u0130B\u0130 VE F\u00c2R\u00c2B\u00ce, AKIL \u00dcZER\u0130NE MUKAYESEL\u0130 MET\u0130NLER 3. SEM\u0130NER \u00d6ZET\u0130<\/strong><\/span><\/a><\/p>\n<p><a href=\"https:\/\/klasikdusunceokulu.com\/index.php\/ekrem-demirli-muhasibi-ve-farabi-akil-uzerine-mukayeseli-metinler-4-seminer-ozeti\/\"><span style=\"color: #3b5160;\"><strong>EKREM DEM\u0130RL\u0130, MUHAS\u0130B\u0130 VE F\u00c2R\u00c2B\u00ce, AKIL \u00dcZER\u0130NE MUKAYESEL\u0130 MET\u0130NLER 4. SEM\u0130NER \u00d6ZET\u0130<\/strong><\/span><\/a><\/p>\n<p><a href=\"https:\/\/klasikdusunceokulu.com\/index.php\/ekrem-demirli-muhasibi-ve-farabi-akil-uzerine-mukayeseli-metinler-5-seminer-ozeti\/\"><span style=\"color: #3b5160;\"><strong>EKREM DEM\u0130RL\u0130, MUHAS\u0130B\u0130 VE F\u00c2R\u00c2B\u00ce, AKIL \u00dcZER\u0130NE MUKAYESEL\u0130 MET\u0130NLER 5. SEM\u0130NER \u00d6ZET\u0130<\/strong><\/span><\/a><\/p>\n<p><a href=\"https:\/\/klasikdusunceokulu.com\/index.php\/ekrem-demirli-muhasibi-ve-farabi-akil-uzerine-mukayeseli-metinler-6-seminer-ozeti\/\"><span style=\"color: #3b5160;\"><strong>EKREM DEM\u0130RL\u0130, MUHAS\u0130B\u0130 VE F\u00c2R\u00c2B\u00ce, AKIL \u00dcZER\u0130NE MUKAYESEL\u0130 MET\u0130NLER 6. SEM\u0130NER \u00d6ZET\u0130<\/strong><\/span><\/a><\/p>\n<p><a href=\"https:\/\/klasikdusunceokulu.com\/index.php\/ekrem-demirli-muhasibi-ve-farabi-akil-uzerine-mukayeseli-metinler-7-seminer-ozeti\/\"><span style=\"color: #3b5160;\"><strong>EKREM DEM\u0130RL\u0130, MUHAS\u0130B\u0130 VE F\u00c2R\u00c2B\u00ce, AKIL \u00dcZER\u0130NE MUKAYESEL\u0130 MET\u0130NLER 7. SEM\u0130NER \u00d6ZET\u0130<\/strong><\/span><\/a><\/p>\n<p><a href=\"https:\/\/klasikdusunceokulu.com\/index.php\/ekrem-demirli-muhasibi-ve-farabi-akil-uzerine-mukayeseli-metinler-8-seminer-ozeti\/\"><span style=\"color: #3b5160;\"><strong>EKREM DEM\u0130RL\u0130, MUHAS\u0130B\u0130 VE F\u00c2R\u00c2B\u00ce, AKIL \u00dcZER\u0130NE MUKAYESEL\u0130 MET\u0130NLER 8. SEM\u0130NER \u00d6ZET\u0130<\/strong><\/span><\/a><\/p>\n<p><a href=\"https:\/\/klasikdusunceokulu.com\/index.php\/ekrem-demirli-muhasibi-ve-farabi-akil-uzerine-mukayeseli-metinler-9-seminer-ozeti\/\"><span style=\"color: #3b5160;\"><strong>EKREM DEM\u0130RL\u0130, MUHAS\u0130B\u0130 VE F\u00c2R\u00c2B\u00ce, AKIL \u00dcZER\u0130NE MUKAYESEL\u0130 MET\u0130NLER 9. SEM\u0130NER \u00d6ZET\u0130<\/strong><\/span><\/a><\/p>\n","protected":false},"excerpt":{"rendered":"<p>EKREM DEM\u0130RL\u0130, MUHAS\u0130B\u0130 VE F\u00c2R\u00c2B\u00ce, AKIL \u00dcZER\u0130NE MUKAYESEL\u0130 MET\u0130NLER 1. [&hellip;]<\/p>\n","protected":false},"author":1,"featured_media":0,"parent":0,"menu_order":0,"comment_status":"closed","ping_status":"closed","template":"","meta":{"footnotes":""},"class_list":["post-8148","page","type-page","status-publish","hentry"],"jetpack_sharing_enabled":true,"_links":{"self":[{"href":"https:\/\/klasikdusunceokulu.com\/index.php\/wp-json\/wp\/v2\/pages\/8148","targetHints":{"allow":["GET"]}}],"collection":[{"href":"https:\/\/klasikdusunceokulu.com\/index.php\/wp-json\/wp\/v2\/pages"}],"about":[{"href":"https:\/\/klasikdusunceokulu.com\/index.php\/wp-json\/wp\/v2\/types\/page"}],"author":[{"embeddable":true,"href":"https:\/\/klasikdusunceokulu.com\/index.php\/wp-json\/wp\/v2\/users\/1"}],"replies":[{"embeddable":true,"href":"https:\/\/klasikdusunceokulu.com\/index.php\/wp-json\/wp\/v2\/comments?post=8148"}],"version-history":[{"count":1,"href":"https:\/\/klasikdusunceokulu.com\/index.php\/wp-json\/wp\/v2\/pages\/8148\/revisions"}],"predecessor-version":[{"id":8168,"href":"https:\/\/klasikdusunceokulu.com\/index.php\/wp-json\/wp\/v2\/pages\/8148\/revisions\/8168"}],"wp:attachment":[{"href":"https:\/\/klasikdusunceokulu.com\/index.php\/wp-json\/wp\/v2\/media?parent=8148"}],"curies":[{"name":"wp","href":"https:\/\/api.w.org\/{rel}","templated":true}]}}