{"id":8170,"date":"2025-11-30T15:43:02","date_gmt":"2025-11-30T12:43:02","guid":{"rendered":"https:\/\/klasikdusunceokulu.com\/?page_id=8170"},"modified":"2025-11-30T15:43:02","modified_gmt":"2025-11-30T12:43:02","slug":"ekrem-demirli-islam-arastirmalarina-giris","status":"publish","type":"page","link":"https:\/\/klasikdusunceokulu.com\/index.php\/ekrem-demirli-islam-arastirmalarina-giris\/","title":{"rendered":"EKREM DEM\u0130RL\u0130, \u0130SLAM ARA\u015eTIRMALARINA G\u0130R\u0130\u015e"},"content":{"rendered":"<p><a href=\"https:\/\/klasikdusunceokulu.com\/index.php\/ekrem-demirli-islam-arastirmalarina-giris-1-seminer-ozeti\/\"><span style=\"color: #3b5160;\"><strong>EKREM DEM\u0130RL\u0130, \u0130SLAM ARA\u015eTIRMALARINA G\u0130R\u0130\u015e 1. SEM\u0130NER \u00d6ZET\u0130<\/strong><\/span><\/a><\/p>\n<p><a href=\"https:\/\/klasikdusunceokulu.com\/index.php\/ekrem-demirli-islam-arastirmalarina-giris-2-seminer-ozeti\/\"><span style=\"color: #3b5160;\"><strong>EKREM DEM\u0130RL\u0130, \u0130SLAM ARA\u015eTIRMALARINA G\u0130R\u0130\u015e 2. SEM\u0130NER \u00d6ZET\u0130<\/strong><\/span><\/a><\/p>\n<p><a href=\"https:\/\/klasikdusunceokulu.com\/index.php\/ekrem-demirli-islam-arastirmalarina-giris-3-seminer-ozeti\/\"><span style=\"color: #3b5160;\"><strong>EKREM DEM\u0130RL\u0130, \u0130SLAM ARA\u015eTIRMALARINA G\u0130R\u0130\u015e 3. SEM\u0130NER \u00d6ZET\u0130<\/strong><\/span><\/a><\/p>\n<p><a href=\"https:\/\/klasikdusunceokulu.com\/index.php\/ekrem-demirli-islam-arastirmalarina-giris-4-seminer-ozeti\/\"><span style=\"color: #3b5160;\"><strong>EKREM DEM\u0130RL\u0130, \u0130SLAM ARA\u015eTIRMALARINA G\u0130R\u0130\u015e 4. SEM\u0130NER \u00d6ZET\u0130<\/strong><\/span><\/a><\/p>\n<p><a href=\"https:\/\/klasikdusunceokulu.com\/index.php\/ekrem-demirli-islam-arastirmalarina-giris-5-seminer-ozeti\/\"><span style=\"color: #3b5160;\"><strong>EKREM DEM\u0130RL\u0130, \u0130SLAM ARA\u015eTIRMALARINA G\u0130R\u0130\u015e 5. SEM\u0130NER \u00d6ZET\u0130<\/strong><\/span><\/a><\/p>\n<p><a href=\"https:\/\/klasikdusunceokulu.com\/index.php\/ekrem-demirli-islam-arastirmalarina-giris-6-seminer-ozeti\/\"><span style=\"color: #3b5160;\"><strong>EKREM DEM\u0130RL\u0130, \u0130SLAM ARA\u015eTIRMALARINA G\u0130R\u0130\u015e 6. SEM\u0130NER \u00d6ZET\u0130<\/strong><\/span><\/a><\/p>\n","protected":false},"excerpt":{"rendered":"<p>EKREM DEM\u0130RL\u0130, \u0130SLAM ARA\u015eTIRMALARINA G\u0130R\u0130\u015e 1. SEM\u0130NER \u00d6ZET\u0130 EKREM DEM\u0130RL\u0130, [&hellip;]<\/p>\n","protected":false},"author":1,"featured_media":0,"parent":0,"menu_order":0,"comment_status":"closed","ping_status":"closed","template":"","meta":{"footnotes":""},"class_list":["post-8170","page","type-page","status-publish","hentry"],"jetpack_sharing_enabled":true,"_links":{"self":[{"href":"https:\/\/klasikdusunceokulu.com\/index.php\/wp-json\/wp\/v2\/pages\/8170","targetHints":{"allow":["GET"]}}],"collection":[{"href":"https:\/\/klasikdusunceokulu.com\/index.php\/wp-json\/wp\/v2\/pages"}],"about":[{"href":"https:\/\/klasikdusunceokulu.com\/index.php\/wp-json\/wp\/v2\/types\/page"}],"author":[{"embeddable":true,"href":"https:\/\/klasikdusunceokulu.com\/index.php\/wp-json\/wp\/v2\/users\/1"}],"replies":[{"embeddable":true,"href":"https:\/\/klasikdusunceokulu.com\/index.php\/wp-json\/wp\/v2\/comments?post=8170"}],"version-history":[{"count":1,"href":"https:\/\/klasikdusunceokulu.com\/index.php\/wp-json\/wp\/v2\/pages\/8170\/revisions"}],"predecessor-version":[{"id":8182,"href":"https:\/\/klasikdusunceokulu.com\/index.php\/wp-json\/wp\/v2\/pages\/8170\/revisions\/8182"}],"wp:attachment":[{"href":"https:\/\/klasikdusunceokulu.com\/index.php\/wp-json\/wp\/v2\/media?parent=8170"}],"curies":[{"name":"wp","href":"https:\/\/api.w.org\/{rel}","templated":true}]}}