{"id":8191,"date":"2025-11-30T16:05:16","date_gmt":"2025-11-30T13:05:16","guid":{"rendered":"https:\/\/klasikdusunceokulu.com\/?page_id=8191"},"modified":"2025-11-30T16:05:16","modified_gmt":"2025-11-30T13:05:16","slug":"ayhan-citil-genel-felsefe-okumalari","status":"publish","type":"page","link":"https:\/\/klasikdusunceokulu.com\/index.php\/ayhan-citil-genel-felsefe-okumalari\/","title":{"rendered":"AYHAN \u00c7\u0130T\u0130L, GENEL FELSEFE OKUMALARI"},"content":{"rendered":"<p><a href=\"https:\/\/klasikdusunceokulu.com\/index.php\/ayhan-citil-genel-felsefe-okumalari-1-seminer-ozeti\/\"><span style=\"color: #3b5160;\"><strong>AYHAN \u00c7\u0130T\u0130L, GENEL FELSEFE OKUMALARI 1. SEM\u0130NER \u00d6ZET\u0130<\/strong><\/span><\/a><\/p>\n<p><a href=\"https:\/\/klasikdusunceokulu.com\/index.php\/ayhan-citil-genel-felsefe-okumalari-2-seminer-ozeti\/\"><span style=\"color: #3b5160;\"><strong>AYHAN \u00c7\u0130T\u0130L, GENEL FELSEFE OKUMALARI 2. SEM\u0130NER \u00d6ZET\u0130<\/strong><\/span><\/a><\/p>\n<p><a href=\"https:\/\/klasikdusunceokulu.com\/index.php\/ayhan-citil-genel-felsefe-okumalari-3-seminer-ozeti\/\"><span style=\"color: #3b5160;\"><strong>AYHAN \u00c7\u0130T\u0130L, GENEL FELSEFE OKUMALARI 3. SEM\u0130NER \u00d6ZET\u0130<\/strong><\/span><\/a><\/p>\n<p><a href=\"https:\/\/klasikdusunceokulu.com\/index.php\/ayhan-citil-genel-felsefe-okumalari-4-seminer-ozeti\/\"><span style=\"color: #3b5160;\"><strong>AYHAN \u00c7\u0130T\u0130L, GENEL FELSEFE OKUMALARI 4. SEM\u0130NER \u00d6ZET\u0130<\/strong><\/span><\/a><\/p>\n<p><a href=\"https:\/\/klasikdusunceokulu.com\/index.php\/ayhan-citil-genel-felsefe-okumalari-5-seminer-ozeti\/\"><span style=\"color: #3b5160;\"><strong>AYHAN \u00c7\u0130T\u0130L, GENEL FELSEFE OKUMALARI 5. SEM\u0130NER \u00d6ZET\u0130<\/strong><\/span><\/a><\/p>\n<p><a href=\"https:\/\/klasikdusunceokulu.com\/index.php\/ayhan-citil-genel-felsefe-okumalari-6-seminer-ozeti\/\"><span style=\"color: #3b5160;\"><strong>AYHAN \u00c7\u0130T\u0130L, GENEL FELSEFE OKUMALARI 6. SEM\u0130NER \u00d6ZET\u0130<\/strong><\/span><\/a><\/p>\n","protected":false},"excerpt":{"rendered":"<p>AYHAN \u00c7\u0130T\u0130L, GENEL FELSEFE OKUMALARI 1. SEM\u0130NER \u00d6ZET\u0130 AYHAN \u00c7\u0130T\u0130L, [&hellip;]<\/p>\n","protected":false},"author":1,"featured_media":0,"parent":0,"menu_order":0,"comment_status":"closed","ping_status":"closed","template":"","meta":{"footnotes":""},"class_list":["post-8191","page","type-page","status-publish","hentry"],"jetpack_sharing_enabled":true,"_links":{"self":[{"href":"https:\/\/klasikdusunceokulu.com\/index.php\/wp-json\/wp\/v2\/pages\/8191","targetHints":{"allow":["GET"]}}],"collection":[{"href":"https:\/\/klasikdusunceokulu.com\/index.php\/wp-json\/wp\/v2\/pages"}],"about":[{"href":"https:\/\/klasikdusunceokulu.com\/index.php\/wp-json\/wp\/v2\/types\/page"}],"author":[{"embeddable":true,"href":"https:\/\/klasikdusunceokulu.com\/index.php\/wp-json\/wp\/v2\/users\/1"}],"replies":[{"embeddable":true,"href":"https:\/\/klasikdusunceokulu.com\/index.php\/wp-json\/wp\/v2\/comments?post=8191"}],"version-history":[{"count":1,"href":"https:\/\/klasikdusunceokulu.com\/index.php\/wp-json\/wp\/v2\/pages\/8191\/revisions"}],"predecessor-version":[{"id":8204,"href":"https:\/\/klasikdusunceokulu.com\/index.php\/wp-json\/wp\/v2\/pages\/8191\/revisions\/8204"}],"wp:attachment":[{"href":"https:\/\/klasikdusunceokulu.com\/index.php\/wp-json\/wp\/v2\/media?parent=8191"}],"curies":[{"name":"wp","href":"https:\/\/api.w.org\/{rel}","templated":true}]}}