{"id":8206,"date":"2025-11-30T16:45:07","date_gmt":"2025-11-30T13:45:07","guid":{"rendered":"https:\/\/klasikdusunceokulu.com\/?page_id=8206"},"modified":"2025-11-30T16:47:33","modified_gmt":"2025-11-30T13:47:33","slug":"tahsin-gorgulu-maverdi-okumalari","status":"publish","type":"page","link":"https:\/\/klasikdusunceokulu.com\/index.php\/tahsin-gorgulu-maverdi-okumalari\/","title":{"rendered":"TAHS\u0130N G\u00d6RG\u00dcN, M\u00c2VERD\u00ce OKUMALARI"},"content":{"rendered":"<p><a href=\"https:\/\/klasikdusunceokulu.com\/index.php\/tahsin-gorgulu-maverdi-okumalari-1-seminer-ozeti\/\"><strong><span style=\"color: #3b5160;\">TAHS\u0130N G\u00d6RG\u00dcN, M\u00c2VERD\u00ce OKUMALARI 1. SEM\u0130NER \u00d6ZET\u0130<\/span><\/strong><\/a><\/p>\n<p><a href=\"https:\/\/klasikdusunceokulu.com\/index.php\/tahsin-gorgulu-maverdi-okumalari-2-seminer-ozeti\/\"><strong><span style=\"color: #3b5160;\">TAHS\u0130N G\u00d6RG\u00dcN, M\u00c2VERD\u00ce OKUMALARI 2. SEM\u0130NER \u00d6ZET\u0130<\/span><\/strong><\/a><\/p>\n<p><a href=\"https:\/\/klasikdusunceokulu.com\/index.php\/tahsin-gorgulu-maverdi-okumalari-3-seminer-ozeti\/\"><strong><span style=\"color: #3b5160;\">TAHS\u0130N G\u00d6RG\u00dcN, M\u00c2VERD\u00ce OKUMALARI 3. SEM\u0130NER \u00d6ZET\u0130<\/span><\/strong><\/a><\/p>\n<p><a href=\"https:\/\/klasikdusunceokulu.com\/index.php\/tahsin-gorgulu-maverdi-okumalari-4-seminer-ozeti\/\"><strong><span style=\"color: #3b5160;\">TAHS\u0130N G\u00d6RG\u00dcN, M\u00c2VERD\u00ce OKUMALARI 4. SEM\u0130NER \u00d6ZET\u0130<\/span><\/strong><\/a><\/p>\n<p><a href=\"https:\/\/klasikdusunceokulu.com\/index.php\/tahsin-gorgulu-maverdi-okumalari-5-seminer-ozeti\/\"><strong><span style=\"color: #3b5160;\">TAHS\u0130N G\u00d6RG\u00dcN, M\u00c2VERD\u00ce OKUMALARI 5. SEM\u0130NER \u00d6ZET\u0130<\/span><\/strong><\/a><\/p>\n<p><a href=\"https:\/\/klasikdusunceokulu.com\/index.php\/tahsin-gorgulu-maverdi-okumalari-6-seminer-ozeti\/\"><strong><span style=\"color: #3b5160;\">TAHS\u0130N G\u00d6RG\u00dcN, M\u00c2VERD\u00ce OKUMALARI 6. SEM\u0130NER \u00d6ZET\u0130<\/span><\/strong><\/a><\/p>\n<p><a href=\"https:\/\/klasikdusunceokulu.com\/index.php\/tahsin-gorgulu-maverdi-okumalari-7-seminer-ozeti\/\"><strong><span style=\"color: #3b5160;\">TAHS\u0130N G\u00d6RG\u00dcN, M\u00c2VERD\u00ce OKUMALARI 7. SEM\u0130NER \u00d6ZET\u0130<\/span><\/strong><\/a><\/p>\n<p><a href=\"https:\/\/klasikdusunceokulu.com\/index.php\/tahsin-gorgulu-maverdi-okumalari-8-seminer-ozeti\/\"><strong><span style=\"color: #3b5160;\">TAHS\u0130N G\u00d6RG\u00dcN, M\u00c2VERD\u00ce OKUMALARI 8. SEM\u0130NER \u00d6ZET\u0130<\/span><\/strong><\/a><\/p>\n<p><a href=\"https:\/\/klasikdusunceokulu.com\/index.php\/tahsin-gorgulu-maverdi-okumalari-9-seminer-ozeti\/\"><strong><span style=\"color: #3b5160;\">TAHS\u0130N G\u00d6RG\u00dcN, M\u00c2VERD\u00ce OKUMALARI 9. SEM\u0130NER \u00d6ZET\u0130<\/span><\/strong><\/a><\/p>\n<p><a href=\"https:\/\/klasikdusunceokulu.com\/index.php\/tahsin-gorgulu-maverdi-okumalari-10-seminer-ozeti\/\"><strong><span style=\"color: #3b5160;\">TAHS\u0130N G\u00d6RG\u00dcN, M\u00c2VERD\u00ce OKUMALARI 10. SEM\u0130NER \u00d6ZET\u0130<\/span><\/strong><\/a><\/p>\n<p><a href=\"https:\/\/klasikdusunceokulu.com\/index.php\/tahsin-gorgulu-maverdi-okumalari-11-seminer-ozeti\/\"><strong><span style=\"color: #3b5160;\">TAHS\u0130N G\u00d6RG\u00dcN, M\u00c2VERD\u00ce OKUMALARI 11. SEM\u0130NER \u00d6ZET\u0130<\/span><\/strong><\/a><\/p>\n<p><a href=\"https:\/\/klasikdusunceokulu.com\/index.php\/tahsin-gorgulu-maverdi-okumalari-12-seminer-ozeti\/\"><strong><span style=\"color: #3b5160;\">TAHS\u0130N G\u00d6RG\u00dcN, M\u00c2VERD\u00ce OKUMALARI 12. SEM\u0130NER \u00d6ZET\u0130<\/span><\/strong><\/a><\/p>\n<p><a href=\"https:\/\/klasikdusunceokulu.com\/index.php\/tahsin-gorgulu-maverdi-okumalari-13-seminer-ozeti\/\"><strong><span style=\"color: #3b5160;\">TAHS\u0130N G\u00d6RG\u00dcN, M\u00c2VERD\u00ce OKUMALARI 13. SEM\u0130NER \u00d6ZET\u0130<\/span><\/strong><\/a><\/p>\n<p><a href=\"https:\/\/klasikdusunceokulu.com\/index.php\/tahsin-gorgulu-maverdi-okumalari-14-seminer-ozeti\/\"><strong><span style=\"color: #3b5160;\">TAHS\u0130N G\u00d6RG\u00dcN, M\u00c2VERD\u00ce OKUMALARI 14. SEM\u0130NER \u00d6ZET\u0130<\/span><\/strong><\/a><\/p>\n<p><a href=\"https:\/\/klasikdusunceokulu.com\/index.php\/tahsin-gorgulu-maverdi-okumalari-15-seminer-ozeti\/\"><strong><span style=\"color: #3b5160;\">TAHS\u0130N G\u00d6RG\u00dcN, M\u00c2VERD\u00ce OKUMALARI 15. SEM\u0130NER \u00d6ZET\u0130<\/span><\/strong><\/a><\/p>\n<p><a href=\"https:\/\/klasikdusunceokulu.com\/index.php\/tahsin-gorgulu-maverdi-okumalari-16-seminer-ozeti\/\"><strong><span style=\"color: #3b5160;\">TAHS\u0130N G\u00d6RG\u00dcN, M\u00c2VERD\u00ce OKUMALARI 16. SEM\u0130NER \u00d6ZET\u0130<\/span><\/strong><\/a><\/p>\n<p><a href=\"https:\/\/klasikdusunceokulu.com\/index.php\/tahsin-gorgulu-maverdi-okumalari-17-seminer-ozeti\/\"><strong><span style=\"color: #3b5160;\">TAHS\u0130N G\u00d6RG\u00dcN, M\u00c2VERD\u00ce OKUMALARI 17. SEM\u0130NER \u00d6ZET\u0130<\/span><\/strong><\/a><\/p>\n<p><a href=\"https:\/\/klasikdusunceokulu.com\/index.php\/tahsin-gorgulu-maverdi-okumalari-18-seminer-ozeti\/\"><strong><span style=\"color: #3b5160;\">TAHS\u0130N G\u00d6RG\u00dcN, M\u00c2VERD\u00ce OKUMALARI 18. SEM\u0130NER \u00d6ZET\u0130<\/span><\/strong><\/a><\/p>\n<p><a href=\"https:\/\/klasikdusunceokulu.com\/index.php\/tahsin-gorgulu-maverdi-okumalari-19-seminer-ozeti\/\"><strong><span style=\"color: #3b5160;\">TAHS\u0130N G\u00d6RG\u00dcN, M\u00c2VERD\u00ce OKUMALARI 19. SEM\u0130NER \u00d6ZET\u0130<\/span><\/strong><\/a><\/p>\n<p><a href=\"https:\/\/klasikdusunceokulu.com\/index.php\/tahsin-gorgulu-maverdi-okumalari-20-seminer-ozeti\/\"><strong><span style=\"color: #3b5160;\">TAHS\u0130N G\u00d6RG\u00dcN, M\u00c2VERD\u00ce OKUMALARI 20. SEM\u0130NER \u00d6ZET\u0130<\/span><\/strong><\/a><\/p>\n<p><a href=\"https:\/\/klasikdusunceokulu.com\/index.php\/tahsin-gorgulu-maverdi-okumalari-21-seminer-ozeti\/\"><strong><span style=\"color: #3b5160;\">TAHS\u0130N G\u00d6RG\u00dcN, M\u00c2VERD\u00ce OKUMALARI 21. SEM\u0130NER \u00d6ZET\u0130<\/span><\/strong><\/a><\/p>\n<p><a href=\"https:\/\/klasikdusunceokulu.com\/index.php\/tahsin-gorgulu-maverdi-okumalari-22-seminer-ozeti\/\"><strong><span style=\"color: #3b5160;\">TAHS\u0130N G\u00d6RG\u00dcN, M\u00c2VERD\u00ce OKUMALARI 22. SEM\u0130NER \u00d6ZET\u0130<\/span><\/strong><\/a><\/p>\n<p><a href=\"https:\/\/klasikdusunceokulu.com\/index.php\/tahsin-gorgulu-maverdi-okumalari-23-seminer-ozeti\/\"><strong><span style=\"color: #3b5160;\">TAHS\u0130N G\u00d6RG\u00dcN, M\u00c2VERD\u00ce OKUMALARI 23. SEM\u0130NER \u00d6ZET\u0130<\/span><\/strong><\/a><\/p>\n<p><a href=\"https:\/\/klasikdusunceokulu.com\/index.php\/tahsin-gorgulu-maverdi-okumalari-24-seminer-ozeti\/\"><strong><span style=\"color: #3b5160;\">TAHS\u0130N G\u00d6RG\u00dcN, M\u00c2VERD\u00ce OKUMALARI 24. SEM\u0130NER \u00d6ZET\u0130<\/span><\/strong><\/a><\/p>\n<p><a href=\"https:\/\/klasikdusunceokulu.com\/index.php\/tahsin-gorgulu-maverdi-okumalari-25-seminer-ozeti\/\"><strong><span style=\"color: #3b5160;\">TAHS\u0130N G\u00d6RG\u00dcN, M\u00c2VERD\u00ce OKUMALARI 25. SEM\u0130NER \u00d6ZET\u0130<\/span><\/strong><\/a><\/p>\n<p><a href=\"https:\/\/klasikdusunceokulu.com\/index.php\/tahsin-gorgulu-maverdi-okumalari-26-seminer-ozeti\/\"><strong><span style=\"color: #3b5160;\">TAHS\u0130N G\u00d6RG\u00dcN, M\u00c2VERD\u00ce OKUMALARI 26. SEM\u0130NER \u00d6ZET\u0130<\/span><\/strong><\/a><\/p>\n<p><a href=\"https:\/\/klasikdusunceokulu.com\/index.php\/tahsin-gorgulu-maverdi-okumalari-27-seminer-ozeti\/\"><strong><span style=\"color: #3b5160;\">TAHS\u0130N G\u00d6RG\u00dcN, M\u00c2VERD\u00ce OKUMALARI 27. SEM\u0130NER \u00d6ZET\u0130<\/span><\/strong><\/a><\/p>\n<p><a href=\"https:\/\/klasikdusunceokulu.com\/index.php\/tahsin-gorgulu-maverdi-okumalari-28-seminer-ozeti\/\"><strong><span style=\"color: #3b5160;\">TAHS\u0130N G\u00d6RG\u00dcN, M\u00c2VERD\u00ce OKUMALARI 28. SEM\u0130NER \u00d6ZET\u0130<\/span><\/strong><\/a><\/p>\n<p><a href=\"https:\/\/klasikdusunceokulu.com\/index.php\/tahsin-gorgulu-maverdi-okumalari-29-seminer-ozeti\/\"><strong><span style=\"color: #3b5160;\">TAHS\u0130N G\u00d6RG\u00dcN, M\u00c2VERD\u00ce OKUMALARI 29. SEM\u0130NER \u00d6ZET\u0130<\/span><\/strong><\/a><\/p>\n<p><a href=\"https:\/\/klasikdusunceokulu.com\/index.php\/tahsin-gorgulu-maverdi-okumalari-30-seminer-ozeti\/\"><strong><span style=\"color: #3b5160;\">TAHS\u0130N G\u00d6RG\u00dcN, M\u00c2VERD\u00ce OKUMALARI 30. SEM\u0130NER \u00d6ZET\u0130<\/span><\/strong><\/a><\/p>\n<p><a href=\"https:\/\/klasikdusunceokulu.com\/index.php\/tahsin-gorgulu-maverdi-okumalari-31-seminer-ozeti\/\"><strong><span style=\"color: #3b5160;\">TAHS\u0130N G\u00d6RG\u00dcN, M\u00c2VERD\u00ce OKUMALARI 31. SEM\u0130NER \u00d6ZET\u0130<\/span><\/strong><\/a><\/p>\n<p><a href=\"https:\/\/klasikdusunceokulu.com\/index.php\/tahsin-gorgulu-maverdi-okumalari-32-seminer-ozeti\/\"><strong><span style=\"color: #3b5160;\">TAHS\u0130N G\u00d6RG\u00dcN, M\u00c2VERD\u00ce OKUMALARI 32. SEM\u0130NER \u00d6ZET\u0130<\/span><\/strong><\/a><\/p>\n<p><a href=\"https:\/\/klasikdusunceokulu.com\/index.php\/tahsin-gorgulu-maverdi-okumalari-33-seminer-ozeti\/\"><strong><span style=\"color: #3b5160;\">TAHS\u0130N G\u00d6RG\u00dcN, M\u00c2VERD\u00ce OKUMALARI 33. SEM\u0130NER \u00d6ZET\u0130<\/span><\/strong><\/a><\/p>\n<p><a href=\"https:\/\/klasikdusunceokulu.com\/index.php\/tahsin-gorgulu-maverdi-okumalari-34-seminer-ozeti\/\"><strong><span style=\"color: #3b5160;\">TAHS\u0130N G\u00d6RG\u00dcN, M\u00c2VERD\u00ce OKUMALARI 34. SEM\u0130NER \u00d6ZET\u0130<\/span><\/strong><\/a><\/p>\n<p><a href=\"https:\/\/klasikdusunceokulu.com\/index.php\/tahsin-gorgulu-maverdi-okumalari-35-seminer-ozeti\/\"><strong><span style=\"color: #3b5160;\">TAHS\u0130N G\u00d6RG\u00dcN, M\u00c2VERD\u00ce OKUMALARI 35. SEM\u0130NER \u00d6ZET\u0130<\/span><\/strong><\/a><\/p>\n<p><a href=\"https:\/\/klasikdusunceokulu.com\/index.php\/tahsin-gorgulu-maverdi-okumalari-36-seminer-ozeti\/\"><strong><span style=\"color: #3b5160;\">TAHS\u0130N G\u00d6RG\u00dcN, M\u00c2VERD\u00ce OKUMALARI 36. SEM\u0130NER \u00d6ZET\u0130<\/span><\/strong><\/a><\/p>\n<p><a href=\"https:\/\/klasikdusunceokulu.com\/index.php\/tahsin-gorgulu-maverdi-okumalari-37-seminer-ozeti\/\"><strong><span style=\"color: #3b5160;\">TAHS\u0130N G\u00d6RG\u00dcN, M\u00c2VERD\u00ce OKUMALARI 37.SEM\u0130NER \u00d6ZET\u0130<\/span><\/strong><\/a><\/p>\n<p><a href=\"https:\/\/klasikdusunceokulu.com\/index.php\/tahsin-gorgulu-maverdi-okumalari-38-seminer-ozeti\/\"><strong><span style=\"color: #3b5160;\">TAHS\u0130N G\u00d6RG\u00dcN, M\u00c2VERD\u00ce OKUMALARI 38. SEM\u0130NER \u00d6ZET\u0130<\/span><\/strong><\/a><\/p>\n<p><a href=\"https:\/\/klasikdusunceokulu.com\/index.php\/tahsin-gorgulu-maverdi-okumalari-39-seminer-ozeti\/\"><strong><span style=\"color: #3b5160;\">TAHS\u0130N G\u00d6RG\u00dcN, M\u00c2VERD\u00ce OKUMALARI 39. SEM\u0130NER \u00d6ZET\u0130<\/span><\/strong><\/a><\/p>\n<p><a href=\"https:\/\/klasikdusunceokulu.com\/index.php\/tahsin-gorgulu-maverdi-okumalari-40-seminer-ozeti\/\"><strong><span style=\"color: #3b5160;\">TAHS\u0130N G\u00d6RG\u00dcN, M\u00c2VERD\u00ce OKUMALARI 40. SEM\u0130NER \u00d6ZET\u0130<\/span><\/strong><\/a><\/p>\n","protected":false},"excerpt":{"rendered":"<p>TAHS\u0130N G\u00d6RG\u00dcN, M\u00c2VERD\u00ce OKUMALARI 1. SEM\u0130NER \u00d6ZET\u0130 TAHS\u0130N G\u00d6RG\u00dcN, M\u00c2VERD\u00ce [&hellip;]<\/p>\n","protected":false},"author":1,"featured_media":0,"parent":0,"menu_order":0,"comment_status":"closed","ping_status":"closed","template":"","meta":{"footnotes":""},"class_list":["post-8206","page","type-page","status-publish","hentry"],"jetpack_sharing_enabled":true,"_links":{"self":[{"href":"https:\/\/klasikdusunceokulu.com\/index.php\/wp-json\/wp\/v2\/pages\/8206","targetHints":{"allow":["GET"]}}],"collection":[{"href":"https:\/\/klasikdusunceokulu.com\/index.php\/wp-json\/wp\/v2\/pages"}],"about":[{"href":"https:\/\/klasikdusunceokulu.com\/index.php\/wp-json\/wp\/v2\/types\/page"}],"author":[{"embeddable":true,"href":"https:\/\/klasikdusunceokulu.com\/index.php\/wp-json\/wp\/v2\/users\/1"}],"replies":[{"embeddable":true,"href":"https:\/\/klasikdusunceokulu.com\/index.php\/wp-json\/wp\/v2\/comments?post=8206"}],"version-history":[{"count":3,"href":"https:\/\/klasikdusunceokulu.com\/index.php\/wp-json\/wp\/v2\/pages\/8206\/revisions"}],"predecessor-version":[{"id":8293,"href":"https:\/\/klasikdusunceokulu.com\/index.php\/wp-json\/wp\/v2\/pages\/8206\/revisions\/8293"}],"wp:attachment":[{"href":"https:\/\/klasikdusunceokulu.com\/index.php\/wp-json\/wp\/v2\/media?parent=8206"}],"curies":[{"name":"wp","href":"https:\/\/api.w.org\/{rel}","templated":true}]}}