{"id":8336,"date":"2025-11-30T17:03:33","date_gmt":"2025-11-30T14:03:33","guid":{"rendered":"https:\/\/klasikdusunceokulu.com\/?page_id=8336"},"modified":"2025-11-30T17:03:33","modified_gmt":"2025-11-30T14:03:33","slug":"omer-turker-seyyid-serif-curcani-serhul-mevakif","status":"publish","type":"page","link":"https:\/\/klasikdusunceokulu.com\/index.php\/omer-turker-seyyid-serif-curcani-serhul-mevakif\/","title":{"rendered":"\u00d6MER T\u00dcRKER, SEYY\u0130D \u015eER\u0130F C\u00dcRC\u00c2N\u00ce, \u015eERHU\u2019L-MEV\u00c2KIF"},"content":{"rendered":"<p><a href=\"https:\/\/klasikdusunceokulu.com\/index.php\/omer-turker-seyyid-serif-curcani-serhul-mevakif-1-seminer-ozeti\/\"><strong><span style=\"color: #3b5160;\">\u00d6MER T\u00dcRKER, SEYY\u0130D \u015eER\u0130F C\u00dcRC\u00c2N\u00ce, \u015eERHU\u2019L-MEV\u00c2KIF 1. SEM\u0130NER \u00d6ZET\u0130<\/span><\/strong><\/a><\/p>\n<p><a href=\"https:\/\/klasikdusunceokulu.com\/index.php\/omer-turker-seyyid-serif-curcani-serhul-mevakif-2-seminer-ozeti\/\"><strong><span style=\"color: #3b5160;\">\u00d6MER T\u00dcRKER, SEYY\u0130D \u015eER\u0130F C\u00dcRC\u00c2N\u00ce, \u015eERHU\u2019L-MEV\u00c2KIF 2. SEM\u0130NER \u00d6ZET\u0130<\/span><\/strong><\/a><\/p>\n<p><a href=\"https:\/\/klasikdusunceokulu.com\/index.php\/omer-turker-seyyid-serif-curcani-serhul-mevakif-3-seminer-ozeti\/\"><strong><span style=\"color: #3b5160;\">\u00d6MER T\u00dcRKER, SEYY\u0130D \u015eER\u0130F C\u00dcRC\u00c2N\u00ce, \u015eERHU\u2019L-MEV\u00c2KIF 3. SEM\u0130NER \u00d6ZET\u0130<\/span><\/strong><\/a><\/p>\n","protected":false},"excerpt":{"rendered":"<p>\u00d6MER T\u00dcRKER, SEYY\u0130D \u015eER\u0130F C\u00dcRC\u00c2N\u00ce, \u015eERHU\u2019L-MEV\u00c2KIF 1. SEM\u0130NER \u00d6ZET\u0130 \u00d6MER [&hellip;]<\/p>\n","protected":false},"author":1,"featured_media":0,"parent":0,"menu_order":0,"comment_status":"closed","ping_status":"closed","template":"","meta":{"footnotes":""},"class_list":["post-8336","page","type-page","status-publish","hentry"],"jetpack_sharing_enabled":true,"_links":{"self":[{"href":"https:\/\/klasikdusunceokulu.com\/index.php\/wp-json\/wp\/v2\/pages\/8336","targetHints":{"allow":["GET"]}}],"collection":[{"href":"https:\/\/klasikdusunceokulu.com\/index.php\/wp-json\/wp\/v2\/pages"}],"about":[{"href":"https:\/\/klasikdusunceokulu.com\/index.php\/wp-json\/wp\/v2\/types\/page"}],"author":[{"embeddable":true,"href":"https:\/\/klasikdusunceokulu.com\/index.php\/wp-json\/wp\/v2\/users\/1"}],"replies":[{"embeddable":true,"href":"https:\/\/klasikdusunceokulu.com\/index.php\/wp-json\/wp\/v2\/comments?post=8336"}],"version-history":[{"count":1,"href":"https:\/\/klasikdusunceokulu.com\/index.php\/wp-json\/wp\/v2\/pages\/8336\/revisions"}],"predecessor-version":[{"id":8343,"href":"https:\/\/klasikdusunceokulu.com\/index.php\/wp-json\/wp\/v2\/pages\/8336\/revisions\/8343"}],"wp:attachment":[{"href":"https:\/\/klasikdusunceokulu.com\/index.php\/wp-json\/wp\/v2\/media?parent=8336"}],"curies":[{"name":"wp","href":"https:\/\/api.w.org\/{rel}","templated":true}]}}