{"id":8361,"date":"2025-11-30T19:01:05","date_gmt":"2025-11-30T16:01:05","guid":{"rendered":"https:\/\/klasikdusunceokulu.com\/?page_id=8361"},"modified":"2025-11-30T19:05:16","modified_gmt":"2025-11-30T16:05:16","slug":"hayrettin-nebi-gudekli-abdulkahir-el-bagdadi-usulid-din","status":"publish","type":"page","link":"https:\/\/klasikdusunceokulu.com\/index.php\/hayrettin-nebi-gudekli-abdulkahir-el-bagdadi-usulid-din\/","title":{"rendered":"HAYRETT\u0130N NEB\u0130 G\u00dcDEKL\u0130, ABDULK\u00c2H\u0130R EL-BA\u011eD\u00c2D\u00ce, US\u00dbL\u0130\u2019D-D\u00ceN"},"content":{"rendered":"<p><a href=\"https:\/\/klasikdusunceokulu.com\/index.php\/hayrettin-nebi-gudekli-abdulkahir-el-bagdadi-usulid-din-1-seminer-ozeti\/\"><span style=\"color: #3b5160;\"><strong>HAYRETT\u0130N NEB\u0130 G\u00dcDEKL\u0130, ABDULK\u00c2H\u0130R EL-BA\u011eD\u00c2D\u00ce, US\u00dbL\u0130\u2019D-D\u00ceN 1. SEM\u0130NER \u00d6ZET\u0130<\/strong><\/span><\/a><\/p>\n<p><a href=\"https:\/\/klasikdusunceokulu.com\/index.php\/hayrettin-nebi-gudekli-abdulkahir-el-bagdadi-usulid-din-2-seminer-ozeti\/\"><span style=\"color: #3b5160;\"><strong>HAYRETT\u0130N NEB\u0130 G\u00dcDEKL\u0130, ABDULK\u00c2H\u0130R EL-BA\u011eD\u00c2D\u00ce, US\u00dbL\u0130\u2019D-D\u00ceN 2. SEM\u0130NER \u00d6ZET\u0130<\/strong><\/span><\/a><\/p>\n<p><a href=\"https:\/\/klasikdusunceokulu.com\/index.php\/hayrettin-nebi-gudekli-abdulkahir-el-bagdadi-usulid-din-3-seminer-ozeti\/\"><span style=\"color: #3b5160;\"><strong>HAYRETT\u0130N NEB\u0130 G\u00dcDEKL\u0130, ABDULK\u00c2H\u0130R EL-BA\u011eD\u00c2D\u00ce, US\u00dbL\u0130\u2019D-D\u00ceN 3. SEM\u0130NER \u00d6ZET\u0130<\/strong><\/span><\/a><\/p>\n<p><a href=\"https:\/\/klasikdusunceokulu.com\/index.php\/hayrettin-nebi-gudekli-abdulkahir-el-bagdadi-usulid-din-4-seminer-ozeti\/\"><span style=\"color: #3b5160;\"><strong>HAYRETT\u0130N NEB\u0130 G\u00dcDEKL\u0130, ABDULK\u00c2H\u0130R EL-BA\u011eD\u00c2D\u00ce, US\u00dbL\u0130\u2019D-D\u00ceN 4. SEM\u0130NER \u00d6ZET\u0130<\/strong><\/span><\/a><\/p>\n<p><a href=\"https:\/\/klasikdusunceokulu.com\/index.php\/hayrettin-nebi-gudekli-abdulkahir-el-bagdadi-usulid-din-5-seminer-ozeti\/\"><span style=\"color: #3b5160;\"><strong>HAYRETT\u0130N NEB\u0130 G\u00dcDEKL\u0130, ABDULK\u00c2H\u0130R EL-BA\u011eD\u00c2D\u00ce, US\u00dbL\u0130\u2019D-D\u00ceN 5. SEM\u0130NER \u00d6ZET\u0130<\/strong><\/span><\/a><\/p>\n","protected":false},"excerpt":{"rendered":"<p>HAYRETT\u0130N NEB\u0130 G\u00dcDEKL\u0130, ABDULK\u00c2H\u0130R EL-BA\u011eD\u00c2D\u00ce, US\u00dbL\u0130\u2019D-D\u00ceN 1. SEM\u0130NER \u00d6ZET\u0130 HAYRETT\u0130N [&hellip;]<\/p>\n","protected":false},"author":1,"featured_media":0,"parent":0,"menu_order":0,"comment_status":"closed","ping_status":"closed","template":"","meta":{"footnotes":""},"class_list":["post-8361","page","type-page","status-publish","hentry"],"jetpack_sharing_enabled":true,"_links":{"self":[{"href":"https:\/\/klasikdusunceokulu.com\/index.php\/wp-json\/wp\/v2\/pages\/8361","targetHints":{"allow":["GET"]}}],"collection":[{"href":"https:\/\/klasikdusunceokulu.com\/index.php\/wp-json\/wp\/v2\/pages"}],"about":[{"href":"https:\/\/klasikdusunceokulu.com\/index.php\/wp-json\/wp\/v2\/types\/page"}],"author":[{"embeddable":true,"href":"https:\/\/klasikdusunceokulu.com\/index.php\/wp-json\/wp\/v2\/users\/1"}],"replies":[{"embeddable":true,"href":"https:\/\/klasikdusunceokulu.com\/index.php\/wp-json\/wp\/v2\/comments?post=8361"}],"version-history":[{"count":1,"href":"https:\/\/klasikdusunceokulu.com\/index.php\/wp-json\/wp\/v2\/pages\/8361\/revisions"}],"predecessor-version":[{"id":8372,"href":"https:\/\/klasikdusunceokulu.com\/index.php\/wp-json\/wp\/v2\/pages\/8361\/revisions\/8372"}],"wp:attachment":[{"href":"https:\/\/klasikdusunceokulu.com\/index.php\/wp-json\/wp\/v2\/media?parent=8361"}],"curies":[{"name":"wp","href":"https:\/\/api.w.org\/{rel}","templated":true}]}}