{"id":8382,"date":"2025-11-30T19:12:58","date_gmt":"2025-11-30T16:12:58","guid":{"rendered":"https:\/\/klasikdusunceokulu.com\/?page_id=8382"},"modified":"2025-11-30T19:12:58","modified_gmt":"2025-11-30T16:12:58","slug":"osman-demir-ebu-hanife-el-fikhul-ekber","status":"publish","type":"page","link":"https:\/\/klasikdusunceokulu.com\/index.php\/osman-demir-ebu-hanife-el-fikhul-ekber\/","title":{"rendered":"OSMAN DEM\u0130R, EB\u00db HAN\u00ceFE, EL-FIKHU\u2019L-EKBER"},"content":{"rendered":"<p><a href=\"https:\/\/klasikdusunceokulu.com\/index.php\/osman-demir-ebu-hanife-el-fikhul-ekber-1-seminer-ozeti\/\"><strong><span style=\"color: #3b5160;\">OSMAN DEM\u0130R, EB\u00db HAN\u00ceFE, EL-FIKHU\u2019L-EKBER 1. SEM\u0130NER \u00d6ZET\u0130<\/span><\/strong><\/a><\/p>\n<p><a href=\"https:\/\/klasikdusunceokulu.com\/index.php\/osman-demir-ebu-hanife-el-fikhul-ekber-2-seminer-ozeti\/\"><strong><span style=\"color: #3b5160;\">OSMAN DEM\u0130R, EB\u00db HAN\u00ceFE, EL-FIKHU\u2019L-EKBER 2. SEM\u0130NER \u00d6ZET\u0130<\/span><\/strong><\/a><\/p>\n<p><a href=\"https:\/\/klasikdusunceokulu.com\/index.php\/osman-demir-ebu-hanife-el-fikhul-ekber-3-seminer-ozeti\/\"><strong><span style=\"color: #3b5160;\">OSMAN DEM\u0130R, EB\u00db HAN\u00ceFE, EL-FIKHU\u2019L-EKBER 3. SEM\u0130NER \u00d6ZET\u0130<\/span><\/strong><\/a><\/p>\n","protected":false},"excerpt":{"rendered":"<p>OSMAN DEM\u0130R, EB\u00db HAN\u00ceFE, EL-FIKHU\u2019L-EKBER 1. SEM\u0130NER \u00d6ZET\u0130 OSMAN DEM\u0130R, [&hellip;]<\/p>\n","protected":false},"author":1,"featured_media":0,"parent":0,"menu_order":0,"comment_status":"closed","ping_status":"closed","template":"","meta":{"footnotes":""},"class_list":["post-8382","page","type-page","status-publish","hentry"],"jetpack_sharing_enabled":true,"_links":{"self":[{"href":"https:\/\/klasikdusunceokulu.com\/index.php\/wp-json\/wp\/v2\/pages\/8382","targetHints":{"allow":["GET"]}}],"collection":[{"href":"https:\/\/klasikdusunceokulu.com\/index.php\/wp-json\/wp\/v2\/pages"}],"about":[{"href":"https:\/\/klasikdusunceokulu.com\/index.php\/wp-json\/wp\/v2\/types\/page"}],"author":[{"embeddable":true,"href":"https:\/\/klasikdusunceokulu.com\/index.php\/wp-json\/wp\/v2\/users\/1"}],"replies":[{"embeddable":true,"href":"https:\/\/klasikdusunceokulu.com\/index.php\/wp-json\/wp\/v2\/comments?post=8382"}],"version-history":[{"count":1,"href":"https:\/\/klasikdusunceokulu.com\/index.php\/wp-json\/wp\/v2\/pages\/8382\/revisions"}],"predecessor-version":[{"id":8389,"href":"https:\/\/klasikdusunceokulu.com\/index.php\/wp-json\/wp\/v2\/pages\/8382\/revisions\/8389"}],"wp:attachment":[{"href":"https:\/\/klasikdusunceokulu.com\/index.php\/wp-json\/wp\/v2\/media?parent=8382"}],"curies":[{"name":"wp","href":"https:\/\/api.w.org\/{rel}","templated":true}]}}