{"id":8390,"date":"2025-11-30T19:15:14","date_gmt":"2025-11-30T16:15:14","guid":{"rendered":"https:\/\/klasikdusunceokulu.com\/?page_id=8390"},"modified":"2025-11-30T19:15:14","modified_gmt":"2025-11-30T16:15:14","slug":"hayrettin-nebi-gudekli-ebu-hanife-el-fikhul-ekber","status":"publish","type":"page","link":"https:\/\/klasikdusunceokulu.com\/index.php\/hayrettin-nebi-gudekli-ebu-hanife-el-fikhul-ekber\/","title":{"rendered":"HAYRETT\u0130N NEB\u0130 G\u00dcDEKL\u0130, EB\u00db HAN\u00ceFE, EL-FIKHU\u2019L-EKBER"},"content":{"rendered":"<p><a href=\"https:\/\/klasikdusunceokulu.com\/index.php\/hayrettin-nebi-gudekli-ebu-hanife-el-fikhul-ekber-1-seminer-ozeti\/\"><strong><span style=\"color: #3b5160;\">HAYRETT\u0130N NEB\u0130 G\u00dcDEKL\u0130, EB\u00db HAN\u00ceFE, EL-FIKHU\u2019L-EKBER 1. SEM\u0130NER \u00d6ZET\u0130<\/span><\/strong><\/a><\/p>\n<p><a href=\"https:\/\/klasikdusunceokulu.com\/index.php\/hayrettin-nebi-gudekli-ebu-hanife-el-fikhul-ekber-2-seminer-ozeti\/\"><strong><span style=\"color: #3b5160;\">HAYRETT\u0130N NEB\u0130 G\u00dcDEKL\u0130, EB\u00db HAN\u00ceFE, EL-FIKHU\u2019L-EKBER 2. SEM\u0130NER \u00d6ZET\u0130<\/span><\/strong><\/a><\/p>\n<p><a href=\"https:\/\/klasikdusunceokulu.com\/index.php\/hayrettin-nebi-gudekli-ebu-hanife-el-fikhul-ekber-3-seminer-ozeti\/\"><strong><span style=\"color: #3b5160;\">HAYRETT\u0130N NEB\u0130 G\u00dcDEKL\u0130, EB\u00db HAN\u00ceFE, EL-FIKHU\u2019L-EKBER 3. SEM\u0130NER \u00d6ZET\u0130<\/span><\/strong><\/a><\/p>\n","protected":false},"excerpt":{"rendered":"<p>HAYRETT\u0130N NEB\u0130 G\u00dcDEKL\u0130, EB\u00db HAN\u00ceFE, EL-FIKHU\u2019L-EKBER 1. SEM\u0130NER \u00d6ZET\u0130 HAYRETT\u0130N [&hellip;]<\/p>\n","protected":false},"author":1,"featured_media":0,"parent":0,"menu_order":0,"comment_status":"closed","ping_status":"closed","template":"","meta":{"footnotes":""},"class_list":["post-8390","page","type-page","status-publish","hentry"],"jetpack_sharing_enabled":true,"_links":{"self":[{"href":"https:\/\/klasikdusunceokulu.com\/index.php\/wp-json\/wp\/v2\/pages\/8390","targetHints":{"allow":["GET"]}}],"collection":[{"href":"https:\/\/klasikdusunceokulu.com\/index.php\/wp-json\/wp\/v2\/pages"}],"about":[{"href":"https:\/\/klasikdusunceokulu.com\/index.php\/wp-json\/wp\/v2\/types\/page"}],"author":[{"embeddable":true,"href":"https:\/\/klasikdusunceokulu.com\/index.php\/wp-json\/wp\/v2\/users\/1"}],"replies":[{"embeddable":true,"href":"https:\/\/klasikdusunceokulu.com\/index.php\/wp-json\/wp\/v2\/comments?post=8390"}],"version-history":[{"count":1,"href":"https:\/\/klasikdusunceokulu.com\/index.php\/wp-json\/wp\/v2\/pages\/8390\/revisions"}],"predecessor-version":[{"id":8397,"href":"https:\/\/klasikdusunceokulu.com\/index.php\/wp-json\/wp\/v2\/pages\/8390\/revisions\/8397"}],"wp:attachment":[{"href":"https:\/\/klasikdusunceokulu.com\/index.php\/wp-json\/wp\/v2\/media?parent=8390"}],"curies":[{"name":"wp","href":"https:\/\/api.w.org\/{rel}","templated":true}]}}