{"id":8398,"date":"2025-11-30T19:17:37","date_gmt":"2025-11-30T16:17:37","guid":{"rendered":"https:\/\/klasikdusunceokulu.com\/?page_id=8398"},"modified":"2025-11-30T19:17:37","modified_gmt":"2025-11-30T16:17:37","slug":"ekrem-demirli-ebu-hanife-el-fikhul-ekber","status":"publish","type":"page","link":"https:\/\/klasikdusunceokulu.com\/index.php\/ekrem-demirli-ebu-hanife-el-fikhul-ekber\/","title":{"rendered":"EKREM DEM\u0130RL\u0130, EB\u00db HAN\u00ceFE, EL-FIKHU\u2019L-EKBER"},"content":{"rendered":"<p><a href=\"https:\/\/klasikdusunceokulu.com\/index.php\/ekrem-demirli-ebu-hanife-el-fikhul-ekber-1-seminer-ozeti\/\"><span style=\"color: #3b5160;\"><strong>EKREM DEM\u0130RL\u0130, EB\u00db HAN\u00ceFE, EL-FIKHU\u2019L-EKBER 1. SEM\u0130NER \u00d6ZET\u0130<\/strong><\/span><\/a><\/p>\n<p><a href=\"https:\/\/klasikdusunceokulu.com\/index.php\/ekrem-demirli-ebu-hanife-el-fikhul-ekber-2-seminer-ozeti\/\"><span style=\"color: #3b5160;\"><strong>EKREM DEM\u0130RL\u0130, EB\u00db HAN\u00ceFE, EL-FIKHU\u2019L-EKBER 2. SEM\u0130NER \u00d6ZET\u0130<\/strong><\/span><\/a><\/p>\n<p><a href=\"https:\/\/klasikdusunceokulu.com\/index.php\/ekrem-demirli-ebu-hanife-el-fikhul-ekber-3-seminer-ozeti\/\"><span style=\"color: #3b5160;\"><strong>EKREM DEM\u0130RL\u0130, EB\u00db HAN\u00ceFE, EL-FIKHU\u2019L-EKBER 3. SEM\u0130NER \u00d6ZET\u0130<\/strong><\/span><\/a><\/p>\n","protected":false},"excerpt":{"rendered":"<p>EKREM DEM\u0130RL\u0130, EB\u00db HAN\u00ceFE, EL-FIKHU\u2019L-EKBER 1. SEM\u0130NER \u00d6ZET\u0130 EKREM DEM\u0130RL\u0130, [&hellip;]<\/p>\n","protected":false},"author":1,"featured_media":0,"parent":0,"menu_order":0,"comment_status":"closed","ping_status":"closed","template":"","meta":{"footnotes":""},"class_list":["post-8398","page","type-page","status-publish","hentry"],"jetpack_sharing_enabled":true,"_links":{"self":[{"href":"https:\/\/klasikdusunceokulu.com\/index.php\/wp-json\/wp\/v2\/pages\/8398","targetHints":{"allow":["GET"]}}],"collection":[{"href":"https:\/\/klasikdusunceokulu.com\/index.php\/wp-json\/wp\/v2\/pages"}],"about":[{"href":"https:\/\/klasikdusunceokulu.com\/index.php\/wp-json\/wp\/v2\/types\/page"}],"author":[{"embeddable":true,"href":"https:\/\/klasikdusunceokulu.com\/index.php\/wp-json\/wp\/v2\/users\/1"}],"replies":[{"embeddable":true,"href":"https:\/\/klasikdusunceokulu.com\/index.php\/wp-json\/wp\/v2\/comments?post=8398"}],"version-history":[{"count":1,"href":"https:\/\/klasikdusunceokulu.com\/index.php\/wp-json\/wp\/v2\/pages\/8398\/revisions"}],"predecessor-version":[{"id":8405,"href":"https:\/\/klasikdusunceokulu.com\/index.php\/wp-json\/wp\/v2\/pages\/8398\/revisions\/8405"}],"wp:attachment":[{"href":"https:\/\/klasikdusunceokulu.com\/index.php\/wp-json\/wp\/v2\/media?parent=8398"}],"curies":[{"name":"wp","href":"https:\/\/api.w.org\/{rel}","templated":true}]}}