{"id":8408,"date":"2025-11-30T20:27:02","date_gmt":"2025-11-30T17:27:02","guid":{"rendered":"https:\/\/klasikdusunceokulu.com\/?page_id=8408"},"modified":"2025-11-30T20:27:02","modified_gmt":"2025-11-30T17:27:02","slug":"omer-turker-hasan-el-basri-risale-fil-kader","status":"publish","type":"page","link":"https:\/\/klasikdusunceokulu.com\/index.php\/omer-turker-hasan-el-basri-risale-fil-kader\/","title":{"rendered":"\u00d6MER T\u00dcRKER, HASAN EL-BASR\u00ce, R\u0130S\u00c2LE F\u0130\u2019L-KADER"},"content":{"rendered":"<p><a href=\"https:\/\/klasikdusunceokulu.com\/index.php\/omer-turker-hasan-el-basri-risale-fil-kader-1-seminer-ozeti\/\"><strong><span style=\"color: #000000;\">\u00d6MER T\u00dcRKER, HASAN EL-BASR\u00ce, R\u0130S\u00c2LE F\u0130\u2019L-KADER 1. SEM\u0130NER \u00d6ZET\u0130<\/span><\/strong><\/a><\/p>\n<p><a href=\"https:\/\/klasikdusunceokulu.com\/index.php\/omer-turker-hasan-el-basri-risale-fil-kader-2-seminer-ozeti\/\"><strong><span style=\"color: #000000;\">\u00d6MER T\u00dcRKER, HASAN EL-BASR\u00ce, R\u0130S\u00c2LE F\u0130\u2019L-KADER 2. SEM\u0130NER \u00d6ZET\u0130<\/span><\/strong><\/a><\/p>\n<p><a href=\"https:\/\/klasikdusunceokulu.com\/index.php\/omer-turker-hasan-el-basri-risale-fil-kader-3-seminer-ozeti\/\"><strong><span style=\"color: #000000;\">\u00d6MER T\u00dcRKER, HASAN EL-BASR\u00ce, R\u0130S\u00c2LE F\u0130\u2019L-KADER 3. SEM\u0130NER \u00d6ZET\u0130<\/span><\/strong><\/a><\/p>\n","protected":false},"excerpt":{"rendered":"<p>\u00d6MER T\u00dcRKER, HASAN EL-BASR\u00ce, R\u0130S\u00c2LE F\u0130\u2019L-KADER 1. SEM\u0130NER \u00d6ZET\u0130 \u00d6MER [&hellip;]<\/p>\n","protected":false},"author":1,"featured_media":0,"parent":0,"menu_order":0,"comment_status":"closed","ping_status":"closed","template":"","meta":{"footnotes":""},"class_list":["post-8408","page","type-page","status-publish","hentry"],"jetpack_sharing_enabled":true,"_links":{"self":[{"href":"https:\/\/klasikdusunceokulu.com\/index.php\/wp-json\/wp\/v2\/pages\/8408","targetHints":{"allow":["GET"]}}],"collection":[{"href":"https:\/\/klasikdusunceokulu.com\/index.php\/wp-json\/wp\/v2\/pages"}],"about":[{"href":"https:\/\/klasikdusunceokulu.com\/index.php\/wp-json\/wp\/v2\/types\/page"}],"author":[{"embeddable":true,"href":"https:\/\/klasikdusunceokulu.com\/index.php\/wp-json\/wp\/v2\/users\/1"}],"replies":[{"embeddable":true,"href":"https:\/\/klasikdusunceokulu.com\/index.php\/wp-json\/wp\/v2\/comments?post=8408"}],"version-history":[{"count":1,"href":"https:\/\/klasikdusunceokulu.com\/index.php\/wp-json\/wp\/v2\/pages\/8408\/revisions"}],"predecessor-version":[{"id":8415,"href":"https:\/\/klasikdusunceokulu.com\/index.php\/wp-json\/wp\/v2\/pages\/8408\/revisions\/8415"}],"wp:attachment":[{"href":"https:\/\/klasikdusunceokulu.com\/index.php\/wp-json\/wp\/v2\/media?parent=8408"}],"curies":[{"name":"wp","href":"https:\/\/api.w.org\/{rel}","templated":true}]}}