{"id":8416,"date":"2025-11-30T20:30:53","date_gmt":"2025-11-30T17:30:53","guid":{"rendered":"https:\/\/klasikdusunceokulu.com\/?page_id=8416"},"modified":"2025-11-30T20:30:53","modified_gmt":"2025-11-30T17:30:53","slug":"osman-demir-hasan-el-basri-risale-fil-kader","status":"publish","type":"page","link":"https:\/\/klasikdusunceokulu.com\/index.php\/osman-demir-hasan-el-basri-risale-fil-kader\/","title":{"rendered":"OSMAN DEM\u0130R, HASAN EL-BASR\u00ce, R\u0130S\u00c2LE F\u0130\u2019L-KADER"},"content":{"rendered":"<p><a href=\"https:\/\/klasikdusunceokulu.com\/index.php\/osman-demir-hasan-el-basri-risale-fil-kader-1-seminer-ozeti\/\"><span style=\"color: #3b5160;\"><strong>OSMAN DEM\u0130R, HASAN EL-BASR\u00ce, R\u0130S\u00c2LE F\u0130\u2019L-KADER 1. SEM\u0130NER \u00d6ZET\u0130<\/strong><\/span><\/a><\/p>\n<p><a href=\"https:\/\/klasikdusunceokulu.com\/index.php\/osman-demir-hasan-el-basri-risale-fil-kader-2-seminer-ozeti\/\"><span style=\"color: #3b5160;\"><strong>OSMAN DEM\u0130R, HASAN EL-BASR\u00ce, R\u0130S\u00c2LE F\u0130\u2019L-KADER 2. SEM\u0130NER \u00d6ZET\u0130<\/strong><\/span><\/a><\/p>\n<p><a href=\"https:\/\/klasikdusunceokulu.com\/index.php\/osman-demir-hasan-el-basri-risale-fil-kader-3-seminer-ozeti\/\"><span style=\"color: #3b5160;\"><strong>OSMAN DEM\u0130R, HASAN EL-BASR\u00ce, R\u0130S\u00c2LE F\u0130\u2019L-KADER 3. SEM\u0130NER \u00d6ZET\u0130<\/strong><\/span><\/a><\/p>\n","protected":false},"excerpt":{"rendered":"<p>OSMAN DEM\u0130R, HASAN EL-BASR\u00ce, R\u0130S\u00c2LE F\u0130\u2019L-KADER 1. SEM\u0130NER \u00d6ZET\u0130 OSMAN [&hellip;]<\/p>\n","protected":false},"author":1,"featured_media":0,"parent":0,"menu_order":0,"comment_status":"closed","ping_status":"closed","template":"","meta":{"footnotes":""},"class_list":["post-8416","page","type-page","status-publish","hentry"],"jetpack_sharing_enabled":true,"_links":{"self":[{"href":"https:\/\/klasikdusunceokulu.com\/index.php\/wp-json\/wp\/v2\/pages\/8416","targetHints":{"allow":["GET"]}}],"collection":[{"href":"https:\/\/klasikdusunceokulu.com\/index.php\/wp-json\/wp\/v2\/pages"}],"about":[{"href":"https:\/\/klasikdusunceokulu.com\/index.php\/wp-json\/wp\/v2\/types\/page"}],"author":[{"embeddable":true,"href":"https:\/\/klasikdusunceokulu.com\/index.php\/wp-json\/wp\/v2\/users\/1"}],"replies":[{"embeddable":true,"href":"https:\/\/klasikdusunceokulu.com\/index.php\/wp-json\/wp\/v2\/comments?post=8416"}],"version-history":[{"count":1,"href":"https:\/\/klasikdusunceokulu.com\/index.php\/wp-json\/wp\/v2\/pages\/8416\/revisions"}],"predecessor-version":[{"id":8423,"href":"https:\/\/klasikdusunceokulu.com\/index.php\/wp-json\/wp\/v2\/pages\/8416\/revisions\/8423"}],"wp:attachment":[{"href":"https:\/\/klasikdusunceokulu.com\/index.php\/wp-json\/wp\/v2\/media?parent=8416"}],"curies":[{"name":"wp","href":"https:\/\/api.w.org\/{rel}","templated":true}]}}