{"id":8433,"date":"2025-12-01T11:09:54","date_gmt":"2025-12-01T08:09:54","guid":{"rendered":"https:\/\/klasikdusunceokulu.com\/?page_id=8433"},"modified":"2025-12-01T11:09:54","modified_gmt":"2025-12-01T08:09:54","slug":"omer-aygun-aristoteles-peri-psykhe","status":"publish","type":"page","link":"https:\/\/klasikdusunceokulu.com\/index.php\/omer-aygun-aristoteles-peri-psykhe\/","title":{"rendered":"\u00d6MER AYG\u00dcN, AR\u0130STOTELES, PER\u0130 PSYKH\u00ca"},"content":{"rendered":"<p><a href=\"https:\/\/klasikdusunceokulu.com\/index.php\/omer-aygun-aristoteles-peri-psykhe-1-seminer-ozeti\/\"><span style=\"color: #3b5160;\"><strong>\u00d6MER AYG\u00dcN, AR\u0130STOTELES, PER\u0130 PSYKH\u00ca 1. SEM\u0130NER \u00d6ZET\u0130<\/strong><\/span><\/a><\/p>\n<p><a href=\"https:\/\/klasikdusunceokulu.com\/index.php\/omer-aygun-aristoteles-peri-psykhe-2-seminer-ozeti\/\"><span style=\"color: #3b5160;\"><strong>\u00d6MER AYG\u00dcN, AR\u0130STOTELES, PER\u0130 PSYKH\u00ca 2. SEM\u0130NER \u00d6ZET\u0130<\/strong><\/span><\/a><\/p>\n<p><a href=\"https:\/\/klasikdusunceokulu.com\/index.php\/omer-aygun-aristoteles-peri-psykhe-3-seminer-ozeti\/\"><span style=\"color: #3b5160;\"><strong>\u00d6MER AYG\u00dcN, AR\u0130STOTELES, PER\u0130 PSYKH\u00ca 3. SEM\u0130NER \u00d6ZET\u0130<\/strong><\/span><\/a><\/p>\n<p><a href=\"https:\/\/klasikdusunceokulu.com\/index.php\/omer-aygun-aristoteles-peri-psykhe-4-seminer-ozeti\/\"><span style=\"color: #3b5160;\"><strong>\u00d6MER AYG\u00dcN, AR\u0130STOTELES, PER\u0130 PSYKH\u00ca 4. SEM\u0130NER \u00d6ZET\u0130<\/strong><\/span><\/a><\/p>\n","protected":false},"excerpt":{"rendered":"<p>\u00d6MER AYG\u00dcN, AR\u0130STOTELES, PER\u0130 PSYKH\u00ca 1. SEM\u0130NER \u00d6ZET\u0130 \u00d6MER AYG\u00dcN, [&hellip;]<\/p>\n","protected":false},"author":1,"featured_media":0,"parent":0,"menu_order":0,"comment_status":"closed","ping_status":"closed","template":"","meta":{"footnotes":""},"class_list":["post-8433","page","type-page","status-publish","hentry"],"jetpack_sharing_enabled":true,"_links":{"self":[{"href":"https:\/\/klasikdusunceokulu.com\/index.php\/wp-json\/wp\/v2\/pages\/8433","targetHints":{"allow":["GET"]}}],"collection":[{"href":"https:\/\/klasikdusunceokulu.com\/index.php\/wp-json\/wp\/v2\/pages"}],"about":[{"href":"https:\/\/klasikdusunceokulu.com\/index.php\/wp-json\/wp\/v2\/types\/page"}],"author":[{"embeddable":true,"href":"https:\/\/klasikdusunceokulu.com\/index.php\/wp-json\/wp\/v2\/users\/1"}],"replies":[{"embeddable":true,"href":"https:\/\/klasikdusunceokulu.com\/index.php\/wp-json\/wp\/v2\/comments?post=8433"}],"version-history":[{"count":1,"href":"https:\/\/klasikdusunceokulu.com\/index.php\/wp-json\/wp\/v2\/pages\/8433\/revisions"}],"predecessor-version":[{"id":8442,"href":"https:\/\/klasikdusunceokulu.com\/index.php\/wp-json\/wp\/v2\/pages\/8433\/revisions\/8442"}],"wp:attachment":[{"href":"https:\/\/klasikdusunceokulu.com\/index.php\/wp-json\/wp\/v2\/media?parent=8433"}],"curies":[{"name":"wp","href":"https:\/\/api.w.org\/{rel}","templated":true}]}}