{"id":8443,"date":"2025-12-01T11:15:09","date_gmt":"2025-12-01T08:15:09","guid":{"rendered":"https:\/\/klasikdusunceokulu.com\/?page_id=8443"},"modified":"2025-12-01T11:15:09","modified_gmt":"2025-12-01T08:15:09","slug":"osman-demir-gazzali-el-iktisad-fil-itikad","status":"publish","type":"page","link":"https:\/\/klasikdusunceokulu.com\/index.php\/osman-demir-gazzali-el-iktisad-fil-itikad\/","title":{"rendered":"OSMAN DEM\u0130R, GAZZ\u00c2L\u00ce, EL-\u0130KT\u0130S\u00c2D F\u0130\u2019L-\u0130T\u0130K\u00c2D"},"content":{"rendered":"<p><a href=\"https:\/\/klasikdusunceokulu.com\/index.php\/osman-demir-gazzali-el-iktisad-fil-itikad-1-seminer-ozeti\/\"><span style=\"color: #3b5160;\"><strong>OSMAN DEM\u0130R, GAZZ\u00c2L\u00ce, EL-\u0130KT\u0130S\u00c2D F\u0130\u2019L-\u0130T\u0130K\u00c2D 1. SEM\u0130NER \u00d6ZET\u0130<\/strong><\/span><\/a><\/p>\n<p><a href=\"https:\/\/klasikdusunceokulu.com\/index.php\/osman-demir-gazzali-el-iktisad-fil-itikad-2-seminer-ozeti\/\"><span style=\"color: #3b5160;\"><strong>OSMAN DEM\u0130R, GAZZ\u00c2L\u00ce, EL-\u0130KT\u0130S\u00c2D F\u0130\u2019L-\u0130T\u0130K\u00c2D 2. SEM\u0130NER \u00d6ZET\u0130<\/strong><\/span><\/a><\/p>\n<p><a href=\"https:\/\/klasikdusunceokulu.com\/index.php\/osman-demir-gazzali-el-iktisad-fil-itikad-3-seminer-ozeti\/\"><span style=\"color: #3b5160;\"><strong>OSMAN DEM\u0130R, GAZZ\u00c2L\u00ce, EL-\u0130KT\u0130S\u00c2D F\u0130\u2019L-\u0130T\u0130K\u00c2D 3. SEM\u0130NER \u00d6ZET\u0130<\/strong><\/span><\/a><\/p>\n<p><a href=\"https:\/\/klasikdusunceokulu.com\/index.php\/osman-demir-gazzali-el-iktisad-fil-itikad-4-seminer-ozeti\/\"><span style=\"color: #3b5160;\"><strong>OSMAN DEM\u0130R, GAZZ\u00c2L\u00ce, EL-\u0130KT\u0130S\u00c2D F\u0130\u2019L-\u0130T\u0130K\u00c2D 4. SEM\u0130NER \u00d6ZET\u0130<\/strong><\/span><\/a><\/p>\n<p><a href=\"https:\/\/klasikdusunceokulu.com\/index.php\/osman-demir-gazzali-el-iktisad-fil-itikad-5-seminer-ozeti\/\"><span style=\"color: #3b5160;\"><strong>OSMAN DEM\u0130R, GAZZ\u00c2L\u00ce, EL-\u0130KT\u0130S\u00c2D F\u0130\u2019L-\u0130T\u0130K\u00c2D 5. SEM\u0130NER \u00d6ZET\u0130<\/strong><\/span><\/a><\/p>\n","protected":false},"excerpt":{"rendered":"<p>OSMAN DEM\u0130R, GAZZ\u00c2L\u00ce, EL-\u0130KT\u0130S\u00c2D F\u0130\u2019L-\u0130T\u0130K\u00c2D 1. SEM\u0130NER \u00d6ZET\u0130 OSMAN DEM\u0130R, [&hellip;]<\/p>\n","protected":false},"author":1,"featured_media":0,"parent":0,"menu_order":0,"comment_status":"closed","ping_status":"closed","template":"","meta":{"footnotes":""},"class_list":["post-8443","page","type-page","status-publish","hentry"],"jetpack_sharing_enabled":true,"_links":{"self":[{"href":"https:\/\/klasikdusunceokulu.com\/index.php\/wp-json\/wp\/v2\/pages\/8443","targetHints":{"allow":["GET"]}}],"collection":[{"href":"https:\/\/klasikdusunceokulu.com\/index.php\/wp-json\/wp\/v2\/pages"}],"about":[{"href":"https:\/\/klasikdusunceokulu.com\/index.php\/wp-json\/wp\/v2\/types\/page"}],"author":[{"embeddable":true,"href":"https:\/\/klasikdusunceokulu.com\/index.php\/wp-json\/wp\/v2\/users\/1"}],"replies":[{"embeddable":true,"href":"https:\/\/klasikdusunceokulu.com\/index.php\/wp-json\/wp\/v2\/comments?post=8443"}],"version-history":[{"count":1,"href":"https:\/\/klasikdusunceokulu.com\/index.php\/wp-json\/wp\/v2\/pages\/8443\/revisions"}],"predecessor-version":[{"id":8454,"href":"https:\/\/klasikdusunceokulu.com\/index.php\/wp-json\/wp\/v2\/pages\/8443\/revisions\/8454"}],"wp:attachment":[{"href":"https:\/\/klasikdusunceokulu.com\/index.php\/wp-json\/wp\/v2\/media?parent=8443"}],"curies":[{"name":"wp","href":"https:\/\/api.w.org\/{rel}","templated":true}]}}