{"id":8461,"date":"2025-12-01T11:19:25","date_gmt":"2025-12-01T08:19:25","guid":{"rendered":"https:\/\/klasikdusunceokulu.com\/?page_id=8461"},"modified":"2025-12-01T11:19:25","modified_gmt":"2025-12-01T08:19:25","slug":"hayrettin-nebi-gudekli-el-esari-el-ibane","status":"publish","type":"page","link":"https:\/\/klasikdusunceokulu.com\/index.php\/hayrettin-nebi-gudekli-el-esari-el-ibane\/","title":{"rendered":"HAYRETT\u0130N NEB\u0130 G\u00dcDEKL\u0130, EL-E\u015e\u2018AR\u00ce, EL-\u0130B\u00c2NE"},"content":{"rendered":"<p><a href=\"https:\/\/klasikdusunceokulu.com\/index.php\/hayrettin-nebi-gudekli-el-esari-el-ibane-1-seminer-ozeti\/\"><span style=\"color: #3b5160;\"><strong>HAYRETT\u0130N NEB\u0130 G\u00dcDEKL\u0130, EL-E\u015e\u2018AR\u00ce, EL-\u0130B\u00c2NE 1. SEM\u0130NER \u00d6ZET\u0130<\/strong><\/span><\/a><\/p>\n<p><a href=\"https:\/\/klasikdusunceokulu.com\/index.php\/hayrettin-nebi-gudekli-el-esari-el-ibane-2-seminer-ozeti\/\"><span style=\"color: #3b5160;\"><strong>HAYRETT\u0130N NEB\u0130 G\u00dcDEKL\u0130, EL-E\u015e\u2018AR\u00ce, EL-\u0130B\u00c2NE 2. SEM\u0130NER \u00d6ZET\u0130<\/strong><\/span><\/a><\/p>\n<p><a href=\"https:\/\/klasikdusunceokulu.com\/index.php\/hayrettin-nebi-gudekli-el-esari-el-ibane-3-seminer-ozeti\/\"><span style=\"color: #3b5160;\"><strong>HAYRETT\u0130N NEB\u0130 G\u00dcDEKL\u0130, EL-E\u015e\u2018AR\u00ce, EL-\u0130B\u00c2NE 3. SEM\u0130NER \u00d6ZET\u0130<\/strong><\/span><\/a><\/p>\n","protected":false},"excerpt":{"rendered":"<p>HAYRETT\u0130N NEB\u0130 G\u00dcDEKL\u0130, EL-E\u015e\u2018AR\u00ce, EL-\u0130B\u00c2NE 1. SEM\u0130NER \u00d6ZET\u0130 HAYRETT\u0130N NEB\u0130 [&hellip;]<\/p>\n","protected":false},"author":1,"featured_media":0,"parent":0,"menu_order":0,"comment_status":"closed","ping_status":"closed","template":"","meta":{"footnotes":""},"class_list":["post-8461","page","type-page","status-publish","hentry"],"jetpack_sharing_enabled":true,"_links":{"self":[{"href":"https:\/\/klasikdusunceokulu.com\/index.php\/wp-json\/wp\/v2\/pages\/8461","targetHints":{"allow":["GET"]}}],"collection":[{"href":"https:\/\/klasikdusunceokulu.com\/index.php\/wp-json\/wp\/v2\/pages"}],"about":[{"href":"https:\/\/klasikdusunceokulu.com\/index.php\/wp-json\/wp\/v2\/types\/page"}],"author":[{"embeddable":true,"href":"https:\/\/klasikdusunceokulu.com\/index.php\/wp-json\/wp\/v2\/users\/1"}],"replies":[{"embeddable":true,"href":"https:\/\/klasikdusunceokulu.com\/index.php\/wp-json\/wp\/v2\/comments?post=8461"}],"version-history":[{"count":1,"href":"https:\/\/klasikdusunceokulu.com\/index.php\/wp-json\/wp\/v2\/pages\/8461\/revisions"}],"predecessor-version":[{"id":8468,"href":"https:\/\/klasikdusunceokulu.com\/index.php\/wp-json\/wp\/v2\/pages\/8461\/revisions\/8468"}],"wp:attachment":[{"href":"https:\/\/klasikdusunceokulu.com\/index.php\/wp-json\/wp\/v2\/media?parent=8461"}],"curies":[{"name":"wp","href":"https:\/\/api.w.org\/{rel}","templated":true}]}}