{"id":8496,"date":"2025-12-01T21:31:01","date_gmt":"2025-12-01T18:31:01","guid":{"rendered":"https:\/\/klasikdusunceokulu.com\/?page_id=8496"},"modified":"2025-12-01T21:31:01","modified_gmt":"2025-12-01T18:31:01","slug":"oguz-haslakoglu-platon-phaidon","status":"publish","type":"page","link":"https:\/\/klasikdusunceokulu.com\/index.php\/oguz-haslakoglu-platon-phaidon\/","title":{"rendered":"O\u011eUZ HA\u015eLAKO\u011eLU, PLATON, PHA\u0130DON"},"content":{"rendered":"<p><a href=\"https:\/\/klasikdusunceokulu.com\/index.php\/oguz-haslakoglu-platon-phaidon-1-seminer-ozeti\/\"><strong><span style=\"color: #3b5160;\">O\u011eUZ HA\u015eLAKO\u011eLU, PLATON, PHA\u0130DON 1. SEM\u0130NER \u00d6ZET\u0130<\/span><\/strong><\/a><\/p>\n<p><a href=\"https:\/\/klasikdusunceokulu.com\/index.php\/oguz-haslakoglu-platon-phaidon-2-seminer-ozeti\/\"><strong><span style=\"color: #3b5160;\">O\u011eUZ HA\u015eLAKO\u011eLU, PLATON, PHA\u0130DON 2. SEM\u0130NER \u00d6ZET\u0130<\/span><\/strong><\/a><\/p>\n<p><a href=\"https:\/\/klasikdusunceokulu.com\/index.php\/oguz-haslakoglu-platon-phaidon-3-seminer-ozeti\/\"><strong><span style=\"color: #3b5160;\">O\u011eUZ HA\u015eLAKO\u011eLU, PLATON, PHA\u0130DON 3. SEM\u0130NER \u00d6ZET\u0130<\/span><\/strong><\/a><\/p>\n<p><a href=\"https:\/\/klasikdusunceokulu.com\/index.php\/oguz-haslakoglu-platon-phaidon-4-seminer-ozeti\/\"><strong><span style=\"color: #3b5160;\">O\u011eUZ HA\u015eLAKO\u011eLU, PLATON, PHA\u0130DON 4. SEM\u0130NER \u00d6ZET\u0130<\/span><\/strong><\/a><\/p>\n<p><a href=\"https:\/\/klasikdusunceokulu.com\/index.php\/oguz-haslakoglu-platon-phaidon-5-seminer-ozeti\/\"><strong><span style=\"color: #3b5160;\">O\u011eUZ HA\u015eLAKO\u011eLU, PLATON, PHA\u0130DON 5. SEM\u0130NER \u00d6ZET\u0130<\/span><\/strong><\/a><\/p>\n<p><a href=\"https:\/\/klasikdusunceokulu.com\/index.php\/oguz-haslakoglu-platon-phaidon-6-seminer-ozeti\/\"><strong><span style=\"color: #3b5160;\">O\u011eUZ HA\u015eLAKO\u011eLU, PLATON, PHA\u0130DON 6. SEM\u0130NER \u00d6ZET\u0130<\/span><\/strong><\/a><\/p>\n<p><a href=\"https:\/\/klasikdusunceokulu.com\/index.php\/oguz-haslakoglu-platon-phaidon-7-seminer-ozeti\/\"><strong><span style=\"color: #3b5160;\">O\u011eUZ HA\u015eLAKO\u011eLU, PLATON, PHA\u0130DON 7. SEM\u0130NER \u00d6ZET\u0130<\/span><\/strong><\/a><\/p>\n<p><a href=\"https:\/\/klasikdusunceokulu.com\/index.php\/oguz-haslakoglu-platon-phaidon-8-seminer-ozeti\/\"><strong><span style=\"color: #3b5160;\">O\u011eUZ HA\u015eLAKO\u011eLU, PLATON, PHA\u0130DON 8. SEM\u0130NER \u00d6ZET\u0130<\/span><\/strong><\/a><\/p>\n<p><a href=\"https:\/\/klasikdusunceokulu.com\/index.php\/oguz-haslakoglu-platon-phaidon-9-seminer-ozeti\/\"><strong><span style=\"color: #3b5160;\">O\u011eUZ HA\u015eLAKO\u011eLU, PLATON, PHA\u0130DON 9. SEM\u0130NER \u00d6ZET\u0130<\/span><\/strong><\/a><\/p>\n<p><a href=\"https:\/\/klasikdusunceokulu.com\/index.php\/oguz-haslakoglu-platon-phaidon-10-seminer-ozeti\/\"><strong><span style=\"color: #3b5160;\">O\u011eUZ HA\u015eLAKO\u011eLU, PLATON, PHA\u0130DON 10. SEM\u0130NER \u00d6ZET\u0130<\/span><\/strong><\/a><\/p>\n<p><a href=\"https:\/\/klasikdusunceokulu.com\/index.php\/oguz-haslakoglu-platon-phaidon-11-seminer-ozeti\/\"><strong><span style=\"color: #3b5160;\">O\u011eUZ HA\u015eLAKO\u011eLU, PLATON, PHA\u0130DON 11. SEM\u0130NER \u00d6ZET\u0130<\/span><\/strong><\/a><\/p>\n<p><a href=\"https:\/\/klasikdusunceokulu.com\/index.php\/oguz-haslakoglu-platon-phaidon-12-seminer-ozeti\/\"><strong><span style=\"color: #3b5160;\">O\u011eUZ HA\u015eLAKO\u011eLU, PLATON, PHA\u0130DON 12. SEM\u0130NER \u00d6ZET\u0130<\/span><\/strong><\/a><\/p>\n<p><a href=\"https:\/\/klasikdusunceokulu.com\/index.php\/oguz-haslakoglu-platon-phaidon-13-seminer-ozeti\/\"><strong><span style=\"color: #3b5160;\">O\u011eUZ HA\u015eLAKO\u011eLU, PLATON, PHA\u0130DON 13. SEM\u0130NER \u00d6ZET\u0130<\/span><\/strong><\/a><\/p>\n<p><a href=\"https:\/\/klasikdusunceokulu.com\/index.php\/oguz-haslakoglu-platon-phaidon-14-seminer-ozeti\/\"><strong><span style=\"color: #3b5160;\">O\u011eUZ HA\u015eLAKO\u011eLU, PLATON, PHA\u0130DON 14. SEM\u0130NER \u00d6ZET\u0130<\/span><\/strong><\/a><\/p>\n<p><a href=\"https:\/\/klasikdusunceokulu.com\/index.php\/oguz-haslakoglu-platon-phaidon-15-seminer-ozeti\/\"><strong><span style=\"color: #3b5160;\">O\u011eUZ HA\u015eLAKO\u011eLU, PLATON, PHA\u0130DON 15. SEM\u0130NER \u00d6ZET\u0130<\/span><\/strong><\/a><\/p>\n<p><a href=\"https:\/\/klasikdusunceokulu.com\/index.php\/oguz-haslakoglu-platon-phaidon-16-seminer-ozeti\/\"><strong><span style=\"color: #3b5160;\">O\u011eUZ HA\u015eLAKO\u011eLU, PLATON, PHA\u0130DON 16. SEM\u0130NER \u00d6ZET\u0130<\/span><\/strong><\/a><\/p>\n<p><a href=\"https:\/\/klasikdusunceokulu.com\/index.php\/oguz-haslakoglu-platon-phaidon-17-seminer-ozeti\/\"><strong><span style=\"color: #3b5160;\">O\u011eUZ HA\u015eLAKO\u011eLU, PLATON, PHA\u0130DON 17. SEM\u0130NER \u00d6ZET\u0130<\/span><\/strong><\/a><\/p>\n<p><a href=\"https:\/\/klasikdusunceokulu.com\/index.php\/oguz-haslakoglu-platon-phaidon-18-seminer-ozeti\/\"><strong><span style=\"color: #3b5160;\">O\u011eUZ HA\u015eLAKO\u011eLU, PLATON, PHA\u0130DON 18. SEM\u0130NER \u00d6ZET\u0130<\/span><\/strong><\/a><\/p>\n<p>&nbsp;<\/p>\n","protected":false},"excerpt":{"rendered":"<p>O\u011eUZ HA\u015eLAKO\u011eLU, PLATON, PHA\u0130DON 1. SEM\u0130NER \u00d6ZET\u0130 O\u011eUZ HA\u015eLAKO\u011eLU, PLATON, [&hellip;]<\/p>\n","protected":false},"author":1,"featured_media":0,"parent":0,"menu_order":0,"comment_status":"closed","ping_status":"closed","template":"","meta":{"footnotes":""},"class_list":["post-8496","page","type-page","status-publish","hentry"],"jetpack_sharing_enabled":true,"_links":{"self":[{"href":"https:\/\/klasikdusunceokulu.com\/index.php\/wp-json\/wp\/v2\/pages\/8496","targetHints":{"allow":["GET"]}}],"collection":[{"href":"https:\/\/klasikdusunceokulu.com\/index.php\/wp-json\/wp\/v2\/pages"}],"about":[{"href":"https:\/\/klasikdusunceokulu.com\/index.php\/wp-json\/wp\/v2\/types\/page"}],"author":[{"embeddable":true,"href":"https:\/\/klasikdusunceokulu.com\/index.php\/wp-json\/wp\/v2\/users\/1"}],"replies":[{"embeddable":true,"href":"https:\/\/klasikdusunceokulu.com\/index.php\/wp-json\/wp\/v2\/comments?post=8496"}],"version-history":[{"count":1,"href":"https:\/\/klasikdusunceokulu.com\/index.php\/wp-json\/wp\/v2\/pages\/8496\/revisions"}],"predecessor-version":[{"id":8534,"href":"https:\/\/klasikdusunceokulu.com\/index.php\/wp-json\/wp\/v2\/pages\/8496\/revisions\/8534"}],"wp:attachment":[{"href":"https:\/\/klasikdusunceokulu.com\/index.php\/wp-json\/wp\/v2\/media?parent=8496"}],"curies":[{"name":"wp","href":"https:\/\/api.w.org\/{rel}","templated":true}]}}