{"id":8535,"date":"2025-12-01T21:37:14","date_gmt":"2025-12-01T18:37:14","guid":{"rendered":"https:\/\/klasikdusunceokulu.com\/?page_id=8535"},"modified":"2025-12-01T21:37:14","modified_gmt":"2025-12-01T18:37:14","slug":"murteza-bedir-es-safii-er-risale","status":"publish","type":"page","link":"https:\/\/klasikdusunceokulu.com\/index.php\/murteza-bedir-es-safii-er-risale\/","title":{"rendered":"MURTEZA BED\u0130R, E\u015e-\u015e\u00c2F\u0130\u00ce, ER-R\u0130S\u00c2LE"},"content":{"rendered":"<p><a href=\"https:\/\/klasikdusunceokulu.com\/index.php\/murteza-bedir-es-safii-er-risale-1-seminer-ozeti\/\"><strong><span style=\"color: #3b5160;\">MURTEZA BED\u0130R, E\u015e-\u015e\u00c2F\u0130\u00ce, ER-R\u0130S\u00c2LE 1. SEM\u0130NER \u00d6ZET\u0130<\/span><\/strong><\/a><\/p>\n<p><a href=\"https:\/\/klasikdusunceokulu.com\/index.php\/murteza-bedir-es-safii-er-risale-2-seminer-ozeti\/\"><strong><span style=\"color: #3b5160;\">MURTEZA BED\u0130R, E\u015e-\u015e\u00c2F\u0130\u00ce, ER-R\u0130S\u00c2LE 2. SEM\u0130NER \u00d6ZET\u0130<\/span><\/strong><\/a><\/p>\n<p><a href=\"https:\/\/klasikdusunceokulu.com\/index.php\/murteza-bedir-es-safii-er-risale-3-seminer-ozeti\/\"><strong><span style=\"color: #3b5160;\">MURTEZA BED\u0130R, E\u015e-\u015e\u00c2F\u0130\u00ce, ER-R\u0130S\u00c2LE 3. SEM\u0130NER \u00d6ZET\u0130<\/span><\/strong><\/a><\/p>\n<p><a href=\"https:\/\/klasikdusunceokulu.com\/index.php\/murteza-bedir-es-safii-er-risale-4-seminer-ozeti\/\"><strong><span style=\"color: #3b5160;\">MURTEZA BED\u0130R, E\u015e-\u015e\u00c2F\u0130\u00ce, ER-R\u0130S\u00c2LE 4. SEM\u0130NER \u00d6ZET\u0130<\/span><\/strong><\/a><\/p>\n<p><a href=\"https:\/\/klasikdusunceokulu.com\/index.php\/murteza-bedir-es-safii-er-risale-5-seminer-ozeti\/\"><strong><span style=\"color: #3b5160;\">MURTEZA BED\u0130R, E\u015e-\u015e\u00c2F\u0130\u00ce, ER-R\u0130S\u00c2LE 5. SEM\u0130NER \u00d6ZET\u0130<\/span><\/strong><\/a><\/p>\n<p><a href=\"https:\/\/klasikdusunceokulu.com\/index.php\/murteza-bedir-es-safii-er-risale-6-seminer-ozeti\/\"><strong><span style=\"color: #3b5160;\">MURTEZA BED\u0130R, E\u015e-\u015e\u00c2F\u0130\u00ce, ER-R\u0130S\u00c2LE 6. SEM\u0130NER \u00d6ZET\u0130<\/span><\/strong><\/a><\/p>\n<p>&nbsp;<\/p>\n","protected":false},"excerpt":{"rendered":"<p>MURTEZA BED\u0130R, E\u015e-\u015e\u00c2F\u0130\u00ce, ER-R\u0130S\u00c2LE 1. SEM\u0130NER \u00d6ZET\u0130 MURTEZA BED\u0130R, E\u015e-\u015e\u00c2F\u0130\u00ce, [&hellip;]<\/p>\n","protected":false},"author":1,"featured_media":0,"parent":0,"menu_order":0,"comment_status":"closed","ping_status":"closed","template":"","meta":{"footnotes":""},"class_list":["post-8535","page","type-page","status-publish","hentry"],"jetpack_sharing_enabled":true,"_links":{"self":[{"href":"https:\/\/klasikdusunceokulu.com\/index.php\/wp-json\/wp\/v2\/pages\/8535","targetHints":{"allow":["GET"]}}],"collection":[{"href":"https:\/\/klasikdusunceokulu.com\/index.php\/wp-json\/wp\/v2\/pages"}],"about":[{"href":"https:\/\/klasikdusunceokulu.com\/index.php\/wp-json\/wp\/v2\/types\/page"}],"author":[{"embeddable":true,"href":"https:\/\/klasikdusunceokulu.com\/index.php\/wp-json\/wp\/v2\/users\/1"}],"replies":[{"embeddable":true,"href":"https:\/\/klasikdusunceokulu.com\/index.php\/wp-json\/wp\/v2\/comments?post=8535"}],"version-history":[{"count":1,"href":"https:\/\/klasikdusunceokulu.com\/index.php\/wp-json\/wp\/v2\/pages\/8535\/revisions"}],"predecessor-version":[{"id":8548,"href":"https:\/\/klasikdusunceokulu.com\/index.php\/wp-json\/wp\/v2\/pages\/8535\/revisions\/8548"}],"wp:attachment":[{"href":"https:\/\/klasikdusunceokulu.com\/index.php\/wp-json\/wp\/v2\/media?parent=8535"}],"curies":[{"name":"wp","href":"https:\/\/api.w.org\/{rel}","templated":true}]}}