{"id":8538,"date":"2025-12-01T21:34:45","date_gmt":"2025-12-01T18:34:45","guid":{"rendered":"https:\/\/klasikdusunceokulu.com\/?page_id=8538"},"modified":"2025-12-01T21:34:45","modified_gmt":"2025-12-01T18:34:45","slug":"murteza-bedir-es-safii-er-risale-2-seminer-ozeti","status":"publish","type":"page","link":"https:\/\/klasikdusunceokulu.com\/index.php\/murteza-bedir-es-safii-er-risale-2-seminer-ozeti\/","title":{"rendered":"MURTEZA BED\u0130R, E\u015e-\u015e\u00c2F\u0130\u00ce, ER-R\u0130S\u00c2LE 2. SEM\u0130NER \u00d6ZET\u0130"},"content":{"rendered":"<p><strong>MURTEZA BED\u0130R, E\u015e-\u015e\u00c2F\u0130\u00ce, ER-R\u0130S\u00c2LE 2. SEM\u0130NER \u00d6ZET\u0130<\/strong><\/p>\n<p><strong>Dersin Amac\u0131<\/strong><\/p>\n<p>Bu ders, \u015e\u00e2fi\u00ee\u2019nin <em>er-Ris\u00e2le<\/em> adl\u0131 eserine ge\u00e7meden \u00f6nce erken \u0130slam toplumunun bilgi d\u00fczenini, s\u00fcnnet kavram\u0131n\u0131n i\u00e7erik d\u00f6n\u00fc\u015f\u00fcm\u00fcn\u00fc, i\u00e7tihad\u0131n nas\u0131l te\u015fekk\u00fcl etti\u011fini, sahabe ve ilk nesil alimlerin otorite konumlar\u0131n\u0131 ve f\u0131kh\u0131n olu\u015fumuna zemin haz\u0131rlayan fikr\u00ee \u00e7er\u00e7eveyi a\u00e7\u0131klamay\u0131 ama\u00e7lamaktad\u0131r.<\/p>\n<p><strong>Ana Temalar<\/strong><\/p>\n<ol>\n<li><strong> Dersin Genel \u00c7er\u00e7evesi ve Okuma Y\u00f6ntemi<\/strong><\/li>\n<\/ol>\n<p>Derste kitab\u0131n 6\u20137 haftal\u0131k bir s\u00fcre\u00e7te i\u015flenece\u011fi, \u00f6\u011frencilerin metni \u00f6nceden temin etmeleri gerekti\u011fi ve \u00e7al\u0131\u015fman\u0131n ba\u011flamsal bir okuma gerektirdi\u011fi belirtilir. T\u00fcrk\u00e7e literat\u00fcrde <em>er-Ris\u00e2le<\/em> \u00fczerine do\u011frudan monografik \u00e7al\u0131\u015fma bulunmad\u0131\u011f\u0131, \u0130ngilizce\u2019de Joseph Lowry\u2019nin kitab\u0131n\u0131n bu alanda \u00f6nemli bir ba\u015fvuru kayna\u011f\u0131 oldu\u011fu ifade edilir.<\/p>\n<ol start=\"2\">\n<li><strong> Vahyin Kurdu\u011fu Medine Toplumu ve Normatif Otorite<\/strong><\/li>\n<\/ol>\n<p>Hz. Peygamber\u2019in kurdu\u011fu Medine toplumunun yaln\u0131zca tarihsel bir a\u015fama de\u011fil, M\u00fcsl\u00fcmanlar i\u00e7in normatif bir model oldu\u011fu; bu toplumun davran\u0131\u015f kal\u0131plar\u0131n\u0131n, din\u00ee prati\u011fin ve hukuk\u00ee d\u00fc\u015f\u00fcncenin temelini olu\u015fturdu\u011fu anlat\u0131l\u0131r. Bu nedenle \u201cAsr-\u0131 Saadet\u201d ve \u201cHulef\u00e2-i R\u00e2\u015fid\u00een\u201d d\u00f6nemi sonraki b\u00fct\u00fcn f\u0131kh\u00ee d\u00fc\u015f\u00fcncenin dayand\u0131\u011f\u0131 \u00f6rneklik alan\u0131d\u0131r.<\/p>\n<ol start=\"3\">\n<li><strong> S\u00fcnnet Kavram\u0131n\u0131n Cahiliye D\u00f6neminden \u0130slam\u2019a D\u00f6n\u00fc\u015f\u00fcm\u00fc<\/strong><\/li>\n<\/ol>\n<p>Cahiliye Arap\u00e7as\u0131nda \u201cs\u00fcnnet\u201d, \u00f6rf ve ge\u00e7mi\u015f otoritelerin yerle\u015fik davran\u0131\u015f\u0131 anlam\u0131na geliyorken \u0130slam\u2019\u0131n geli\u015fiyle bu anlam\u0131n Hz. Peygamber\u2019in uygulamalar\u0131na y\u00f6neldi\u011fi belirtilir. Peygamber\u2019in uygulamalar\u0131, \u00f6rf\u00ee toplumlarda oldu\u011fu gibi, emsal te\u015fkil eden, ba\u011flay\u0131c\u0131 normlar h\u00e2line gelir; Ra\u015fid Halifelerin uygulamalar\u0131 da bu \u00e7er\u00e7evede s\u00fcnnet kabul edilir.<\/p>\n<ol start=\"4\">\n<li><strong> Emsal Uygulamalar ve S\u00fcnnetin Normatif G\u00fcc\u00fc<\/strong><\/li>\n<\/ol>\n<p>Yaz\u0131l\u0131 hukuk gelene\u011fi bulunmayan toplumlarda ge\u00e7mi\u015f uygulamalar\u0131n kanun i\u015flevi g\u00f6rmesi gibi, \u0130slam toplumunda da Peygamber ve Ra\u015fid Halifelerin uygulamalar\u0131 emsal niteli\u011fi ta\u015f\u0131r. Bu uygulamalar M\u00fcsl\u00fcman toplumun hukuk \u00fcretme kapasitesinin temel referans\u0131 h\u00e2line gelir. S\u00fcnnet b\u00f6ylece hem tarih\u00ee hem de normatif bir otorite kazan\u0131r.<\/p>\n<ol start=\"5\">\n<li><strong> Halifelerin Uygulamalar\u0131 ve Siyasi\u2013Dini Otorite Ayr\u0131m\u0131<\/strong><\/li>\n<\/ol>\n<p>Ders, Hz. Osman ve Hz. Ali \u00f6rne\u011fi \u00fczerinden halifelerin uygulamalar\u0131n\u0131n nas\u0131l de\u011ferlendirildi\u011fini aktar\u0131r. Hz. Osman\u2019\u0131n kendinden \u00f6nceki uygulamalara ba\u011fl\u0131 olaca\u011f\u0131n\u0131 s\u00f6ylemesi, Hz. Ali\u2019nin ise gerekti\u011finde kendi g\u00f6r\u00fc\u015f\u00fcyle hareket edece\u011fini belirtmesi toplumsal istikrar alg\u0131s\u0131 bak\u0131m\u0131ndan \u00f6nemlidir. Bu anlat\u0131, s\u00fcnnetin otoritesinin toplumda nas\u0131l alg\u0131land\u0131\u011f\u0131n\u0131 g\u00f6stermektedir.<\/p>\n<ol start=\"6\">\n<li><strong> Peygamberin S\u00fcnneti, Halifelerin \u0130\u00e7tihad\u0131 ve Dini Otoritenin S\u0131n\u0131rlar\u0131<\/strong><\/li>\n<\/ol>\n<p>Peygamber\u2019in uygulamalar\u0131n\u0131n vahiy taraf\u0131ndan korunmu\u015f olmas\u0131 sebebiyle tart\u0131\u015fmas\u0131z normatif otorite ta\u015f\u0131d\u0131\u011f\u0131; buna kar\u015f\u0131l\u0131k halifelerin otoritesinin siyasi nitelik ta\u015f\u0131d\u0131\u011f\u0131, dini otoritenin ise i\u00e7tihad yoluyla ortaya kondu\u011fu belirtilir. Halifelerin dini alandaki uygulamalar\u0131 mutlak otoriteden de\u011fil, m\u00fc\u00e7tehit s\u0131fat\u0131ndan kaynaklanmaktad\u0131r.<\/p>\n<ol start=\"7\">\n<li><strong> \u0130\u00e7tihad\u0131n Alan\u0131: Rivayet, Uygulama ve Yeni Problemler<\/strong><\/li>\n<\/ol>\n<p>Sahabenin i\u00e7tihadlar\u0131n\u0131n iki durumda ortaya \u00e7\u0131kt\u0131\u011f\u0131 ifade edilir:<br \/>\n(1) Kur\u2019an ve s\u00fcnnette h\u00fckm\u00fc bulunan meselelerde sahabenin farkl\u0131 anlay\u0131\u015flara y\u00f6nelmesi,<br \/>\n(2) Peygamber d\u00f6neminde kar\u015f\u0131la\u015f\u0131lmam\u0131\u015f yeni problemlerin ortaya \u00e7\u0131kmas\u0131.<br \/>\nBu iki alan, \u0130slam hukuk d\u00fc\u015f\u00fcncesinin geli\u015fiminde i\u00e7tihad\u0131n do\u011fal zemini h\u00e2line gelir.<\/p>\n<ol start=\"8\">\n<li><strong> Sahabenin \u0130ttifak\u0131, \u0130htilaf\u0131 ve F\u0131kh\u00ee Sonu\u00e7lar<\/strong><\/li>\n<\/ol>\n<p>Sahabenin ittifak etti\u011fi konular\u0131n i\u00e7tihada kapand\u0131\u011f\u0131; ihtilaf edilen konularda ise sonraki nesillerin sahabenin g\u00f6r\u00fc\u015flerinden birini tercih ederek i\u00e7tihad yapabildi\u011fi belirtilir. Namaz\u0131n rek\u00e2t say\u0131s\u0131 gibi konulara ittifak edildi\u011fi i\u00e7in bunlar\u0131n de\u011fi\u015fmez oldu\u011fu; buna kar\u015f\u0131l\u0131k baz\u0131 ibadet detaylar\u0131nda mezhepler aras\u0131 farkl\u0131l\u0131klar\u0131n sahabe ihtilaflar\u0131ndan do\u011fdu\u011fu a\u00e7\u0131klan\u0131r.<\/p>\n<ol start=\"9\">\n<li><strong> \u0130cma Kavram\u0131 ve Otorite \u0130n\u015fas\u0131<\/strong><\/li>\n<\/ol>\n<p>Erken d\u00f6nemde sahabilerin bir araya gelerek ortak kanaate ula\u015fmalar\u0131n\u0131n icma olarak kabul edildi\u011fi ve icman\u0131n i\u00e7tihattan daha g\u00fc\u00e7l\u00fc bir otorite ta\u015f\u0131d\u0131\u011f\u0131 vurgulan\u0131r. \u0130cman\u0131n olu\u015fmas\u0131n\u0131n m\u00fcmk\u00fcn oldu\u011fu \u015fartlar, Medine\u2019de sahabenin birlikte ya\u015famas\u0131 sayesinde sa\u011flanm\u0131\u015ft\u0131r. B\u00f6ylece f\u0131k\u0131h ilk kez kurumsal bir b\u00fct\u00fcnl\u00fck kazanm\u0131\u015ft\u0131r.<\/p>\n<ol start=\"10\">\n<li><strong> Uleman\u0131n Ortaya \u00c7\u0131k\u0131\u015f\u0131 ve Siyasi\u2013Dini Otoritenin Ayr\u0131\u015fmas\u0131<\/strong><\/li>\n<\/ol>\n<p>D\u00f6rt halife d\u00f6neminden sonra dini otoritenin halifenin \u00fczerinden al\u0131n\u0131p ulema s\u0131n\u0131f\u0131na ge\u00e7ti\u011fi ve b\u00f6ylece i\u00e7tihad\u0131n ba\u011f\u0131ms\u0131z bir ilmi otoriteye dayand\u0131\u011f\u0131 ifade edilir. Bu ayr\u0131m, \u0130slam hukuk tarihinde \u00f6nemli bir k\u0131r\u0131lma noktas\u0131d\u0131r. Bundan sonra halifeler dini alanda de\u011fil, siyasi alanda otorite sahibidir.<\/p>\n<ol start=\"11\">\n<li><strong> \u015eehir Ekollerinin Do\u011fu\u015fu ve Emsal Birikimi<\/strong><\/li>\n<\/ol>\n<p>Tedvin \u00e7a\u011f\u0131na gelindi\u011finde Medine, Irak, \u015eam, M\u0131s\u0131r ve Yemen gibi merkezlerde farkl\u0131 f\u0131k\u0131h anlay\u0131\u015flar\u0131n\u0131n ve yerel uygulamalar\u0131n birikti\u011fi; bu birikimin her \u015fehri karakterize eden \u201cs\u00fcnnetler\u201d ve \u201cemsaller\u201d meydana getirdi\u011fi belirtilir. Bu \u015fehir fakihlerinin olu\u015fturdu\u011fu birikim, f\u0131kh\u0131n sistematik bir ilim h\u00e2line gelmesinin yolunu a\u00e7m\u0131\u015ft\u0131r.<\/p>\n<p><strong>Sonu\u00e7<\/strong><\/p>\n<p>Bu derste erken \u0130slam toplumunda s\u00fcnnetin anlam\u0131, otoritenin kaynaklar\u0131, i\u00e7tihad\u0131n ortaya \u00e7\u0131k\u0131\u015f\u0131 ve f\u0131kh\u0131n te\u015fekk\u00fcl\u00fcne giden s\u00fcre\u00e7 ayr\u0131nt\u0131l\u0131 bi\u00e7imde a\u00e7\u0131klanm\u0131\u015ft\u0131r. S\u00fcnnetin cahiliye \u00f6rf\u00fcnden farkl\u0131 olarak vahyin otoritesiyle yeniden tan\u0131mland\u0131\u011f\u0131; sahabe d\u00f6nemindeki uygulamalar\u0131n hem hukuk\u00ee hem normatif de\u011fer ta\u015f\u0131d\u0131\u011f\u0131; i\u00e7tihad\u0131n ise hem rivayet hem de yeni kar\u015f\u0131la\u015f\u0131lan problemler \u00fczerinden geli\u015fti\u011fi vurgulanm\u0131\u015ft\u0131r. B\u00f6ylece <em>er-Ris\u00e2le<\/em>\u2019yi do\u011fru anlamak i\u00e7in gerekli tarihsel ve teorik \u00e7er\u00e7eve netle\u015ftirilmi\u015ftir.<\/p>\n<p>&nbsp;<\/p>\n<p><strong>Purpose of the Lesson<\/strong><\/p>\n<p>This lesson aims to provide the historical and intellectual framework necessary to understand al-Sh\u0101fi\u02bf\u012b\u2019s <em>al-Ris\u0101la<\/em>, focusing on how early Islamic society developed its knowledge structure, how the concept of Sunnah transformed, how ijtih\u0101d emerged, and how legal authority evolved from the Prophet to the Companions and later scholars. This contextual background is essential for grasping al-Sh\u0101fi\u02bf\u012b\u2019s methodological contribution.<\/p>\n<p><strong>Main Themes<\/strong><\/p>\n<ol>\n<li><strong> General Structure of the Lesson and Method of Reading<\/strong><\/li>\n<\/ol>\n<p>The lesson explains that the book will be covered over 6\u20137 weeks and that contextual reading is required to properly understand <em>al-Ris\u0101la<\/em>. It is noted that there are no comprehensive monographs on the text in Turkish, while Joseph Lowry\u2019s study remains one of the most important references in English.<\/p>\n<ol start=\"2\">\n<li><strong> The Medinan Society Formed by Revelation and Its Normative Authority<\/strong><\/li>\n<\/ol>\n<p>The Medinan society established by the Prophet is presented not only as a historical community but as a normative model that shapes Islamic legal and moral thought. The Prophet\u2019s community and the period of the Rightly Guided Caliphs form the foundational patterns for Muslim religious practice and legal reasoning.<\/p>\n<ol start=\"3\">\n<li><strong> The Transformation of the Concept of Sunnah from the J\u0101hiliyyah to Islam<\/strong><\/li>\n<\/ol>\n<p>In pre-Islamic Arabia, \u201csunnah\u201d meant customary practice rooted in ancestral authority. With Islam, the term shifted to signify the Prophet\u2019s actions and practice, becoming a binding normative model. The practices of the Prophet as well as those of the Rightly Guided Caliphs came to be understood as legally authoritative precedents.<\/p>\n<ol start=\"4\">\n<li><strong> Precedential Practices and the Normative Power of Sunnah<\/strong><\/li>\n<\/ol>\n<p>Like many societies lacking written law codes, early Muslim society relied on precedent as a basis for legal authority. The Prophet\u2019s actions and the decisions of the Rightly Guided Caliphs served as authoritative examples, forming the core reference points for generating new legal rulings.<\/p>\n<ol start=\"5\">\n<li><strong> The Practices of the Caliphs and the Distinction Between Political and Religious Authority<\/strong><\/li>\n<\/ol>\n<p>Through the example of \u02bfUthm\u0101n and \u02bfAl\u012b, the lesson elaborates on how caliphal actions were interpreted. \u02bfUthm\u0101n preferred continuity with earlier precedent, while \u02bfAl\u012b asserted the right to exercise independent judgment. These differences illustrate how the authority of Sunnah was perceived and negotiated within the community.<\/p>\n<ol start=\"6\">\n<li><strong> The Prophet\u2019s Sunnah, the Caliphs\u2019 Ijtih\u0101d, and the Limits of Religious Authority<\/strong><\/li>\n<\/ol>\n<p>The Prophet\u2019s Sunnah possesses unquestionable authority due to its connection with revelation, whereas the caliphs\u2019 authority is primarily political; their religious authority stems from their status as jurists exercising ijtih\u0101d. Thus, their rulings do not carry the same absolute authority as prophetic precedent.<\/p>\n<ol start=\"7\">\n<li><strong> The Domains of Ijtih\u0101d: Reported Knowledge, Practice, and New Problems<\/strong><\/li>\n<\/ol>\n<p>Companions engaged in ijtih\u0101d under two circumstances:<br \/>\n(1) When multiple understandings of a revealed text were possible,<br \/>\n(2) When new issues arose that had not been encountered during the Prophet\u2019s lifetime.<br \/>\nThese two domains formed the natural foundation of Islamic legal development.<\/p>\n<ol start=\"8\">\n<li><strong> Consensus, Disagreement, and the Legal Consequences<\/strong><\/li>\n<\/ol>\n<p>Issues on which all Companions agreed became closed to ijtih\u0101d, while issues on which they disagreed remained open for later jurists to interpret. Practical differences among schools of law often stem from these early disagreements. Matters like the number of prayer units constituted areas of consensus, while other details varied.<\/p>\n<ol start=\"9\">\n<li><strong> The Concept of Consensus and the Construction of Legal Authority<\/strong><\/li>\n<\/ol>\n<p>Consensus (ijm\u0101\u02bf) emerges when the Companions collectively agree on a matter, and it holds greater authority than individual ijtih\u0101d. Medina\u2019s cohesive social structure made such consensus possible. This marks the first moment in Islamic history when fiqh gained institutional coherence.<\/p>\n<ol start=\"10\">\n<li><strong> The Rise of the Scholars and the Separation of Political and Religious Authority<\/strong><\/li>\n<\/ol>\n<p>After the period of the Rightly Guided Caliphs, religious authority gradually shifted from political rulers to the emerging scholarly class. From this point on, caliphs retained political authority while jurists held interpretive authority in matters of religion. This shift is a major turning point in Islamic legal history.<\/p>\n<ol start=\"11\">\n<li><strong> The Emergence of Regional Schools and the Accumulation of Precedent<\/strong><\/li>\n<\/ol>\n<p>By the codification era, major cities such as Medina, Iraq, Syria, Egypt, and Yemen had developed distinct legal tendencies shaped by local precedent and scholarly judgment. These city-based traditions laid the groundwork for fiqh to become a systematic discipline.<\/p>\n<p><strong>Conclusion<\/strong><\/p>\n<p>This lesson provides a comprehensive explanation of how Sunnah became the central normative reference in Islamic law, how the legal authority of the Prophet differed from that of the caliphs, how ijtih\u0101d developed in response to textual interpretation and new circumstances, and how the early Muslim community formed the intellectual foundation needed for al-Sh\u0101fi\u02bf\u012b\u2019s methodological synthesis. The historical and conceptual framework established here is essential for a proper understanding of <em>al-Ris\u0101la<\/em> and the emergence of legal theory in Islam.<\/p>\n<p>&nbsp;<\/p>\n","protected":false},"excerpt":{"rendered":"<p>MURTEZA BED\u0130R, E\u015e-\u015e\u00c2F\u0130\u00ce, ER-R\u0130S\u00c2LE 2. SEM\u0130NER \u00d6ZET\u0130 Dersin Amac\u0131 Bu [&hellip;]<\/p>\n","protected":false},"author":1,"featured_media":0,"parent":0,"menu_order":0,"comment_status":"closed","ping_status":"closed","template":"","meta":{"footnotes":""},"class_list":["post-8538","page","type-page","status-publish","hentry"],"jetpack_sharing_enabled":true,"_links":{"self":[{"href":"https:\/\/klasikdusunceokulu.com\/index.php\/wp-json\/wp\/v2\/pages\/8538","targetHints":{"allow":["GET"]}}],"collection":[{"href":"https:\/\/klasikdusunceokulu.com\/index.php\/wp-json\/wp\/v2\/pages"}],"about":[{"href":"https:\/\/klasikdusunceokulu.com\/index.php\/wp-json\/wp\/v2\/types\/page"}],"author":[{"embeddable":true,"href":"https:\/\/klasikdusunceokulu.com\/index.php\/wp-json\/wp\/v2\/users\/1"}],"replies":[{"embeddable":true,"href":"https:\/\/klasikdusunceokulu.com\/index.php\/wp-json\/wp\/v2\/comments?post=8538"}],"version-history":[{"count":1,"href":"https:\/\/klasikdusunceokulu.com\/index.php\/wp-json\/wp\/v2\/pages\/8538\/revisions"}],"predecessor-version":[{"id":8539,"href":"https:\/\/klasikdusunceokulu.com\/index.php\/wp-json\/wp\/v2\/pages\/8538\/revisions\/8539"}],"wp:attachment":[{"href":"https:\/\/klasikdusunceokulu.com\/index.php\/wp-json\/wp\/v2\/media?parent=8538"}],"curies":[{"name":"wp","href":"https:\/\/api.w.org\/{rel}","templated":true}]}}